{"id":3280,"date":"2026-04-08T20:19:30","date_gmt":"2026-04-08T23:19:30","guid":{"rendered":"http:\/\/dc-ar.com.br\/es\/?post_type=product&#038;p=3280"},"modified":"2026-04-08T20:23:38","modified_gmt":"2026-04-08T23:23:38","slug":"accesorios-para-atornilladores","status":"publish","type":"product","link":"https:\/\/dc-ar.com.br\/es\/store\/mytorq\/accesorios-mytorq\/accesorios-para-atornilladores\/","title":{"rendered":"Accesorios para atornilladores"},"content":{"rendered":"<p><strong>\u00cdtems Disponibles:<\/strong><\/p>\n<ul>\n<li><strong>Soporte de fijaci\u00f3n de atornilladores:<\/strong> Estabilidad y seguridad para el almacenamiento y uso de los atornilladores en el banco de trabajo.<\/li>\n<li><strong>Llave de ajuste de torque:<\/strong> Herramienta espec\u00edfica para la calibraci\u00f3n precisa y segura de los equipos.<\/li>\n<li><strong>Balanc\u00edn de muelle (resorte) para sustentaci\u00f3n:<\/strong> Soporte ideal para reducir la fatiga del operador y organizar la estaci\u00f3n de trabajo.<\/li>\n<li><strong>Funda de protecci\u00f3n del ajuste de torque:<\/strong> Evita alteraciones accidentales o no autorizadas en el torque configurado, garantizando el est\u00e1ndar de calidad.<\/li>\n<\/ul>\n","protected":false},"excerpt":{"rendered":"<p>Optimice su l\u00ednea de producci\u00f3n con los Accesorios MYTORQ.<\/p>\n<p>Desarrollados para garantizar ergonom\u00eda, seguridad y precisi\u00f3n, nuestros componentes aseguran que sus herramientas operen con la m\u00e1xima eficiencia y protecci\u00f3n contra ajustes indebidos.<\/p>\n","protected":false},"featured_media":3286,"template":"","meta":[],"yoast_head":"<!-- This site is optimized with the Yoast SEO plugin v15.6.2 - https:\/\/yoast.com\/wordpress\/plugins\/seo\/ -->\n<title>Accesorios para atornilladores - DCAR - Bauer Kompressoren &amp; Ingersoll Rand<\/title>\n<meta name=\"description\" content=\"Optimice su l\u00ednea de producci\u00f3n con los Accesorios MYTORQ. Desarrollados para garantizar la m\u00e1xima ergonom\u00eda, seguridad y precisi\u00f3n.\" \/>\n<meta name=\"robots\" content=\"index, follow, max-snippet:-1, max-image-preview:large, max-video-preview:-1\" \/>\n<link rel=\"canonical\" href=\"https:\/\/dc-ar.com.br\/es\/store\/mytorq\/accesorios-mytorq\/accesorios-para-atornilladores\/\" \/>\n<meta property=\"og:locale\" content=\"es_ES\" \/>\n<meta property=\"og:type\" content=\"article\" \/>\n<meta property=\"og:title\" content=\"Accesorios para atornilladores - DCAR - Bauer Kompressoren &amp; Ingersoll Rand\" \/>\n<meta property=\"og:description\" content=\"Optimice su l\u00ednea de producci\u00f3n con los Accesorios MYTORQ. Desarrollados para garantizar la m\u00e1xima ergonom\u00eda, seguridad y precisi\u00f3n.\" \/>\n<meta property=\"og:url\" content=\"https:\/\/dc-ar.com.br\/es\/store\/mytorq\/accesorios-mytorq\/accesorios-para-atornilladores\/\" \/>\n<meta property=\"og:site_name\" content=\"DCAR - Bauer Kompressoren &amp; Ingersoll Rand\" \/>\n<meta property=\"article:modified_time\" content=\"2026-04-08T23:23:38+00:00\" \/>\n<meta property=\"og:image\" content=\"https:\/\/dc-ar.com.br\/es\/wp-content\/uploads\/2026\/04\/mytorq-p7a.png\" \/>\n\t<meta property=\"og:image:width\" content=\"500\" \/>\n\t<meta property=\"og:image:height\" content=\"500\" \/>\n<meta name=\"twitter:card\" content=\"summary_large_image\" \/>\n<meta name=\"twitter:label1\" content=\"Tiempo de lectura\">\n\t<meta name=\"twitter:data1\" content=\"1 minuto\">\n<script type=\"application\/ld+json\" class=\"yoast-schema-graph\">{\"@context\":\"https:\/\/schema.org\",\"@graph\":[{\"@type\":\"WebSite\",\"@id\":\"http:\/\/dc-ar.com.br\/es\/#website\",\"url\":\"http:\/\/dc-ar.com.br\/es\/\",\"name\":\"DCAR - Bauer Kompressoren &amp; Ingersoll Rand\",\"description\":\"\",\"potentialAction\":[{\"@type\":\"SearchAction\",\"target\":\"http:\/\/dc-ar.com.br\/es\/?s={search_term_string}\",\"query-input\":\"required name=search_term_string\"}],\"inLanguage\":\"es\"},{\"@type\":\"ImageObject\",\"@id\":\"https:\/\/dc-ar.com.br\/es\/store\/mytorq\/accesorios-mytorq\/accesorios-para-atornilladores\/#primaryimage\",\"inLanguage\":\"es\",\"url\":\"https:\/\/dc-ar.com.br\/es\/wp-content\/uploads\/2026\/04\/mytorq-p7a.png\",\"width\":500,\"height\":500},{\"@type\":\"WebPage\",\"@id\":\"https:\/\/dc-ar.com.br\/es\/store\/mytorq\/accesorios-mytorq\/accesorios-para-atornilladores\/#webpage\",\"url\":\"https:\/\/dc-ar.com.br\/es\/store\/mytorq\/accesorios-mytorq\/accesorios-para-atornilladores\/\",\"name\":\"Accesorios para atornilladores - DCAR - Bauer Kompressoren &amp; Ingersoll Rand\",\"isPartOf\":{\"@id\":\"http:\/\/dc-ar.com.br\/es\/#website\"},\"primaryImageOfPage\":{\"@id\":\"https:\/\/dc-ar.com.br\/es\/store\/mytorq\/accesorios-mytorq\/accesorios-para-atornilladores\/#primaryimage\"},\"datePublished\":\"2026-04-08T23:19:30+00:00\",\"dateModified\":\"2026-04-08T23:23:38+00:00\",\"description\":\"Optimice su l\\u00ednea de producci\\u00f3n con los Accesorios MYTORQ. Desarrollados para garantizar la m\\u00e1xima ergonom\\u00eda, seguridad y precisi\\u00f3n.\",\"inLanguage\":\"es\",\"potentialAction\":[{\"@type\":\"ReadAction\",\"target\":[\"https:\/\/dc-ar.com.br\/es\/store\/mytorq\/accesorios-mytorq\/accesorios-para-atornilladores\/\"]}]}]}<\/script>\n<!-- \/ Yoast SEO plugin. -->","_links":{"self":[{"href":"https:\/\/dc-ar.com.br\/es\/wp-json\/wp\/v2\/product\/3280"}],"collection":[{"href":"https:\/\/dc-ar.com.br\/es\/wp-json\/wp\/v2\/product"}],"about":[{"href":"https:\/\/dc-ar.com.br\/es\/wp-json\/wp\/v2\/types\/product"}],"wp:featuredmedia":[{"embeddable":true,"href":"https:\/\/dc-ar.com.br\/es\/wp-json\/wp\/v2\/media\/3286"}],"wp:attachment":[{"href":"https:\/\/dc-ar.com.br\/es\/wp-json\/wp\/v2\/media?parent=3280"}],"curies":[{"name":"wp","href":"https:\/\/api.w.org\/{rel}","templated":true}]}}