{"id":3274,"date":"2026-04-08T20:10:59","date_gmt":"2026-04-08T23:10:59","guid":{"rendered":"http:\/\/dc-ar.com.br\/es\/?post_type=product&#038;p=3274"},"modified":"2026-04-08T20:18:32","modified_gmt":"2026-04-08T23:18:32","slug":"analizador-de-torque-medidor-de-torque","status":"publish","type":"product","link":"https:\/\/dc-ar.com.br\/es\/store\/mytorq\/analizador-de-torque-mytorq\/analizador-de-torque-medidor-de-torque\/","title":{"rendered":"Analizador de torque \/ Medidor de torque"},"content":{"rendered":"<p><strong>VENTAJAS EN DETALLE:<\/strong><\/p>\n<ul>\n<li style=\"font-weight: 400;\" aria-level=\"1\">El LED permite identificar el rango de torque configurado por el usuario. En caso de que el resultado est\u00e9 fuera del rango definido, se mostrar\u00e1 una alerta luminosa.<\/li>\n<li style=\"font-weight: 400;\" aria-level=\"1\">Conector USB utilizado exclusivamente para la salida de datos, facilitando la conexi\u00f3n con la computadora.<\/li>\n<li style=\"font-weight: 400;\" aria-level=\"1\">Funci\u00f3n de auto-cero seleccionable, eliminando la necesidad de puesta a cero manual.<\/li>\n<li style=\"font-weight: 400;\" aria-level=\"1\">Medici\u00f3n autom\u00e1tica de los valores m\u00e1ximo, m\u00ednimo y promedio.<\/li>\n<\/ul>\n<p>&nbsp;<\/p>\n<p><img src=\"http:\/\/dc-ar.com.br\/es\/wp-content\/uploads\/2026\/04\/mytorq8.png\" alt=\"MYTORQ\" \/><\/p>\n","protected":false},"excerpt":{"rendered":"<p>El Analizador de Torque MYTORQ ofrece un control total sobre sus procesos con alertas visuales por LED y gesti\u00f3n automatizada de datos.<\/p>\n<p>Garantice la precisi\u00f3n de su l\u00ednea con mediciones r\u00e1pidas de valores m\u00e1ximos, m\u00ednimos y promedios.<\/p>\n","protected":false},"featured_media":3278,"template":"","meta":[],"yoast_head":"<!-- This site is optimized with the Yoast SEO plugin v15.6.2 - https:\/\/yoast.com\/wordpress\/plugins\/seo\/ -->\n<title>Analizador de torque \/ Medidor de torque - DCAR - Bauer Kompressoren &amp; Ingersoll Rand<\/title>\n<meta name=\"description\" content=\"El Analizador de Torque MYTORQ ofrece un control total sobre sus procesos con alertas visuales por LED y gesti\u00f3n automatizada de datos.\" \/>\n<meta name=\"robots\" content=\"index, follow, max-snippet:-1, max-image-preview:large, max-video-preview:-1\" \/>\n<link rel=\"canonical\" href=\"https:\/\/dc-ar.com.br\/es\/store\/mytorq\/analizador-de-torque-mytorq\/analizador-de-torque-medidor-de-torque\/\" \/>\n<meta property=\"og:locale\" content=\"es_ES\" \/>\n<meta property=\"og:type\" content=\"article\" \/>\n<meta property=\"og:title\" content=\"Analizador de torque \/ Medidor de torque - DCAR - Bauer Kompressoren &amp; Ingersoll Rand\" \/>\n<meta property=\"og:description\" content=\"El Analizador de Torque MYTORQ ofrece un control total sobre sus procesos con alertas visuales por LED y gesti\u00f3n automatizada de datos.\" \/>\n<meta property=\"og:url\" content=\"https:\/\/dc-ar.com.br\/es\/store\/mytorq\/analizador-de-torque-mytorq\/analizador-de-torque-medidor-de-torque\/\" \/>\n<meta property=\"og:site_name\" content=\"DCAR - Bauer Kompressoren &amp; Ingersoll Rand\" \/>\n<meta property=\"article:modified_time\" content=\"2026-04-08T23:18:32+00:00\" \/>\n<meta property=\"og:image\" content=\"https:\/\/dc-ar.com.br\/es\/wp-content\/uploads\/2026\/04\/mytorq-p6a.png\" \/>\n\t<meta property=\"og:image:width\" content=\"500\" \/>\n\t<meta property=\"og:image:height\" content=\"500\" \/>\n<meta name=\"twitter:card\" content=\"summary_large_image\" \/>\n<meta name=\"twitter:label1\" content=\"Tiempo de lectura\">\n\t<meta name=\"twitter:data1\" content=\"1 minuto\">\n<script type=\"application\/ld+json\" class=\"yoast-schema-graph\">{\"@context\":\"https:\/\/schema.org\",\"@graph\":[{\"@type\":\"WebSite\",\"@id\":\"http:\/\/dc-ar.com.br\/es\/#website\",\"url\":\"http:\/\/dc-ar.com.br\/es\/\",\"name\":\"DCAR - Bauer Kompressoren &amp; Ingersoll Rand\",\"description\":\"\",\"potentialAction\":[{\"@type\":\"SearchAction\",\"target\":\"http:\/\/dc-ar.com.br\/es\/?s={search_term_string}\",\"query-input\":\"required name=search_term_string\"}],\"inLanguage\":\"es\"},{\"@type\":\"ImageObject\",\"@id\":\"https:\/\/dc-ar.com.br\/es\/store\/mytorq\/analizador-de-torque-mytorq\/analizador-de-torque-medidor-de-torque\/#primaryimage\",\"inLanguage\":\"es\",\"url\":\"https:\/\/dc-ar.com.br\/es\/wp-content\/uploads\/2026\/04\/mytorq-p6a.png\",\"width\":500,\"height\":500},{\"@type\":\"WebPage\",\"@id\":\"https:\/\/dc-ar.com.br\/es\/store\/mytorq\/analizador-de-torque-mytorq\/analizador-de-torque-medidor-de-torque\/#webpage\",\"url\":\"https:\/\/dc-ar.com.br\/es\/store\/mytorq\/analizador-de-torque-mytorq\/analizador-de-torque-medidor-de-torque\/\",\"name\":\"Analizador de torque \/ Medidor de torque - DCAR - Bauer Kompressoren &amp; Ingersoll Rand\",\"isPartOf\":{\"@id\":\"http:\/\/dc-ar.com.br\/es\/#website\"},\"primaryImageOfPage\":{\"@id\":\"https:\/\/dc-ar.com.br\/es\/store\/mytorq\/analizador-de-torque-mytorq\/analizador-de-torque-medidor-de-torque\/#primaryimage\"},\"datePublished\":\"2026-04-08T23:10:59+00:00\",\"dateModified\":\"2026-04-08T23:18:32+00:00\",\"description\":\"El Analizador de Torque MYTORQ ofrece un control total sobre sus procesos con alertas visuales por LED y gesti\\u00f3n automatizada de datos.\",\"inLanguage\":\"es\",\"potentialAction\":[{\"@type\":\"ReadAction\",\"target\":[\"https:\/\/dc-ar.com.br\/es\/store\/mytorq\/analizador-de-torque-mytorq\/analizador-de-torque-medidor-de-torque\/\"]}]}]}<\/script>\n<!-- \/ Yoast SEO plugin. -->","_links":{"self":[{"href":"https:\/\/dc-ar.com.br\/es\/wp-json\/wp\/v2\/product\/3274"}],"collection":[{"href":"https:\/\/dc-ar.com.br\/es\/wp-json\/wp\/v2\/product"}],"about":[{"href":"https:\/\/dc-ar.com.br\/es\/wp-json\/wp\/v2\/types\/product"}],"wp:featuredmedia":[{"embeddable":true,"href":"https:\/\/dc-ar.com.br\/es\/wp-json\/wp\/v2\/media\/3278"}],"wp:attachment":[{"href":"https:\/\/dc-ar.com.br\/es\/wp-json\/wp\/v2\/media?parent=3274"}],"curies":[{"name":"wp","href":"https:\/\/api.w.org\/{rel}","templated":true}]}}