{"id":3245,"date":"2026-04-08T19:40:23","date_gmt":"2026-04-08T22:40:23","guid":{"rendered":"http:\/\/dc-ar.com.br\/es\/?post_type=product&#038;p=3245"},"modified":"2026-04-08T19:48:05","modified_gmt":"2026-04-08T22:48:05","slug":"atornilladores-electricos","status":"publish","type":"product","link":"https:\/\/dc-ar.com.br\/es\/store\/mytorq\/atornilladores-electricos\/atornilladores-electricos\/","title":{"rendered":"Atornilladores el\u00e9ctricos"},"content":{"rendered":"<p><strong>VENTAJAS EN DETALLE:<\/strong><\/p>\n<ul>\n<li style=\"font-weight: 400;\" aria-level=\"1\">Motor brushless (sin escobillas) para una operaci\u00f3n limpia, silenciosa y precisa<\/li>\n<li style=\"font-weight: 400;\" aria-level=\"1\">El mecanismo de embrague con desconexi\u00f3n autom\u00e1tica proporciona una excelente precisi\u00f3n de torque de \u00b13%<\/li>\n<li style=\"font-weight: 400;\" aria-level=\"1\">El microinterruptor sin contacto aumenta la vida \u00fatil del gatillo hasta 10 millones de accionamientos<\/li>\n<li style=\"font-weight: 400;\" aria-level=\"1\">El embrague duradero, fabricado con material de alta calidad, soporta hasta 2 millones de aprietes<\/li>\n<li style=\"font-weight: 400;\" aria-level=\"1\">Dise\u00f1o ergon\u00f3mico para largos per\u00edodos de operaci\u00f3n<\/li>\n<\/ul>\n<p>&nbsp;<\/p>\n<p><img loading=\"lazy\" width=\"802\" height=\"418\" class=\"alignnone size-full wp-image-3246\" style=\"max-width: 550px;\" src=\"http:\/\/dc-ar.com.br\/es\/wp-content\/uploads\/2026\/04\/mytorq4.png\" alt=\"\" srcset=\"https:\/\/dc-ar.com.br\/es\/wp-content\/uploads\/2026\/04\/mytorq4.png 802w, https:\/\/dc-ar.com.br\/es\/wp-content\/uploads\/2026\/04\/mytorq4-300x156.png 300w, https:\/\/dc-ar.com.br\/es\/wp-content\/uploads\/2026\/04\/mytorq4-768x400.png 768w, https:\/\/dc-ar.com.br\/es\/wp-content\/uploads\/2026\/04\/mytorq4-285x149.png 285w, https:\/\/dc-ar.com.br\/es\/wp-content\/uploads\/2026\/04\/mytorq4-800x418.png 800w, https:\/\/dc-ar.com.br\/es\/wp-content\/uploads\/2026\/04\/mytorq4-660x344.png 660w, https:\/\/dc-ar.com.br\/es\/wp-content\/uploads\/2026\/04\/mytorq4-150x78.png 150w\" sizes=\"(max-width: 802px) 100vw, 802px\" \/><\/p>\n","protected":false},"excerpt":{"rendered":"<p>El <strong>Atornillador El\u00e9ctrico MYTORQ<\/strong> ofrece m\u00e1xima durabilidad con un gatillo para hasta 10 millones de ciclos.<\/p>\n<p>Equipado con motor brushless y precisi\u00f3n de torque de \u00b13%, es la soluci\u00f3n ergon\u00f3mica ideal para operaciones limpias y silenciosas de alto rendimiento.<\/p>\n","protected":false},"featured_media":3248,"template":"","meta":[],"yoast_head":"<!-- This site is optimized with the Yoast SEO plugin v15.6.2 - https:\/\/yoast.com\/wordpress\/plugins\/seo\/ -->\n<title>Atornilladores el\u00e9ctricos - DCAR - Bauer Kompressoren &amp; Ingersoll Rand<\/title>\n<meta name=\"description\" content=\"El Atornillador El\u00e9ctrico MYTORQ ofrece m\u00e1xima durabilidad con un gatillo para hasta 10 millones de ciclos.\" \/>\n<meta name=\"robots\" content=\"index, follow, max-snippet:-1, max-image-preview:large, max-video-preview:-1\" \/>\n<link rel=\"canonical\" href=\"https:\/\/dc-ar.com.br\/es\/store\/mytorq\/atornilladores-electricos\/atornilladores-electricos\/\" \/>\n<meta property=\"og:locale\" content=\"es_ES\" \/>\n<meta property=\"og:type\" content=\"article\" \/>\n<meta property=\"og:title\" content=\"Atornilladores el\u00e9ctricos - DCAR - Bauer Kompressoren &amp; Ingersoll Rand\" \/>\n<meta property=\"og:description\" content=\"El Atornillador El\u00e9ctrico MYTORQ ofrece m\u00e1xima durabilidad con un gatillo para hasta 10 millones de ciclos.\" \/>\n<meta property=\"og:url\" content=\"https:\/\/dc-ar.com.br\/es\/store\/mytorq\/atornilladores-electricos\/atornilladores-electricos\/\" \/>\n<meta property=\"og:site_name\" content=\"DCAR - Bauer Kompressoren &amp; Ingersoll Rand\" \/>\n<meta property=\"article:modified_time\" content=\"2026-04-08T22:48:05+00:00\" \/>\n<meta property=\"og:image\" content=\"https:\/\/dc-ar.com.br\/es\/wp-content\/uploads\/2026\/04\/mytorq-p2.png\" \/>\n\t<meta property=\"og:image:width\" content=\"500\" \/>\n\t<meta property=\"og:image:height\" content=\"500\" \/>\n<meta name=\"twitter:card\" content=\"summary_large_image\" \/>\n<meta name=\"twitter:label1\" content=\"Tiempo de lectura\">\n\t<meta name=\"twitter:data1\" content=\"1 minuto\">\n<script type=\"application\/ld+json\" class=\"yoast-schema-graph\">{\"@context\":\"https:\/\/schema.org\",\"@graph\":[{\"@type\":\"WebSite\",\"@id\":\"http:\/\/dc-ar.com.br\/es\/#website\",\"url\":\"http:\/\/dc-ar.com.br\/es\/\",\"name\":\"DCAR - Bauer Kompressoren &amp; Ingersoll Rand\",\"description\":\"\",\"potentialAction\":[{\"@type\":\"SearchAction\",\"target\":\"http:\/\/dc-ar.com.br\/es\/?s={search_term_string}\",\"query-input\":\"required name=search_term_string\"}],\"inLanguage\":\"es\"},{\"@type\":\"ImageObject\",\"@id\":\"https:\/\/dc-ar.com.br\/es\/store\/mytorq\/atornilladores-electricos\/atornilladores-electricos\/#primaryimage\",\"inLanguage\":\"es\",\"url\":\"https:\/\/dc-ar.com.br\/es\/wp-content\/uploads\/2026\/04\/mytorq-p2.png\",\"width\":500,\"height\":500},{\"@type\":\"WebPage\",\"@id\":\"https:\/\/dc-ar.com.br\/es\/store\/mytorq\/atornilladores-electricos\/atornilladores-electricos\/#webpage\",\"url\":\"https:\/\/dc-ar.com.br\/es\/store\/mytorq\/atornilladores-electricos\/atornilladores-electricos\/\",\"name\":\"Atornilladores el\\u00e9ctricos - DCAR - Bauer Kompressoren &amp; Ingersoll Rand\",\"isPartOf\":{\"@id\":\"http:\/\/dc-ar.com.br\/es\/#website\"},\"primaryImageOfPage\":{\"@id\":\"https:\/\/dc-ar.com.br\/es\/store\/mytorq\/atornilladores-electricos\/atornilladores-electricos\/#primaryimage\"},\"datePublished\":\"2026-04-08T22:40:23+00:00\",\"dateModified\":\"2026-04-08T22:48:05+00:00\",\"description\":\"El Atornillador El\\u00e9ctrico MYTORQ ofrece m\\u00e1xima durabilidad con un gatillo para hasta 10 millones de ciclos.\",\"inLanguage\":\"es\",\"potentialAction\":[{\"@type\":\"ReadAction\",\"target\":[\"https:\/\/dc-ar.com.br\/es\/store\/mytorq\/atornilladores-electricos\/atornilladores-electricos\/\"]}]}]}<\/script>\n<!-- \/ Yoast SEO plugin. -->","_links":{"self":[{"href":"https:\/\/dc-ar.com.br\/es\/wp-json\/wp\/v2\/product\/3245"}],"collection":[{"href":"https:\/\/dc-ar.com.br\/es\/wp-json\/wp\/v2\/product"}],"about":[{"href":"https:\/\/dc-ar.com.br\/es\/wp-json\/wp\/v2\/types\/product"}],"wp:featuredmedia":[{"embeddable":true,"href":"https:\/\/dc-ar.com.br\/es\/wp-json\/wp\/v2\/media\/3248"}],"wp:attachment":[{"href":"https:\/\/dc-ar.com.br\/es\/wp-json\/wp\/v2\/media?parent=3245"}],"curies":[{"name":"wp","href":"https:\/\/api.w.org\/{rel}","templated":true}]}}