{"id":3001,"date":"2024-07-31T15:23:08","date_gmt":"2024-07-31T18:23:08","guid":{"rendered":"http:\/\/dc-ar.com.br\/es\/store\/sin%20categor\u00eda\/import-placeholder-for-2927\/"},"modified":"2024-07-31T19:28:08","modified_gmt":"2024-07-31T22:28:08","slug":"taurus-1-4-c","status":"publish","type":"product","link":"https:\/\/dc-ar.com.br\/es\/store\/gesipa\/remachadoras-pop-neumaticas\/taurus-1-4-c\/","title":{"rendered":"Taurus 1-4 C"},"content":{"rendered":"<p><strong>CONTROL DEL PROCESO DE REMACHADO<\/strong><\/p>\n<p><span style=\"font-weight: 400;\">El control del proceso de remachado tiene lugar mediante una evaluaci\u00f3n en l\u00ednea de la resistencia a la tracci\u00f3n y la carrera del remache. Es posible configurar las ventanas de evaluaci\u00f3n mediante un software especial de configuraci\u00f3n. Las herramientas incorporan todos los componentes necesarios para el control del proceso de remachado. La duraci\u00f3n de la evaluaci\u00f3n de un proceso de remachado supone menos de 1 \u00b5s y el resultado se visualiza directamente mediante un LED rojo o verde. Adem\u00e1s de esta evaluaci\u00f3n individual, el sistema tambi\u00e9n tiene integrada una evaluaci\u00f3n global para el conjunto de la pieza. La herramienta puede guardar m\u00e1s de 260.000 datos del proceso de remachado, a los que puede accederse en cualquier momento. El sistema tambi\u00e9n reconoce diversos tipos de errores y los memoriza para el an\u00e1lisis posterior de los errores y la soluci\u00f3n de las causas. Las remachadoras pueden funcionar de forma aut\u00f3noma o integradas en las instalaciones del cliente a trav\u00e9s del sistema GESIPA\u00ae-Interface.<\/span><\/p>\n<p><strong><br \/>\nGESIPA-INTERFACE<\/strong><\/p>\n<p><span style=\"font-weight: 400;\">El nuevo sistema GESIPA\u00ae-Interface ha sido desarrollado internamente por GESIPA y se basa en un sistema PC empotrado. Dispone de 24 entradas y salidas digitales para la comunicaci\u00f3n con un PLC. Adem\u00e1s, entre las caracter\u00edsticas ofrecidas por GESIPA\u00ae-Interface est\u00e1 la opci\u00f3n de conectar un convertidor de protocolos para todos los medios externos de almacenamiento y sistemas habituales de bus (v\u00eda una toma RJ45) as\u00ed como una conexi\u00f3n USB para habilitar una transferencia de datos r\u00e1pida. Existe un cargo adicional por esta caracter\u00edstica adicional opcional. El sistema GESIPA\u00ae-Interface tambi\u00e9n dispone de una base de datos del proceso SQLite, en la que pueden memorizarse 250.000 datos del proceso (p. ej., fecha, hora, punto de remachado, evaluaci\u00f3n y curva del proceso). Es naturalmente compatible con versiones previas, es decir, puede utilizarse con modelos m\u00e1s antiguos.<\/span><\/p>\n","protected":false},"excerpt":{"rendered":"<p><span style=\"font-weight: 400;\">El principio modular subyacente en nuestras pistolas de remachado serie TAURUS\u00ae facilita un n\u00famero casi infinito de posibilidades para proyectos de remachado. Con un consumo de aire comprimido excepcionalmente bajo, la serie TAURUS\u00ae resulta muy ergon\u00f3mica y f\u00e1cil de usar, lo que garantiza que el trabajo se lleve a cabo con rapidez y potencia.<\/span><\/p>\n<p><span style=\"font-weight: 400;\">\u00bfTrabaja en proyectos extremadamente complejos que requieren soluciones especiales? Estaremos encantados de aconsejarle sobre las opciones de personalizaci\u00f3n de las diversas variantes TAURUS\u00ae para su aplicaci\u00f3n espec\u00edfica.<\/span><\/p>\n<p><span style=\"font-weight: 400;\">Nuestro equipo t\u00e9cnico de ventas siempre est\u00e1 disponible para ofrecerle asesoramiento personalizado, resolver las dudas que pueda tener y facilitarle informaci\u00f3n sobre precios.<\/span><\/p>\n","protected":false},"featured_media":3029,"template":"","meta":[],"yoast_head":"<!-- This site is optimized with the Yoast SEO plugin v15.6.2 - https:\/\/yoast.com\/wordpress\/plugins\/seo\/ -->\n<title>Taurus 1-4 C - DCAR - Bauer Kompressoren &amp; Ingersoll Rand<\/title>\n<meta name=\"description\" content=\"Con un consumo de aire comprimido excepcionalmente bajo, la serie TAURUS\u00ae es muy ergon\u00f3mica y f\u00e1cil de usar.\" \/>\n<meta name=\"robots\" content=\"index, follow, max-snippet:-1, max-image-preview:large, max-video-preview:-1\" \/>\n<link rel=\"canonical\" href=\"https:\/\/dc-ar.com.br\/es\/store\/gesipa\/remachadoras-pop-neumaticas\/taurus-1-4-c\/\" \/>\n<meta property=\"og:locale\" content=\"es_ES\" \/>\n<meta property=\"og:type\" content=\"article\" \/>\n<meta property=\"og:title\" content=\"Taurus 1-4 C - DCAR - Bauer Kompressoren &amp; Ingersoll Rand\" \/>\n<meta property=\"og:description\" content=\"Con un consumo de aire comprimido excepcionalmente bajo, la serie TAURUS\u00ae es muy ergon\u00f3mica y f\u00e1cil de usar.\" \/>\n<meta property=\"og:url\" content=\"https:\/\/dc-ar.com.br\/es\/store\/gesipa\/remachadoras-pop-neumaticas\/taurus-1-4-c\/\" \/>\n<meta property=\"og:site_name\" content=\"DCAR - Bauer Kompressoren &amp; Ingersoll Rand\" \/>\n<meta property=\"article:modified_time\" content=\"2024-07-31T22:28:08+00:00\" \/>\n<meta property=\"og:image\" content=\"https:\/\/dc-ar.com.br\/es\/wp-content\/uploads\/2024\/07\/taurus1-4c-1.jpg\" \/>\n\t<meta property=\"og:image:width\" content=\"500\" \/>\n\t<meta property=\"og:image:height\" content=\"500\" \/>\n<meta name=\"twitter:card\" content=\"summary_large_image\" \/>\n<meta name=\"twitter:label1\" content=\"Tiempo de lectura\">\n\t<meta name=\"twitter:data1\" content=\"2 minutos\">\n<script type=\"application\/ld+json\" class=\"yoast-schema-graph\">{\"@context\":\"https:\/\/schema.org\",\"@graph\":[{\"@type\":\"WebSite\",\"@id\":\"https:\/\/dc-ar.com.br\/es\/#website\",\"url\":\"https:\/\/dc-ar.com.br\/es\/\",\"name\":\"DCAR - Bauer Kompressoren &amp; Ingersoll Rand\",\"description\":\"\",\"potentialAction\":[{\"@type\":\"SearchAction\",\"target\":\"https:\/\/dc-ar.com.br\/es\/?s={search_term_string}\",\"query-input\":\"required name=search_term_string\"}],\"inLanguage\":\"es\"},{\"@type\":\"ImageObject\",\"@id\":\"https:\/\/dc-ar.com.br\/es\/store\/gesipa\/remachadoras-pop-neumaticas\/taurus-1-4-c\/#primaryimage\",\"inLanguage\":\"es\",\"url\":\"https:\/\/dc-ar.com.br\/es\/wp-content\/uploads\/2024\/07\/taurus1-4c-1.jpg\",\"width\":500,\"height\":500},{\"@type\":\"WebPage\",\"@id\":\"https:\/\/dc-ar.com.br\/es\/store\/gesipa\/remachadoras-pop-neumaticas\/taurus-1-4-c\/#webpage\",\"url\":\"https:\/\/dc-ar.com.br\/es\/store\/gesipa\/remachadoras-pop-neumaticas\/taurus-1-4-c\/\",\"name\":\"Taurus 1-4 C - DCAR - Bauer Kompressoren &amp; Ingersoll Rand\",\"isPartOf\":{\"@id\":\"https:\/\/dc-ar.com.br\/es\/#website\"},\"primaryImageOfPage\":{\"@id\":\"https:\/\/dc-ar.com.br\/es\/store\/gesipa\/remachadoras-pop-neumaticas\/taurus-1-4-c\/#primaryimage\"},\"datePublished\":\"2024-07-31T18:23:08+00:00\",\"dateModified\":\"2024-07-31T22:28:08+00:00\",\"description\":\"Con un consumo de aire comprimido excepcionalmente bajo, la serie TAURUS\\u00ae es muy ergon\\u00f3mica y f\\u00e1cil de usar.\",\"inLanguage\":\"es\",\"potentialAction\":[{\"@type\":\"ReadAction\",\"target\":[\"https:\/\/dc-ar.com.br\/es\/store\/gesipa\/remachadoras-pop-neumaticas\/taurus-1-4-c\/\"]}]}]}<\/script>\n<!-- \/ Yoast SEO plugin. -->","_links":{"self":[{"href":"https:\/\/dc-ar.com.br\/es\/wp-json\/wp\/v2\/product\/3001"}],"collection":[{"href":"https:\/\/dc-ar.com.br\/es\/wp-json\/wp\/v2\/product"}],"about":[{"href":"https:\/\/dc-ar.com.br\/es\/wp-json\/wp\/v2\/types\/product"}],"wp:featuredmedia":[{"embeddable":true,"href":"https:\/\/dc-ar.com.br\/es\/wp-json\/wp\/v2\/media\/3029"}],"wp:attachment":[{"href":"https:\/\/dc-ar.com.br\/es\/wp-json\/wp\/v2\/media?parent=3001"}],"curies":[{"name":"wp","href":"https:\/\/api.w.org\/{rel}","templated":true}]}}