{"id":3000,"date":"2024-07-31T15:23:07","date_gmt":"2024-07-31T18:23:07","guid":{"rendered":"http:\/\/dc-ar.com.br\/es\/store\/sin%20categor\u00eda\/import-placeholder-for-2922\/"},"modified":"2024-07-31T19:35:55","modified_gmt":"2024-07-31T22:35:55","slug":"taurus-1-4-axial-eco-recta","status":"publish","type":"product","link":"https:\/\/dc-ar.com.br\/es\/store\/gesipa\/remachadoras-pop-neumaticas\/taurus-1-4-axial-eco-recta\/","title":{"rendered":"Taurus 1-4 Axial eco (Recta)"},"content":{"rendered":"<p><strong>VANTAGENS EM DETALHE<\/strong><\/p>\n<p><span style=\"font-weight: 400;\">TAURUS\u00ae Axial eco \u2013 Serie TAURUS\u00ae 1-4 en versi\u00f3n Axial<\/span><span style=\"font-weight: 400;\"><br \/>\n<\/span><span style=\"font-weight: 400;\">La soluci\u00f3n econ\u00f3mica para aplicaciones especiales.<\/span><span style=\"font-weight: 400;\"><br \/>\n<\/span><span style=\"font-weight: 400;\">La variante econ\u00f3mica de entrada para aplica\u00e7\u00f5es especiais.<\/span><\/p>\n<p><strong>Aplicaciones:<\/strong><\/p>\n<p><span style=\"font-weight: 400;\">A pistola especial da rebitadora TAURUS\u00ae Axial eco permite seu uso em f\u00e1bricas e, ao mesmo tempo, permite trabalhar de forma manual, ergon\u00f4mica e flex\u00edvel em aplica\u00e7\u00f5es com acesso restrito e quando \u00e9 necess\u00e1rio rebitar por cima. Para garantir que os componentes a serem rebitados n\u00e3o tenham um espa\u00e7o intermedi\u00e1rio e que a cabe\u00e7a do rebite esteja em contato com a pe\u00e7a, a rebitadora TAURUS\u00ae Axial eco pode ser fornecida adicionalmente com controle de press\u00e3o. Para garantir a aspira\u00e7\u00e3o dos pinos, \u00e9 necess\u00e1rio um fornecimento de ar adicional. O acesso a ela \u00e9 feito, dependendo da aplica\u00e7\u00e3o, atrav\u00e9s do compensador com v\u00e1lvula ou atrav\u00e9s da v\u00e1lvula de retardo.<\/span><\/p>\n<p><strong><br \/>\nVentajas:<\/strong><\/p>\n<ul>\n<li style=\"font-weight: 400;\" aria-level=\"1\"><span style=\"font-weight: 400;\">Soluci\u00f3n econ\u00f3mica<\/span><\/li>\n<li style=\"font-weight: 400;\" aria-level=\"1\"><span style=\"font-weight: 400;\">Ideal para la instalaci\u00f3n en mesas de montaje, dispositivos o lugares de trabajo parcialmente automatizados<\/span><\/li>\n<li style=\"font-weight: 400;\" aria-level=\"1\"><span style=\"font-weight: 400;\">Muy pr\u00e1ctica para la aplicaci\u00f3n de remaches en puntos que exigen un proceso de remachado vertical<\/span><\/li>\n<li style=\"font-weight: 400;\" aria-level=\"1\"><span style=\"font-weight: 400;\">Puede equiparse con casi todos los accesorios adicionales de la serie TAURUS\u00ae: Por ejemplo, unidades de prolongaci\u00f3n, contador de remaches, control del proceso de remachado, control de presi\u00f3n y control remoto<\/span><\/li>\n<li style=\"font-weight: 400;\" aria-level=\"1\"><span style=\"font-weight: 400;\">Puede colgarse en un compensador<\/span><\/li>\n<li style=\"font-weight: 400;\" aria-level=\"1\"><span style=\"font-weight: 400;\">Absorci\u00f3n integrada del v\u00e1stago para la eliminaci\u00f3n del v\u00e1stago residual.<\/span><\/li>\n<\/ul>\n<p><strong><br \/>\nCampo de aplicaci\u00f3n:<\/strong><\/p>\n<ul>\n<li style=\"font-weight: 400;\" aria-level=\"1\"><span style=\"font-weight: 400;\">Remaches de hasta 6,4 mm \u00d8 de cualquier material y de hasta 8 mm \u00d8 de alu (v\u00e1stago m\u00e1x. \u00d8 4,5 mm)<\/span><\/li>\n<li style=\"font-weight: 400;\" aria-level=\"1\"><span style=\"font-weight: 400;\">Potencia y datos t\u00e9cnicos iguales que en los respectivos remachadoras de la serie TAURUS\u00ae.<\/span><\/li>\n<\/ul>\n<p><strong><br \/>\nDatos t\u00e9cnicos:<\/strong><\/p>\n<ul>\n<li style=\"font-weight: 400;\" aria-level=\"1\"><span style=\"font-weight: 400;\">Presi\u00f3n de servicio: 5 a 7 bares<\/span><\/li>\n<li style=\"font-weight: 400;\" aria-level=\"1\"><span style=\"font-weight: 400;\">Conexi\u00f3n de tubo: 6 mm (1\/4\u201c)<\/span><\/li>\n<li style=\"font-weight: 400;\" aria-level=\"1\"><span style=\"font-weight: 400;\">Nivel de emisi\u00f3n sonora: m\u00e1x. 79 dB<\/span><\/li>\n<li style=\"font-weight: 400;\" aria-level=\"1\"><span style=\"font-weight: 400;\">Vibraciones: &lt; 2,9 m\/s\u00b2<\/span><\/li>\n<li style=\"font-weight: 400;\" aria-level=\"1\"><span style=\"font-weight: 400;\">Peso:<\/span>\n<ul>\n<li style=\"font-weight: 400;\" aria-level=\"2\"><span style=\"font-weight: 400;\">TAURUS\u00ae 1 Axial eco: 2,0 kg<\/span><\/li>\n<li style=\"font-weight: 400;\" aria-level=\"2\"><span style=\"font-weight: 400;\">TAURUS\u00ae 2 Axial eco: 2,3 kg<\/span><\/li>\n<li style=\"font-weight: 400;\" aria-level=\"2\"><span style=\"font-weight: 400;\">TAURUS\u00ae 3 Axial eco: 2,6 kg<\/span><\/li>\n<li style=\"font-weight: 400;\" aria-level=\"2\"><span style=\"font-weight: 400;\">TAURUS\u00ae 4 Axial eco: 3,0 kg<\/span><\/li>\n<\/ul>\n<\/li>\n<\/ul>\n<p><strong><br \/>\nESPECIFICACIONES T\u00c9CNICAS<\/strong><\/p>\n<ul>\n<li style=\"font-weight: 400;\" aria-level=\"1\"><span style=\"font-weight: 400;\">Peso: 2,00 kg<\/span><\/li>\n<li style=\"font-weight: 400;\" aria-level=\"1\"><span style=\"font-weight: 400;\">Campo de aplicaci\u00f3n: Remaches desde 2.4 hasta 3.2 mm \u00d8 en todos los materiales y hasta 4 mm \u00d8 alu\/acero (v\u00e1stago di\u00e1. m\u00e1x. 2.5 mm)<\/span><\/li>\n<li style=\"font-weight: 400;\" aria-level=\"1\"><span style=\"font-weight: 400;\">Campo de aplicaci\u00f3n alu: 4 mm<\/span><\/li>\n<li style=\"font-weight: 400;\" aria-level=\"1\"><span style=\"font-weight: 400;\">Campo de aplicaci\u00f3n acero: 3,2 mm<\/span><\/li>\n<li style=\"font-weight: 400;\" aria-level=\"1\"><span style=\"font-weight: 400;\">Consumo de aire: 1 Litro<\/span><\/li>\n<li style=\"font-weight: 400;\" aria-level=\"1\"><span style=\"font-weight: 400;\">Conexi\u00f3n de aire: 6 mm<\/span><\/li>\n<li style=\"font-weight: 400;\" aria-level=\"1\"><span style=\"font-weight: 400;\">Fuerza de tracci\u00f3n: 5500 N<\/span><\/li>\n<li style=\"font-weight: 400;\" aria-level=\"1\"><span style=\"font-weight: 400;\">Carrera del aparato: 15 mm<\/span><\/li>\n<li style=\"font-weight: 400;\" aria-level=\"1\"><span style=\"font-weight: 400;\">Modo operativo: Neum\u00e1tica<\/span><\/li>\n<li style=\"font-weight: 400;\" aria-level=\"1\"><span style=\"font-weight: 400;\">Tipo de producto: TAURUS\u00ae<\/span><\/li>\n<li style=\"font-weight: 400;\" aria-level=\"1\"><span style=\"font-weight: 400;\">Presi\u00f3n operativa (min): 5 bar<\/span><\/li>\n<li style=\"font-weight: 400;\" aria-level=\"1\"><span style=\"font-weight: 400;\">Presi\u00f3n operativa (m\u00e1x): 7 bar<\/span><\/li>\n<\/ul>\n","protected":false},"excerpt":{"rendered":"<p><span style=\"font-weight: 400;\">El principio modular subyacente en nuestras pistolas de remachado serie TAURUS\u00ae facilita un n\u00famero casi infinito de posibilidades para proyectos de remachado. Con un consumo de aire comprimido excepcionalmente bajo, la serie TAURUS\u00ae resulta muy ergon\u00f3mica y f\u00e1cil de usar, lo que garantiza que el trabajo se lleve a cabo con rapidez y potencia.<\/span><\/p>\n<p><span style=\"font-weight: 400;\">\u00bfTrabaja en proyectos extremadamente complejos que requieren soluciones especiales? Estaremos encantados de aconsejarle sobre las opciones de personalizaci\u00f3n de las diversas variantes TAURUS\u00ae para su aplicaci\u00f3n espec\u00edfica.<\/span><\/p>\n<p><span style=\"font-weight: 400;\">Nuestro equipo t\u00e9cnico de ventas siempre est\u00e1 disponible para ofrecerle asesoramiento personalizado, resolver las dudas que pueda tener y facilitarle informaci\u00f3n sobre precios.<\/span><\/p>\n","protected":false},"featured_media":3028,"template":"","meta":[],"yoast_head":"<!-- This site is optimized with the Yoast SEO plugin v15.6.2 - https:\/\/yoast.com\/wordpress\/plugins\/seo\/ -->\n<title>Taurus 1-4 Axial eco (Recta) - DCAR - Bauer Kompressoren &amp; Ingersoll Rand<\/title>\n<meta name=\"description\" content=\"Con un consumo de aire comprimido excepcionalmente bajo, la serie TAURUS\u00ae es muy ergon\u00f3mica y f\u00e1cil de usar.\" \/>\n<meta name=\"robots\" content=\"index, follow, max-snippet:-1, max-image-preview:large, max-video-preview:-1\" \/>\n<link rel=\"canonical\" href=\"https:\/\/dc-ar.com.br\/es\/store\/gesipa\/remachadoras-pop-neumaticas\/taurus-1-4-axial-eco-recta\/\" \/>\n<meta property=\"og:locale\" content=\"es_ES\" \/>\n<meta property=\"og:type\" content=\"article\" \/>\n<meta property=\"og:title\" content=\"Taurus 1-4 Axial eco (Recta) - DCAR - Bauer Kompressoren &amp; Ingersoll Rand\" \/>\n<meta property=\"og:description\" content=\"Con un consumo de aire comprimido excepcionalmente bajo, la serie TAURUS\u00ae es muy ergon\u00f3mica y f\u00e1cil de usar.\" \/>\n<meta property=\"og:url\" content=\"https:\/\/dc-ar.com.br\/es\/store\/gesipa\/remachadoras-pop-neumaticas\/taurus-1-4-axial-eco-recta\/\" \/>\n<meta property=\"og:site_name\" content=\"DCAR - Bauer Kompressoren &amp; Ingersoll Rand\" \/>\n<meta property=\"article:modified_time\" content=\"2024-07-31T22:35:55+00:00\" \/>\n<meta property=\"og:image\" content=\"https:\/\/dc-ar.com.br\/es\/wp-content\/uploads\/2024\/07\/taurus1-4axial-1.jpg\" \/>\n\t<meta property=\"og:image:width\" content=\"500\" \/>\n\t<meta property=\"og:image:height\" content=\"500\" \/>\n<meta name=\"twitter:card\" content=\"summary_large_image\" \/>\n<meta name=\"twitter:label1\" content=\"Tiempo de lectura\">\n\t<meta name=\"twitter:data1\" content=\"2 minutos\">\n<script type=\"application\/ld+json\" class=\"yoast-schema-graph\">{\"@context\":\"https:\/\/schema.org\",\"@graph\":[{\"@type\":\"WebSite\",\"@id\":\"https:\/\/dc-ar.com.br\/es\/#website\",\"url\":\"https:\/\/dc-ar.com.br\/es\/\",\"name\":\"DCAR - Bauer Kompressoren &amp; Ingersoll Rand\",\"description\":\"\",\"potentialAction\":[{\"@type\":\"SearchAction\",\"target\":\"https:\/\/dc-ar.com.br\/es\/?s={search_term_string}\",\"query-input\":\"required name=search_term_string\"}],\"inLanguage\":\"es\"},{\"@type\":\"ImageObject\",\"@id\":\"https:\/\/dc-ar.com.br\/es\/store\/gesipa\/remachadoras-pop-neumaticas\/taurus-1-4-axial-eco-recta\/#primaryimage\",\"inLanguage\":\"es\",\"url\":\"https:\/\/dc-ar.com.br\/es\/wp-content\/uploads\/2024\/07\/taurus1-4axial-1.jpg\",\"width\":500,\"height\":500},{\"@type\":\"WebPage\",\"@id\":\"https:\/\/dc-ar.com.br\/es\/store\/gesipa\/remachadoras-pop-neumaticas\/taurus-1-4-axial-eco-recta\/#webpage\",\"url\":\"https:\/\/dc-ar.com.br\/es\/store\/gesipa\/remachadoras-pop-neumaticas\/taurus-1-4-axial-eco-recta\/\",\"name\":\"Taurus 1-4 Axial eco (Recta) - DCAR - Bauer Kompressoren &amp; Ingersoll Rand\",\"isPartOf\":{\"@id\":\"https:\/\/dc-ar.com.br\/es\/#website\"},\"primaryImageOfPage\":{\"@id\":\"https:\/\/dc-ar.com.br\/es\/store\/gesipa\/remachadoras-pop-neumaticas\/taurus-1-4-axial-eco-recta\/#primaryimage\"},\"datePublished\":\"2024-07-31T18:23:07+00:00\",\"dateModified\":\"2024-07-31T22:35:55+00:00\",\"description\":\"Con un consumo de aire comprimido excepcionalmente bajo, la serie TAURUS\\u00ae es muy ergon\\u00f3mica y f\\u00e1cil de usar.\",\"inLanguage\":\"es\",\"potentialAction\":[{\"@type\":\"ReadAction\",\"target\":[\"https:\/\/dc-ar.com.br\/es\/store\/gesipa\/remachadoras-pop-neumaticas\/taurus-1-4-axial-eco-recta\/\"]}]}]}<\/script>\n<!-- \/ Yoast SEO plugin. -->","_links":{"self":[{"href":"https:\/\/dc-ar.com.br\/es\/wp-json\/wp\/v2\/product\/3000"}],"collection":[{"href":"https:\/\/dc-ar.com.br\/es\/wp-json\/wp\/v2\/product"}],"about":[{"href":"https:\/\/dc-ar.com.br\/es\/wp-json\/wp\/v2\/types\/product"}],"wp:featuredmedia":[{"embeddable":true,"href":"https:\/\/dc-ar.com.br\/es\/wp-json\/wp\/v2\/media\/3028"}],"wp:attachment":[{"href":"https:\/\/dc-ar.com.br\/es\/wp-json\/wp\/v2\/media?parent=3000"}],"curies":[{"name":"wp","href":"https:\/\/api.w.org\/{rel}","templated":true}]}}