{"id":2998,"date":"2024-07-31T15:23:06","date_gmt":"2024-07-31T18:23:06","guid":{"rendered":"http:\/\/dc-ar.com.br\/es\/store\/sin%20categor\u00eda\/import-placeholder-for-2912\/"},"modified":"2024-07-31T19:39:08","modified_gmt":"2024-07-31T22:39:08","slug":"taurus-1","status":"publish","type":"product","link":"https:\/\/dc-ar.com.br\/es\/store\/gesipa\/remachadoras-pop-neumaticas\/taurus-1\/","title":{"rendered":"Taurus 1"},"content":{"rendered":"<p><strong>VENTAJAS EN DETALLE<\/strong><\/p>\n<p><span style=\"font-weight: 400;\">La serie TAURUS\u00ae \u2013 Las remachadoras neum\u00e1tico-hidr\u00e1ulicas de GESIPA\u00ae son id\u00f3neas para casi cualquier aplicaci\u00f3n. Dise\u00f1o econ\u00f3mico, manipulaci\u00f3n perfecta y accesorios sofisticados convierten a la serie TAURUS\u00ae en tan \u00fanica como flexible. \u2013 \u00a1Ventajas que simplemente convencen! Desde el lanzamiento al mercado de la serie de remachadoras neum\u00e1tico-hidr\u00e1ulicas TAURUS\u00ae en el a\u00f1o 2002, las remachadoras de GESIPA\u00ae han convencido miles de veces a los gremios de oficios y la industria. Sobre todo la TAURUS\u00ae 2 es un aut\u00e9ntico multitalento.<\/span><\/p>\n<p><span style=\"font-weight: 400;\"><strong>01 Dise\u00f1o modular<\/strong> \u2013 Gran cantidad de piezas id\u00e9nticas: baja necesidad de almacenar repuestos y mantenimiento sencillo \u2013 Flexibilidad ante nuevas aplicaciones<\/span><\/p>\n<p><span style=\"font-weight: 400;\"><strong>02 Potencia<\/strong> \u2013 Gran potencia de remachado con peso reducido \u2013 Ciclo de trabajo m\u00e1s r\u00e1pido \u2013 Carrera optimizada para toda la serie\u00a0<\/span><\/p>\n<p><span style=\"font-weight: 400;\"><strong>03 Mecanismo de sujeci\u00f3n patentado<\/strong> \u2013 Con mordazas guiadas por ra\u00edles y presi\u00f3n neum\u00e1tica \u2013 Sujeci\u00f3n segura y antideslizante de los v\u00e1stagos \u2013 Una versi\u00f3n para todos los tama\u00f1os \u2013 Duraci\u00f3n extrema\u00a0<\/span><\/p>\n<p><span style=\"font-weight: 400;\"><strong>04 Econom\u00eda y ecolog\u00eda<\/strong> \u2013 Reducido consumo de aire comprimido gracias a la funci\u00f3n dual: colocaci\u00f3n del remache y expulsi\u00f3n del v\u00e1stago residual \u2013 M\u00e1xima rentabilidad y m\u00ednima contaminaci\u00f3n medioambiental \u2013 Aspiraci\u00f3n controlada f\u00e1cilmente mediante interruptor deslizante y enclavable\u00a0<\/span><\/p>\n<p><span style=\"font-weight: 400;\"><strong>05 Confort en el trabajo y seguridad<\/strong> \u2013 Mango engomado y ergon\u00f3mico \u2013 Ubicaci\u00f3n equilibrada del centro de gravedad \u2013 Reducci\u00f3n de las vibraciones y amortiguaci\u00f3n del ruido \u2013 Dep\u00f3sito colector de v\u00e1stagos con deflector pivotante del aire \u2013 V\u00e1lvula de sobrepresi\u00f3n para evitar sobrecargas \u2013 M\u00ednimo retroceso \u2013 Sin expulsi\u00f3n de los v\u00e1stagos con el colector retirado.<\/span><\/p>\n<p><strong><br \/>\nESPECIFICACIONES T\u00c9CNICAS<\/strong><span style=\"font-weight: 400;\"><br \/>\n<\/span><\/p>\n<ul>\n<li style=\"font-weight: 400;\" aria-level=\"1\"><span style=\"font-weight: 400;\">Peso: 1,30 kg<\/span><\/li>\n<li style=\"font-weight: 400;\" aria-level=\"1\"><span style=\"font-weight: 400;\">Campo de aplicaci\u00f3n: Remaches desde 2.4 hasta 3.2 mm \u00d8 y hasta 4 mm \u00d8 alu\/acero\u00a0<\/span><\/li>\n<li style=\"font-weight: 400;\" aria-level=\"1\"><span style=\"font-weight: 400;\">Campo de aplicaci\u00f3n alu: 4 mm<\/span><\/li>\n<li style=\"font-weight: 400;\" aria-level=\"1\"><span style=\"font-weight: 400;\">Campo de aplicaci\u00f3n acero: 3,2 mm<\/span><\/li>\n<li style=\"font-weight: 400;\" aria-level=\"1\"><span style=\"font-weight: 400;\">Consumo de aire: 1 Litro<\/span><\/li>\n<li style=\"font-weight: 400;\" aria-level=\"1\"><span style=\"font-weight: 400;\">Conexi\u00f3n de aire: 6 mm<\/span><\/li>\n<li style=\"font-weight: 400;\" aria-level=\"1\"><span style=\"font-weight: 400;\">Fuerza de tracci\u00f3n: 5500 N<\/span><\/li>\n<li style=\"font-weight: 400;\" aria-level=\"1\"><span style=\"font-weight: 400;\">Carrera del aparato: 15 mm<\/span><\/li>\n<li style=\"font-weight: 400;\" aria-level=\"1\"><span style=\"font-weight: 400;\">Modo operativo: Neum\u00e1tica<\/span><\/li>\n<li style=\"font-weight: 400;\" aria-level=\"1\"><span style=\"font-weight: 400;\">Tipo de producto: TAURUS\u00ae<\/span><\/li>\n<li style=\"font-weight: 400;\" aria-level=\"1\"><span style=\"font-weight: 400;\">Presi\u00f3n operativa (min): 5 bar<\/span><\/li>\n<li style=\"font-weight: 400;\" aria-level=\"1\"><span style=\"font-weight: 400;\">Presi\u00f3n operativa (max): 7 bar<\/span><\/li>\n<\/ul>\n","protected":false},"excerpt":{"rendered":"<p><span style=\"font-weight: 400;\">El principio modular subyacente en nuestras pistolas de remachado serie TAURUS\u00ae facilita un n\u00famero casi infinito de posibilidades para proyectos de remachado. Con un consumo de aire comprimido excepcionalmente bajo, la serie TAURUS\u00ae resulta muy ergon\u00f3mica y f\u00e1cil de usar, lo que garantiza que el trabajo se lleve a cabo con rapidez y potencia.<\/span><\/p>\n<p><span style=\"font-weight: 400;\">\u00bfTrabaja en proyectos extremadamente complejos que requieren soluciones especiales? Estaremos encantados de aconsejarle sobre las opciones de personalizaci\u00f3n de las diversas variantes TAURUS\u00ae para su aplicaci\u00f3n espec\u00edfica.<\/span><\/p>\n<p><span style=\"font-weight: 400;\">Nuestro equipo t\u00e9cnico de ventas siempre est\u00e1 disponible para ofrecerle asesoramiento personalizado, resolver las dudas que pueda tener y facilitarle informaci\u00f3n sobre precios.<\/span><\/p>\n","protected":false},"featured_media":3026,"template":"","meta":[],"yoast_head":"<!-- This site is optimized with the Yoast SEO plugin v15.6.2 - https:\/\/yoast.com\/wordpress\/plugins\/seo\/ -->\n<title>Taurus 1 - DCAR - Bauer Kompressoren &amp; Ingersoll Rand<\/title>\n<meta name=\"description\" content=\"Con un consumo de aire comprimido excepcionalmente bajo, la serie TAURUS\u00ae es muy ergon\u00f3mica y f\u00e1cil de usar.\" \/>\n<meta name=\"robots\" content=\"index, follow, max-snippet:-1, max-image-preview:large, max-video-preview:-1\" \/>\n<link rel=\"canonical\" href=\"https:\/\/dc-ar.com.br\/es\/store\/gesipa\/remachadoras-pop-neumaticas\/taurus-1\/\" \/>\n<meta property=\"og:locale\" content=\"es_ES\" \/>\n<meta property=\"og:type\" content=\"article\" \/>\n<meta property=\"og:title\" content=\"Taurus 1 - DCAR - Bauer Kompressoren &amp; Ingersoll Rand\" \/>\n<meta property=\"og:description\" content=\"Con un consumo de aire comprimido excepcionalmente bajo, la serie TAURUS\u00ae es muy ergon\u00f3mica y f\u00e1cil de usar.\" \/>\n<meta property=\"og:url\" content=\"https:\/\/dc-ar.com.br\/es\/store\/gesipa\/remachadoras-pop-neumaticas\/taurus-1\/\" \/>\n<meta property=\"og:site_name\" content=\"DCAR - Bauer Kompressoren &amp; Ingersoll Rand\" \/>\n<meta property=\"article:modified_time\" content=\"2024-07-31T22:39:08+00:00\" \/>\n<meta property=\"og:image\" content=\"https:\/\/dc-ar.com.br\/es\/wp-content\/uploads\/2024\/07\/taurus1-1.jpg\" \/>\n\t<meta property=\"og:image:width\" content=\"500\" \/>\n\t<meta property=\"og:image:height\" content=\"500\" \/>\n<meta name=\"twitter:card\" content=\"summary_large_image\" \/>\n<meta name=\"twitter:label1\" content=\"Tiempo de lectura\">\n\t<meta name=\"twitter:data1\" content=\"2 minutos\">\n<script type=\"application\/ld+json\" class=\"yoast-schema-graph\">{\"@context\":\"https:\/\/schema.org\",\"@graph\":[{\"@type\":\"WebSite\",\"@id\":\"https:\/\/dc-ar.com.br\/es\/#website\",\"url\":\"https:\/\/dc-ar.com.br\/es\/\",\"name\":\"DCAR - Bauer Kompressoren &amp; Ingersoll Rand\",\"description\":\"\",\"potentialAction\":[{\"@type\":\"SearchAction\",\"target\":\"https:\/\/dc-ar.com.br\/es\/?s={search_term_string}\",\"query-input\":\"required name=search_term_string\"}],\"inLanguage\":\"es\"},{\"@type\":\"ImageObject\",\"@id\":\"https:\/\/dc-ar.com.br\/es\/store\/gesipa\/remachadoras-pop-neumaticas\/taurus-1\/#primaryimage\",\"inLanguage\":\"es\",\"url\":\"https:\/\/dc-ar.com.br\/es\/wp-content\/uploads\/2024\/07\/taurus1-1.jpg\",\"width\":500,\"height\":500},{\"@type\":\"WebPage\",\"@id\":\"https:\/\/dc-ar.com.br\/es\/store\/gesipa\/remachadoras-pop-neumaticas\/taurus-1\/#webpage\",\"url\":\"https:\/\/dc-ar.com.br\/es\/store\/gesipa\/remachadoras-pop-neumaticas\/taurus-1\/\",\"name\":\"Taurus 1 - DCAR - Bauer Kompressoren &amp; Ingersoll Rand\",\"isPartOf\":{\"@id\":\"https:\/\/dc-ar.com.br\/es\/#website\"},\"primaryImageOfPage\":{\"@id\":\"https:\/\/dc-ar.com.br\/es\/store\/gesipa\/remachadoras-pop-neumaticas\/taurus-1\/#primaryimage\"},\"datePublished\":\"2024-07-31T18:23:06+00:00\",\"dateModified\":\"2024-07-31T22:39:08+00:00\",\"description\":\"Con un consumo de aire comprimido excepcionalmente bajo, la serie TAURUS\\u00ae es muy ergon\\u00f3mica y f\\u00e1cil de usar.\",\"inLanguage\":\"es\",\"potentialAction\":[{\"@type\":\"ReadAction\",\"target\":[\"https:\/\/dc-ar.com.br\/es\/store\/gesipa\/remachadoras-pop-neumaticas\/taurus-1\/\"]}]}]}<\/script>\n<!-- \/ Yoast SEO plugin. -->","_links":{"self":[{"href":"https:\/\/dc-ar.com.br\/es\/wp-json\/wp\/v2\/product\/2998"}],"collection":[{"href":"https:\/\/dc-ar.com.br\/es\/wp-json\/wp\/v2\/product"}],"about":[{"href":"https:\/\/dc-ar.com.br\/es\/wp-json\/wp\/v2\/types\/product"}],"wp:featuredmedia":[{"embeddable":true,"href":"https:\/\/dc-ar.com.br\/es\/wp-json\/wp\/v2\/media\/3026"}],"wp:attachment":[{"href":"https:\/\/dc-ar.com.br\/es\/wp-json\/wp\/v2\/media?parent=2998"}],"curies":[{"name":"wp","href":"https:\/\/api.w.org\/{rel}","templated":true}]}}