{"id":2996,"date":"2024-07-31T15:23:05","date_gmt":"2024-07-31T18:23:05","guid":{"rendered":"http:\/\/dc-ar.com.br\/es\/store\/sin%20categor\u00eda\/import-placeholder-for-2904\/"},"modified":"2024-07-31T19:54:19","modified_gmt":"2024-07-31T22:54:19","slug":"firefox-1","status":"publish","type":"product","link":"https:\/\/dc-ar.com.br\/es\/store\/gesipa\/remachadoras-neumaticas\/firefox-1\/","title":{"rendered":"FireFox 1"},"content":{"rendered":"<p><strong>ESPECIFICACIONES T\u00c9CNICAS<\/strong><\/p>\n<ul>\n<li style=\"font-weight: 400;\" aria-level=\"1\"><span style=\"font-weight: 400;\">Peso: 1,96 kg<\/span><\/li>\n<li style=\"font-weight: 400;\" aria-level=\"1\"><span style=\"font-weight: 400;\">Campo de aplicaci\u00f3n<\/span> <span style=\"font-weight: 400;\">Tuercas remachables desde M3 hasta M6 en todos los materiales<\/span><\/li>\n<li style=\"font-weight: 400;\" aria-level=\"1\"><span style=\"font-weight: 400;\">Campo de aplicaci\u00f3n alu: M6<\/span><\/li>\n<li style=\"font-weight: 400;\" aria-level=\"1\"><span style=\"font-weight: 400;\">Campo de aplicaci\u00f3n acero: M5<\/span><\/li>\n<li style=\"font-weight: 400;\" aria-level=\"1\"><span style=\"font-weight: 400;\">Consumo de aire: 2 Litro<\/span><\/li>\n<li style=\"font-weight: 400;\" aria-level=\"1\"><span style=\"font-weight: 400;\">Conexi\u00f3n de aire: 6 mm<\/span><\/li>\n<li style=\"font-weight: 400;\" aria-level=\"1\"><span style=\"font-weight: 400;\">Fuerza de tracci\u00f3n: 12500 N<\/span><\/li>\n<li style=\"font-weight: 400;\" aria-level=\"1\"><span style=\"font-weight: 400;\">Carrera: 7,5 mm<\/span><\/li>\n<li style=\"font-weight: 400;\" aria-level=\"1\"><span style=\"font-weight: 400;\">Modo operativo: Neum\u00e1tica<\/span><\/li>\n<li style=\"font-weight: 400;\" aria-level=\"1\"><span style=\"font-weight: 400;\">Tipo de producto: FireFox\u00ae<\/span><\/li>\n<li style=\"font-weight: 400;\" aria-level=\"1\"><span style=\"font-weight: 400;\">Presi\u00f3n operativa (min): 5 bar<\/span><\/li>\n<li style=\"font-weight: 400;\" aria-level=\"1\"><span style=\"font-weight: 400;\">Presi\u00f3n operativa (max): 7 bar<\/span><\/li>\n<\/ul>\n","protected":false},"excerpt":{"rendered":"<p><span style=\"font-weight: 400;\">En aplicaciones industriales, la forma m\u00e1s com\u00fan de colocar tuercas remachables sigue siendo el uso de remachadoras accionadas por aire comprimido, que trabajan de forma r\u00e1pida y potente. Le ofrecemos la posibilidad de elegir entre herramientas con control de fuerza y herramientas con control de recorrido. El ajuste de la fuerza de asentamiento protege el material que se va a unir y la rosca, anclando de forma segura la tuerca remachable con un gran nivel de fiabilidad del proceso.<\/span><\/p>\n<p><span style=\"font-weight: 400;\">Esta es la forma m\u00e1s sencilla de colocar tuercas remachables y hemos a\u00f1adido un c\u00f3digo de colores a nuestras herramientas FireFox\u00ae para facilitar a\u00fan m\u00e1s el ajuste.<\/span><\/p>\n<p><span style=\"font-weight: 400;\">Es m\u00e1s, la serie FireFox\u00ae ofrece la opci\u00f3n de controlar los procesos de fijaci\u00f3n sin tener que aplicar una fuerza desproporcionada. Esto ayudar\u00e1 a recortar costos y a conseguir el objetivo cero.<\/span><\/p>\n","protected":false},"featured_media":3024,"template":"","meta":[],"yoast_head":"<!-- This site is optimized with the Yoast SEO plugin v15.6.2 - https:\/\/yoast.com\/wordpress\/plugins\/seo\/ -->\n<title>FireFox 1 - DCAR - Bauer Kompressoren &amp; Ingersoll Rand<\/title>\n<meta name=\"description\" content=\"La serie FireFox\u00ae ofrece la opci\u00f3n de controlar los procesos de fijaci\u00f3n sin tener que aplicar una fuerza desproporcional y reduciendo los costes.\" \/>\n<meta name=\"robots\" content=\"index, follow, max-snippet:-1, max-image-preview:large, max-video-preview:-1\" \/>\n<link rel=\"canonical\" href=\"https:\/\/dc-ar.com.br\/es\/store\/gesipa\/remachadoras-neumaticas\/firefox-1\/\" \/>\n<meta property=\"og:locale\" content=\"es_ES\" \/>\n<meta property=\"og:type\" content=\"article\" \/>\n<meta property=\"og:title\" content=\"FireFox 1 - DCAR - Bauer Kompressoren &amp; Ingersoll Rand\" \/>\n<meta property=\"og:description\" content=\"La serie FireFox\u00ae ofrece la opci\u00f3n de controlar los procesos de fijaci\u00f3n sin tener que aplicar una fuerza desproporcional y reduciendo los costes.\" \/>\n<meta property=\"og:url\" content=\"https:\/\/dc-ar.com.br\/es\/store\/gesipa\/remachadoras-neumaticas\/firefox-1\/\" \/>\n<meta property=\"og:site_name\" content=\"DCAR - Bauer Kompressoren &amp; Ingersoll Rand\" \/>\n<meta property=\"article:modified_time\" content=\"2024-07-31T22:54:19+00:00\" \/>\n<meta property=\"og:image\" content=\"https:\/\/dc-ar.com.br\/es\/wp-content\/uploads\/2024\/07\/FireFox1-1.jpg\" \/>\n\t<meta property=\"og:image:width\" content=\"500\" \/>\n\t<meta property=\"og:image:height\" content=\"500\" \/>\n<meta name=\"twitter:card\" content=\"summary_large_image\" \/>\n<meta name=\"twitter:label1\" content=\"Tiempo de lectura\">\n\t<meta name=\"twitter:data1\" content=\"1 minuto\">\n<script type=\"application\/ld+json\" class=\"yoast-schema-graph\">{\"@context\":\"https:\/\/schema.org\",\"@graph\":[{\"@type\":\"WebSite\",\"@id\":\"https:\/\/dc-ar.com.br\/es\/#website\",\"url\":\"https:\/\/dc-ar.com.br\/es\/\",\"name\":\"DCAR - Bauer Kompressoren &amp; Ingersoll Rand\",\"description\":\"\",\"potentialAction\":[{\"@type\":\"SearchAction\",\"target\":\"https:\/\/dc-ar.com.br\/es\/?s={search_term_string}\",\"query-input\":\"required name=search_term_string\"}],\"inLanguage\":\"es\"},{\"@type\":\"ImageObject\",\"@id\":\"https:\/\/dc-ar.com.br\/es\/store\/gesipa\/remachadoras-neumaticas\/firefox-1\/#primaryimage\",\"inLanguage\":\"es\",\"url\":\"https:\/\/dc-ar.com.br\/es\/wp-content\/uploads\/2024\/07\/FireFox1-1.jpg\",\"width\":500,\"height\":500},{\"@type\":\"WebPage\",\"@id\":\"https:\/\/dc-ar.com.br\/es\/store\/gesipa\/remachadoras-neumaticas\/firefox-1\/#webpage\",\"url\":\"https:\/\/dc-ar.com.br\/es\/store\/gesipa\/remachadoras-neumaticas\/firefox-1\/\",\"name\":\"FireFox 1 - DCAR - Bauer Kompressoren &amp; Ingersoll Rand\",\"isPartOf\":{\"@id\":\"https:\/\/dc-ar.com.br\/es\/#website\"},\"primaryImageOfPage\":{\"@id\":\"https:\/\/dc-ar.com.br\/es\/store\/gesipa\/remachadoras-neumaticas\/firefox-1\/#primaryimage\"},\"datePublished\":\"2024-07-31T18:23:05+00:00\",\"dateModified\":\"2024-07-31T22:54:19+00:00\",\"description\":\"La serie FireFox\\u00ae ofrece la opci\\u00f3n de controlar los procesos de fijaci\\u00f3n sin tener que aplicar una fuerza desproporcional y reduciendo los costes.\",\"inLanguage\":\"es\",\"potentialAction\":[{\"@type\":\"ReadAction\",\"target\":[\"https:\/\/dc-ar.com.br\/es\/store\/gesipa\/remachadoras-neumaticas\/firefox-1\/\"]}]}]}<\/script>\n<!-- \/ Yoast SEO plugin. -->","_links":{"self":[{"href":"https:\/\/dc-ar.com.br\/es\/wp-json\/wp\/v2\/product\/2996"}],"collection":[{"href":"https:\/\/dc-ar.com.br\/es\/wp-json\/wp\/v2\/product"}],"about":[{"href":"https:\/\/dc-ar.com.br\/es\/wp-json\/wp\/v2\/types\/product"}],"wp:featuredmedia":[{"embeddable":true,"href":"https:\/\/dc-ar.com.br\/es\/wp-json\/wp\/v2\/media\/3024"}],"wp:attachment":[{"href":"https:\/\/dc-ar.com.br\/es\/wp-json\/wp\/v2\/media?parent=2996"}],"curies":[{"name":"wp","href":"https:\/\/api.w.org\/{rel}","templated":true}]}}