{"id":2995,"date":"2024-07-31T15:23:03","date_gmt":"2024-07-31T18:23:03","guid":{"rendered":"http:\/\/dc-ar.com.br\/es\/store\/sin%20categor\u00eda\/import-placeholder-for-2893\/"},"modified":"2024-07-31T20:00:14","modified_gmt":"2024-07-31T23:00:14","slug":"gav-8000-eco-electronic","status":"publish","type":"product","link":"https:\/\/dc-ar.com.br\/es\/store\/gesipa\/remachadoras-automaticas\/gav-8000-eco-electronic\/","title":{"rendered":"GAV 8000 ECO\/ELECTRONIC"},"content":{"rendered":"<p><strong>CAPACIDAD DE TRABAJO<\/strong><\/p>\n<ul>\n<li style=\"font-weight: 400;\" aria-level=\"1\"><span style=\"font-weight: 400;\">\u00d8 2,4 mm a 6,4 mm en el caso del aluminio y el cobre<\/span><\/li>\n<li style=\"font-weight: 400;\" aria-level=\"1\"><span style=\"font-weight: 400;\">Hasta \u00d8 6 mm en el caso del acero<\/span><\/li>\n<li style=\"font-weight: 400;\" aria-level=\"1\"><span style=\"font-weight: 400;\">Hasta \u00d8 5 mm en el caso de acero inoxidable<\/span><\/li>\n<li style=\"font-weight: 400;\" aria-level=\"1\"><span style=\"font-weight: 400;\">Di\u00e1metro m\u00e1ximo de la cabeza 11,4 mm<\/span><\/li>\n<li style=\"font-weight: 400;\" aria-level=\"1\"><span style=\"font-weight: 400;\">Longitud del cuerpo del remache superior a 30 mm<\/span><\/li>\n<li style=\"font-weight: 400;\" aria-level=\"1\"><span style=\"font-weight: 400;\">Fuerza de asentamiento m\u00e1xima de 12.000 N con presi\u00f3n de aire de 6 bar<\/span><\/li>\n<\/ul>\n<p><strong><br \/>\nCOMPARACI\u00d3N GAV 8000 ECO\/ELECTRONIC<\/strong><\/p>\n<p><img style=\"max-width: 100%;\" src=\"http:\/\/dc-ar.com.br\/es\/wp-content\/uploads\/2024\/07\/GAV-8000-comparacao.png\" alt=\"\" \/><\/p>\n<p><span style=\"font-weight: 400;\">La remachadora GAV 8000 electronic dispone del sistema de control del proceso de remachado. La combinaci\u00f3n de la funci\u00f3n documentada del remache, unida al control del proceso de la aplicaci\u00f3n de la<\/span><\/p>\n<p><span style=\"font-weight: 400;\">GAV 8000 electronic, garantiza la fiabilidad a medida que se llevan a cabo las uniones. El sistema de gesti\u00f3n de calidad integral de GESIPA\u00ae asegura la precisi\u00f3n desde las primeras fases de la producci\u00f3n hasta el momento en que se procesa el remache ciego.<\/span><\/p>\n<p><strong><br \/>\nREMACHADO AUTOMATICO GAV<\/strong><\/p>\n<p><span style=\"font-weight: 400;\">Todas las remachadoras que fabricamos en GESIPA\u00ae resultan perfectamente adecuadas para la producci\u00f3n en serie en centros industriales. La configuraci\u00f3n individual implica que Ias GAV pueden ser controladas por un operario o instalarse como parte de una aplicaci\u00f3n robotizada. Incluso la instalaci\u00f3n en un sistema no causa ning\u00fan problema y existe la posibilidad de actualizarla. Nuestras remachadoras pueden adaptarse de acuerdo con sus necesidades espec\u00edficas y nuestra cartera de productos abarca un amplio espectro de tareas de procesamiento. No dude en ponerse contacto. \u00a1Estaremos encantados de ayudarle con sus proyectos!<\/span><\/p>\n<p><strong><br \/>\nPRINCIPIO MODULAR PR\u00c1CTICO<\/strong><\/p>\n<p><span style=\"font-weight: 400;\">Disponemos de una amplia gama de accesorios para GAV, lo que facilita la opci\u00f3n de crear variantes diferentes. Adaptando las soluciones de acuerdo con sus necesidades espec\u00edficas, es posible incrementar la rentabilidad. Si necesita cambiar la aplicaci\u00f3n, es posible ajustar GAV correspondientemente de forma r\u00e1pida y sencilla.<\/span><\/p>\n<p><strong><br \/>\nUSO INDUSTRIAL EN APLICACIONES ROBOTIZADAS<\/strong><\/p>\n<p><span style=\"font-weight: 400;\">Todos los modelos GAV pueden integrarse en sistemas robotizados y los robots industriales se utilizan en casi la totalidad de los sectores de la industria manufacturera. Pueden programarse para todo tipo de secuencias de movimiento, lo que permite utilizarlos con gran eficacia junto con la tecnolog\u00eda de remachado de GESIPA\u00ae. Con procesos controlados, r\u00e1pidos y fiables, el uso de una GAV totalmente autom\u00e1tica combinada con un sistema lineal o un robot de m\u00faltiples ejes ofrece diversas ventajas:<\/span><\/p>\n<ul>\n<li style=\"font-weight: 400;\" aria-level=\"1\"><span style=\"font-weight: 400;\">M\u00e1xima precisi\u00f3n<\/span><\/li>\n<li style=\"font-weight: 400;\" aria-level=\"1\"><span style=\"font-weight: 400;\">Excelente rentabilidad<\/span><\/li>\n<li style=\"font-weight: 400;\" aria-level=\"1\"><span style=\"font-weight: 400;\">Tiempos de un ciclo cortos<\/span><\/li>\n<li style=\"font-weight: 400;\" aria-level=\"1\"><span style=\"font-weight: 400;\">Grado elevado de flexibilidad<\/span><\/li>\n<\/ul>\n<p><strong><br \/>\nSISTEMA DE GESTI\u00d3N DE CALIDAD<\/strong><\/p>\n<p><span style=\"font-weight: 400;\">El sistema de gesti\u00f3n de calidad de GESIPA\u00ae asegura la precisi\u00f3n desde las primeras fases de la producci\u00f3n hasta el momento en que se procesa el remache ciego. La combinaci\u00f3n de la funci\u00f3n documentada del remache y el control del proceso de la GAV 8000 electronic garantiza la fiabilidad a medida que se llevan a cabo las uniones. El sistema de gesti\u00f3n de calidad se basa en tres puntos:<\/span><\/p>\n<ul>\n<li style=\"font-weight: 400;\" aria-level=\"1\"><span style=\"font-weight: 400;\">Evaluaci\u00f3n de medidas<\/span><\/li>\n<li style=\"font-weight: 400;\" aria-level=\"1\"><span style=\"font-weight: 400;\">Evaluaci\u00f3n de funciones<\/span><\/li>\n<li style=\"font-weight: 400;\" aria-level=\"1\"><span style=\"font-weight: 400;\">Control del proceso de remachado<\/span><\/li>\n<\/ul>\n<p><span style=\"font-weight: 400;\">Las evaluaciones de medidas y funciones se llevan a cabo en la planta de GESIPA\u00ae, mientras que el control del proceso de remachado tiene lugar en las instalaciones del cliente.<\/span><\/p>\n","protected":false},"excerpt":{"rendered":"<p><span style=\"font-weight: 400;\">Si necesita 500.000 remaches ciegos o m\u00e1s al a\u00f1o, la GAV 8000 es la opci\u00f3n m\u00e1s adecuada para usted. La cantidad de tiempo y dinero que debe invertir puede recortarse casi a la mitad en comparaci\u00f3n con las remachadoras convencionales. <\/span><\/p>\n<p><span style=\"font-weight: 400;\">Este gran potencial de ahorro viene facilitado por la combinaci\u00f3n de las muchas ventajas ofrecidas por la GAV: sobre todo, no es necesario contar con personal especializado, ya que la integraci\u00f3n en sistemas de producci\u00f3n automatizados no plantea ning\u00fan problema. A\u00fan m\u00e1s, es posible procesar hasta 40 remaches ciegos por minuto en un radio de trabajo m\u00e1ximo de 5 m.<\/span><\/p>\n","protected":false},"featured_media":3020,"template":"","meta":[],"yoast_head":"<!-- This site is optimized with the Yoast SEO plugin v15.6.2 - https:\/\/yoast.com\/wordpress\/plugins\/seo\/ -->\n<title>GAV 8000 ECO\/ELECTRONIC - DCAR - Bauer Kompressoren &amp; Ingersoll Rand<\/title>\n<meta name=\"description\" content=\"Si necesita 500.000 remaches ciegos o m\u00e1s al a\u00f1o, la GAV 8000 es la opci\u00f3n m\u00e1s adecuada para usted.\" \/>\n<meta name=\"robots\" content=\"index, follow, max-snippet:-1, max-image-preview:large, max-video-preview:-1\" \/>\n<link rel=\"canonical\" href=\"https:\/\/dc-ar.com.br\/es\/store\/gesipa\/remachadoras-automaticas\/gav-8000-eco-electronic\/\" \/>\n<meta property=\"og:locale\" content=\"es_ES\" \/>\n<meta property=\"og:type\" content=\"article\" \/>\n<meta property=\"og:title\" content=\"GAV 8000 ECO\/ELECTRONIC - DCAR - Bauer Kompressoren &amp; Ingersoll Rand\" \/>\n<meta property=\"og:description\" content=\"Si necesita 500.000 remaches ciegos o m\u00e1s al a\u00f1o, la GAV 8000 es la opci\u00f3n m\u00e1s adecuada para usted.\" \/>\n<meta property=\"og:url\" content=\"https:\/\/dc-ar.com.br\/es\/store\/gesipa\/remachadoras-automaticas\/gav-8000-eco-electronic\/\" \/>\n<meta property=\"og:site_name\" content=\"DCAR - Bauer Kompressoren &amp; Ingersoll Rand\" \/>\n<meta property=\"article:modified_time\" content=\"2024-07-31T23:00:14+00:00\" \/>\n<meta property=\"og:image\" content=\"https:\/\/dc-ar.com.br\/es\/wp-content\/uploads\/2024\/07\/gav8000a-1.jpg\" \/>\n\t<meta property=\"og:image:width\" content=\"500\" \/>\n\t<meta property=\"og:image:height\" content=\"500\" \/>\n<meta name=\"twitter:card\" content=\"summary_large_image\" \/>\n<meta name=\"twitter:label1\" content=\"Tiempo de lectura\">\n\t<meta name=\"twitter:data1\" content=\"3 minutos\">\n<script type=\"application\/ld+json\" class=\"yoast-schema-graph\">{\"@context\":\"https:\/\/schema.org\",\"@graph\":[{\"@type\":\"WebSite\",\"@id\":\"https:\/\/dc-ar.com.br\/es\/#website\",\"url\":\"https:\/\/dc-ar.com.br\/es\/\",\"name\":\"DCAR - Bauer Kompressoren &amp; Ingersoll Rand\",\"description\":\"\",\"potentialAction\":[{\"@type\":\"SearchAction\",\"target\":\"https:\/\/dc-ar.com.br\/es\/?s={search_term_string}\",\"query-input\":\"required name=search_term_string\"}],\"inLanguage\":\"es\"},{\"@type\":\"ImageObject\",\"@id\":\"https:\/\/dc-ar.com.br\/es\/store\/gesipa\/remachadoras-automaticas\/gav-8000-eco-electronic\/#primaryimage\",\"inLanguage\":\"es\",\"url\":\"https:\/\/dc-ar.com.br\/es\/wp-content\/uploads\/2024\/07\/gav8000a-1.jpg\",\"width\":500,\"height\":500},{\"@type\":\"WebPage\",\"@id\":\"https:\/\/dc-ar.com.br\/es\/store\/gesipa\/remachadoras-automaticas\/gav-8000-eco-electronic\/#webpage\",\"url\":\"https:\/\/dc-ar.com.br\/es\/store\/gesipa\/remachadoras-automaticas\/gav-8000-eco-electronic\/\",\"name\":\"GAV 8000 ECO\/ELECTRONIC - DCAR - Bauer Kompressoren &amp; Ingersoll Rand\",\"isPartOf\":{\"@id\":\"https:\/\/dc-ar.com.br\/es\/#website\"},\"primaryImageOfPage\":{\"@id\":\"https:\/\/dc-ar.com.br\/es\/store\/gesipa\/remachadoras-automaticas\/gav-8000-eco-electronic\/#primaryimage\"},\"datePublished\":\"2024-07-31T18:23:03+00:00\",\"dateModified\":\"2024-07-31T23:00:14+00:00\",\"description\":\"Si necesita 500.000 remaches ciegos o m\\u00e1s al a\\u00f1o, la GAV 8000 es la opci\\u00f3n m\\u00e1s adecuada para usted.\",\"inLanguage\":\"es\",\"potentialAction\":[{\"@type\":\"ReadAction\",\"target\":[\"https:\/\/dc-ar.com.br\/es\/store\/gesipa\/remachadoras-automaticas\/gav-8000-eco-electronic\/\"]}]}]}<\/script>\n<!-- \/ Yoast SEO plugin. -->","_links":{"self":[{"href":"https:\/\/dc-ar.com.br\/es\/wp-json\/wp\/v2\/product\/2995"}],"collection":[{"href":"https:\/\/dc-ar.com.br\/es\/wp-json\/wp\/v2\/product"}],"about":[{"href":"https:\/\/dc-ar.com.br\/es\/wp-json\/wp\/v2\/types\/product"}],"wp:featuredmedia":[{"embeddable":true,"href":"https:\/\/dc-ar.com.br\/es\/wp-json\/wp\/v2\/media\/3020"}],"wp:attachment":[{"href":"https:\/\/dc-ar.com.br\/es\/wp-json\/wp\/v2\/media?parent=2995"}],"curies":[{"name":"wp","href":"https:\/\/api.w.org\/{rel}","templated":true}]}}