{"id":2992,"date":"2024-07-31T15:22:58","date_gmt":"2024-07-31T18:22:58","guid":{"rendered":"http:\/\/dc-ar.com.br\/es\/store\/sin%20categor\u00eda\/import-placeholder-for-2872\/"},"modified":"2024-07-31T20:15:26","modified_gmt":"2024-07-31T23:15:26","slug":"powerbird-pro","status":"publish","type":"product","link":"https:\/\/dc-ar.com.br\/es\/store\/gesipa\/remachadoras-a-bateria\/powerbird-pro\/","title":{"rendered":"PowerBird Pro"},"content":{"rendered":"","protected":false},"excerpt":{"rendered":"<p><span style=\"font-weight: 400;\">En realidad, no es necesario que especifiquemos las ventajas de una remachadora a bater\u00eda. La ausencia de cables y mangueras incrementa la rapidez y la flexibilidad en las aplicaciones tanto de obra como de producci\u00f3n industrial. Y eso sin mencionar que las rayaduras en superficies de gran calidad son cosa del pasado. Con la generaci\u00f3n Bird Pro m\u00e1s moderna, tiene a su disposici\u00f3n una serie de herramientas que satisfacen todas sus necesidades de velocidad y potencia.<\/span><\/p>\n<p><span style=\"font-weight: 400;\">La nueva serie Bird Pro\u00ae est\u00e1 equipada con un motor BLDC sin escobillas y de sus ventajas podemos mencionar, entre otras, un alto grado de eficiencia, una vida \u00fatil m\u00e1s prolongada, una marcha especialmente tranquila con bolas de precisi\u00f3n y una reducci\u00f3n en la emisi\u00f3n de interferencias el\u00e9ctricas.<\/span><\/p>\n","protected":false},"featured_media":3017,"template":"","meta":[],"yoast_head":"<!-- This site is optimized with the Yoast SEO plugin v15.6.2 - https:\/\/yoast.com\/wordpress\/plugins\/seo\/ -->\n<title>PowerBird Pro - DCAR - Bauer Kompressoren &amp; Ingersoll Rand<\/title>\n<meta name=\"description\" content=\"La nueva serie Bird Pro\u00ae est\u00e1 equipada con un motor BLDC sin escobillas y de sus ventajas podemos mencionar, entre otras, un alto grado de eficiencia.\" \/>\n<meta name=\"robots\" content=\"index, follow, max-snippet:-1, max-image-preview:large, max-video-preview:-1\" \/>\n<link rel=\"canonical\" href=\"https:\/\/dc-ar.com.br\/es\/store\/gesipa\/remachadoras-a-bateria\/powerbird-pro\/\" \/>\n<meta property=\"og:locale\" content=\"es_ES\" \/>\n<meta property=\"og:type\" content=\"article\" \/>\n<meta property=\"og:title\" content=\"PowerBird Pro - DCAR - Bauer Kompressoren &amp; Ingersoll Rand\" \/>\n<meta property=\"og:description\" content=\"La nueva serie Bird Pro\u00ae est\u00e1 equipada con un motor BLDC sin escobillas y de sus ventajas podemos mencionar, entre otras, un alto grado de eficiencia.\" \/>\n<meta property=\"og:url\" content=\"https:\/\/dc-ar.com.br\/es\/store\/gesipa\/remachadoras-a-bateria\/powerbird-pro\/\" \/>\n<meta property=\"og:site_name\" content=\"DCAR - Bauer Kompressoren &amp; Ingersoll Rand\" \/>\n<meta property=\"article:modified_time\" content=\"2024-07-31T23:15:26+00:00\" \/>\n<meta property=\"og:image\" content=\"https:\/\/dc-ar.com.br\/es\/wp-content\/uploads\/2024\/07\/PowerBirdPro-1.jpg\" \/>\n\t<meta property=\"og:image:width\" content=\"500\" \/>\n\t<meta property=\"og:image:height\" content=\"500\" \/>\n<meta name=\"twitter:card\" content=\"summary_large_image\" \/>\n<script type=\"application\/ld+json\" class=\"yoast-schema-graph\">{\"@context\":\"https:\/\/schema.org\",\"@graph\":[{\"@type\":\"WebSite\",\"@id\":\"https:\/\/dc-ar.com.br\/es\/#website\",\"url\":\"https:\/\/dc-ar.com.br\/es\/\",\"name\":\"DCAR - Bauer Kompressoren &amp; Ingersoll Rand\",\"description\":\"\",\"potentialAction\":[{\"@type\":\"SearchAction\",\"target\":\"https:\/\/dc-ar.com.br\/es\/?s={search_term_string}\",\"query-input\":\"required name=search_term_string\"}],\"inLanguage\":\"es\"},{\"@type\":\"ImageObject\",\"@id\":\"https:\/\/dc-ar.com.br\/es\/store\/gesipa\/remachadoras-a-bateria\/powerbird-pro\/#primaryimage\",\"inLanguage\":\"es\",\"url\":\"https:\/\/dc-ar.com.br\/es\/wp-content\/uploads\/2024\/07\/PowerBirdPro-1.jpg\",\"width\":500,\"height\":500},{\"@type\":\"WebPage\",\"@id\":\"https:\/\/dc-ar.com.br\/es\/store\/gesipa\/remachadoras-a-bateria\/powerbird-pro\/#webpage\",\"url\":\"https:\/\/dc-ar.com.br\/es\/store\/gesipa\/remachadoras-a-bateria\/powerbird-pro\/\",\"name\":\"PowerBird Pro - DCAR - Bauer Kompressoren &amp; Ingersoll Rand\",\"isPartOf\":{\"@id\":\"https:\/\/dc-ar.com.br\/es\/#website\"},\"primaryImageOfPage\":{\"@id\":\"https:\/\/dc-ar.com.br\/es\/store\/gesipa\/remachadoras-a-bateria\/powerbird-pro\/#primaryimage\"},\"datePublished\":\"2024-07-31T18:22:58+00:00\",\"dateModified\":\"2024-07-31T23:15:26+00:00\",\"description\":\"La nueva serie Bird Pro\\u00ae est\\u00e1 equipada con un motor BLDC sin escobillas y de sus ventajas podemos mencionar, entre otras, un alto grado de eficiencia.\",\"inLanguage\":\"es\",\"potentialAction\":[{\"@type\":\"ReadAction\",\"target\":[\"https:\/\/dc-ar.com.br\/es\/store\/gesipa\/remachadoras-a-bateria\/powerbird-pro\/\"]}]}]}<\/script>\n<!-- \/ Yoast SEO plugin. -->","_links":{"self":[{"href":"https:\/\/dc-ar.com.br\/es\/wp-json\/wp\/v2\/product\/2992"}],"collection":[{"href":"https:\/\/dc-ar.com.br\/es\/wp-json\/wp\/v2\/product"}],"about":[{"href":"https:\/\/dc-ar.com.br\/es\/wp-json\/wp\/v2\/types\/product"}],"wp:featuredmedia":[{"embeddable":true,"href":"https:\/\/dc-ar.com.br\/es\/wp-json\/wp\/v2\/media\/3017"}],"wp:attachment":[{"href":"https:\/\/dc-ar.com.br\/es\/wp-json\/wp\/v2\/media?parent=2992"}],"curies":[{"name":"wp","href":"https:\/\/api.w.org\/{rel}","templated":true}]}}