{"id":2394,"date":"2021-01-13T00:26:57","date_gmt":"2021-01-13T02:26:57","guid":{"rendered":"http:\/\/dc-ar.com.br\/es\/?post_type=product&#038;p=2394"},"modified":"2021-08-28T13:36:17","modified_gmt":"2021-08-28T16:36:17","slug":"bombas-de-la-serie-fda","status":"publish","type":"product","link":"https:\/\/dc-ar.com.br\/es\/store\/aro\/bombas-a-diafragma\/bombas-de-la-serie-fda\/","title":{"rendered":"Bombas de la serie FDA"},"content":{"rendered":"<p><strong>DISE\u00d1O DE LA BOMBA DE LA SERIE EXPERT (EXP)<\/strong><\/p>\n<ul>\n<li style=\"font-weight: 400;\" aria-level=\"1\">Coste total de propiedad l\u00edder en el sector, mejores caudales y mayor fiabilidad.<\/li>\n<li style=\"font-weight: 400;\" aria-level=\"1\">Como ampliaci\u00f3n de la serie EXP de bombas de doble membrana, ARO\u00ae ofrece ahora a los responsables de planta y a los ingenieros de mantenimiento una opci\u00f3n fiable para aplicaciones sanitarias.<\/li>\n<\/ul>\n<p>&nbsp;<\/p>\n<p><strong>DISE\u00d1O DE PINZA COMPRIMIDA<\/strong><\/p>\n<ul>\n<li style=\"font-weight: 400;\" aria-level=\"1\">Limpieza, servicio y mantenimiento r\u00e1pidos.<\/li>\n<li style=\"font-weight: 400;\" aria-level=\"1\">El dise\u00f1o de desmontaje instant\u00e1neo (QKD) facilita el r\u00e1pido desmontaje (y remontaje) de los componentes para su inspecci\u00f3n y mantenimiento in situ o fuera de las instalaciones, y su puesta en servicio.<\/li>\n<\/ul>\n<p>&nbsp;<\/p>\n<p><strong>FLUJO OPTIMIZADO<\/strong><\/p>\n<ul>\n<li style=\"font-weight: 400;\" aria-level=\"1\">Disponible en (2) tama\u00f1os, 1&#8243; y 2&#8243;.\n<ul>\n<li style=\"font-weight: 400;\" aria-level=\"2\"><span style=\"font-weight: 400;\"> Caudal m\u00e1ximo disponible de 1 \u2033: 54 gpm (204,4 lpm).<\/span><\/li>\n<li style=\"font-weight: 400;\" aria-level=\"2\">Caudal m\u00e1ximo disponible de 2 \u2033: 192,7 gpm (729,4 lpm).<\/li>\n<\/ul>\n<\/li>\n<li style=\"font-weight: 400;\" aria-level=\"1\">Mejor rendimiento general, menos abuso de material.<\/li>\n<li style=\"font-weight: 400;\" aria-level=\"1\">La serie ARO EXP ofrece un rendimiento de flujo de dise\u00f1o entre un 20 y un 30% mejor que el de los competidores y garantiza una transferencia de fluidos sin da\u00f1os.<\/li>\n<\/ul>\n<p>&nbsp;<\/p>\n<p><strong>CUMPLE CON LOS MATERIALES DE CONSTRUCCI\u00d3N DE LA FDA<\/strong><\/p>\n<ul>\n<li style=\"font-weight: 400;\" aria-level=\"1\">Se ajusta a los materiales de la FDA para los componentes h\u00famedos y no h\u00famedos, lo que ayuda a garantizar la pureza del producto.<\/li>\n<li style=\"font-weight: 400;\" aria-level=\"1\">El material de las partes h\u00famedas electropulido 316L garantiza la pureza del producto y su f\u00e1cil limpieza.<\/li>\n<li style=\"font-weight: 400;\" aria-level=\"1\">Los diafragmas y las bolas que cumplen con la FDA est\u00e1n disponibles en Santoprene o en PTFE de grado m\u00e9dico.<\/li>\n<li style=\"font-weight: 400;\" aria-level=\"1\">La exclusiva v\u00e1lvula de bola de 316L (opcional) permite el funcionamiento a alta temperatura y un mejor rendimiento con materiales viscosos.<\/li>\n<\/ul>\n<p>&nbsp;<\/p>\n<p><strong>Mercados y aplicaciones<\/strong><\/p>\n<p>Las bombas de ARO que cumplen con la FDA son la soluci\u00f3n fiable y eficiente para aplicaciones de transferencia y distribuci\u00f3n de gran volumen.<\/p>\n<ul>\n<li>Alimentos<\/li>\n<li>Beber<\/li>\n<li>Cosm\u00e9ticos<\/li>\n<li>Farmac\u00e9utica<\/li>\n<\/ul>\n","protected":false},"excerpt":{"rendered":"<p>Nuestra nueva gama de bombas SD cuenta con el sistema de abrazadera de compresi\u00f3n de desmontaje instant\u00e1neo (QKD) para facilitar la limpieza, el servicio y el mantenimiento, lo que se traduce en fiabilidad y larga vida \u00fatil del producto.<\/p>\n<p>Las bombas ARO\u00ae que cumplen con la FDA son la soluci\u00f3n fiable y eficiente para aplicaciones de transferencia y distribuci\u00f3n de gran volumen.<\/p>\n<p>La gama de bombas de diafragma SD es una gran opci\u00f3n en las industrias de alimentaci\u00f3n y bebidas, cosm\u00e9tica y farmac\u00e9utica, entre otras.<\/p>\n","protected":false},"featured_media":2395,"template":"","meta":[],"yoast_head":"<!-- This site is optimized with the Yoast SEO plugin v15.6.2 - https:\/\/yoast.com\/wordpress\/plugins\/seo\/ -->\n<title>Bombas de la serie FDA - DCAR - Bauer Kompressoren &amp; Ingersoll Rand<\/title>\n<meta name=\"description\" content=\"La gama de bombas de diafragma SD es una gran opci\u00f3n en las industrias de alimentaci\u00f3n y bebidas, cosm\u00e9tica y farmac\u00e9utica, entre otras.\" \/>\n<meta name=\"robots\" content=\"index, follow, max-snippet:-1, max-image-preview:large, max-video-preview:-1\" \/>\n<link rel=\"canonical\" href=\"https:\/\/dc-ar.com.br\/es\/store\/aro\/bombas-a-diafragma\/bombas-de-la-serie-fda\/\" \/>\n<meta property=\"og:locale\" content=\"es_ES\" \/>\n<meta property=\"og:type\" content=\"article\" \/>\n<meta property=\"og:title\" content=\"Bombas de la serie FDA - DCAR - Bauer Kompressoren &amp; Ingersoll Rand\" \/>\n<meta property=\"og:description\" content=\"La gama de bombas de diafragma SD es una gran opci\u00f3n en las industrias de alimentaci\u00f3n y bebidas, cosm\u00e9tica y farmac\u00e9utica, entre otras.\" \/>\n<meta property=\"og:url\" content=\"https:\/\/dc-ar.com.br\/es\/store\/aro\/bombas-a-diafragma\/bombas-de-la-serie-fda\/\" \/>\n<meta property=\"og:site_name\" content=\"DCAR - Bauer Kompressoren &amp; Ingersoll Rand\" \/>\n<meta property=\"article:modified_time\" content=\"2021-08-28T16:36:17+00:00\" \/>\n<meta property=\"og:image\" content=\"https:\/\/dc-ar.com.br\/es\/wp-content\/uploads\/2021\/01\/aro-FDA.jpg\" \/>\n\t<meta property=\"og:image:width\" content=\"500\" \/>\n\t<meta property=\"og:image:height\" content=\"500\" \/>\n<meta name=\"twitter:card\" content=\"summary_large_image\" \/>\n<meta name=\"twitter:label1\" content=\"Tiempo de lectura\">\n\t<meta name=\"twitter:data1\" content=\"2 minutos\">\n<script type=\"application\/ld+json\" class=\"yoast-schema-graph\">{\"@context\":\"https:\/\/schema.org\",\"@graph\":[{\"@type\":\"WebSite\",\"@id\":\"https:\/\/dc-ar.com.br\/es\/#website\",\"url\":\"https:\/\/dc-ar.com.br\/es\/\",\"name\":\"DCAR - Bauer Kompressoren &amp; Ingersoll Rand\",\"description\":\"\",\"potentialAction\":[{\"@type\":\"SearchAction\",\"target\":\"https:\/\/dc-ar.com.br\/es\/?s={search_term_string}\",\"query-input\":\"required name=search_term_string\"}],\"inLanguage\":\"es\"},{\"@type\":\"ImageObject\",\"@id\":\"https:\/\/dc-ar.com.br\/es\/store\/aro\/bombas-a-diafragma\/bombas-de-la-serie-fda\/#primaryimage\",\"inLanguage\":\"es\",\"url\":\"https:\/\/dc-ar.com.br\/es\/wp-content\/uploads\/2021\/01\/aro-FDA.jpg\",\"width\":500,\"height\":500},{\"@type\":\"WebPage\",\"@id\":\"https:\/\/dc-ar.com.br\/es\/store\/aro\/bombas-a-diafragma\/bombas-de-la-serie-fda\/#webpage\",\"url\":\"https:\/\/dc-ar.com.br\/es\/store\/aro\/bombas-a-diafragma\/bombas-de-la-serie-fda\/\",\"name\":\"Bombas de la serie FDA - DCAR - Bauer Kompressoren &amp; Ingersoll Rand\",\"isPartOf\":{\"@id\":\"https:\/\/dc-ar.com.br\/es\/#website\"},\"primaryImageOfPage\":{\"@id\":\"https:\/\/dc-ar.com.br\/es\/store\/aro\/bombas-a-diafragma\/bombas-de-la-serie-fda\/#primaryimage\"},\"datePublished\":\"2021-01-13T02:26:57+00:00\",\"dateModified\":\"2021-08-28T16:36:17+00:00\",\"description\":\"La gama de bombas de diafragma SD es una gran opci\\u00f3n en las industrias de alimentaci\\u00f3n y bebidas, cosm\\u00e9tica y farmac\\u00e9utica, entre otras.\",\"inLanguage\":\"es\",\"potentialAction\":[{\"@type\":\"ReadAction\",\"target\":[\"https:\/\/dc-ar.com.br\/es\/store\/aro\/bombas-a-diafragma\/bombas-de-la-serie-fda\/\"]}]}]}<\/script>\n<!-- \/ Yoast SEO plugin. -->","_links":{"self":[{"href":"https:\/\/dc-ar.com.br\/es\/wp-json\/wp\/v2\/product\/2394"}],"collection":[{"href":"https:\/\/dc-ar.com.br\/es\/wp-json\/wp\/v2\/product"}],"about":[{"href":"https:\/\/dc-ar.com.br\/es\/wp-json\/wp\/v2\/types\/product"}],"wp:featuredmedia":[{"embeddable":true,"href":"https:\/\/dc-ar.com.br\/es\/wp-json\/wp\/v2\/media\/2395"}],"wp:attachment":[{"href":"https:\/\/dc-ar.com.br\/es\/wp-json\/wp\/v2\/media?parent=2394"}],"curies":[{"name":"wp","href":"https:\/\/api.w.org\/{rel}","templated":true}]}}