{"id":2385,"date":"2021-01-13T00:20:26","date_gmt":"2021-01-13T02:20:26","guid":{"rendered":"http:\/\/dc-ar.com.br\/es\/?post_type=product&#038;p=2385"},"modified":"2021-08-28T13:31:24","modified_gmt":"2021-08-28T16:31:24","slug":"bombas-de-la-serie-exp","status":"publish","type":"product","link":"https:\/\/dc-ar.com.br\/es\/store\/aro\/bombas-a-diafragma\/bombas-de-la-serie-exp\/","title":{"rendered":"Bombas de la serie EXP"},"content":{"rendered":"<h2>CARACTER\u00cdSTICAS<\/h2>\n<p>Las bombas de diafragma de la serie ARO\u00ae EXP incluyen todas las ventajas de las bombas neum\u00e1ticas est\u00e1ndar, pero con considerables caracter\u00edsticas y beneficios adicionales.<\/p>\n<p>Las bombas EXP son compatibles con los sistemas de automatizaci\u00f3n.<\/p>\n<p>Todas las bombas de la serie EXP tienen interfaces electr\u00f3nicas que permiten una dosificaci\u00f3n precisa y controlada electr\u00f3nicamente. Combine nuestra bomba con el controlador ARO o con un sistema basado en PLC o PC y d\u00e9 el salto de los procesos manuales inexactos e ineficientes a la manipulaci\u00f3n inteligente de fluidos.<\/p>\n<ul>\n<li>Las bombas de la serie EXP son compatibles con casi cualquier sistema de automatizaci\u00f3n.<\/li>\n<li>Las bombas con interfaz electr\u00f3nica est\u00e1n ahora disponibles para entornos peligrosos (certificaciones ATEX, NEC y CEC).<\/li>\n<li>La opci\u00f3n de detecci\u00f3n de fugas, certificada para su uso en entornos ATEX \/ NEC \/ CEC, detecta el fallo del diafragma para ayudar a evitar costosas interrupciones del servicio.<\/li>\n<li>El sensor de ciclo interno y los interruptores de l\u00edmite proporcionan retroalimentaci\u00f3n del interruptor de l\u00edmite y otra informaci\u00f3n de la bomba.<\/li>\n<li>Los componentes vienen premontados, lo que facilita la instalaci\u00f3n y reduce los errores.<\/li>\n<\/ul>\n<p>&nbsp;<\/p>\n<h2>DATOS T\u00c9CNICOS<\/h2>\n<p>Las bombas con controlador e interfaz electr\u00f3nica ARO\u00ae son ideales para una gran variedad de aplicaciones, como la dosificaci\u00f3n y el llenado de contenedores y dep\u00f3sitos en diferentes mercados.<\/p>\n<p><img loading=\"lazy\" width=\"609\" height=\"400\" class=\"size-full wp-image-2388\" style=\"max-width: 100%; width: auto;\" src=\"http:\/\/dc-ar.com.br\/es\/wp-content\/uploads\/2021\/01\/aro-EXP1.jpg\" alt=\"\" srcset=\"https:\/\/dc-ar.com.br\/es\/wp-content\/uploads\/2021\/01\/aro-EXP1.jpg 609w, https:\/\/dc-ar.com.br\/es\/wp-content\/uploads\/2021\/01\/aro-EXP1-300x197.jpg 300w, https:\/\/dc-ar.com.br\/es\/wp-content\/uploads\/2021\/01\/aro-EXP1-285x187.jpg 285w, https:\/\/dc-ar.com.br\/es\/wp-content\/uploads\/2021\/01\/aro-EXP1-150x99.jpg 150w\" sizes=\"(max-width: 609px) 100vw, 609px\" \/><\/p>\n<p><img loading=\"lazy\" width=\"501\" height=\"400\" class=\"size-full wp-image-2389\" style=\"max-width: 100%; width: auto;\" src=\"http:\/\/dc-ar.com.br\/es\/wp-content\/uploads\/2021\/01\/aro-EXP2.jpg\" alt=\"\" srcset=\"https:\/\/dc-ar.com.br\/es\/wp-content\/uploads\/2021\/01\/aro-EXP2.jpg 501w, https:\/\/dc-ar.com.br\/es\/wp-content\/uploads\/2021\/01\/aro-EXP2-300x240.jpg 300w, https:\/\/dc-ar.com.br\/es\/wp-content\/uploads\/2021\/01\/aro-EXP2-285x228.jpg 285w, https:\/\/dc-ar.com.br\/es\/wp-content\/uploads\/2021\/01\/aro-EXP2-150x120.jpg 150w\" sizes=\"(max-width: 501px) 100vw, 501px\" \/><\/p>\n<p><img loading=\"lazy\" width=\"800\" height=\"131\" class=\"size-full wp-image-2390\" style=\"max-width: 100%; width: auto;\" src=\"http:\/\/dc-ar.com.br\/es\/wp-content\/uploads\/2021\/01\/aro-EXP3.jpg\" alt=\"\" srcset=\"https:\/\/dc-ar.com.br\/es\/wp-content\/uploads\/2021\/01\/aro-EXP3.jpg 800w, https:\/\/dc-ar.com.br\/es\/wp-content\/uploads\/2021\/01\/aro-EXP3-300x49.jpg 300w, https:\/\/dc-ar.com.br\/es\/wp-content\/uploads\/2021\/01\/aro-EXP3-768x126.jpg 768w, https:\/\/dc-ar.com.br\/es\/wp-content\/uploads\/2021\/01\/aro-EXP3-285x47.jpg 285w, https:\/\/dc-ar.com.br\/es\/wp-content\/uploads\/2021\/01\/aro-EXP3-660x108.jpg 660w, https:\/\/dc-ar.com.br\/es\/wp-content\/uploads\/2021\/01\/aro-EXP3-150x25.jpg 150w\" sizes=\"(max-width: 800px) 100vw, 800px\" \/><\/p>\n<p>&nbsp;<\/p>\n<h2>SISTEMAS DE AUTOMATIZACI\u00d3N<\/h2>\n<p>Todas las bombas de la serie EXP tienen interfaces electr\u00f3nicas que permiten una dosificaci\u00f3n precisa y controlada electr\u00f3nicamente. Combine nuestra bomba con el controlador ARO\u00ae y d\u00e9 el salto de los procesos manuales inexactos e ineficientes a la manipulaci\u00f3n inteligente de fluidos.<\/p>\n<p><img loading=\"lazy\" width=\"970\" height=\"395\" class=\"size-full wp-image-2391\" style=\"max-width: 100%; width: auto;\" src=\"http:\/\/dc-ar.com.br\/es\/wp-content\/uploads\/2021\/01\/aro-exp4.png\" alt=\"\" srcset=\"https:\/\/dc-ar.com.br\/es\/wp-content\/uploads\/2021\/01\/aro-exp4.png 970w, https:\/\/dc-ar.com.br\/es\/wp-content\/uploads\/2021\/01\/aro-exp4-300x122.png 300w, https:\/\/dc-ar.com.br\/es\/wp-content\/uploads\/2021\/01\/aro-exp4-768x313.png 768w, https:\/\/dc-ar.com.br\/es\/wp-content\/uploads\/2021\/01\/aro-exp4-285x116.png 285w, https:\/\/dc-ar.com.br\/es\/wp-content\/uploads\/2021\/01\/aro-exp4-660x269.png 660w, https:\/\/dc-ar.com.br\/es\/wp-content\/uploads\/2021\/01\/aro-exp4-150x61.png 150w\" sizes=\"(max-width: 970px) 100vw, 970px\" \/><\/p>\n<p>&nbsp;<\/p>\n<h2>CONTROL Y SUPERVISI\u00d3N SEGUROS<\/h2>\n<p>Las bombas electr\u00f3nicas de interfaz ARO son adecuadas para su uso en entornos gaseosos y polvorientos, incluidas las aplicaciones en regiones sujetas a las directivas ATEX y a las normas estadounidenses. Conecte la bomba al controlador ARO fuera de la zona de peligro para controlar y supervisar sus procesos de forma m\u00e1s segura.<\/p>\n<p>&nbsp;<\/p>\n<h2>INSTALACI\u00d3N<\/h2>\n<p>Resumen de la instalaci\u00f3n en zonas peligrosas:<\/p>\n<ul>\n<li>Operar la bomba en las siguientes \u00e1reas peligrosas: NEC \/ CEC: Clases I y II, Div. 1 y 2 Grupo AD ATEX: Zonas 1 y 2, 21 y 22.<\/li>\n<li>Los componentes el\u00e9ctricos para zonas peligrosas permiten la instalaci\u00f3n en zonas peligrosas.<\/li>\n<li>Conecte los sensores y dispositivos de barrera suministrados de acuerdo con los requisitos del c\u00f3digo local.<\/li>\n<li>Instale el controlador y los dispositivos de barrera en una caja adecuada para entornos peligrosos o fuera de la zona peligrosa.<\/li>\n<\/ul>\n<p><em>Utilice el controlador ARO \u00ae o su propio controlador PLC.<\/em><\/p>\n<ul>\n<li>Los activadores y las alertas remotas le permiten enviar datos de funcionamiento, realizar un apagado autom\u00e1tico y mantenerle informado de las necesidades de mantenimiento.<\/li>\n<li>El controlador admite la detecci\u00f3n de fugas, la medici\u00f3n del nivel de l\u00edquido y el control proporcional.<\/li>\n<li>El controlador ARO\u00ae se integra perfectamente con las bombas de interfaz electr\u00f3nica de la serie EXP.<\/li>\n<li>Control de m\u00faltiples bombas para procesos de lotes de dos partes.<\/li>\n<\/ul>\n","protected":false},"excerpt":{"rendered":"<p>Las bombas de membrana neum\u00e1ticas est\u00e1n dise\u00f1adas para un uso general. Pueden bombear f\u00e1cilmente desde l\u00edquidos limpios y de baja viscosidad hasta fluidos corrosivos y abrasivos de viscosidad media, as\u00ed como transportar part\u00edculas de gran tama\u00f1o sin sufrir da\u00f1os. Gracias a su motor neum\u00e1tico, pueden utilizarse en zonas potencialmente explosivas. La mayor\u00eda de las bombas de diafragma ARO\u00ae tienen la certificaci\u00f3n ATEX (CE Ex11 2GD X).<\/p>\n<p>Estas bombas permiten variar el caudal de salida desde tan s\u00f3lo 1 litro (0,26 galones) por minuto hasta 1041 L (275 galones) por minuto en las bombas m\u00e1s grandes, as\u00ed como variar la presi\u00f3n del fluido hasta 8,6 bar (125 psi ) con s\u00f3lo un filtro\/regulador de aire y una v\u00e1lvula de aguja.<\/p>\n","protected":false},"featured_media":2387,"template":"","meta":[],"yoast_head":"<!-- This site is optimized with the Yoast SEO plugin v15.6.2 - https:\/\/yoast.com\/wordpress\/plugins\/seo\/ -->\n<title>Bombas de la serie EXP - DCAR - Bauer Kompressoren &amp; Ingersoll Rand<\/title>\n<meta name=\"description\" content=\"Las bombas de diafragma de la serie ARO\u00ae EXP incluyen todas las ventajas de las bombas neum\u00e1ticas est\u00e1ndar, pero con considerables caracter\u00edsticas y beneficios adicionales.\" \/>\n<meta name=\"robots\" content=\"index, follow, max-snippet:-1, max-image-preview:large, max-video-preview:-1\" \/>\n<link rel=\"canonical\" href=\"https:\/\/dc-ar.com.br\/es\/store\/aro\/bombas-a-diafragma\/bombas-de-la-serie-exp\/\" \/>\n<meta property=\"og:locale\" content=\"es_ES\" \/>\n<meta property=\"og:type\" content=\"article\" \/>\n<meta property=\"og:title\" content=\"Bombas de la serie EXP - DCAR - Bauer Kompressoren &amp; Ingersoll Rand\" \/>\n<meta property=\"og:description\" content=\"Las bombas de diafragma de la serie ARO\u00ae EXP incluyen todas las ventajas de las bombas neum\u00e1ticas est\u00e1ndar, pero con considerables caracter\u00edsticas y beneficios adicionales.\" \/>\n<meta property=\"og:url\" content=\"https:\/\/dc-ar.com.br\/es\/store\/aro\/bombas-a-diafragma\/bombas-de-la-serie-exp\/\" \/>\n<meta property=\"og:site_name\" content=\"DCAR - Bauer Kompressoren &amp; Ingersoll Rand\" \/>\n<meta property=\"article:modified_time\" content=\"2021-08-28T16:31:24+00:00\" \/>\n<meta property=\"og:image\" content=\"https:\/\/dc-ar.com.br\/es\/wp-content\/uploads\/2021\/01\/aro-EXP.jpg\" \/>\n\t<meta property=\"og:image:width\" content=\"500\" \/>\n\t<meta property=\"og:image:height\" content=\"500\" \/>\n<meta name=\"twitter:card\" content=\"summary_large_image\" \/>\n<meta name=\"twitter:label1\" content=\"Tiempo de lectura\">\n\t<meta name=\"twitter:data1\" content=\"3 minutos\">\n<script type=\"application\/ld+json\" class=\"yoast-schema-graph\">{\"@context\":\"https:\/\/schema.org\",\"@graph\":[{\"@type\":\"WebSite\",\"@id\":\"https:\/\/dc-ar.com.br\/es\/#website\",\"url\":\"https:\/\/dc-ar.com.br\/es\/\",\"name\":\"DCAR - Bauer Kompressoren &amp; Ingersoll Rand\",\"description\":\"\",\"potentialAction\":[{\"@type\":\"SearchAction\",\"target\":\"https:\/\/dc-ar.com.br\/es\/?s={search_term_string}\",\"query-input\":\"required name=search_term_string\"}],\"inLanguage\":\"es\"},{\"@type\":\"ImageObject\",\"@id\":\"https:\/\/dc-ar.com.br\/es\/store\/aro\/bombas-a-diafragma\/bombas-de-la-serie-exp\/#primaryimage\",\"inLanguage\":\"es\",\"url\":\"https:\/\/dc-ar.com.br\/es\/wp-content\/uploads\/2021\/01\/aro-EXP.jpg\",\"width\":500,\"height\":500},{\"@type\":\"WebPage\",\"@id\":\"https:\/\/dc-ar.com.br\/es\/store\/aro\/bombas-a-diafragma\/bombas-de-la-serie-exp\/#webpage\",\"url\":\"https:\/\/dc-ar.com.br\/es\/store\/aro\/bombas-a-diafragma\/bombas-de-la-serie-exp\/\",\"name\":\"Bombas de la serie EXP - DCAR - Bauer Kompressoren &amp; Ingersoll Rand\",\"isPartOf\":{\"@id\":\"https:\/\/dc-ar.com.br\/es\/#website\"},\"primaryImageOfPage\":{\"@id\":\"https:\/\/dc-ar.com.br\/es\/store\/aro\/bombas-a-diafragma\/bombas-de-la-serie-exp\/#primaryimage\"},\"datePublished\":\"2021-01-13T02:20:26+00:00\",\"dateModified\":\"2021-08-28T16:31:24+00:00\",\"description\":\"Las bombas de diafragma de la serie ARO\\u00ae EXP incluyen todas las ventajas de las bombas neum\\u00e1ticas est\\u00e1ndar, pero con considerables caracter\\u00edsticas y beneficios adicionales.\",\"inLanguage\":\"es\",\"potentialAction\":[{\"@type\":\"ReadAction\",\"target\":[\"https:\/\/dc-ar.com.br\/es\/store\/aro\/bombas-a-diafragma\/bombas-de-la-serie-exp\/\"]}]}]}<\/script>\n<!-- \/ Yoast SEO plugin. -->","_links":{"self":[{"href":"https:\/\/dc-ar.com.br\/es\/wp-json\/wp\/v2\/product\/2385"}],"collection":[{"href":"https:\/\/dc-ar.com.br\/es\/wp-json\/wp\/v2\/product"}],"about":[{"href":"https:\/\/dc-ar.com.br\/es\/wp-json\/wp\/v2\/types\/product"}],"wp:featuredmedia":[{"embeddable":true,"href":"https:\/\/dc-ar.com.br\/es\/wp-json\/wp\/v2\/media\/2387"}],"wp:attachment":[{"href":"https:\/\/dc-ar.com.br\/es\/wp-json\/wp\/v2\/media?parent=2385"}],"curies":[{"name":"wp","href":"https:\/\/api.w.org\/{rel}","templated":true}]}}