{"id":2383,"date":"2021-01-13T00:12:51","date_gmt":"2021-01-13T02:12:51","guid":{"rendered":"http:\/\/dc-ar.com.br\/es\/?post_type=product&#038;p=2383"},"modified":"2021-09-05T12:45:30","modified_gmt":"2021-09-05T15:45:30","slug":"bombas-de-polvo","status":"publish","type":"product","link":"https:\/\/dc-ar.com.br\/es\/store\/aro\/bombas-a-diafragma\/bombas-de-polvo\/","title":{"rendered":"Bombas de polvo"},"content":{"rendered":"<h2>CARACTER\u00cdSTICAS<\/h2>\n<p>Visi\u00f3n general y caracter\u00edsticas:<\/p>\n<ul>\n<li>Transfiera y manipule m\u00e1s r\u00e1pidamente los polvos secos de proceso.<\/li>\n<li>Sustituye el procesamiento manual del polvo.<\/li>\n<li>Reducir la contaminaci\u00f3n del aire: transferencia directa del contenedor de polvo a la receta.<\/li>\n<li>Exclusivo sistema de inducci\u00f3n de aire patentado: evita la posibilidad de que se derrame el polvo.<\/li>\n<li>Econ\u00f3mico y sencillo: a diferencia de los sistemas grandes y complejos.<\/li>\n<li>Port\u00e1til: se puede transportar de un lugar a otro.<\/li>\n<li>Tecnolog\u00eda avanzada de inducci\u00f3n de aire: v\u00e1lvula de eficiencia de aire de cuatro v\u00edas.<\/li>\n<li>Conexiones de material NPT.<\/li>\n<\/ul>\n<p>&nbsp;<\/p>\n<p>Materiales de la carcasa de la bomba:<\/p>\n<ul>\n<li>Aluminio<\/li>\n<li>Acero inoxidable<\/li>\n<\/ul>\n<p>&nbsp;<\/p>\n<p>Materiales del diafragma:<\/p>\n<ul>\n<li>Santoprene<\/li>\n<li>Santoprene de grado m\u00e9dico<\/li>\n<\/ul>\n<p>&nbsp;<\/p>\n<h2>ACCESORIOS<\/h2>\n<ul>\n<li style=\"font-weight: 400;\" aria-level=\"1\">66312 Kit de conexi\u00f3n a la l\u00ednea de aire &#8211; Incluye filtro\/regulador con man\u00f3metro.<\/li>\n<li style=\"font-weight: 400;\" aria-level=\"1\">67183-1 Sonda de aspiraci\u00f3n &#8211; Incluye todos los accesorios necesarios para la conexi\u00f3n de la bomba y 3 metros de manguera con conexi\u00f3n a tierra para su uso con bombas de polvo de 2&#8243; y 3&#8243;.<\/li>\n<li style=\"font-weight: 400;\" aria-level=\"1\">637421 Kit de mantenimiento de la secci\u00f3n de aire.<\/li>\n<li style=\"font-weight: 400;\" aria-level=\"1\">637303-XX Kit de mantenimiento de la secci\u00f3n de fluidos (para PP30A).<\/li>\n<li style=\"font-weight: 400;\" aria-level=\"1\">637309-XX Kit de mantenimiento de la secci\u00f3n de fluidos (para PP20A).<\/li>\n<\/ul>\n","protected":false},"excerpt":{"rendered":"<p>Transfiera y manipule polvos de proceso secos de forma m\u00e1s r\u00e1pida, limpia y econ\u00f3mica que con los sistemas instalados.<\/p>\n<p>Nuestras bombas pueden transferir de manera uniforme y consistente polvos con una densidad seca m\u00e1xima de 721 kg por metro c\u00fabico (45 lb por pie c\u00fabico), como el negro de humo, la mica expandida, las siliconas, las resinas acr\u00edlicas, los polvos de impresi\u00f3n 3D y los productos farmac\u00e9uticos.<\/p>\n","protected":false},"featured_media":2384,"template":"","meta":[],"yoast_head":"<!-- This site is optimized with the Yoast SEO plugin v15.6.2 - https:\/\/yoast.com\/wordpress\/plugins\/seo\/ -->\n<title>Bombas de polvo - DCAR - Bauer Kompressoren &amp; Ingersoll Rand<\/title>\n<meta name=\"description\" content=\"Transfiera y manipule polvos de proceso secos de forma m\u00e1s r\u00e1pida, limpia y econ\u00f3mica que con los sistemas instalados.\" \/>\n<meta name=\"robots\" content=\"index, follow, max-snippet:-1, max-image-preview:large, max-video-preview:-1\" \/>\n<link rel=\"canonical\" href=\"https:\/\/dc-ar.com.br\/es\/store\/aro\/bombas-a-diafragma\/bombas-de-polvo\/\" \/>\n<meta property=\"og:locale\" content=\"es_ES\" \/>\n<meta property=\"og:type\" content=\"article\" \/>\n<meta property=\"og:title\" content=\"Bombas de polvo - DCAR - Bauer Kompressoren &amp; Ingersoll Rand\" \/>\n<meta property=\"og:description\" content=\"Transfiera y manipule polvos de proceso secos de forma m\u00e1s r\u00e1pida, limpia y econ\u00f3mica que con los sistemas instalados.\" \/>\n<meta property=\"og:url\" content=\"https:\/\/dc-ar.com.br\/es\/store\/aro\/bombas-a-diafragma\/bombas-de-polvo\/\" \/>\n<meta property=\"og:site_name\" content=\"DCAR - Bauer Kompressoren &amp; Ingersoll Rand\" \/>\n<meta property=\"article:modified_time\" content=\"2021-09-05T15:45:30+00:00\" \/>\n<meta property=\"og:image\" content=\"https:\/\/dc-ar.com.br\/es\/wp-content\/uploads\/2021\/01\/aro-bomba-poeira.jpg\" \/>\n\t<meta property=\"og:image:width\" content=\"500\" \/>\n\t<meta property=\"og:image:height\" content=\"500\" \/>\n<meta name=\"twitter:card\" content=\"summary_large_image\" \/>\n<meta name=\"twitter:label1\" content=\"Tiempo de lectura\">\n\t<meta name=\"twitter:data1\" content=\"1 minuto\">\n<script type=\"application\/ld+json\" class=\"yoast-schema-graph\">{\"@context\":\"https:\/\/schema.org\",\"@graph\":[{\"@type\":\"WebSite\",\"@id\":\"https:\/\/dc-ar.com.br\/es\/#website\",\"url\":\"https:\/\/dc-ar.com.br\/es\/\",\"name\":\"DCAR - Bauer Kompressoren &amp; Ingersoll Rand\",\"description\":\"\",\"potentialAction\":[{\"@type\":\"SearchAction\",\"target\":\"https:\/\/dc-ar.com.br\/es\/?s={search_term_string}\",\"query-input\":\"required name=search_term_string\"}],\"inLanguage\":\"es\"},{\"@type\":\"ImageObject\",\"@id\":\"https:\/\/dc-ar.com.br\/es\/store\/aro\/bombas-a-diafragma\/bombas-de-polvo\/#primaryimage\",\"inLanguage\":\"es\",\"url\":\"https:\/\/dc-ar.com.br\/es\/wp-content\/uploads\/2021\/01\/aro-bomba-poeira.jpg\",\"width\":500,\"height\":500},{\"@type\":\"WebPage\",\"@id\":\"https:\/\/dc-ar.com.br\/es\/store\/aro\/bombas-a-diafragma\/bombas-de-polvo\/#webpage\",\"url\":\"https:\/\/dc-ar.com.br\/es\/store\/aro\/bombas-a-diafragma\/bombas-de-polvo\/\",\"name\":\"Bombas de polvo - DCAR - Bauer Kompressoren &amp; Ingersoll Rand\",\"isPartOf\":{\"@id\":\"https:\/\/dc-ar.com.br\/es\/#website\"},\"primaryImageOfPage\":{\"@id\":\"https:\/\/dc-ar.com.br\/es\/store\/aro\/bombas-a-diafragma\/bombas-de-polvo\/#primaryimage\"},\"datePublished\":\"2021-01-13T02:12:51+00:00\",\"dateModified\":\"2021-09-05T15:45:30+00:00\",\"description\":\"Transfiera y manipule polvos de proceso secos de forma m\\u00e1s r\\u00e1pida, limpia y econ\\u00f3mica que con los sistemas instalados.\",\"inLanguage\":\"es\",\"potentialAction\":[{\"@type\":\"ReadAction\",\"target\":[\"https:\/\/dc-ar.com.br\/es\/store\/aro\/bombas-a-diafragma\/bombas-de-polvo\/\"]}]}]}<\/script>\n<!-- \/ Yoast SEO plugin. -->","_links":{"self":[{"href":"https:\/\/dc-ar.com.br\/es\/wp-json\/wp\/v2\/product\/2383"}],"collection":[{"href":"https:\/\/dc-ar.com.br\/es\/wp-json\/wp\/v2\/product"}],"about":[{"href":"https:\/\/dc-ar.com.br\/es\/wp-json\/wp\/v2\/types\/product"}],"wp:featuredmedia":[{"embeddable":true,"href":"https:\/\/dc-ar.com.br\/es\/wp-json\/wp\/v2\/media\/2384"}],"wp:attachment":[{"href":"https:\/\/dc-ar.com.br\/es\/wp-json\/wp\/v2\/media?parent=2383"}],"curies":[{"name":"wp","href":"https:\/\/api.w.org\/{rel}","templated":true}]}}