{"id":2379,"date":"2021-01-13T00:05:01","date_gmt":"2021-01-13T02:05:01","guid":{"rendered":"http:\/\/dc-ar.com.br\/es\/?post_type=product&#038;p=2379"},"modified":"2021-08-28T13:11:47","modified_gmt":"2021-08-28T16:11:47","slug":"bombas-de-la-serie-pro","status":"publish","type":"product","link":"https:\/\/dc-ar.com.br\/es\/store\/aro\/bombas-a-diafragma\/bombas-de-la-serie-pro\/","title":{"rendered":"Bombas de la serie PRO"},"content":{"rendered":"<h2><b>MODELOS Y CARACTER\u00cdSTICAS<\/b><\/h2>\n<p><span style=\"font-weight: 400;\">Existe una amplia variedad de bombas neum\u00e1ticas de membrana ARO, tanto met\u00e1licas como de pl\u00e1stico, que cumplen con los est\u00e1ndares de calidad m\u00e1s exigentes del mercado, por ejemplo, con la certificaci\u00f3n ATEX. Algunos ejemplos de los modelos m\u00e1s populares del mercado:<\/span><\/p>\n<ul>\n<li style=\"font-weight: 400;\" aria-level=\"1\"><strong>Bombas neum\u00e1ticas de membrana de 1\/4\u2033:<\/strong>\n<ul>\n<li style=\"font-weight: 400;\" aria-level=\"2\"><span style=\"font-weight: 400;\"><span style=\"font-weight: 400;\">Bombas de membrana de pl\u00e1stico: PD01E-HDS-DAA-A<\/span><\/span><\/li>\n<\/ul>\n<\/li>\n<\/ul>\n<p>&nbsp;<\/p>\n<ul>\n<li style=\"font-weight: 400;\" aria-level=\"1\"><strong>Bombas neum\u00e1ticas de membrana de 3\/8\u2033:<\/strong>\n<ul>\n<li style=\"font-weight: 400;\" aria-level=\"2\"><span style=\"font-weight: 400;\"><span style=\"font-weight: 400;\">Bombas de membrana de pl\u00e1stico: PD03P-ADS-DTT<\/span><\/span><\/li>\n<\/ul>\n<\/li>\n<\/ul>\n<p>&nbsp;<\/p>\n<ul>\n<li style=\"font-weight: 400;\" aria-level=\"1\"><strong>Bombas de diafragma neum\u00e1ticas de 1\/2\u2033:<\/strong>\n<ul>\n<li style=\"font-weight: 400;\" aria-level=\"2\"><span style=\"font-weight: 400;\">Bombas de membrana met\u00e1lica: PD05A-AAS-FAA-B<\/span><\/li>\n<li style=\"font-weight: 400;\" aria-level=\"2\"><span style=\"font-weight: 400;\"><span style=\"font-weight: 400;\">Bombas de membrana de pl\u00e1stico: PD05P-AKS-KTT-B y 666053-0D2<\/span><\/span><\/li>\n<\/ul>\n<\/li>\n<\/ul>\n<p>&nbsp;<\/p>\n<ul>\n<li style=\"font-weight: 400;\" aria-level=\"1\"><strong>Bombas neum\u00e1ticas de membrana 3\/4\u2033:<\/strong>\n<ul>\n<li style=\"font-weight: 400;\" aria-level=\"2\"><span style=\"font-weight: 400;\">Bombas de membrana met\u00e1lica: PD07R-AAS-FAA<\/span><\/li>\n<li style=\"font-weight: 400;\" aria-level=\"2\"><span style=\"font-weight: 400;\"><span style=\"font-weight: 400;\">Bombas de membrana de pl\u00e1stico : PD07P-APS-PAA<\/span><\/span><\/li>\n<\/ul>\n<\/li>\n<\/ul>\n<p>&nbsp;<\/p>\n<ul>\n<li style=\"font-weight: 400;\" aria-level=\"1\"><strong>Bombas neum\u00e1ticas de membrana 1\u2033:<\/strong>\n<ul>\n<li style=\"font-weight: 400;\" aria-level=\"2\"><span style=\"font-weight: 400;\">Bombas de membrana met\u00e1licas: 666100-122-C<\/span><\/li>\n<li style=\"font-weight: 400;\" aria-level=\"2\"><span style=\"font-weight: 400;\">Bombas de membrana de pl\u00e1stico: 6661A3-322-C<\/span><\/li>\n<\/ul>\n<\/li>\n<\/ul>\n","protected":false},"excerpt":{"rendered":"<p>Las bombas de diafragma ARO son la elecci\u00f3n perfecta para una bomba de alta calidad y bajo mantenimiento.<\/p>\n<p>Existe una gran variedad de bombas ARO: tanto de metal como de pl\u00e1stico, encontramos bombas neum\u00e1ticas ARO que bombean desde 1 litro hasta 1.040 litros por minuto.<\/p>\n<p>La serie ARO PRO se puede encontrar en varias aplicaciones en la industria general y es vers\u00e1til adaptada a la gran mayor\u00eda de los fluidos. Las bombas ARO pueden manejar f\u00e1cilmente l\u00edquidos limpios de baja y media viscosidad, as\u00ed como fluidos corrosivos y abrasivos. Adem\u00e1s, esta serie de bombas neum\u00e1ticas de membrana ARO tiene la capacidad de transferir part\u00edculas de gran tama\u00f1o sin problemas y, gracias a su motor neum\u00e1tico, puede utilizarse en zonas potencialmente explosivas.<\/p>\n","protected":false},"featured_media":2381,"template":"","meta":[],"yoast_head":"<!-- This site is optimized with the Yoast SEO plugin v15.6.2 - https:\/\/yoast.com\/wordpress\/plugins\/seo\/ -->\n<title>Bombas de la serie PRO - DCAR - Bauer Kompressoren &amp; Ingersoll Rand<\/title>\n<meta name=\"description\" content=\"Las bombas de diafragma ARO son la elecci\u00f3n perfecta para una bomba de alta calidad y bajo mantenimiento.\" \/>\n<meta name=\"robots\" content=\"index, follow, max-snippet:-1, max-image-preview:large, max-video-preview:-1\" \/>\n<link rel=\"canonical\" href=\"https:\/\/dc-ar.com.br\/es\/store\/aro\/bombas-a-diafragma\/bombas-de-la-serie-pro\/\" \/>\n<meta property=\"og:locale\" content=\"es_ES\" \/>\n<meta property=\"og:type\" content=\"article\" \/>\n<meta property=\"og:title\" content=\"Bombas de la serie PRO - DCAR - Bauer Kompressoren &amp; Ingersoll Rand\" \/>\n<meta property=\"og:description\" content=\"Las bombas de diafragma ARO son la elecci\u00f3n perfecta para una bomba de alta calidad y bajo mantenimiento.\" \/>\n<meta property=\"og:url\" content=\"https:\/\/dc-ar.com.br\/es\/store\/aro\/bombas-a-diafragma\/bombas-de-la-serie-pro\/\" \/>\n<meta property=\"og:site_name\" content=\"DCAR - Bauer Kompressoren &amp; Ingersoll Rand\" \/>\n<meta property=\"article:modified_time\" content=\"2021-08-28T16:11:47+00:00\" \/>\n<meta property=\"og:image\" content=\"https:\/\/dc-ar.com.br\/es\/wp-content\/uploads\/2021\/01\/aro-bomba-pro.jpg\" \/>\n\t<meta property=\"og:image:width\" content=\"500\" \/>\n\t<meta property=\"og:image:height\" content=\"500\" \/>\n<meta name=\"twitter:card\" content=\"summary_large_image\" \/>\n<meta name=\"twitter:label1\" content=\"Tiempo de lectura\">\n\t<meta name=\"twitter:data1\" content=\"1 minuto\">\n<script type=\"application\/ld+json\" class=\"yoast-schema-graph\">{\"@context\":\"https:\/\/schema.org\",\"@graph\":[{\"@type\":\"WebSite\",\"@id\":\"https:\/\/dc-ar.com.br\/es\/#website\",\"url\":\"https:\/\/dc-ar.com.br\/es\/\",\"name\":\"DCAR - Bauer Kompressoren &amp; Ingersoll Rand\",\"description\":\"\",\"potentialAction\":[{\"@type\":\"SearchAction\",\"target\":\"https:\/\/dc-ar.com.br\/es\/?s={search_term_string}\",\"query-input\":\"required name=search_term_string\"}],\"inLanguage\":\"es\"},{\"@type\":\"ImageObject\",\"@id\":\"https:\/\/dc-ar.com.br\/es\/store\/aro\/bombas-a-diafragma\/bombas-de-la-serie-pro\/#primaryimage\",\"inLanguage\":\"es\",\"url\":\"https:\/\/dc-ar.com.br\/es\/wp-content\/uploads\/2021\/01\/aro-bomba-pro.jpg\",\"width\":500,\"height\":500},{\"@type\":\"WebPage\",\"@id\":\"https:\/\/dc-ar.com.br\/es\/store\/aro\/bombas-a-diafragma\/bombas-de-la-serie-pro\/#webpage\",\"url\":\"https:\/\/dc-ar.com.br\/es\/store\/aro\/bombas-a-diafragma\/bombas-de-la-serie-pro\/\",\"name\":\"Bombas de la serie PRO - DCAR - Bauer Kompressoren &amp; Ingersoll Rand\",\"isPartOf\":{\"@id\":\"https:\/\/dc-ar.com.br\/es\/#website\"},\"primaryImageOfPage\":{\"@id\":\"https:\/\/dc-ar.com.br\/es\/store\/aro\/bombas-a-diafragma\/bombas-de-la-serie-pro\/#primaryimage\"},\"datePublished\":\"2021-01-13T02:05:01+00:00\",\"dateModified\":\"2021-08-28T16:11:47+00:00\",\"description\":\"Las bombas de diafragma ARO son la elecci\\u00f3n perfecta para una bomba de alta calidad y bajo mantenimiento.\",\"inLanguage\":\"es\",\"potentialAction\":[{\"@type\":\"ReadAction\",\"target\":[\"https:\/\/dc-ar.com.br\/es\/store\/aro\/bombas-a-diafragma\/bombas-de-la-serie-pro\/\"]}]}]}<\/script>\n<!-- \/ Yoast SEO plugin. -->","_links":{"self":[{"href":"https:\/\/dc-ar.com.br\/es\/wp-json\/wp\/v2\/product\/2379"}],"collection":[{"href":"https:\/\/dc-ar.com.br\/es\/wp-json\/wp\/v2\/product"}],"about":[{"href":"https:\/\/dc-ar.com.br\/es\/wp-json\/wp\/v2\/types\/product"}],"wp:featuredmedia":[{"embeddable":true,"href":"https:\/\/dc-ar.com.br\/es\/wp-json\/wp\/v2\/media\/2381"}],"wp:attachment":[{"href":"https:\/\/dc-ar.com.br\/es\/wp-json\/wp\/v2\/media?parent=2379"}],"curies":[{"name":"wp","href":"https:\/\/api.w.org\/{rel}","templated":true}]}}