{"id":2377,"date":"2021-01-13T00:01:04","date_gmt":"2021-01-13T02:01:04","guid":{"rendered":"http:\/\/dc-ar.com.br\/es\/?post_type=product&#038;p=2377"},"modified":"2021-08-28T13:06:43","modified_gmt":"2021-08-28T16:06:43","slug":"bomba-de-valvula","status":"publish","type":"product","link":"https:\/\/dc-ar.com.br\/es\/store\/aro\/bombas-a-diafragma\/bomba-de-valvula\/","title":{"rendered":"Bomba de v\u00e1lvula"},"content":{"rendered":"","protected":false},"excerpt":{"rendered":"<ul>\n<li style=\"font-weight: 400;\" aria-level=\"1\"><span style=\"font-weight: 400;\">Kit de conexi\u00f3n a la l\u00ednea de aire &#8211; incluye filtro \/ regulador con man\u00f3metro.<\/span><\/li>\n<li style=\"font-weight: 400;\" aria-level=\"1\"><span style=\"font-weight: 400;\">Silenciador de servicio continuo &#8211; Recomendado para aplicaciones de alto flujo y servicio continuo. Proporciona una gran c\u00e1mara de expansi\u00f3n.<\/span><\/li>\n<li style=\"font-weight: 400;\" aria-level=\"1\"><span style=\"font-weight: 400;\">Silenciador del motor de aire.<\/span><\/li>\n<li style=\"font-weight: 400;\" aria-level=\"1\"><span style=\"font-weight: 400;\">Santoprene.<\/span><\/li>\n<li style=\"font-weight: 400;\" aria-level=\"1\"><span style=\"font-weight: 400;\">Nitrilo.<\/span><\/li>\n<li style=\"font-weight: 400;\" aria-level=\"1\"><span style=\"font-weight: 400;\">PTFE (tefl\u00f3n) con respaldo de Santoprene.<\/span><\/li>\n<li style=\"font-weight: 400;\" aria-level=\"1\"><span style=\"font-weight: 400;\">Viton.<\/span><\/li>\n<li style=\"font-weight: 400;\" aria-level=\"1\"><span style=\"font-weight: 400;\">Aluminio.<\/span><\/li>\n<li style=\"font-weight: 400;\" aria-level=\"1\"><span style=\"font-weight: 400;\">Hierro fundido.<\/span><\/li>\n<li style=\"font-weight: 400;\" aria-level=\"1\"><span style=\"font-weight: 400;\">Acero inoxidable.<\/span><\/li>\n<li style=\"font-weight: 400;\" aria-level=\"1\"><span style=\"font-weight: 400;\">Puede manejar 2 &#8220;semis\u00f3lidos y materiales s\u00f3lidos de 3\/4&#8221;.<\/span><\/li>\n<li style=\"font-weight: 400;\" aria-level=\"1\"><span style=\"font-weight: 400;\">Eficiencia: la v\u00e1lvula Simul-Shift \u2122 proporciona una se\u00f1al de ondulaci\u00f3n ultra-positiva y fiable.<\/span><\/li>\n<li style=\"font-weight: 400;\" aria-level=\"1\"><span style=\"font-weight: 400;\">Fiabilidad &#8211; El dise\u00f1o patentado de la v\u00e1lvula de aire &#8220;desequilibrada&#8221; garantiza un funcionamiento sin bloqueos.<\/span><\/li>\n<li style=\"font-weight: 400;\" aria-level=\"1\"><span style=\"font-weight: 400;\">Disponible en tres materiales de construcci\u00f3n diferentes.<\/span><\/li>\n<\/ul>\n","protected":false},"featured_media":2378,"template":"","meta":[],"yoast_head":"<!-- This site is optimized with the Yoast SEO plugin v15.6.2 - https:\/\/yoast.com\/wordpress\/plugins\/seo\/ -->\n<title>Bomba de v\u00e1lvula - DCAR - Bauer Kompressoren &amp; Ingersoll Rand<\/title>\n<meta name=\"description\" content=\"Eficiencia: la v\u00e1lvula Simul-Shift \u2122 proporciona una se\u00f1al de ondulaci\u00f3n ultra-positiva y fiable. Disponible en tres materiales de construcci\u00f3n diferentes\" \/>\n<meta name=\"robots\" content=\"index, follow, max-snippet:-1, max-image-preview:large, max-video-preview:-1\" \/>\n<link rel=\"canonical\" href=\"https:\/\/dc-ar.com.br\/es\/store\/aro\/bombas-a-diafragma\/bomba-de-valvula\/\" \/>\n<meta property=\"og:locale\" content=\"es_ES\" \/>\n<meta property=\"og:type\" content=\"article\" \/>\n<meta property=\"og:title\" content=\"Bomba de v\u00e1lvula - DCAR - Bauer Kompressoren &amp; Ingersoll Rand\" \/>\n<meta property=\"og:description\" content=\"Eficiencia: la v\u00e1lvula Simul-Shift \u2122 proporciona una se\u00f1al de ondulaci\u00f3n ultra-positiva y fiable. Disponible en tres materiales de construcci\u00f3n diferentes\" \/>\n<meta property=\"og:url\" content=\"https:\/\/dc-ar.com.br\/es\/store\/aro\/bombas-a-diafragma\/bomba-de-valvula\/\" \/>\n<meta property=\"og:site_name\" content=\"DCAR - Bauer Kompressoren &amp; Ingersoll Rand\" \/>\n<meta property=\"article:modified_time\" content=\"2021-08-28T16:06:43+00:00\" \/>\n<meta property=\"og:image\" content=\"https:\/\/dc-ar.com.br\/es\/wp-content\/uploads\/2021\/01\/aro-bomba-valvula.jpg\" \/>\n\t<meta property=\"og:image:width\" content=\"500\" \/>\n\t<meta property=\"og:image:height\" content=\"500\" \/>\n<meta name=\"twitter:card\" content=\"summary_large_image\" \/>\n<script type=\"application\/ld+json\" class=\"yoast-schema-graph\">{\"@context\":\"https:\/\/schema.org\",\"@graph\":[{\"@type\":\"WebSite\",\"@id\":\"https:\/\/dc-ar.com.br\/es\/#website\",\"url\":\"https:\/\/dc-ar.com.br\/es\/\",\"name\":\"DCAR - Bauer Kompressoren &amp; Ingersoll Rand\",\"description\":\"\",\"potentialAction\":[{\"@type\":\"SearchAction\",\"target\":\"https:\/\/dc-ar.com.br\/es\/?s={search_term_string}\",\"query-input\":\"required name=search_term_string\"}],\"inLanguage\":\"es\"},{\"@type\":\"ImageObject\",\"@id\":\"https:\/\/dc-ar.com.br\/es\/store\/aro\/bombas-a-diafragma\/bomba-de-valvula\/#primaryimage\",\"inLanguage\":\"es\",\"url\":\"https:\/\/dc-ar.com.br\/es\/wp-content\/uploads\/2021\/01\/aro-bomba-valvula.jpg\",\"width\":500,\"height\":500},{\"@type\":\"WebPage\",\"@id\":\"https:\/\/dc-ar.com.br\/es\/store\/aro\/bombas-a-diafragma\/bomba-de-valvula\/#webpage\",\"url\":\"https:\/\/dc-ar.com.br\/es\/store\/aro\/bombas-a-diafragma\/bomba-de-valvula\/\",\"name\":\"Bomba de v\\u00e1lvula - DCAR - Bauer Kompressoren &amp; Ingersoll Rand\",\"isPartOf\":{\"@id\":\"https:\/\/dc-ar.com.br\/es\/#website\"},\"primaryImageOfPage\":{\"@id\":\"https:\/\/dc-ar.com.br\/es\/store\/aro\/bombas-a-diafragma\/bomba-de-valvula\/#primaryimage\"},\"datePublished\":\"2021-01-13T02:01:04+00:00\",\"dateModified\":\"2021-08-28T16:06:43+00:00\",\"description\":\"Eficiencia: la v\\u00e1lvula Simul-Shift \\u2122 proporciona una se\\u00f1al de ondulaci\\u00f3n ultra-positiva y fiable. Disponible en tres materiales de construcci\\u00f3n diferentes\",\"inLanguage\":\"es\",\"potentialAction\":[{\"@type\":\"ReadAction\",\"target\":[\"https:\/\/dc-ar.com.br\/es\/store\/aro\/bombas-a-diafragma\/bomba-de-valvula\/\"]}]}]}<\/script>\n<!-- \/ Yoast SEO plugin. -->","_links":{"self":[{"href":"https:\/\/dc-ar.com.br\/es\/wp-json\/wp\/v2\/product\/2377"}],"collection":[{"href":"https:\/\/dc-ar.com.br\/es\/wp-json\/wp\/v2\/product"}],"about":[{"href":"https:\/\/dc-ar.com.br\/es\/wp-json\/wp\/v2\/types\/product"}],"wp:featuredmedia":[{"embeddable":true,"href":"https:\/\/dc-ar.com.br\/es\/wp-json\/wp\/v2\/media\/2378"}],"wp:attachment":[{"href":"https:\/\/dc-ar.com.br\/es\/wp-json\/wp\/v2\/media?parent=2377"}],"curies":[{"name":"wp","href":"https:\/\/api.w.org\/{rel}","templated":true}]}}