{"id":2370,"date":"2021-01-12T23:51:46","date_gmt":"2021-01-13T01:51:46","guid":{"rendered":"http:\/\/dc-ar.com.br\/es\/?post_type=product&#038;p=2370"},"modified":"2021-08-28T12:59:27","modified_gmt":"2021-08-28T15:59:27","slug":"bombas-de-piston","status":"publish","type":"product","link":"https:\/\/dc-ar.com.br\/es\/store\/aro\/bombas-a-piston\/bombas-de-piston\/","title":{"rendered":"Bombas de pist\u00f3n"},"content":{"rendered":"<h2>PAQUETES DE BOMBAS DE PIST\u00d3N<\/h2>\n<p>La gesti\u00f3n inteligente de los fluidos no consiste \u00fanicamente en disponer de una bomba fiable, sino que requiere un sistema completo de piezas integradas que funcionen conjuntamente para mejorar la productividad y los resultados. Para simplificar los pedidos, ARO ofrece paquetes de bombas de pist\u00f3n hidr\u00e1ulicas y neum\u00e1ticas que ofrecen la combinaci\u00f3n adecuada de motor neum\u00e1tico, bomba de pist\u00f3n, montaje, seguimiento, controles y accesorios posteriores para su aplicaci\u00f3n espec\u00edfica.<\/p>\n<p>&nbsp;<\/p>\n<h2>SELECCI\u00d3N SIMPLIFICADA DE BOMBAS<\/h2>\n<p>Tanto si su aplicaci\u00f3n requiere una bomba de 2 bolas, una bomba de 4 bolas o una bomba chop-check, puede estar seguro de que con ARO obtendr\u00e1 un dise\u00f1o de bomba superior en todos los niveles. Ofrecemos caracter\u00edsticas de dise\u00f1o y mejoras de rendimiento que garantizan que su bomba sea lo m\u00e1s duradera y fiable posible.<\/p>\n<p>Con una bomba de pist\u00f3n ARO, puede tener la tranquilidad de contar con un equipo fiable con el m\u00ednimo esfuerzo, c\u00e1lculos y molestias para usted. B\u00e1sicamente, hay cuatro factores a tener en cuenta a la hora de seleccionar la configuraci\u00f3n adecuada para su aplicaci\u00f3n:<\/p>\n<p>Tipo de fluido.<br \/>\nViscosidad o espesor.<br \/>\nCaudal requerido<br \/>\nPresi\u00f3n de salida requerida.<\/p>\n<p>Conocer la viscosidad del fluido y el caudal necesario facilita mucho la elecci\u00f3n de la bomba ideal para su aplicaci\u00f3n. \u00bfNo est\u00e1 seguro del tama\u00f1o del motor neum\u00e1tico y la bomba de pist\u00f3n que necesita? No hay problema. Puede averiguarlo poni\u00e9ndose en contacto con el Servicio de Asistencia T\u00e9cnica de ARO y trabajando directamente con nuestros expertos asesores de bombas para asegurarse de que obtiene un grupo de bombas y motores eficiente, fiable y seguro.<\/p>\n<p><img loading=\"lazy\" width=\"691\" height=\"400\" class=\"size-full wp-image-2360\" style=\"max-width: 100%; width: auto;\" src=\"http:\/\/dc-ar.com.br\/es\/wp-content\/uploads\/2021\/01\/aro-4-bolas1.jpg\" alt=\"\" srcset=\"https:\/\/dc-ar.com.br\/es\/wp-content\/uploads\/2021\/01\/aro-4-bolas1.jpg 691w, https:\/\/dc-ar.com.br\/es\/wp-content\/uploads\/2021\/01\/aro-4-bolas1-300x174.jpg 300w, https:\/\/dc-ar.com.br\/es\/wp-content\/uploads\/2021\/01\/aro-4-bolas1-285x165.jpg 285w, https:\/\/dc-ar.com.br\/es\/wp-content\/uploads\/2021\/01\/aro-4-bolas1-660x382.jpg 660w, https:\/\/dc-ar.com.br\/es\/wp-content\/uploads\/2021\/01\/aro-4-bolas1-150x87.jpg 150w\" sizes=\"(max-width: 691px) 100vw, 691px\" \/><\/p>\n<p>&nbsp;<\/p>\n<h2>2 ESFERAS<\/h2>\n<p>Bombas de pist\u00f3n de bola ARO\u00ae ARO 2.<br \/>\nLas bombas de pist\u00f3n de 2 esferas est\u00e1n dise\u00f1adas para suministrar fluidos de manera uniforme y consistente.<\/p>\n<p><img loading=\"lazy\" width=\"816\" height=\"406\" class=\"size-full wp-image-2361\" style=\"max-width: 100%; width: auto;\" src=\"http:\/\/dc-ar.com.br\/es\/wp-content\/uploads\/2021\/01\/aro-4-bolas2.png\" alt=\"\" srcset=\"https:\/\/dc-ar.com.br\/es\/wp-content\/uploads\/2021\/01\/aro-4-bolas2.png 816w, https:\/\/dc-ar.com.br\/es\/wp-content\/uploads\/2021\/01\/aro-4-bolas2-300x149.png 300w, https:\/\/dc-ar.com.br\/es\/wp-content\/uploads\/2021\/01\/aro-4-bolas2-768x382.png 768w, https:\/\/dc-ar.com.br\/es\/wp-content\/uploads\/2021\/01\/aro-4-bolas2-285x142.png 285w, https:\/\/dc-ar.com.br\/es\/wp-content\/uploads\/2021\/01\/aro-4-bolas2-660x328.png 660w, https:\/\/dc-ar.com.br\/es\/wp-content\/uploads\/2021\/01\/aro-4-bolas2-150x75.png 150w\" sizes=\"(max-width: 816px) 100vw, 816px\" \/><\/p>\n<p>&nbsp;<\/p>\n<h2>4 ESFERAS<\/h2>\n<p>Bombas de pist\u00f3n de bola ARO\u00ae ARO 4.<br \/>\nLas bombas de pist\u00f3n de 4 esferas son la soluci\u00f3n ideal para aplicaciones de recirculaci\u00f3n de gran volumen.<\/p>\n<p><img loading=\"lazy\" width=\"849\" height=\"392\" class=\"alignnone size-full wp-image-2362\" style=\"max-width: 100%; width: auto;\" src=\"http:\/\/dc-ar.com.br\/es\/wp-content\/uploads\/2021\/01\/aro-4-bolas3.png\" alt=\"\" srcset=\"https:\/\/dc-ar.com.br\/es\/wp-content\/uploads\/2021\/01\/aro-4-bolas3.png 849w, https:\/\/dc-ar.com.br\/es\/wp-content\/uploads\/2021\/01\/aro-4-bolas3-300x139.png 300w, https:\/\/dc-ar.com.br\/es\/wp-content\/uploads\/2021\/01\/aro-4-bolas3-768x355.png 768w, https:\/\/dc-ar.com.br\/es\/wp-content\/uploads\/2021\/01\/aro-4-bolas3-285x132.png 285w, https:\/\/dc-ar.com.br\/es\/wp-content\/uploads\/2021\/01\/aro-4-bolas3-660x305.png 660w, https:\/\/dc-ar.com.br\/es\/wp-content\/uploads\/2021\/01\/aro-4-bolas3-150x69.png 150w\" sizes=\"(max-width: 849px) 100vw, 849px\" \/><\/p>\n<p>&nbsp;<\/p>\n<h2>CHOP-CHECK<\/h2>\n<p>Bombas de pist\u00f3n ARO\u00ae Chop-Check.<br \/>\nLas bombas de tipo Chop-check est\u00e1n dise\u00f1adas para mover fluidos de media y alta viscosidad en aplicaciones dif\u00edciles.<\/p>\n<p><img loading=\"lazy\" width=\"806\" height=\"422\" class=\"alignnone size-full wp-image-2363\" style=\"max-width: 100%; width: auto;\" src=\"http:\/\/dc-ar.com.br\/es\/wp-content\/uploads\/2021\/01\/aro-4-bolas4.png\" alt=\"\" srcset=\"https:\/\/dc-ar.com.br\/es\/wp-content\/uploads\/2021\/01\/aro-4-bolas4.png 806w, https:\/\/dc-ar.com.br\/es\/wp-content\/uploads\/2021\/01\/aro-4-bolas4-300x157.png 300w, https:\/\/dc-ar.com.br\/es\/wp-content\/uploads\/2021\/01\/aro-4-bolas4-768x402.png 768w, https:\/\/dc-ar.com.br\/es\/wp-content\/uploads\/2021\/01\/aro-4-bolas4-285x149.png 285w, https:\/\/dc-ar.com.br\/es\/wp-content\/uploads\/2021\/01\/aro-4-bolas4-660x346.png 660w, https:\/\/dc-ar.com.br\/es\/wp-content\/uploads\/2021\/01\/aro-4-bolas4-150x79.png 150w\" sizes=\"(max-width: 806px) 100vw, 806px\" \/><\/p>\n","protected":false},"excerpt":{"rendered":"<p>Las bombas de pist\u00f3n ARO\u00ae son simplemente vers\u00e1tiles.<\/p>\n<p>Las bombas de pist\u00f3n ARO pueden manejar una amplia variedad de fluidos viscosos. Con una amplia gama de presiones y caudales de desplazamiento disponibles, ARO puede ofrecer todo tipo de conjuntos de bombas de pist\u00f3n para satisfacer sus necesidades espec\u00edficas.<\/p>\n<p>Nuestros conjuntos de bombas de pist\u00f3n, que est\u00e1n disponibles en varias configuraciones -como la de una columna, la de dos columnas y la de dos columnas para trabajos pesados- le garantizan la soluci\u00f3n adecuada para todo tipo de aplicaciones.<\/p>\n","protected":false},"featured_media":2372,"template":"","meta":[],"yoast_head":"<!-- This site is optimized with the Yoast SEO plugin v15.6.2 - https:\/\/yoast.com\/wordpress\/plugins\/seo\/ -->\n<title>Bombas de pist\u00f3n - DCAR - Bauer Kompressoren &amp; Ingersoll Rand<\/title>\n<meta name=\"description\" content=\"Nuestros conjuntos de bombas de pist\u00f3n, que est\u00e1n disponibles en varias configuraciones - como la de una columna, la de dos columnas y la de dos columnas para trabajos pesados- le garantizan la soluci\u00f3n adecuada para todo tipo de aplicaciones.\" \/>\n<meta name=\"robots\" content=\"index, follow, max-snippet:-1, max-image-preview:large, max-video-preview:-1\" \/>\n<link rel=\"canonical\" href=\"https:\/\/dc-ar.com.br\/es\/store\/aro\/bombas-a-piston\/bombas-de-piston\/\" \/>\n<meta property=\"og:locale\" content=\"es_ES\" \/>\n<meta property=\"og:type\" content=\"article\" \/>\n<meta property=\"og:title\" content=\"Bombas de pist\u00f3n - DCAR - Bauer Kompressoren &amp; Ingersoll Rand\" \/>\n<meta property=\"og:description\" content=\"Nuestros conjuntos de bombas de pist\u00f3n, que est\u00e1n disponibles en varias configuraciones - como la de una columna, la de dos columnas y la de dos columnas para trabajos pesados- le garantizan la soluci\u00f3n adecuada para todo tipo de aplicaciones.\" \/>\n<meta property=\"og:url\" content=\"https:\/\/dc-ar.com.br\/es\/store\/aro\/bombas-a-piston\/bombas-de-piston\/\" \/>\n<meta property=\"og:site_name\" content=\"DCAR - Bauer Kompressoren &amp; Ingersoll Rand\" \/>\n<meta property=\"article:modified_time\" content=\"2021-08-28T15:59:27+00:00\" \/>\n<meta property=\"og:image\" content=\"https:\/\/dc-ar.com.br\/es\/wp-content\/uploads\/2021\/01\/Bomba-piston1.jpg\" \/>\n\t<meta property=\"og:image:width\" content=\"500\" \/>\n\t<meta property=\"og:image:height\" content=\"500\" \/>\n<meta name=\"twitter:card\" content=\"summary_large_image\" \/>\n<meta name=\"twitter:label1\" content=\"Tiempo de lectura\">\n\t<meta name=\"twitter:data1\" content=\"3 minutos\">\n<script type=\"application\/ld+json\" class=\"yoast-schema-graph\">{\"@context\":\"https:\/\/schema.org\",\"@graph\":[{\"@type\":\"WebSite\",\"@id\":\"https:\/\/dc-ar.com.br\/es\/#website\",\"url\":\"https:\/\/dc-ar.com.br\/es\/\",\"name\":\"DCAR - Bauer Kompressoren &amp; Ingersoll Rand\",\"description\":\"\",\"potentialAction\":[{\"@type\":\"SearchAction\",\"target\":\"https:\/\/dc-ar.com.br\/es\/?s={search_term_string}\",\"query-input\":\"required name=search_term_string\"}],\"inLanguage\":\"es\"},{\"@type\":\"ImageObject\",\"@id\":\"https:\/\/dc-ar.com.br\/es\/store\/aro\/bombas-a-piston\/bombas-de-piston\/#primaryimage\",\"inLanguage\":\"es\",\"url\":\"https:\/\/dc-ar.com.br\/es\/wp-content\/uploads\/2021\/01\/Bomba-piston1.jpg\",\"width\":500,\"height\":500},{\"@type\":\"WebPage\",\"@id\":\"https:\/\/dc-ar.com.br\/es\/store\/aro\/bombas-a-piston\/bombas-de-piston\/#webpage\",\"url\":\"https:\/\/dc-ar.com.br\/es\/store\/aro\/bombas-a-piston\/bombas-de-piston\/\",\"name\":\"Bombas de pist\\u00f3n - DCAR - Bauer Kompressoren &amp; Ingersoll Rand\",\"isPartOf\":{\"@id\":\"https:\/\/dc-ar.com.br\/es\/#website\"},\"primaryImageOfPage\":{\"@id\":\"https:\/\/dc-ar.com.br\/es\/store\/aro\/bombas-a-piston\/bombas-de-piston\/#primaryimage\"},\"datePublished\":\"2021-01-13T01:51:46+00:00\",\"dateModified\":\"2021-08-28T15:59:27+00:00\",\"description\":\"Nuestros conjuntos de bombas de pist\\u00f3n, que est\\u00e1n disponibles en varias configuraciones - como la de una columna, la de dos columnas y la de dos columnas para trabajos pesados- le garantizan la soluci\\u00f3n adecuada para todo tipo de aplicaciones.\",\"inLanguage\":\"es\",\"potentialAction\":[{\"@type\":\"ReadAction\",\"target\":[\"https:\/\/dc-ar.com.br\/es\/store\/aro\/bombas-a-piston\/bombas-de-piston\/\"]}]}]}<\/script>\n<!-- \/ Yoast SEO plugin. -->","_links":{"self":[{"href":"https:\/\/dc-ar.com.br\/es\/wp-json\/wp\/v2\/product\/2370"}],"collection":[{"href":"https:\/\/dc-ar.com.br\/es\/wp-json\/wp\/v2\/product"}],"about":[{"href":"https:\/\/dc-ar.com.br\/es\/wp-json\/wp\/v2\/types\/product"}],"wp:featuredmedia":[{"embeddable":true,"href":"https:\/\/dc-ar.com.br\/es\/wp-json\/wp\/v2\/media\/2372"}],"wp:attachment":[{"href":"https:\/\/dc-ar.com.br\/es\/wp-json\/wp\/v2\/media?parent=2370"}],"curies":[{"name":"wp","href":"https:\/\/api.w.org\/{rel}","templated":true}]}}