{"id":2354,"date":"2021-01-12T23:10:28","date_gmt":"2021-01-13T01:10:28","guid":{"rendered":"http:\/\/dc-ar.com.br\/es\/?post_type=product&#038;p=2354"},"modified":"2021-08-28T13:42:58","modified_gmt":"2021-08-28T16:42:58","slug":"paquetes-de-grasa-y-bombas","status":"publish","type":"product","link":"https:\/\/dc-ar.com.br\/es\/store\/aro\/sistemas-de-lubricacion\/paquetes-de-grasa-y-bombas\/","title":{"rendered":"Paquetes de grasa y bombas"},"content":{"rendered":"","protected":false},"excerpt":{"rendered":"<p>Los equipos de lubricaci\u00f3n Ingersoll Rand\/ARO reflejan los mismos est\u00e1ndares de alto rendimiento que las herramientas y compresores de aire Ingersoll Rand.<\/p>\n<p>Los paquetes de grasa y las bombas est\u00e1n dise\u00f1ados para manejar diferentes tama\u00f1os de bidones y aplicaciones en el espacio de trabajo.<\/p>\n","protected":false},"featured_media":2355,"template":"","meta":[],"yoast_head":"<!-- This site is optimized with the Yoast SEO plugin v15.6.2 - https:\/\/yoast.com\/wordpress\/plugins\/seo\/ -->\n<title>Paquetes de grasa y bombas - DCAR - Bauer Kompressoren &amp; Ingersoll Rand<\/title>\n<meta name=\"description\" content=\"Los equipos de lubricaci\u00f3n Ingersoll Rand\/ARO reflejan los mismos est\u00e1ndares de alto rendimiento que las herramientas y compresores de aire Ingersoll Rand.\" \/>\n<meta name=\"robots\" content=\"index, follow, max-snippet:-1, max-image-preview:large, max-video-preview:-1\" \/>\n<link rel=\"canonical\" href=\"https:\/\/dc-ar.com.br\/es\/store\/aro\/sistemas-de-lubricacion\/paquetes-de-grasa-y-bombas\/\" \/>\n<meta property=\"og:locale\" content=\"es_ES\" \/>\n<meta property=\"og:type\" content=\"article\" \/>\n<meta property=\"og:title\" content=\"Paquetes de grasa y bombas - DCAR - Bauer Kompressoren &amp; Ingersoll Rand\" \/>\n<meta property=\"og:description\" content=\"Los equipos de lubricaci\u00f3n Ingersoll Rand\/ARO reflejan los mismos est\u00e1ndares de alto rendimiento que las herramientas y compresores de aire Ingersoll Rand.\" \/>\n<meta property=\"og:url\" content=\"https:\/\/dc-ar.com.br\/es\/store\/aro\/sistemas-de-lubricacion\/paquetes-de-grasa-y-bombas\/\" \/>\n<meta property=\"og:site_name\" content=\"DCAR - Bauer Kompressoren &amp; Ingersoll Rand\" \/>\n<meta property=\"article:modified_time\" content=\"2021-08-28T16:42:58+00:00\" \/>\n<meta property=\"og:image\" content=\"https:\/\/dc-ar.com.br\/es\/wp-content\/uploads\/2021\/01\/aro-bombas-graxa.jpg\" \/>\n\t<meta property=\"og:image:width\" content=\"500\" \/>\n\t<meta property=\"og:image:height\" content=\"500\" \/>\n<meta name=\"twitter:card\" content=\"summary_large_image\" \/>\n<script type=\"application\/ld+json\" class=\"yoast-schema-graph\">{\"@context\":\"https:\/\/schema.org\",\"@graph\":[{\"@type\":\"WebSite\",\"@id\":\"https:\/\/dc-ar.com.br\/es\/#website\",\"url\":\"https:\/\/dc-ar.com.br\/es\/\",\"name\":\"DCAR - Bauer Kompressoren &amp; Ingersoll Rand\",\"description\":\"\",\"potentialAction\":[{\"@type\":\"SearchAction\",\"target\":\"https:\/\/dc-ar.com.br\/es\/?s={search_term_string}\",\"query-input\":\"required name=search_term_string\"}],\"inLanguage\":\"es\"},{\"@type\":\"ImageObject\",\"@id\":\"https:\/\/dc-ar.com.br\/es\/store\/aro\/sistemas-de-lubricacion\/paquetes-de-grasa-y-bombas\/#primaryimage\",\"inLanguage\":\"es\",\"url\":\"https:\/\/dc-ar.com.br\/es\/wp-content\/uploads\/2021\/01\/aro-bombas-graxa.jpg\",\"width\":500,\"height\":500},{\"@type\":\"WebPage\",\"@id\":\"https:\/\/dc-ar.com.br\/es\/store\/aro\/sistemas-de-lubricacion\/paquetes-de-grasa-y-bombas\/#webpage\",\"url\":\"https:\/\/dc-ar.com.br\/es\/store\/aro\/sistemas-de-lubricacion\/paquetes-de-grasa-y-bombas\/\",\"name\":\"Paquetes de grasa y bombas - DCAR - Bauer Kompressoren &amp; Ingersoll Rand\",\"isPartOf\":{\"@id\":\"https:\/\/dc-ar.com.br\/es\/#website\"},\"primaryImageOfPage\":{\"@id\":\"https:\/\/dc-ar.com.br\/es\/store\/aro\/sistemas-de-lubricacion\/paquetes-de-grasa-y-bombas\/#primaryimage\"},\"datePublished\":\"2021-01-13T01:10:28+00:00\",\"dateModified\":\"2021-08-28T16:42:58+00:00\",\"description\":\"Los equipos de lubricaci\\u00f3n Ingersoll Rand\/ARO reflejan los mismos est\\u00e1ndares de alto rendimiento que las herramientas y compresores de aire Ingersoll Rand.\",\"inLanguage\":\"es\",\"potentialAction\":[{\"@type\":\"ReadAction\",\"target\":[\"https:\/\/dc-ar.com.br\/es\/store\/aro\/sistemas-de-lubricacion\/paquetes-de-grasa-y-bombas\/\"]}]}]}<\/script>\n<!-- \/ Yoast SEO plugin. -->","_links":{"self":[{"href":"https:\/\/dc-ar.com.br\/es\/wp-json\/wp\/v2\/product\/2354"}],"collection":[{"href":"https:\/\/dc-ar.com.br\/es\/wp-json\/wp\/v2\/product"}],"about":[{"href":"https:\/\/dc-ar.com.br\/es\/wp-json\/wp\/v2\/types\/product"}],"wp:featuredmedia":[{"embeddable":true,"href":"https:\/\/dc-ar.com.br\/es\/wp-json\/wp\/v2\/media\/2355"}],"wp:attachment":[{"href":"https:\/\/dc-ar.com.br\/es\/wp-json\/wp\/v2\/media?parent=2354"}],"curies":[{"name":"wp","href":"https:\/\/api.w.org\/{rel}","templated":true}]}}