{"id":2048,"date":"2020-12-19T19:25:36","date_gmt":"2020-12-19T21:25:36","guid":{"rendered":"http:\/\/dc-ar.com.br\/es\/?post_type=product&#038;p=2048"},"modified":"2021-08-28T14:57:14","modified_gmt":"2021-08-28T17:57:14","slug":"motores-neumaticos-ingersoll-rand","status":"publish","type":"product","link":"https:\/\/dc-ar.com.br\/es\/store\/ingersoll-rand\/motores-neumaticos-y-de-arranque\/motores-neumaticos-ingersoll-rand\/","title":{"rendered":"Motores neum\u00e1ticos Ingersoll Rand"},"content":{"rendered":"<h2>Series y caracter\u00edsticas:<\/h2>\n<p><img loading=\"lazy\" width=\"800\" height=\"348\" class=\"size-full wp-image-2051\" style=\"max-width: 100%; width: auto;\" src=\"http:\/\/dc-ar.com.br\/es\/wp-content\/uploads\/2020\/12\/motor-pneumatico1.jpg\" srcset=\"https:\/\/dc-ar.com.br\/es\/wp-content\/uploads\/2020\/12\/motor-pneumatico1.jpg 800w, https:\/\/dc-ar.com.br\/es\/wp-content\/uploads\/2020\/12\/motor-pneumatico1-300x131.jpg 300w, https:\/\/dc-ar.com.br\/es\/wp-content\/uploads\/2020\/12\/motor-pneumatico1-768x334.jpg 768w, https:\/\/dc-ar.com.br\/es\/wp-content\/uploads\/2020\/12\/motor-pneumatico1-285x124.jpg 285w, https:\/\/dc-ar.com.br\/es\/wp-content\/uploads\/2020\/12\/motor-pneumatico1-660x287.jpg 660w, https:\/\/dc-ar.com.br\/es\/wp-content\/uploads\/2020\/12\/motor-pneumatico1-150x65.jpg 150w\" sizes=\"(max-width: 800px) 100vw, 800px\" \/><br \/>\n<img loading=\"lazy\" width=\"622\" height=\"400\" class=\"size-full wp-image-2052\" style=\"max-width: 100%; width: auto;\" src=\"http:\/\/dc-ar.com.br\/es\/wp-content\/uploads\/2020\/12\/motor-pneumatico2.jpg\" srcset=\"https:\/\/dc-ar.com.br\/es\/wp-content\/uploads\/2020\/12\/motor-pneumatico2.jpg 622w, https:\/\/dc-ar.com.br\/es\/wp-content\/uploads\/2020\/12\/motor-pneumatico2-300x193.jpg 300w, https:\/\/dc-ar.com.br\/es\/wp-content\/uploads\/2020\/12\/motor-pneumatico2-285x183.jpg 285w, https:\/\/dc-ar.com.br\/es\/wp-content\/uploads\/2020\/12\/motor-pneumatico2-150x96.jpg 150w\" sizes=\"(max-width: 622px) 100vw, 622px\" \/><br \/>\n<img loading=\"lazy\" width=\"631\" height=\"400\" class=\"size-full wp-image-2053\" style=\"max-width: 100%; width: auto;\" src=\"http:\/\/dc-ar.com.br\/es\/wp-content\/uploads\/2020\/12\/motor-pneumatico3.jpg\" srcset=\"https:\/\/dc-ar.com.br\/es\/wp-content\/uploads\/2020\/12\/motor-pneumatico3.jpg 631w, https:\/\/dc-ar.com.br\/es\/wp-content\/uploads\/2020\/12\/motor-pneumatico3-300x190.jpg 300w, https:\/\/dc-ar.com.br\/es\/wp-content\/uploads\/2020\/12\/motor-pneumatico3-285x181.jpg 285w, https:\/\/dc-ar.com.br\/es\/wp-content\/uploads\/2020\/12\/motor-pneumatico3-150x95.jpg 150w\" sizes=\"(max-width: 631px) 100vw, 631px\" \/><br \/>\n<img class=\"size-full wp-image-2056\" style=\"max-width: 100%; width: auto;\" src=\"http:\/\/dc-ar.com.br\/es\/wp-content\/uploads\/2020\/12\/motor-pneumatico4.jpg\" \/><br \/>\n<img loading=\"lazy\" width=\"633\" height=\"400\" class=\"size-full wp-image-2055\" style=\"max-width: 100%; width: auto;\" src=\"http:\/\/dc-ar.com.br\/es\/wp-content\/uploads\/2020\/12\/motor-pneumatico5.jpg\" srcset=\"https:\/\/dc-ar.com.br\/es\/wp-content\/uploads\/2020\/12\/motor-pneumatico5.jpg 633w, https:\/\/dc-ar.com.br\/es\/wp-content\/uploads\/2020\/12\/motor-pneumatico5-300x190.jpg 300w, https:\/\/dc-ar.com.br\/es\/wp-content\/uploads\/2020\/12\/motor-pneumatico5-285x180.jpg 285w, https:\/\/dc-ar.com.br\/es\/wp-content\/uploads\/2020\/12\/motor-pneumatico5-150x95.jpg 150w\" sizes=\"(max-width: 633px) 100vw, 633px\" \/><br \/>\n<img class=\"size-full wp-image-2054\" style=\"max-width: 100%; width: auto;\" src=\"http:\/\/dc-ar.com.br\/es\/wp-content\/uploads\/2020\/12\/motor-pneumatico6.jpg\" \/><\/p>\n","protected":false},"excerpt":{"rendered":"<p>Al crear energ\u00eda pura a partir del entorno natural, los motores neum\u00e1ticos de Ingersoll Rand son alternativas flexibles y eficientes a las fuentes el\u00e9ctricas.<\/p>\n<p>Con velocidades y pares infinitamente variables, los motores neum\u00e1ticos de Ingersoll Rand son perfectos para una amplia gama de aplicaciones industriales de 0,10 a 30 CV, con \u00edndices de velocidad de 23 a 26.000 rpm y con \u00edndices de par de 0,10 a 1090 pies-libra.<\/p>\n<p>Los motores neum\u00e1ticos Ingersoll Rand tampoco se sobrecalientan ni se queman, lo que los convierte en los motores m\u00e1s seguros para operar en condiciones peligrosas.<\/p>\n","protected":false},"featured_media":2050,"template":"","meta":[],"yoast_head":"<!-- This site is optimized with the Yoast SEO plugin v15.6.2 - https:\/\/yoast.com\/wordpress\/plugins\/seo\/ -->\n<title>Motores neum\u00e1ticos Ingersoll Rand - DCAR - Bauer Kompressoren &amp; Ingersoll Rand<\/title>\n<meta name=\"description\" content=\"Al crear energ\u00eda pura a partir del entorno natural, los motores neum\u00e1ticos de Ingersoll Rand son alternativas flexibles y eficientes a las fuentes el\u00e9ctricas.\" \/>\n<meta name=\"robots\" content=\"index, follow, max-snippet:-1, max-image-preview:large, max-video-preview:-1\" \/>\n<link rel=\"canonical\" href=\"https:\/\/dc-ar.com.br\/es\/store\/ingersoll-rand\/motores-neumaticos-y-de-arranque\/motores-neumaticos-ingersoll-rand\/\" \/>\n<meta property=\"og:locale\" content=\"es_ES\" \/>\n<meta property=\"og:type\" content=\"article\" \/>\n<meta property=\"og:title\" content=\"Motores neum\u00e1ticos Ingersoll Rand - DCAR - Bauer Kompressoren &amp; Ingersoll Rand\" \/>\n<meta property=\"og:description\" content=\"Al crear energ\u00eda pura a partir del entorno natural, los motores neum\u00e1ticos de Ingersoll Rand son alternativas flexibles y eficientes a las fuentes el\u00e9ctricas.\" \/>\n<meta property=\"og:url\" content=\"https:\/\/dc-ar.com.br\/es\/store\/ingersoll-rand\/motores-neumaticos-y-de-arranque\/motores-neumaticos-ingersoll-rand\/\" \/>\n<meta property=\"og:site_name\" content=\"DCAR - Bauer Kompressoren &amp; Ingersoll Rand\" \/>\n<meta property=\"article:modified_time\" content=\"2021-08-28T17:57:14+00:00\" \/>\n<meta property=\"og:image\" content=\"https:\/\/dc-ar.com.br\/es\/wp-content\/uploads\/2020\/12\/motor-pneumatico.jpg\" \/>\n\t<meta property=\"og:image:width\" content=\"500\" \/>\n\t<meta property=\"og:image:height\" content=\"500\" \/>\n<meta name=\"twitter:card\" content=\"summary_large_image\" \/>\n<script type=\"application\/ld+json\" class=\"yoast-schema-graph\">{\"@context\":\"https:\/\/schema.org\",\"@graph\":[{\"@type\":\"WebSite\",\"@id\":\"http:\/\/dc-ar.com.br\/es\/#website\",\"url\":\"http:\/\/dc-ar.com.br\/es\/\",\"name\":\"DCAR - Bauer Kompressoren &amp; Ingersoll Rand\",\"description\":\"\",\"potentialAction\":[{\"@type\":\"SearchAction\",\"target\":\"http:\/\/dc-ar.com.br\/es\/?s={search_term_string}\",\"query-input\":\"required name=search_term_string\"}],\"inLanguage\":\"es\"},{\"@type\":\"ImageObject\",\"@id\":\"https:\/\/dc-ar.com.br\/es\/store\/ingersoll-rand\/motores-neumaticos-y-de-arranque\/motores-neumaticos-ingersoll-rand\/#primaryimage\",\"inLanguage\":\"es\",\"url\":\"https:\/\/dc-ar.com.br\/es\/wp-content\/uploads\/2020\/12\/motor-pneumatico.jpg\",\"width\":500,\"height\":500},{\"@type\":\"WebPage\",\"@id\":\"https:\/\/dc-ar.com.br\/es\/store\/ingersoll-rand\/motores-neumaticos-y-de-arranque\/motores-neumaticos-ingersoll-rand\/#webpage\",\"url\":\"https:\/\/dc-ar.com.br\/es\/store\/ingersoll-rand\/motores-neumaticos-y-de-arranque\/motores-neumaticos-ingersoll-rand\/\",\"name\":\"Motores neum\\u00e1ticos Ingersoll Rand - DCAR - Bauer Kompressoren &amp; Ingersoll Rand\",\"isPartOf\":{\"@id\":\"http:\/\/dc-ar.com.br\/es\/#website\"},\"primaryImageOfPage\":{\"@id\":\"https:\/\/dc-ar.com.br\/es\/store\/ingersoll-rand\/motores-neumaticos-y-de-arranque\/motores-neumaticos-ingersoll-rand\/#primaryimage\"},\"datePublished\":\"2020-12-19T21:25:36+00:00\",\"dateModified\":\"2021-08-28T17:57:14+00:00\",\"description\":\"Al crear energ\\u00eda pura a partir del entorno natural, los motores neum\\u00e1ticos de Ingersoll Rand son alternativas flexibles y eficientes a las fuentes el\\u00e9ctricas.\",\"inLanguage\":\"es\",\"potentialAction\":[{\"@type\":\"ReadAction\",\"target\":[\"https:\/\/dc-ar.com.br\/es\/store\/ingersoll-rand\/motores-neumaticos-y-de-arranque\/motores-neumaticos-ingersoll-rand\/\"]}]}]}<\/script>\n<!-- \/ Yoast SEO plugin. -->","_links":{"self":[{"href":"https:\/\/dc-ar.com.br\/es\/wp-json\/wp\/v2\/product\/2048"}],"collection":[{"href":"https:\/\/dc-ar.com.br\/es\/wp-json\/wp\/v2\/product"}],"about":[{"href":"https:\/\/dc-ar.com.br\/es\/wp-json\/wp\/v2\/types\/product"}],"wp:featuredmedia":[{"embeddable":true,"href":"https:\/\/dc-ar.com.br\/es\/wp-json\/wp\/v2\/media\/2050"}],"wp:attachment":[{"href":"https:\/\/dc-ar.com.br\/es\/wp-json\/wp\/v2\/media?parent=2048"}],"curies":[{"name":"wp","href":"https:\/\/api.w.org\/{rel}","templated":true}]}}