{"id":2041,"date":"2020-12-19T19:15:45","date_gmt":"2020-12-19T21:15:45","guid":{"rendered":"http:\/\/dc-ar.com.br\/es\/?post_type=product&#038;p=2041"},"modified":"2021-08-28T14:54:26","modified_gmt":"2021-08-28T17:54:26","slug":"arrancadores-de-motor-ingersoll-rand","status":"publish","type":"product","link":"https:\/\/dc-ar.com.br\/es\/store\/ingersoll-rand\/motores-neumaticos-y-de-arranque\/arrancadores-de-motor-ingersoll-rand\/","title":{"rendered":"Arrancadores de motor Ingersoll Rand"},"content":{"rendered":"<h2>Modelos<\/h2>\n<p><img loading=\"lazy\" width=\"800\" height=\"343\" class=\"size-full wp-image-2043\" style=\"max-width: 100%; width: auto;\" src=\"http:\/\/dc-ar.com.br\/es\/wp-content\/uploads\/2020\/12\/motor-de-arranque2.jpg\" srcset=\"https:\/\/dc-ar.com.br\/es\/wp-content\/uploads\/2020\/12\/motor-de-arranque2.jpg 800w, https:\/\/dc-ar.com.br\/es\/wp-content\/uploads\/2020\/12\/motor-de-arranque2-300x129.jpg 300w, https:\/\/dc-ar.com.br\/es\/wp-content\/uploads\/2020\/12\/motor-de-arranque2-768x329.jpg 768w, https:\/\/dc-ar.com.br\/es\/wp-content\/uploads\/2020\/12\/motor-de-arranque2-285x122.jpg 285w, https:\/\/dc-ar.com.br\/es\/wp-content\/uploads\/2020\/12\/motor-de-arranque2-660x283.jpg 660w, https:\/\/dc-ar.com.br\/es\/wp-content\/uploads\/2020\/12\/motor-de-arranque2-150x64.jpg 150w\" sizes=\"(max-width: 800px) 100vw, 800px\" \/><\/p>\n<p><img loading=\"lazy\" width=\"800\" height=\"314\" class=\"size-full wp-image-2044\" style=\"max-width: 100%; width: auto;\" src=\"http:\/\/dc-ar.com.br\/es\/wp-content\/uploads\/2020\/12\/motor-de-arranque3.jpg\" srcset=\"https:\/\/dc-ar.com.br\/es\/wp-content\/uploads\/2020\/12\/motor-de-arranque3.jpg 800w, https:\/\/dc-ar.com.br\/es\/wp-content\/uploads\/2020\/12\/motor-de-arranque3-300x118.jpg 300w, https:\/\/dc-ar.com.br\/es\/wp-content\/uploads\/2020\/12\/motor-de-arranque3-768x301.jpg 768w, https:\/\/dc-ar.com.br\/es\/wp-content\/uploads\/2020\/12\/motor-de-arranque3-285x112.jpg 285w, https:\/\/dc-ar.com.br\/es\/wp-content\/uploads\/2020\/12\/motor-de-arranque3-660x259.jpg 660w, https:\/\/dc-ar.com.br\/es\/wp-content\/uploads\/2020\/12\/motor-de-arranque3-150x59.jpg 150w\" sizes=\"(max-width: 800px) 100vw, 800px\" \/><\/p>\n<p><img loading=\"lazy\" width=\"800\" height=\"357\" class=\"size-full wp-image-2045\" style=\"max-width: 100%; width: auto;\" src=\"http:\/\/dc-ar.com.br\/es\/wp-content\/uploads\/2020\/12\/motor-de-arranque4.jpg\" srcset=\"https:\/\/dc-ar.com.br\/es\/wp-content\/uploads\/2020\/12\/motor-de-arranque4.jpg 800w, https:\/\/dc-ar.com.br\/es\/wp-content\/uploads\/2020\/12\/motor-de-arranque4-300x134.jpg 300w, https:\/\/dc-ar.com.br\/es\/wp-content\/uploads\/2020\/12\/motor-de-arranque4-768x343.jpg 768w, https:\/\/dc-ar.com.br\/es\/wp-content\/uploads\/2020\/12\/motor-de-arranque4-285x127.jpg 285w, https:\/\/dc-ar.com.br\/es\/wp-content\/uploads\/2020\/12\/motor-de-arranque4-660x295.jpg 660w, https:\/\/dc-ar.com.br\/es\/wp-content\/uploads\/2020\/12\/motor-de-arranque4-150x67.jpg 150w\" sizes=\"(max-width: 800px) 100vw, 800px\" \/><\/p>\n<p>&nbsp;<\/p>\n<h2>Caracter\u00edsticas<\/h2>\n<p>Existe una amplia gama de arrancadores de aire Ingersoll Rand que cumplen con los m\u00e1s altos est\u00e1ndares de calidad del mercado. A diferencia de los arrancadores el\u00e9ctricos, los arrancadores Ingersoll Rand son capaces de generar constantemente las velocidades y los pares necesarios para arrancar los motores industriales en cualquier campo en el que est\u00e9n operando.<\/p>\n<p>Ingersoll Rand ofrece dos tipos de arrancadores de aire, seg\u00fan las necesidades del usuario:<\/p>\n<ul>\n<li style=\"font-weight: 400;\">Arrancadores de turbina<\/li>\n<li style=\"font-weight: 400;\">No requieren lubricaci\u00f3n<\/li>\n<li style=\"font-weight: 400;\">Facilidad de servicio sobre el terreno<\/li>\n<li style=\"font-weight: 400;\">La mejor relaci\u00f3n tama\u00f1o-potencia<\/li>\n<li style=\"font-weight: 400;\">Mayor par a mayor velocidad de trabajo<\/li>\n<li style=\"font-weight: 400;\">Presi\u00f3n de trabajo: 30-120 psi<\/li>\n<li style=\"font-weight: 400;\">Velocidad de hasta 60.000 rpm<\/li>\n<\/ul>\n<p>&nbsp;<\/p>\n<p><strong>Para principiantes:<\/strong><\/p>\n<ul>\n<li>Lubricaci\u00f3n requerida<\/li>\n<li>Mayor par a menor velocidad de trabajo<\/li>\n<li>Par de arranque inferior (75% del par de arranque de un arrancador de turbina equivalente)<\/li>\n<li>El consumo de aire aumenta con el tiempo de uso<\/li>\n<li>Presi\u00f3n de trabajo: 80 &#8211; 250 psi<\/li>\n<li>Velocidad de hasta 6.000 rpm<\/li>\n<\/ul>\n<p>&nbsp;<\/p>\n<p><strong>Algunos de sus modelos m\u00e1s utilizados son:<\/strong><\/p>\n<ul>\n<li style=\"font-weight: 400;\">Modelo Ingersoll Rand 150BM<\/li>\n<li style=\"font-weight: 400;\">Modelo Ingersoll Rand ST400<\/li>\n<li style=\"font-weight: 400;\">Modelo SS800 de Ingersoll Rand<\/li>\n<li style=\"font-weight: 400;\">Modelo Ingersoll Rand ST1000<\/li>\n<li style=\"font-weight: 400;\">Modelo Ingersoll Rand ST499<\/li>\n<\/ul>\n","protected":false},"excerpt":{"rendered":"<p>Los arrancadores de motor Ingersoll Rand est\u00e1n dise\u00f1ados, fabricados y probados para ofrecer un rendimiento \u00f3ptimo durante toda su vida \u00fatil. Los arrancadores Ingersoll Rand son alternativas flexibles y eficientes a las fuentes el\u00e9ctricas.<\/p>\n<p>Estos burros de arranque son perfectos para una amplia gama de aplicaciones industriales y marinas, con opciones para accionamientos de paletas y turbinas, Ingersoll Rand ofrece una amplia gama de m\u00e1s de 200 modelos diferentes de motores de arranque para adaptarse a cualquier industria.<\/p>\n","protected":false},"featured_media":2042,"template":"","meta":[],"yoast_head":"<!-- This site is optimized with the Yoast SEO plugin v15.6.2 - https:\/\/yoast.com\/wordpress\/plugins\/seo\/ -->\n<title>Arrancadores de motor Ingersoll Rand - DCAR - Bauer Kompressoren &amp; Ingersoll Rand<\/title>\n<meta name=\"description\" content=\"Los arrancadores de motor Ingersoll Rand est\u00e1n dise\u00f1ados, fabricados y probados para ofrecer un rendimiento \u00f3ptimo durante toda su vida \u00fatil.\" \/>\n<meta name=\"robots\" content=\"index, follow, max-snippet:-1, max-image-preview:large, max-video-preview:-1\" \/>\n<link rel=\"canonical\" href=\"http:\/\/dc-ar.com.br\/es\/store\/ingersoll-rand\/motores-neumaticos-y-de-arranque\/arrancadores-de-motor-ingersoll-rand\/\" \/>\n<meta property=\"og:locale\" content=\"es_ES\" \/>\n<meta property=\"og:type\" content=\"article\" \/>\n<meta property=\"og:title\" content=\"Arrancadores de motor Ingersoll Rand - DCAR - Bauer Kompressoren &amp; Ingersoll Rand\" \/>\n<meta property=\"og:description\" content=\"Los arrancadores de motor Ingersoll Rand est\u00e1n dise\u00f1ados, fabricados y probados para ofrecer un rendimiento \u00f3ptimo durante toda su vida \u00fatil.\" \/>\n<meta property=\"og:url\" content=\"http:\/\/dc-ar.com.br\/es\/store\/ingersoll-rand\/motores-neumaticos-y-de-arranque\/arrancadores-de-motor-ingersoll-rand\/\" \/>\n<meta property=\"og:site_name\" content=\"DCAR - Bauer Kompressoren &amp; Ingersoll Rand\" \/>\n<meta property=\"article:modified_time\" content=\"2021-08-28T17:54:26+00:00\" \/>\n<meta property=\"og:image\" content=\"https:\/\/dc-ar.com.br\/es\/wp-content\/uploads\/2020\/12\/motor-de-arranque1.jpg\" \/>\n\t<meta property=\"og:image:width\" content=\"500\" \/>\n\t<meta property=\"og:image:height\" content=\"500\" \/>\n<meta name=\"twitter:card\" content=\"summary_large_image\" \/>\n<meta name=\"twitter:label1\" content=\"Tiempo de lectura\">\n\t<meta name=\"twitter:data1\" content=\"2 minutos\">\n<script type=\"application\/ld+json\" class=\"yoast-schema-graph\">{\"@context\":\"https:\/\/schema.org\",\"@graph\":[{\"@type\":\"WebSite\",\"@id\":\"http:\/\/dc-ar.com.br\/es\/#website\",\"url\":\"http:\/\/dc-ar.com.br\/es\/\",\"name\":\"DCAR - Bauer Kompressoren &amp; Ingersoll Rand\",\"description\":\"\",\"potentialAction\":[{\"@type\":\"SearchAction\",\"target\":\"http:\/\/dc-ar.com.br\/es\/?s={search_term_string}\",\"query-input\":\"required name=search_term_string\"}],\"inLanguage\":\"es\"},{\"@type\":\"ImageObject\",\"@id\":\"http:\/\/dc-ar.com.br\/es\/store\/ingersoll-rand\/motores-neumaticos-y-de-arranque\/arrancadores-de-motor-ingersoll-rand\/#primaryimage\",\"inLanguage\":\"es\",\"url\":\"https:\/\/dc-ar.com.br\/es\/wp-content\/uploads\/2020\/12\/motor-de-arranque1.jpg\",\"width\":500,\"height\":500},{\"@type\":\"WebPage\",\"@id\":\"http:\/\/dc-ar.com.br\/es\/store\/ingersoll-rand\/motores-neumaticos-y-de-arranque\/arrancadores-de-motor-ingersoll-rand\/#webpage\",\"url\":\"http:\/\/dc-ar.com.br\/es\/store\/ingersoll-rand\/motores-neumaticos-y-de-arranque\/arrancadores-de-motor-ingersoll-rand\/\",\"name\":\"Arrancadores de motor Ingersoll Rand - DCAR - Bauer Kompressoren &amp; Ingersoll Rand\",\"isPartOf\":{\"@id\":\"http:\/\/dc-ar.com.br\/es\/#website\"},\"primaryImageOfPage\":{\"@id\":\"http:\/\/dc-ar.com.br\/es\/store\/ingersoll-rand\/motores-neumaticos-y-de-arranque\/arrancadores-de-motor-ingersoll-rand\/#primaryimage\"},\"datePublished\":\"2020-12-19T21:15:45+00:00\",\"dateModified\":\"2021-08-28T17:54:26+00:00\",\"description\":\"Los arrancadores de motor Ingersoll Rand est\\u00e1n dise\\u00f1ados, fabricados y probados para ofrecer un rendimiento \\u00f3ptimo durante toda su vida \\u00fatil.\",\"inLanguage\":\"es\",\"potentialAction\":[{\"@type\":\"ReadAction\",\"target\":[\"http:\/\/dc-ar.com.br\/es\/store\/ingersoll-rand\/motores-neumaticos-y-de-arranque\/arrancadores-de-motor-ingersoll-rand\/\"]}]}]}<\/script>\n<!-- \/ Yoast SEO plugin. -->","_links":{"self":[{"href":"https:\/\/dc-ar.com.br\/es\/wp-json\/wp\/v2\/product\/2041"}],"collection":[{"href":"https:\/\/dc-ar.com.br\/es\/wp-json\/wp\/v2\/product"}],"about":[{"href":"https:\/\/dc-ar.com.br\/es\/wp-json\/wp\/v2\/types\/product"}],"wp:featuredmedia":[{"embeddable":true,"href":"https:\/\/dc-ar.com.br\/es\/wp-json\/wp\/v2\/media\/2042"}],"wp:attachment":[{"href":"https:\/\/dc-ar.com.br\/es\/wp-json\/wp\/v2\/media?parent=2041"}],"curies":[{"name":"wp","href":"https:\/\/api.w.org\/{rel}","templated":true}]}}