{"id":2012,"date":"2020-12-19T17:08:08","date_gmt":"2020-12-19T19:08:08","guid":{"rendered":"http:\/\/dc-ar.com.br\/es\/?post_type=product&#038;p=2012"},"modified":"2021-09-18T20:02:08","modified_gmt":"2021-09-18T23:02:08","slug":"llaves-de-impacto-neumaticas-ingersoll-rand","status":"publish","type":"product","link":"https:\/\/dc-ar.com.br\/es\/store\/ingersoll-rand\/herramientas-neumaticas-y-baterias\/llaves-de-impacto-neumaticas-ingersoll-rand\/","title":{"rendered":"Llaves de impacto neum\u00e1ticas Ingersoll Rand"},"content":{"rendered":"<p>Ingersoll Rand tiene una amplia variedad de pistolas de impacto. Dispone de llaves de impacto de todo tipo, llaves peque\u00f1as de 1\/4&#8243; y 3\/8&#8243;, as\u00ed como las populares llaves de impacto de 1\/2&#8243;. \u00a1Hay modelos de hasta 2 1\/2 &#8220;! As\u00ed es como las m\u00e1quinas de par de impacto de Ingersoll Rand satisfacen las necesidades de montaje de todos los sectores: desde la automoci\u00f3n hasta la miner\u00eda y el petr\u00f3leo. Algunos de sus modelos m\u00e1s populares son:<\/p>\n<p>&nbsp;<\/p>\n<h2>Llaves de impacto neum\u00e1ticas de 1\/4&#8243; y 3\/8&#8243;.<\/h2>\n<p><strong>Modelo 2101XPA:<\/strong> peque\u00f1o, ligero y compacto, ideal para tuercas y peque\u00f1os montajes.<br \/>\n<strong>Modelo 216B:<\/strong> llave de impacto recta o de mariposa, ideal para ajustes de dif\u00edcil acceso.<br \/>\n<strong>Modelo 212:<\/strong> su carcasa de aluminio lo hace fiable y duradero, adem\u00e1s de ofrecer una gran ajustabilidad en relaci\u00f3n a su reducido tama\u00f1o. Tambi\u00e9n es ideal para los ajustes de dif\u00edcil acceso.<\/p>\n<p>&nbsp;<\/p>\n<h2>Llaves de impacto neum\u00e1ticas de 1\/2&#8243;<\/h2>\n<p><strong>Modelo 231C:<\/strong> La llave de impacto neum\u00e1tica Ingersoll Rand 231C es el modelo m\u00e1s popular del mercado. Su versatilidad, durabilidad y potencia se combinan perfectamente con un precio espectacularmente barato para las prestaciones que ofrece. \u00bfTiene dudas sobre nuestra relaci\u00f3n calidad-precio? Recoja una pistola de impacto 231C y compruebe nuestra calidad.<br \/>\n<strong>Modelo 2130:<\/strong> la evoluci\u00f3n de la llave de impacto neum\u00e1tica 231C. Tiene las mismas caracter\u00edsticas, salvo que su carcasa de fibra de vidrio nos da una pistola de impacto m\u00e1s ligera y, por tanto, m\u00e1s ergon\u00f3mica.<\/p>\n<p>&nbsp;<\/p>\n<h2>Llaves de impacto neum\u00e1ticas de 3\/4&#8243; y 1&#8243;<\/h2>\n<p><strong>Modelos 261 y 271:<\/strong> en estos modelos no queda ning\u00fan tornillo suelto. Su incre\u00edble robustez y potencia hacen que estas llaves de impacto de Ingersoll Rand sean la primera opci\u00f3n en las industrias del petr\u00f3leo, la miner\u00eda y la agroindustria.<\/p>\n<p>&nbsp;<\/p>\n<h2>Llaves de carraca neum\u00e1ticas<\/h2>\n<p>Las llaves de carraca neum\u00e1ticas Ingersoll Rand ofrecen fiabilidad y durabilidad, dos caracter\u00edsticas indispensables para la producci\u00f3n industrial. Cuentan con un regulador de potencia patentado que le proporcionar\u00e1 un trabajo totalmente ergon\u00f3mico, adapt\u00e1ndose as\u00ed a las normas internacionales m\u00e1s exigentes. Las llaves de carraca Ingersoll Rand tienen acceso a los lugares de trabajo m\u00e1s inc\u00f3modos debido a su larga longitud calculada.<\/p>\n","protected":false},"excerpt":{"rendered":"<p>Las llaves de impacto neum\u00e1ticas Ingersoll Rand son de gran valor para diferentes empresas del sector industrial debido a su gran robustez y fiabilidad.<\/p>\n<p>Nuestras llaves de impacto neum\u00e1ticas ofrecen la mejor relaci\u00f3n potencia-peso del mercado y garantizan una resistencia inigualable. Las llaves de impacto IR son una excelente inversi\u00f3n ya que garantizan herramientas que duran al menos 15 a\u00f1os, siendo pistolas de impacto que requieren muy poco mantenimiento.<\/p>\n<p>No s\u00f3lo tenemos las herramientas m\u00e1s resistentes, sino tambi\u00e9n la m\u00e1s amplia gama de llaves dinamom\u00e9tricas de impacto.<\/p>\n","protected":false},"featured_media":2033,"template":"","meta":[],"yoast_head":"<!-- This site is optimized with the Yoast SEO plugin v15.6.2 - https:\/\/yoast.com\/wordpress\/plugins\/seo\/ -->\n<title>Llaves de impacto neum\u00e1ticas Ingersoll Rand - DCAR - Bauer Kompressoren &amp; Ingersoll Rand<\/title>\n<meta name=\"description\" content=\"Las llaves de impacto neum\u00e1ticas Ingersoll Rand son de gran valor para diferentes empresas del sector industrial debido a su gran robustez y fiabilidad.\" \/>\n<meta name=\"robots\" content=\"index, follow, max-snippet:-1, max-image-preview:large, max-video-preview:-1\" \/>\n<link rel=\"canonical\" href=\"https:\/\/dc-ar.com.br\/es\/store\/ingersoll-rand\/herramientas-neumaticas-y-baterias\/llaves-de-impacto-neumaticas-ingersoll-rand\/\" \/>\n<meta property=\"og:locale\" content=\"es_ES\" \/>\n<meta property=\"og:type\" content=\"article\" \/>\n<meta property=\"og:title\" content=\"Llaves de impacto neum\u00e1ticas Ingersoll Rand - DCAR - Bauer Kompressoren &amp; Ingersoll Rand\" \/>\n<meta property=\"og:description\" content=\"Las llaves de impacto neum\u00e1ticas Ingersoll Rand son de gran valor para diferentes empresas del sector industrial debido a su gran robustez y fiabilidad.\" \/>\n<meta property=\"og:url\" content=\"https:\/\/dc-ar.com.br\/es\/store\/ingersoll-rand\/herramientas-neumaticas-y-baterias\/llaves-de-impacto-neumaticas-ingersoll-rand\/\" \/>\n<meta property=\"og:site_name\" content=\"DCAR - Bauer Kompressoren &amp; Ingersoll Rand\" \/>\n<meta property=\"article:modified_time\" content=\"2021-09-18T23:02:08+00:00\" \/>\n<meta property=\"og:image\" content=\"https:\/\/dc-ar.com.br\/es\/wp-content\/uploads\/2020\/12\/chave-impacto.jpg\" \/>\n\t<meta property=\"og:image:width\" content=\"500\" \/>\n\t<meta property=\"og:image:height\" content=\"500\" \/>\n<meta name=\"twitter:card\" content=\"summary_large_image\" \/>\n<meta name=\"twitter:label1\" content=\"Tiempo de lectura\">\n\t<meta name=\"twitter:data1\" content=\"2 minutos\">\n<script type=\"application\/ld+json\" class=\"yoast-schema-graph\">{\"@context\":\"https:\/\/schema.org\",\"@graph\":[{\"@type\":\"WebSite\",\"@id\":\"https:\/\/dc-ar.com.br\/es\/#website\",\"url\":\"https:\/\/dc-ar.com.br\/es\/\",\"name\":\"DCAR - Bauer Kompressoren &amp; Ingersoll Rand\",\"description\":\"\",\"potentialAction\":[{\"@type\":\"SearchAction\",\"target\":\"https:\/\/dc-ar.com.br\/es\/?s={search_term_string}\",\"query-input\":\"required name=search_term_string\"}],\"inLanguage\":\"es\"},{\"@type\":\"ImageObject\",\"@id\":\"https:\/\/dc-ar.com.br\/es\/store\/ingersoll-rand\/herramientas-neumaticas-y-baterias\/llaves-de-impacto-neumaticas-ingersoll-rand\/#primaryimage\",\"inLanguage\":\"es\",\"url\":\"https:\/\/dc-ar.com.br\/es\/wp-content\/uploads\/2020\/12\/chave-impacto.jpg\",\"width\":500,\"height\":500},{\"@type\":\"WebPage\",\"@id\":\"https:\/\/dc-ar.com.br\/es\/store\/ingersoll-rand\/herramientas-neumaticas-y-baterias\/llaves-de-impacto-neumaticas-ingersoll-rand\/#webpage\",\"url\":\"https:\/\/dc-ar.com.br\/es\/store\/ingersoll-rand\/herramientas-neumaticas-y-baterias\/llaves-de-impacto-neumaticas-ingersoll-rand\/\",\"name\":\"Llaves de impacto neum\\u00e1ticas Ingersoll Rand - DCAR - Bauer Kompressoren &amp; Ingersoll Rand\",\"isPartOf\":{\"@id\":\"https:\/\/dc-ar.com.br\/es\/#website\"},\"primaryImageOfPage\":{\"@id\":\"https:\/\/dc-ar.com.br\/es\/store\/ingersoll-rand\/herramientas-neumaticas-y-baterias\/llaves-de-impacto-neumaticas-ingersoll-rand\/#primaryimage\"},\"datePublished\":\"2020-12-19T19:08:08+00:00\",\"dateModified\":\"2021-09-18T23:02:08+00:00\",\"description\":\"Las llaves de impacto neum\\u00e1ticas Ingersoll Rand son de gran valor para diferentes empresas del sector industrial debido a su gran robustez y fiabilidad.\",\"inLanguage\":\"es\",\"potentialAction\":[{\"@type\":\"ReadAction\",\"target\":[\"https:\/\/dc-ar.com.br\/es\/store\/ingersoll-rand\/herramientas-neumaticas-y-baterias\/llaves-de-impacto-neumaticas-ingersoll-rand\/\"]}]}]}<\/script>\n<!-- \/ Yoast SEO plugin. -->","_links":{"self":[{"href":"https:\/\/dc-ar.com.br\/es\/wp-json\/wp\/v2\/product\/2012"}],"collection":[{"href":"https:\/\/dc-ar.com.br\/es\/wp-json\/wp\/v2\/product"}],"about":[{"href":"https:\/\/dc-ar.com.br\/es\/wp-json\/wp\/v2\/types\/product"}],"wp:featuredmedia":[{"embeddable":true,"href":"https:\/\/dc-ar.com.br\/es\/wp-json\/wp\/v2\/media\/2033"}],"wp:attachment":[{"href":"https:\/\/dc-ar.com.br\/es\/wp-json\/wp\/v2\/media?parent=2012"}],"curies":[{"name":"wp","href":"https:\/\/api.w.org\/{rel}","templated":true}]}}