{"id":2005,"date":"2020-12-19T17:00:26","date_gmt":"2020-12-19T19:00:26","guid":{"rendered":"http:\/\/dc-ar.com.br\/es\/?post_type=product&#038;p=2005"},"modified":"2021-09-18T19:55:46","modified_gmt":"2021-09-18T22:55:46","slug":"llave-de-impacto-a-bateria-ingersoll-rand","status":"publish","type":"product","link":"https:\/\/dc-ar.com.br\/es\/store\/ingersoll-rand\/herramientas-neumaticas-y-baterias\/llave-de-impacto-a-bateria-ingersoll-rand\/","title":{"rendered":"Llave de impacto a bater\u00eda Ingersoll Rand"},"content":{"rendered":"<h2>Descripci\u00f3n<\/h2>\n<ul>\n<li style=\"font-weight: 400;\"><strong>Acceso:<\/strong> con las luces LED de las llaves de impacto inal\u00e1mbricas Ingersoll Rand, podr\u00e1 ver f\u00e1cilmente en la oscuridad y en lugares de dif\u00edcil acceso sin tener que trabajar con una fuente de luz adicional.<\/li>\n<li style=\"font-weight: 400;\"><strong>Mayor productividad:<\/strong> Con un anillo de sujeci\u00f3n de accionamiento cuadrado y un yunque hexagonal de cambio r\u00e1pido, puede cambiar accesorios y piezas r\u00e1pidamente sin sacrificar la velocidad o la eficiencia.<\/li>\n<li style=\"font-weight: 400;\"><strong>Ideal para la preparaci\u00f3n de veh\u00edculos:<\/strong> Estas pistolas de impacto son ideales para cambiar neum\u00e1ticos y realizar ajustes en lugares de dif\u00edcil acceso, ya que tienen mayor alcance y acceso.<\/li>\n<\/ul>\n<p>&nbsp;<\/p>\n<h2>Kits disponibles<\/h2>\n<ul>\n<li style=\"font-weight: 400;\">W5111-K12 Pistola de impacto inal\u00e1mbrica con vaso hexagonal de 1\/4&#8243;, cargador BC1121, 1 bater\u00eda de iones de litio BL2012 y malet\u00edn.<\/li>\n<li style=\"font-weight: 400;\">W5111-K22 Llave de impacto inal\u00e1mbrica de 1\/4&#8243;, cargador BC1121, 2 bater\u00edas de Li-Ion BL2012 y malet\u00edn.<\/li>\n<li style=\"font-weight: 400;\">W5131-K12 Llave de impacto inal\u00e1mbrica con vaso hexagonal de 3\/8&#8243;, cargador BC1121, 1 bater\u00eda de iones de litio BL2012 y estuche.<\/li>\n<li style=\"font-weight: 400;\">W5131P-K22 Llave de 3\/8&#8243;, cargador BC1121, 2 bater\u00edas de iones de litio BL2012 y estuche.<\/li>\n<li style=\"font-weight: 400;\">W5151P-K12 Llave de impacto sin cable de 1\/2&#8243;, cargador BC1121, 1 bater\u00eda de iones de litio BL2012 y estuche.<\/li>\n<li style=\"font-weight: 400;\">W5151P-K22 Llave de impacto sin cable de 1\/2&#8243;, cargador BC1121, 2 bater\u00edas de iones de litio BL2012 y estuche.<\/li>\n<\/ul>\n","protected":false},"excerpt":{"rendered":"<p>Las llaves de impacto a bater\u00eda Ingersoll Rand son ideales para su taller y su l\u00ednea de producci\u00f3n.<\/p>\n<p>Este tipo de llaves de impacto cuentan con bater\u00edas de litio de m\u00e1xima duraci\u00f3n, lo que le permitir\u00e1 trabajar durante horas sin tener que cambiarlas. Al mismo tiempo, la gran variedad de modelos que ofrece Ingersoll Rand le permitir\u00e1 resolver cualquier problema de montaje que pueda surgir: Hay llaves de impacto de 1\/2&#8243;, 3\/4&#8243; e incluso de 1&#8243;.<\/p>\n<p>Tambi\u00e9n disponemos de peque\u00f1as llaves de impacto hexagonales de 3\/8&#8243; y 1\/4&#8243;.<\/p>\n","protected":false},"featured_media":2006,"template":"","meta":[],"yoast_head":"<!-- This site is optimized with the Yoast SEO plugin v15.6.2 - https:\/\/yoast.com\/wordpress\/plugins\/seo\/ -->\n<title>Llave de impacto a bater\u00eda Ingersoll Rand - DCAR - Bauer Kompressoren &amp; Ingersoll Rand<\/title>\n<meta name=\"description\" content=\"Las llaves de impacto a bater\u00eda Ingersoll Rand son ideales para su taller y su l\u00ednea de producci\u00f3n.\" \/>\n<meta name=\"robots\" content=\"index, follow, max-snippet:-1, max-image-preview:large, max-video-preview:-1\" \/>\n<link rel=\"canonical\" href=\"https:\/\/dc-ar.com.br\/es\/store\/ingersoll-rand\/herramientas-neumaticas-y-baterias\/llave-de-impacto-a-bateria-ingersoll-rand\/\" \/>\n<meta property=\"og:locale\" content=\"es_ES\" \/>\n<meta property=\"og:type\" content=\"article\" \/>\n<meta property=\"og:title\" content=\"Llave de impacto a bater\u00eda Ingersoll Rand - DCAR - Bauer Kompressoren &amp; Ingersoll Rand\" \/>\n<meta property=\"og:description\" content=\"Las llaves de impacto a bater\u00eda Ingersoll Rand son ideales para su taller y su l\u00ednea de producci\u00f3n.\" \/>\n<meta property=\"og:url\" content=\"https:\/\/dc-ar.com.br\/es\/store\/ingersoll-rand\/herramientas-neumaticas-y-baterias\/llave-de-impacto-a-bateria-ingersoll-rand\/\" \/>\n<meta property=\"og:site_name\" content=\"DCAR - Bauer Kompressoren &amp; Ingersoll Rand\" \/>\n<meta property=\"article:modified_time\" content=\"2021-09-18T22:55:46+00:00\" \/>\n<meta property=\"og:image\" content=\"https:\/\/dc-ar.com.br\/es\/wp-content\/uploads\/2020\/12\/Chaves-de-impacto1.jpg\" \/>\n\t<meta property=\"og:image:width\" content=\"500\" \/>\n\t<meta property=\"og:image:height\" content=\"500\" \/>\n<meta name=\"twitter:card\" content=\"summary_large_image\" \/>\n<meta name=\"twitter:label1\" content=\"Tiempo de lectura\">\n\t<meta name=\"twitter:data1\" content=\"1 minuto\">\n<script type=\"application\/ld+json\" class=\"yoast-schema-graph\">{\"@context\":\"https:\/\/schema.org\",\"@graph\":[{\"@type\":\"WebSite\",\"@id\":\"http:\/\/dc-ar.com.br\/es\/#website\",\"url\":\"http:\/\/dc-ar.com.br\/es\/\",\"name\":\"DCAR - Bauer Kompressoren &amp; Ingersoll Rand\",\"description\":\"\",\"potentialAction\":[{\"@type\":\"SearchAction\",\"target\":\"http:\/\/dc-ar.com.br\/es\/?s={search_term_string}\",\"query-input\":\"required name=search_term_string\"}],\"inLanguage\":\"es\"},{\"@type\":\"ImageObject\",\"@id\":\"https:\/\/dc-ar.com.br\/es\/store\/ingersoll-rand\/herramientas-neumaticas-y-baterias\/llave-de-impacto-a-bateria-ingersoll-rand\/#primaryimage\",\"inLanguage\":\"es\",\"url\":\"https:\/\/dc-ar.com.br\/es\/wp-content\/uploads\/2020\/12\/Chaves-de-impacto1.jpg\",\"width\":500,\"height\":500},{\"@type\":\"WebPage\",\"@id\":\"https:\/\/dc-ar.com.br\/es\/store\/ingersoll-rand\/herramientas-neumaticas-y-baterias\/llave-de-impacto-a-bateria-ingersoll-rand\/#webpage\",\"url\":\"https:\/\/dc-ar.com.br\/es\/store\/ingersoll-rand\/herramientas-neumaticas-y-baterias\/llave-de-impacto-a-bateria-ingersoll-rand\/\",\"name\":\"Llave de impacto a bater\\u00eda Ingersoll Rand - DCAR - Bauer Kompressoren &amp; Ingersoll Rand\",\"isPartOf\":{\"@id\":\"http:\/\/dc-ar.com.br\/es\/#website\"},\"primaryImageOfPage\":{\"@id\":\"https:\/\/dc-ar.com.br\/es\/store\/ingersoll-rand\/herramientas-neumaticas-y-baterias\/llave-de-impacto-a-bateria-ingersoll-rand\/#primaryimage\"},\"datePublished\":\"2020-12-19T19:00:26+00:00\",\"dateModified\":\"2021-09-18T22:55:46+00:00\",\"description\":\"Las llaves de impacto a bater\\u00eda Ingersoll Rand son ideales para su taller y su l\\u00ednea de producci\\u00f3n.\",\"inLanguage\":\"es\",\"potentialAction\":[{\"@type\":\"ReadAction\",\"target\":[\"https:\/\/dc-ar.com.br\/es\/store\/ingersoll-rand\/herramientas-neumaticas-y-baterias\/llave-de-impacto-a-bateria-ingersoll-rand\/\"]}]}]}<\/script>\n<!-- \/ Yoast SEO plugin. -->","_links":{"self":[{"href":"https:\/\/dc-ar.com.br\/es\/wp-json\/wp\/v2\/product\/2005"}],"collection":[{"href":"https:\/\/dc-ar.com.br\/es\/wp-json\/wp\/v2\/product"}],"about":[{"href":"https:\/\/dc-ar.com.br\/es\/wp-json\/wp\/v2\/types\/product"}],"wp:featuredmedia":[{"embeddable":true,"href":"https:\/\/dc-ar.com.br\/es\/wp-json\/wp\/v2\/media\/2006"}],"wp:attachment":[{"href":"https:\/\/dc-ar.com.br\/es\/wp-json\/wp\/v2\/media?parent=2005"}],"curies":[{"name":"wp","href":"https:\/\/api.w.org\/{rel}","templated":true}]}}