{"id":1993,"date":"2020-12-19T14:48:16","date_gmt":"2020-12-19T16:48:16","guid":{"rendered":"http:\/\/dc-ar.com.br\/es\/?post_type=product&#038;p=1993"},"modified":"2021-09-18T20:10:26","modified_gmt":"2021-09-18T23:10:26","slug":"taladros-neumaticos","status":"publish","type":"product","link":"https:\/\/dc-ar.com.br\/es\/store\/ingersoll-rand\/herramientas-neumaticas-y-baterias\/taladros-neumaticos\/","title":{"rendered":"Taladros neum\u00e1ticos"},"content":{"rendered":"<h2>Autom\u00f3viles<\/h2>\n<p><img loading=\"lazy\" width=\"573\" height=\"674\" class=\"size-full wp-image-1995\" style=\"max-width: 100%; width: auto;\" src=\"http:\/\/dc-ar.com.br\/es\/wp-content\/uploads\/2020\/12\/Brocas-Pneumaticas1.jpg\" alt=\"Brocas Pneum\u00e1ticas\" srcset=\"https:\/\/dc-ar.com.br\/es\/wp-content\/uploads\/2020\/12\/Brocas-Pneumaticas1.jpg 573w, https:\/\/dc-ar.com.br\/es\/wp-content\/uploads\/2020\/12\/Brocas-Pneumaticas1-255x300.jpg 255w, https:\/\/dc-ar.com.br\/es\/wp-content\/uploads\/2020\/12\/Brocas-Pneumaticas1-285x335.jpg 285w, https:\/\/dc-ar.com.br\/es\/wp-content\/uploads\/2020\/12\/Brocas-Pneumaticas1-561x660.jpg 561w, https:\/\/dc-ar.com.br\/es\/wp-content\/uploads\/2020\/12\/Brocas-Pneumaticas1-128x150.jpg 128w\" sizes=\"(max-width: 573px) 100vw, 573px\" \/><\/p>\n<p>&nbsp;<\/p>\n<h2>Taladros industriales<\/h2>\n<p><img loading=\"lazy\" width=\"562\" height=\"693\" class=\"size-full wp-image-1996\" style=\"max-width: 100%; width: auto;\" src=\"http:\/\/dc-ar.com.br\/es\/wp-content\/uploads\/2020\/12\/Brocas-Pneumaticas2.jpg\" alt=\"Brocas Pneum\u00e1ticas\" srcset=\"https:\/\/dc-ar.com.br\/es\/wp-content\/uploads\/2020\/12\/Brocas-Pneumaticas2.jpg 562w, https:\/\/dc-ar.com.br\/es\/wp-content\/uploads\/2020\/12\/Brocas-Pneumaticas2-243x300.jpg 243w, https:\/\/dc-ar.com.br\/es\/wp-content\/uploads\/2020\/12\/Brocas-Pneumaticas2-285x351.jpg 285w, https:\/\/dc-ar.com.br\/es\/wp-content\/uploads\/2020\/12\/Brocas-Pneumaticas2-535x660.jpg 535w, https:\/\/dc-ar.com.br\/es\/wp-content\/uploads\/2020\/12\/Brocas-Pneumaticas2-122x150.jpg 122w\" sizes=\"(max-width: 562px) 100vw, 562px\" \/><\/p>\n<p>&nbsp;<\/p>\n<h2>Corte de autom\u00f3viles<\/h2>\n<p><img loading=\"lazy\" width=\"574\" height=\"685\" class=\"size-full wp-image-1997\" style=\"max-width: 100%; width: auto;\" src=\"http:\/\/dc-ar.com.br\/es\/wp-content\/uploads\/2020\/12\/Brocas-Pneumaticas4.jpg\" alt=\"Brocas Pneum\u00e1ticas\" srcset=\"https:\/\/dc-ar.com.br\/es\/wp-content\/uploads\/2020\/12\/Brocas-Pneumaticas4.jpg 574w, https:\/\/dc-ar.com.br\/es\/wp-content\/uploads\/2020\/12\/Brocas-Pneumaticas4-251x300.jpg 251w, https:\/\/dc-ar.com.br\/es\/wp-content\/uploads\/2020\/12\/Brocas-Pneumaticas4-285x340.jpg 285w, https:\/\/dc-ar.com.br\/es\/wp-content\/uploads\/2020\/12\/Brocas-Pneumaticas4-553x660.jpg 553w, https:\/\/dc-ar.com.br\/es\/wp-content\/uploads\/2020\/12\/Brocas-Pneumaticas4-126x150.jpg 126w\" sizes=\"(max-width: 574px) 100vw, 574px\" \/><\/p>\n","protected":false},"excerpt":{"rendered":"<p>Cualquier material, cualquier tama\u00f1o, siempre: el paquete de taladros port\u00e1tiles y accesorios de Ingersoll Rand ofrece la velocidad, la potencia y la precisi\u00f3n necesarias para realizar agujeros reales, d\u00eda tras d\u00eda.<\/p>\n<p>Nuestros taladros port\u00e1tiles se caracterizan por su tama\u00f1o compacto, su ergonom\u00eda superior, su excelente relaci\u00f3n potencia-peso y su durabilidad, que los hacen ideales para aplicaciones de producci\u00f3n y mantenimiento. Elija entre nuestra amplia variedad de modelos, incluyendo taladros modulares en l\u00ednea, angulares y de cabeza plana para satisfacer sus necesidades exactas.<\/p>\n","protected":false},"featured_media":1994,"template":"","meta":[],"yoast_head":"<!-- This site is optimized with the Yoast SEO plugin v15.6.2 - https:\/\/yoast.com\/wordpress\/plugins\/seo\/ -->\n<title>Taladros neum\u00e1ticos - DCAR - Bauer Kompressoren &amp; Ingersoll Rand<\/title>\n<meta name=\"description\" content=\"Cualquier material, cualquier tama\u00f1o, siempre: el paquete de taladros port\u00e1tiles y accesorios de Ingersoll Rand ofrece la velocidad, la potencia y la precisi\u00f3n necesarias para realizar agujeros reales, d\u00eda tras d\u00eda.\" \/>\n<meta name=\"robots\" content=\"index, follow, max-snippet:-1, max-image-preview:large, max-video-preview:-1\" \/>\n<link rel=\"canonical\" href=\"https:\/\/dc-ar.com.br\/es\/store\/ingersoll-rand\/herramientas-neumaticas-y-baterias\/taladros-neumaticos\/\" \/>\n<meta property=\"og:locale\" content=\"es_ES\" \/>\n<meta property=\"og:type\" content=\"article\" \/>\n<meta property=\"og:title\" content=\"Taladros neum\u00e1ticos - DCAR - Bauer Kompressoren &amp; Ingersoll Rand\" \/>\n<meta property=\"og:description\" content=\"Cualquier material, cualquier tama\u00f1o, siempre: el paquete de taladros port\u00e1tiles y accesorios de Ingersoll Rand ofrece la velocidad, la potencia y la precisi\u00f3n necesarias para realizar agujeros reales, d\u00eda tras d\u00eda.\" \/>\n<meta property=\"og:url\" content=\"https:\/\/dc-ar.com.br\/es\/store\/ingersoll-rand\/herramientas-neumaticas-y-baterias\/taladros-neumaticos\/\" \/>\n<meta property=\"og:site_name\" content=\"DCAR - Bauer Kompressoren &amp; Ingersoll Rand\" \/>\n<meta property=\"article:modified_time\" content=\"2021-09-18T23:10:26+00:00\" \/>\n<meta property=\"og:image\" content=\"https:\/\/dc-ar.com.br\/es\/wp-content\/uploads\/2020\/12\/Brocas-Pneumaticas.jpg\" \/>\n\t<meta property=\"og:image:width\" content=\"500\" \/>\n\t<meta property=\"og:image:height\" content=\"500\" \/>\n<meta name=\"twitter:card\" content=\"summary_large_image\" \/>\n<script type=\"application\/ld+json\" class=\"yoast-schema-graph\">{\"@context\":\"https:\/\/schema.org\",\"@graph\":[{\"@type\":\"WebSite\",\"@id\":\"https:\/\/dc-ar.com.br\/es\/#website\",\"url\":\"https:\/\/dc-ar.com.br\/es\/\",\"name\":\"DCAR - Bauer Kompressoren &amp; Ingersoll Rand\",\"description\":\"\",\"potentialAction\":[{\"@type\":\"SearchAction\",\"target\":\"https:\/\/dc-ar.com.br\/es\/?s={search_term_string}\",\"query-input\":\"required name=search_term_string\"}],\"inLanguage\":\"es\"},{\"@type\":\"ImageObject\",\"@id\":\"https:\/\/dc-ar.com.br\/es\/store\/ingersoll-rand\/herramientas-neumaticas-y-baterias\/taladros-neumaticos\/#primaryimage\",\"inLanguage\":\"es\",\"url\":\"https:\/\/dc-ar.com.br\/es\/wp-content\/uploads\/2020\/12\/Brocas-Pneumaticas.jpg\",\"width\":500,\"height\":500},{\"@type\":\"WebPage\",\"@id\":\"https:\/\/dc-ar.com.br\/es\/store\/ingersoll-rand\/herramientas-neumaticas-y-baterias\/taladros-neumaticos\/#webpage\",\"url\":\"https:\/\/dc-ar.com.br\/es\/store\/ingersoll-rand\/herramientas-neumaticas-y-baterias\/taladros-neumaticos\/\",\"name\":\"Taladros neum\\u00e1ticos - DCAR - Bauer Kompressoren &amp; Ingersoll Rand\",\"isPartOf\":{\"@id\":\"https:\/\/dc-ar.com.br\/es\/#website\"},\"primaryImageOfPage\":{\"@id\":\"https:\/\/dc-ar.com.br\/es\/store\/ingersoll-rand\/herramientas-neumaticas-y-baterias\/taladros-neumaticos\/#primaryimage\"},\"datePublished\":\"2020-12-19T16:48:16+00:00\",\"dateModified\":\"2021-09-18T23:10:26+00:00\",\"description\":\"Cualquier material, cualquier tama\\u00f1o, siempre: el paquete de taladros port\\u00e1tiles y accesorios de Ingersoll Rand ofrece la velocidad, la potencia y la precisi\\u00f3n necesarias para realizar agujeros reales, d\\u00eda tras d\\u00eda.\",\"inLanguage\":\"es\",\"potentialAction\":[{\"@type\":\"ReadAction\",\"target\":[\"https:\/\/dc-ar.com.br\/es\/store\/ingersoll-rand\/herramientas-neumaticas-y-baterias\/taladros-neumaticos\/\"]}]}]}<\/script>\n<!-- \/ Yoast SEO plugin. -->","_links":{"self":[{"href":"https:\/\/dc-ar.com.br\/es\/wp-json\/wp\/v2\/product\/1993"}],"collection":[{"href":"https:\/\/dc-ar.com.br\/es\/wp-json\/wp\/v2\/product"}],"about":[{"href":"https:\/\/dc-ar.com.br\/es\/wp-json\/wp\/v2\/types\/product"}],"wp:featuredmedia":[{"embeddable":true,"href":"https:\/\/dc-ar.com.br\/es\/wp-json\/wp\/v2\/media\/1994"}],"wp:attachment":[{"href":"https:\/\/dc-ar.com.br\/es\/wp-json\/wp\/v2\/media?parent=1993"}],"curies":[{"name":"wp","href":"https:\/\/api.w.org\/{rel}","templated":true}]}}