{"id":1973,"date":"2020-12-19T14:08:10","date_gmt":"2020-12-19T16:08:10","guid":{"rendered":"http:\/\/dc-ar.com.br\/es\/?post_type=product&#038;p=1973"},"modified":"2021-08-28T15:06:33","modified_gmt":"2021-08-28T18:06:33","slug":"polipastos-electricos","status":"publish","type":"product","link":"https:\/\/dc-ar.com.br\/es\/store\/ingersoll-rand\/aparejos-y-malacates\/polipastos-electricos\/","title":{"rendered":"Polipastos el\u00e9ctricos"},"content":{"rendered":"<h2>Caracter\u00edsticas<\/h2>\n<ul>\n<li style=\"font-weight: 400;\">Clasificaci\u00f3n de ciclo de trabajo H4 (m\u00ednimo 2m FEM \/ M5 ISO) dise\u00f1ada para aplicaciones industriales y de fabricaci\u00f3n.<\/li>\n<li style=\"font-weight: 400;\">Motor incorporado con aletas de refrigeraci\u00f3n y rueda de ventilador para reducir la temperatura de funcionamiento y el tiempo de desmontaje.<\/li>\n<li style=\"font-weight: 400;\">Dise\u00f1o modular con caja de cambios intercambiable para reducir el tiempo de mantenimiento, las piezas y la complejidad.<\/li>\n<li style=\"font-weight: 400;\">Su perfil extremadamente ligero y compacto permite una instalaci\u00f3n y retirada m\u00e1s r\u00e1pida y segura; ideal para aplicaciones m\u00f3viles.<\/li>\n<li style=\"font-weight: 400;\">El grado de protecci\u00f3n IP65 con desag\u00fces integrados ofrece resistencia al agua y protecci\u00f3n contra el polvo; ideal para uso en exteriores.<\/li>\n<li style=\"font-weight: 400;\">Nuevo perfil de cadena a medida con revestimiento de fosfato de magnesio para una mayor resistencia a la corrosi\u00f3n y una larga vida \u00fatil.<\/li>\n<li style=\"font-weight: 400;\">Engranaje helicoidal de 3 etapas para un funcionamiento silencioso.<\/li>\n<li style=\"font-weight: 400;\">Caja de cambios cerrada con lubricaci\u00f3n permanente.<\/li>\n<li style=\"font-weight: 400;\">Disponible el soporte de gancho, el soporte de enganche, el carro de empuje\/tracci\u00f3n y las suspensiones superiores del carro motorizado.<\/li>\n<li style=\"font-weight: 400;\">Configuraciones personalizadas disponibles (certificaci\u00f3n ATEX, grado alimentario, t\u00e1ndem, VFD, turbina e\u00f3lica personalizada, etc.).<\/li>\n<li style=\"font-weight: 400;\">5: 1 de seguridad.<\/li>\n<\/ul>\n<p>&nbsp;<\/p>\n<p><img loading=\"lazy\" width=\"800\" height=\"363\" class=\"size-full wp-image-1976\" style=\"max-width: 100%; width: auto;\" src=\"http:\/\/dc-ar.com.br\/es\/wp-content\/uploads\/2020\/12\/plataforma-aletrica2.jpg\" alt=\"Plataformas el\u00e9tricas\" srcset=\"https:\/\/dc-ar.com.br\/es\/wp-content\/uploads\/2020\/12\/plataforma-aletrica2.jpg 800w, https:\/\/dc-ar.com.br\/es\/wp-content\/uploads\/2020\/12\/plataforma-aletrica2-300x136.jpg 300w, https:\/\/dc-ar.com.br\/es\/wp-content\/uploads\/2020\/12\/plataforma-aletrica2-768x348.jpg 768w, https:\/\/dc-ar.com.br\/es\/wp-content\/uploads\/2020\/12\/plataforma-aletrica2-285x129.jpg 285w, https:\/\/dc-ar.com.br\/es\/wp-content\/uploads\/2020\/12\/plataforma-aletrica2-660x299.jpg 660w, https:\/\/dc-ar.com.br\/es\/wp-content\/uploads\/2020\/12\/plataforma-aletrica2-150x68.jpg 150w\" sizes=\"(max-width: 800px) 100vw, 800px\" \/><\/p>\n<p>&nbsp;<\/p>\n<h2><strong>Modelos<\/strong><\/h2>\n<p><img loading=\"lazy\" width=\"800\" height=\"344\" class=\"size-full wp-image-1977\" style=\"max-width: 100%; width: auto;\" src=\"http:\/\/dc-ar.com.br\/es\/wp-content\/uploads\/2020\/12\/plataforma-aletrica3.jpg\" alt=\"Plataformas el\u00e9tricas\" srcset=\"https:\/\/dc-ar.com.br\/es\/wp-content\/uploads\/2020\/12\/plataforma-aletrica3.jpg 800w, https:\/\/dc-ar.com.br\/es\/wp-content\/uploads\/2020\/12\/plataforma-aletrica3-300x129.jpg 300w, https:\/\/dc-ar.com.br\/es\/wp-content\/uploads\/2020\/12\/plataforma-aletrica3-768x330.jpg 768w, https:\/\/dc-ar.com.br\/es\/wp-content\/uploads\/2020\/12\/plataforma-aletrica3-285x123.jpg 285w, https:\/\/dc-ar.com.br\/es\/wp-content\/uploads\/2020\/12\/plataforma-aletrica3-660x284.jpg 660w, https:\/\/dc-ar.com.br\/es\/wp-content\/uploads\/2020\/12\/plataforma-aletrica3-150x65.jpg 150w\" sizes=\"(max-width: 800px) 100vw, 800px\" \/><\/p>\n","protected":false},"excerpt":{"rendered":"<p>Los nuevos polipastos de la serie ELK que ofrecen durabilidad, modularidad y flexibilidad en un dise\u00f1o extremadamente ligero y moderno.<\/p>\n<p>El polipasto ELK, fabricado para cumplir con la clasificaci\u00f3n de ciclo de trabajo H4, est\u00e1 dise\u00f1ado para aplicaciones industriales dif\u00edciles.<\/p>\n","protected":false},"featured_media":1974,"template":"","meta":[],"yoast_head":"<!-- This site is optimized with the Yoast SEO plugin v15.6.2 - https:\/\/yoast.com\/wordpress\/plugins\/seo\/ -->\n<title>Polipastos el\u00e9ctricos - DCAR - Bauer Kompressoren &amp; Ingersoll Rand<\/title>\n<meta name=\"description\" content=\"Los nuevos polipastos de la serie ELK que ofrecen durabilidad, modularidad y flexibilidad en un dise\u00f1o extremadamente ligero y moderno.\" \/>\n<meta name=\"robots\" content=\"index, follow, max-snippet:-1, max-image-preview:large, max-video-preview:-1\" \/>\n<link rel=\"canonical\" href=\"https:\/\/dc-ar.com.br\/es\/store\/ingersoll-rand\/aparejos-y-malacates\/polipastos-electricos\/\" \/>\n<meta property=\"og:locale\" content=\"es_ES\" \/>\n<meta property=\"og:type\" content=\"article\" \/>\n<meta property=\"og:title\" content=\"Polipastos el\u00e9ctricos - DCAR - Bauer Kompressoren &amp; Ingersoll Rand\" \/>\n<meta property=\"og:description\" content=\"Los nuevos polipastos de la serie ELK que ofrecen durabilidad, modularidad y flexibilidad en un dise\u00f1o extremadamente ligero y moderno.\" \/>\n<meta property=\"og:url\" content=\"https:\/\/dc-ar.com.br\/es\/store\/ingersoll-rand\/aparejos-y-malacates\/polipastos-electricos\/\" \/>\n<meta property=\"og:site_name\" content=\"DCAR - Bauer Kompressoren &amp; Ingersoll Rand\" \/>\n<meta property=\"article:modified_time\" content=\"2021-08-28T18:06:33+00:00\" \/>\n<meta property=\"og:image\" content=\"https:\/\/dc-ar.com.br\/es\/wp-content\/uploads\/2020\/12\/plataforma-aletrica.jpg\" \/>\n\t<meta property=\"og:image:width\" content=\"500\" \/>\n\t<meta property=\"og:image:height\" content=\"500\" \/>\n<meta name=\"twitter:card\" content=\"summary_large_image\" \/>\n<meta name=\"twitter:label1\" content=\"Tiempo de lectura\">\n\t<meta name=\"twitter:data1\" content=\"2 minutos\">\n<script type=\"application\/ld+json\" class=\"yoast-schema-graph\">{\"@context\":\"https:\/\/schema.org\",\"@graph\":[{\"@type\":\"WebSite\",\"@id\":\"https:\/\/dc-ar.com.br\/es\/#website\",\"url\":\"https:\/\/dc-ar.com.br\/es\/\",\"name\":\"DCAR - Bauer Kompressoren &amp; Ingersoll Rand\",\"description\":\"\",\"potentialAction\":[{\"@type\":\"SearchAction\",\"target\":\"https:\/\/dc-ar.com.br\/es\/?s={search_term_string}\",\"query-input\":\"required name=search_term_string\"}],\"inLanguage\":\"es\"},{\"@type\":\"ImageObject\",\"@id\":\"https:\/\/dc-ar.com.br\/es\/store\/ingersoll-rand\/aparejos-y-malacates\/polipastos-electricos\/#primaryimage\",\"inLanguage\":\"es\",\"url\":\"https:\/\/dc-ar.com.br\/es\/wp-content\/uploads\/2020\/12\/plataforma-aletrica.jpg\",\"width\":500,\"height\":500},{\"@type\":\"WebPage\",\"@id\":\"https:\/\/dc-ar.com.br\/es\/store\/ingersoll-rand\/aparejos-y-malacates\/polipastos-electricos\/#webpage\",\"url\":\"https:\/\/dc-ar.com.br\/es\/store\/ingersoll-rand\/aparejos-y-malacates\/polipastos-electricos\/\",\"name\":\"Polipastos el\\u00e9ctricos - DCAR - Bauer Kompressoren &amp; Ingersoll Rand\",\"isPartOf\":{\"@id\":\"https:\/\/dc-ar.com.br\/es\/#website\"},\"primaryImageOfPage\":{\"@id\":\"https:\/\/dc-ar.com.br\/es\/store\/ingersoll-rand\/aparejos-y-malacates\/polipastos-electricos\/#primaryimage\"},\"datePublished\":\"2020-12-19T16:08:10+00:00\",\"dateModified\":\"2021-08-28T18:06:33+00:00\",\"description\":\"Los nuevos polipastos de la serie ELK que ofrecen durabilidad, modularidad y flexibilidad en un dise\\u00f1o extremadamente ligero y moderno.\",\"inLanguage\":\"es\",\"potentialAction\":[{\"@type\":\"ReadAction\",\"target\":[\"https:\/\/dc-ar.com.br\/es\/store\/ingersoll-rand\/aparejos-y-malacates\/polipastos-electricos\/\"]}]}]}<\/script>\n<!-- \/ Yoast SEO plugin. -->","_links":{"self":[{"href":"https:\/\/dc-ar.com.br\/es\/wp-json\/wp\/v2\/product\/1973"}],"collection":[{"href":"https:\/\/dc-ar.com.br\/es\/wp-json\/wp\/v2\/product"}],"about":[{"href":"https:\/\/dc-ar.com.br\/es\/wp-json\/wp\/v2\/types\/product"}],"wp:featuredmedia":[{"embeddable":true,"href":"https:\/\/dc-ar.com.br\/es\/wp-json\/wp\/v2\/media\/1974"}],"wp:attachment":[{"href":"https:\/\/dc-ar.com.br\/es\/wp-json\/wp\/v2\/media?parent=1973"}],"curies":[{"name":"wp","href":"https:\/\/api.w.org\/{rel}","templated":true}]}}