{"id":1963,"date":"2020-12-19T14:01:17","date_gmt":"2020-12-19T16:01:17","guid":{"rendered":"http:\/\/dc-ar.com.br\/es\/?post_type=product&#038;p=1963"},"modified":"2021-08-28T15:03:02","modified_gmt":"2021-08-28T18:03:02","slug":"cabrestantes-neumaticos","status":"publish","type":"product","link":"https:\/\/dc-ar.com.br\/es\/store\/ingersoll-rand\/aparejos-y-malacates\/cabrestantes-neumaticos\/","title":{"rendered":"Cabrestantes neum\u00e1ticos"},"content":{"rendered":"<p><img loading=\"lazy\" width=\"739\" height=\"400\" class=\"size-full wp-image-1965\" style=\"max-width: 100%; width: auto;\" src=\"http:\/\/dc-ar.com.br\/es\/wp-content\/uploads\/2020\/12\/guincho-pneumatico2.jpg\" alt=\"Guinchos pneum\u00e1ticos Ingersoll Rand\" srcset=\"https:\/\/dc-ar.com.br\/es\/wp-content\/uploads\/2020\/12\/guincho-pneumatico2.jpg 739w, https:\/\/dc-ar.com.br\/es\/wp-content\/uploads\/2020\/12\/guincho-pneumatico2-300x162.jpg 300w, https:\/\/dc-ar.com.br\/es\/wp-content\/uploads\/2020\/12\/guincho-pneumatico2-285x154.jpg 285w, https:\/\/dc-ar.com.br\/es\/wp-content\/uploads\/2020\/12\/guincho-pneumatico2-660x357.jpg 660w, https:\/\/dc-ar.com.br\/es\/wp-content\/uploads\/2020\/12\/guincho-pneumatico2-150x81.jpg 150w\" sizes=\"(max-width: 739px) 100vw, 739px\" \/><\/p>\n<p><img loading=\"lazy\" width=\"800\" height=\"369\" class=\"size-full wp-image-1966\" style=\"max-width: 100%; width: auto;\" src=\"http:\/\/dc-ar.com.br\/es\/wp-content\/uploads\/2020\/12\/guincho-pneumatico3.jpg\" alt=\"Guinchos pneum\u00e1ticos Ingersoll Rand\" srcset=\"https:\/\/dc-ar.com.br\/es\/wp-content\/uploads\/2020\/12\/guincho-pneumatico3.jpg 800w, https:\/\/dc-ar.com.br\/es\/wp-content\/uploads\/2020\/12\/guincho-pneumatico3-300x138.jpg 300w, https:\/\/dc-ar.com.br\/es\/wp-content\/uploads\/2020\/12\/guincho-pneumatico3-768x354.jpg 768w, https:\/\/dc-ar.com.br\/es\/wp-content\/uploads\/2020\/12\/guincho-pneumatico3-285x131.jpg 285w, https:\/\/dc-ar.com.br\/es\/wp-content\/uploads\/2020\/12\/guincho-pneumatico3-660x304.jpg 660w, https:\/\/dc-ar.com.br\/es\/wp-content\/uploads\/2020\/12\/guincho-pneumatico3-150x69.jpg 150w\" sizes=\"(max-width: 800px) 100vw, 800px\" \/><\/p>\n<p><img loading=\"lazy\" width=\"752\" height=\"400\" class=\"size-full wp-image-1967\" style=\"max-width: 100%; width: auto;\" src=\"http:\/\/dc-ar.com.br\/es\/wp-content\/uploads\/2020\/12\/guincho-pneumatico4.jpg\" alt=\"Guinchos pneum\u00e1ticos Ingersoll Rand\" srcset=\"https:\/\/dc-ar.com.br\/es\/wp-content\/uploads\/2020\/12\/guincho-pneumatico4.jpg 752w, https:\/\/dc-ar.com.br\/es\/wp-content\/uploads\/2020\/12\/guincho-pneumatico4-300x160.jpg 300w, https:\/\/dc-ar.com.br\/es\/wp-content\/uploads\/2020\/12\/guincho-pneumatico4-285x152.jpg 285w, https:\/\/dc-ar.com.br\/es\/wp-content\/uploads\/2020\/12\/guincho-pneumatico4-660x351.jpg 660w, https:\/\/dc-ar.com.br\/es\/wp-content\/uploads\/2020\/12\/guincho-pneumatico4-150x80.jpg 150w\" sizes=\"(max-width: 752px) 100vw, 752px\" \/><\/p>\n<p><img loading=\"lazy\" width=\"397\" height=\"400\" class=\"size-full wp-image-1968\" style=\"max-width: 100%; width: auto;\" src=\"http:\/\/dc-ar.com.br\/es\/wp-content\/uploads\/2020\/12\/guincho-pneumatico5.jpg\" alt=\"Guinchos pneum\u00e1ticos Ingersoll Rand\" srcset=\"https:\/\/dc-ar.com.br\/es\/wp-content\/uploads\/2020\/12\/guincho-pneumatico5.jpg 397w, https:\/\/dc-ar.com.br\/es\/wp-content\/uploads\/2020\/12\/guincho-pneumatico5-298x300.jpg 298w, https:\/\/dc-ar.com.br\/es\/wp-content\/uploads\/2020\/12\/guincho-pneumatico5-150x150.jpg 150w, https:\/\/dc-ar.com.br\/es\/wp-content\/uploads\/2020\/12\/guincho-pneumatico5-285x287.jpg 285w\" sizes=\"(max-width: 397px) 100vw, 397px\" \/><\/p>\n","protected":false},"excerpt":{"rendered":"<p>Fabricados con acero de alta resistencia y hierro fundido, los cabrestantes Ingersoll Rand son extremadamente duraderos y fiables. Estos cabrestantes neum\u00e1ticos e hidr\u00e1ulicos son ideales para trabajar en entornos exigentes y se han ganado la confianza de los operadores de alta mar, tierra firme, miner\u00eda y construcci\u00f3n pesada de todo el mundo.<\/p>\n<p>Los cabrestantes de Ingersoll Rand est\u00e1n dise\u00f1ados para cumplir las estrictas normas de seguridad de elevaci\u00f3n de todo el mundo e incluyen caracter\u00edsticas espec\u00edficas que ayudan a garantizar la seguridad de los trabajadores. Con factores de seguridad de 10: 1 para la elevaci\u00f3n de personal, 5: 1 para la elevaci\u00f3n y 3,5: 1 para el arrastre de materiales, los cabrestantes de Ingersoll Rand son adecuados para cualquier aplicaci\u00f3n en tierra y en alta mar.<\/p>\n","protected":false},"featured_media":1964,"template":"","meta":[],"yoast_head":"<!-- This site is optimized with the Yoast SEO plugin v15.6.2 - https:\/\/yoast.com\/wordpress\/plugins\/seo\/ -->\n<title>Cabrestantes neum\u00e1ticos - DCAR - Bauer Kompressoren &amp; Ingersoll Rand<\/title>\n<meta name=\"description\" content=\"Fabricados con acero de alta resistencia y hierro fundido, los cabrestantes Ingersoll Rand son extremadamente duraderos y fiables.\" \/>\n<meta name=\"robots\" content=\"index, follow, max-snippet:-1, max-image-preview:large, max-video-preview:-1\" \/>\n<link rel=\"canonical\" href=\"https:\/\/dc-ar.com.br\/es\/store\/ingersoll-rand\/aparejos-y-malacates\/cabrestantes-neumaticos\/\" \/>\n<meta property=\"og:locale\" content=\"es_ES\" \/>\n<meta property=\"og:type\" content=\"article\" \/>\n<meta property=\"og:title\" content=\"Cabrestantes neum\u00e1ticos - DCAR - Bauer Kompressoren &amp; Ingersoll Rand\" \/>\n<meta property=\"og:description\" content=\"Fabricados con acero de alta resistencia y hierro fundido, los cabrestantes Ingersoll Rand son extremadamente duraderos y fiables.\" \/>\n<meta property=\"og:url\" content=\"https:\/\/dc-ar.com.br\/es\/store\/ingersoll-rand\/aparejos-y-malacates\/cabrestantes-neumaticos\/\" \/>\n<meta property=\"og:site_name\" content=\"DCAR - Bauer Kompressoren &amp; Ingersoll Rand\" \/>\n<meta property=\"article:modified_time\" content=\"2021-08-28T18:03:02+00:00\" \/>\n<meta property=\"og:image\" content=\"https:\/\/dc-ar.com.br\/es\/wp-content\/uploads\/2020\/12\/guincho-pneumatico.jpg\" \/>\n\t<meta property=\"og:image:width\" content=\"500\" \/>\n\t<meta property=\"og:image:height\" content=\"500\" \/>\n<meta name=\"twitter:card\" content=\"summary_large_image\" \/>\n<script type=\"application\/ld+json\" class=\"yoast-schema-graph\">{\"@context\":\"https:\/\/schema.org\",\"@graph\":[{\"@type\":\"WebSite\",\"@id\":\"https:\/\/dc-ar.com.br\/es\/#website\",\"url\":\"https:\/\/dc-ar.com.br\/es\/\",\"name\":\"DCAR - Bauer Kompressoren &amp; Ingersoll Rand\",\"description\":\"\",\"potentialAction\":[{\"@type\":\"SearchAction\",\"target\":\"https:\/\/dc-ar.com.br\/es\/?s={search_term_string}\",\"query-input\":\"required name=search_term_string\"}],\"inLanguage\":\"es\"},{\"@type\":\"ImageObject\",\"@id\":\"https:\/\/dc-ar.com.br\/es\/store\/ingersoll-rand\/aparejos-y-malacates\/cabrestantes-neumaticos\/#primaryimage\",\"inLanguage\":\"es\",\"url\":\"https:\/\/dc-ar.com.br\/es\/wp-content\/uploads\/2020\/12\/guincho-pneumatico.jpg\",\"width\":500,\"height\":500},{\"@type\":\"WebPage\",\"@id\":\"https:\/\/dc-ar.com.br\/es\/store\/ingersoll-rand\/aparejos-y-malacates\/cabrestantes-neumaticos\/#webpage\",\"url\":\"https:\/\/dc-ar.com.br\/es\/store\/ingersoll-rand\/aparejos-y-malacates\/cabrestantes-neumaticos\/\",\"name\":\"Cabrestantes neum\\u00e1ticos - DCAR - Bauer Kompressoren &amp; Ingersoll Rand\",\"isPartOf\":{\"@id\":\"https:\/\/dc-ar.com.br\/es\/#website\"},\"primaryImageOfPage\":{\"@id\":\"https:\/\/dc-ar.com.br\/es\/store\/ingersoll-rand\/aparejos-y-malacates\/cabrestantes-neumaticos\/#primaryimage\"},\"datePublished\":\"2020-12-19T16:01:17+00:00\",\"dateModified\":\"2021-08-28T18:03:02+00:00\",\"description\":\"Fabricados con acero de alta resistencia y hierro fundido, los cabrestantes Ingersoll Rand son extremadamente duraderos y fiables.\",\"inLanguage\":\"es\",\"potentialAction\":[{\"@type\":\"ReadAction\",\"target\":[\"https:\/\/dc-ar.com.br\/es\/store\/ingersoll-rand\/aparejos-y-malacates\/cabrestantes-neumaticos\/\"]}]}]}<\/script>\n<!-- \/ Yoast SEO plugin. -->","_links":{"self":[{"href":"https:\/\/dc-ar.com.br\/es\/wp-json\/wp\/v2\/product\/1963"}],"collection":[{"href":"https:\/\/dc-ar.com.br\/es\/wp-json\/wp\/v2\/product"}],"about":[{"href":"https:\/\/dc-ar.com.br\/es\/wp-json\/wp\/v2\/types\/product"}],"wp:featuredmedia":[{"embeddable":true,"href":"https:\/\/dc-ar.com.br\/es\/wp-json\/wp\/v2\/media\/1964"}],"wp:attachment":[{"href":"https:\/\/dc-ar.com.br\/es\/wp-json\/wp\/v2\/media?parent=1963"}],"curies":[{"name":"wp","href":"https:\/\/api.w.org\/{rel}","templated":true}]}}