{"id":1956,"date":"2020-12-19T13:49:41","date_gmt":"2020-12-19T15:49:41","guid":{"rendered":"http:\/\/dc-ar.com.br\/es\/?post_type=product&#038;p=1956"},"modified":"2021-08-28T15:13:10","modified_gmt":"2021-08-28T18:13:10","slug":"polipastos-neumaticos","status":"publish","type":"product","link":"https:\/\/dc-ar.com.br\/es\/store\/ingersoll-rand\/aparejos-y-malacates\/polipastos-neumaticos\/","title":{"rendered":"Polipastos neum\u00e1ticos"},"content":{"rendered":"<p><img loading=\"lazy\" width=\"800\" height=\"397\" class=\"size-full wp-image-1960\" style=\"max-width: 100%; width: auto;\" src=\"http:\/\/dc-ar.com.br\/es\/wp-content\/uploads\/2020\/12\/ap-auto2.jpg\" alt=\"Aparelhos pneum\u00e1ticos Ingersoll Rand\" srcset=\"https:\/\/dc-ar.com.br\/es\/wp-content\/uploads\/2020\/12\/ap-auto2.jpg 800w, https:\/\/dc-ar.com.br\/es\/wp-content\/uploads\/2020\/12\/ap-auto2-300x149.jpg 300w, https:\/\/dc-ar.com.br\/es\/wp-content\/uploads\/2020\/12\/ap-auto2-768x381.jpg 768w, https:\/\/dc-ar.com.br\/es\/wp-content\/uploads\/2020\/12\/ap-auto2-285x141.jpg 285w, https:\/\/dc-ar.com.br\/es\/wp-content\/uploads\/2020\/12\/ap-auto2-660x328.jpg 660w, https:\/\/dc-ar.com.br\/es\/wp-content\/uploads\/2020\/12\/ap-auto2-150x74.jpg 150w\" sizes=\"(max-width: 800px) 100vw, 800px\" \/><\/p>\n<p><img loading=\"lazy\" width=\"430\" height=\"371\" class=\"size-full wp-image-1961\" style=\"max-width: 100%; width: auto;\" src=\"http:\/\/dc-ar.com.br\/es\/wp-content\/uploads\/2020\/12\/ap-auto3.jpg\" alt=\"Aparelhos pneum\u00e1ticos Ingersoll Rand\" srcset=\"https:\/\/dc-ar.com.br\/es\/wp-content\/uploads\/2020\/12\/ap-auto3.jpg 430w, https:\/\/dc-ar.com.br\/es\/wp-content\/uploads\/2020\/12\/ap-auto3-300x259.jpg 300w, https:\/\/dc-ar.com.br\/es\/wp-content\/uploads\/2020\/12\/ap-auto3-285x246.jpg 285w, https:\/\/dc-ar.com.br\/es\/wp-content\/uploads\/2020\/12\/ap-auto3-150x129.jpg 150w\" sizes=\"(max-width: 430px) 100vw, 430px\" \/><\/p>\n","protected":false},"excerpt":{"rendered":"<p>Los polipastos neum\u00e1ticos Ingersoll Rand no s\u00f3lo proporcionan un excelente control y una total fiabilidad, sino que su larga vida \u00fatil y su bajo mantenimiento hacen que estos polipastos neum\u00e1ticos sean la elecci\u00f3n para las tareas m\u00e1s exigentes del sector.<\/p>\n<p>Ofrecemos la m\u00e1s amplia gama de polipastos neum\u00e1ticos del mercado: desde 125 kg hasta 100 toneladas. Los polipastos neum\u00e1ticos Ingersoll Rand se utilizan en todo tipo de industrias, desde la fabricaci\u00f3n a alta velocidad, la miner\u00eda, los astilleros, hasta aplicaciones en el sector alimentario, la generaci\u00f3n de energ\u00eda, las plataformas de perforaci\u00f3n y muchas otras. Los polipastos neum\u00e1ticos Ingersoll Rand tienen la mejor relaci\u00f3n calidad-precio del mercado, creando as\u00ed un producto irresistible en la elevaci\u00f3n de materiales.<\/p>\n","protected":false},"featured_media":1959,"template":"","meta":[],"yoast_head":"<!-- This site is optimized with the Yoast SEO plugin v15.6.2 - https:\/\/yoast.com\/wordpress\/plugins\/seo\/ -->\n<title>Polipastos neum\u00e1ticos - DCAR - Bauer Kompressoren &amp; Ingersoll Rand<\/title>\n<meta name=\"description\" content=\"Los polipastos neum\u00e1ticos Ingersoll Rand no s\u00f3lo proporcionan un excelente control y una total fiabilidad, sino que su larga vida \u00fatil...\" \/>\n<meta name=\"robots\" content=\"index, follow, max-snippet:-1, max-image-preview:large, max-video-preview:-1\" \/>\n<link rel=\"canonical\" href=\"http:\/\/dc-ar.com.br\/es\/store\/ingersoll-rand\/aparejos-y-malacates\/polipastos-neumaticos\/\" \/>\n<meta property=\"og:locale\" content=\"es_ES\" \/>\n<meta property=\"og:type\" content=\"article\" \/>\n<meta property=\"og:title\" content=\"Polipastos neum\u00e1ticos - DCAR - Bauer Kompressoren &amp; Ingersoll Rand\" \/>\n<meta property=\"og:description\" content=\"Los polipastos neum\u00e1ticos Ingersoll Rand no s\u00f3lo proporcionan un excelente control y una total fiabilidad, sino que su larga vida \u00fatil...\" \/>\n<meta property=\"og:url\" content=\"http:\/\/dc-ar.com.br\/es\/store\/ingersoll-rand\/aparejos-y-malacates\/polipastos-neumaticos\/\" \/>\n<meta property=\"og:site_name\" content=\"DCAR - Bauer Kompressoren &amp; Ingersoll Rand\" \/>\n<meta property=\"article:modified_time\" content=\"2021-08-28T18:13:10+00:00\" \/>\n<meta property=\"og:image\" content=\"https:\/\/dc-ar.com.br\/es\/wp-content\/uploads\/2020\/12\/ap-auto.jpg\" \/>\n\t<meta property=\"og:image:width\" content=\"501\" \/>\n\t<meta property=\"og:image:height\" content=\"500\" \/>\n<meta name=\"twitter:card\" content=\"summary_large_image\" \/>\n<script type=\"application\/ld+json\" class=\"yoast-schema-graph\">{\"@context\":\"https:\/\/schema.org\",\"@graph\":[{\"@type\":\"WebSite\",\"@id\":\"https:\/\/dc-ar.com.br\/es\/#website\",\"url\":\"https:\/\/dc-ar.com.br\/es\/\",\"name\":\"DCAR - Bauer Kompressoren &amp; Ingersoll Rand\",\"description\":\"\",\"potentialAction\":[{\"@type\":\"SearchAction\",\"target\":\"https:\/\/dc-ar.com.br\/es\/?s={search_term_string}\",\"query-input\":\"required name=search_term_string\"}],\"inLanguage\":\"es\"},{\"@type\":\"ImageObject\",\"@id\":\"http:\/\/dc-ar.com.br\/es\/store\/ingersoll-rand\/aparejos-y-malacates\/polipastos-neumaticos\/#primaryimage\",\"inLanguage\":\"es\",\"url\":\"https:\/\/dc-ar.com.br\/es\/wp-content\/uploads\/2020\/12\/ap-auto.jpg\",\"width\":501,\"height\":500},{\"@type\":\"WebPage\",\"@id\":\"http:\/\/dc-ar.com.br\/es\/store\/ingersoll-rand\/aparejos-y-malacates\/polipastos-neumaticos\/#webpage\",\"url\":\"http:\/\/dc-ar.com.br\/es\/store\/ingersoll-rand\/aparejos-y-malacates\/polipastos-neumaticos\/\",\"name\":\"Polipastos neum\\u00e1ticos - DCAR - Bauer Kompressoren &amp; Ingersoll Rand\",\"isPartOf\":{\"@id\":\"https:\/\/dc-ar.com.br\/es\/#website\"},\"primaryImageOfPage\":{\"@id\":\"http:\/\/dc-ar.com.br\/es\/store\/ingersoll-rand\/aparejos-y-malacates\/polipastos-neumaticos\/#primaryimage\"},\"datePublished\":\"2020-12-19T15:49:41+00:00\",\"dateModified\":\"2021-08-28T18:13:10+00:00\",\"description\":\"Los polipastos neum\\u00e1ticos Ingersoll Rand no s\\u00f3lo proporcionan un excelente control y una total fiabilidad, sino que su larga vida \\u00fatil...\",\"inLanguage\":\"es\",\"potentialAction\":[{\"@type\":\"ReadAction\",\"target\":[\"http:\/\/dc-ar.com.br\/es\/store\/ingersoll-rand\/aparejos-y-malacates\/polipastos-neumaticos\/\"]}]}]}<\/script>\n<!-- \/ Yoast SEO plugin. -->","_links":{"self":[{"href":"https:\/\/dc-ar.com.br\/es\/wp-json\/wp\/v2\/product\/1956"}],"collection":[{"href":"https:\/\/dc-ar.com.br\/es\/wp-json\/wp\/v2\/product"}],"about":[{"href":"https:\/\/dc-ar.com.br\/es\/wp-json\/wp\/v2\/types\/product"}],"wp:featuredmedia":[{"embeddable":true,"href":"https:\/\/dc-ar.com.br\/es\/wp-json\/wp\/v2\/media\/1959"}],"wp:attachment":[{"href":"https:\/\/dc-ar.com.br\/es\/wp-json\/wp\/v2\/media?parent=1956"}],"curies":[{"name":"wp","href":"https:\/\/api.w.org\/{rel}","templated":true}]}}