{"id":1950,"date":"2020-12-19T13:24:09","date_gmt":"2020-12-19T15:24:09","guid":{"rendered":"http:\/\/dc-ar.com.br\/es\/?post_type=product&#038;p=1950"},"modified":"2021-08-28T15:09:32","modified_gmt":"2021-08-28T18:09:32","slug":"polipastos-manuales","status":"publish","type":"product","link":"https:\/\/dc-ar.com.br\/es\/store\/ingersoll-rand\/aparejos-y-malacates\/polipastos-manuales\/","title":{"rendered":"Polipastos manuales"},"content":{"rendered":"<p><img loading=\"lazy\" width=\"800\" height=\"329\" class=\"size-full wp-image-1951\" style=\"max-width: 100%; width: auto;\" src=\"http:\/\/dc-ar.com.br\/es\/wp-content\/uploads\/2020\/12\/aparelhamento-manual2.jpg\" alt=\"Aparelhamento manual\" srcset=\"https:\/\/dc-ar.com.br\/es\/wp-content\/uploads\/2020\/12\/aparelhamento-manual2.jpg 800w, https:\/\/dc-ar.com.br\/es\/wp-content\/uploads\/2020\/12\/aparelhamento-manual2-300x123.jpg 300w, https:\/\/dc-ar.com.br\/es\/wp-content\/uploads\/2020\/12\/aparelhamento-manual2-768x316.jpg 768w, https:\/\/dc-ar.com.br\/es\/wp-content\/uploads\/2020\/12\/aparelhamento-manual2-285x117.jpg 285w, https:\/\/dc-ar.com.br\/es\/wp-content\/uploads\/2020\/12\/aparelhamento-manual2-660x271.jpg 660w, https:\/\/dc-ar.com.br\/es\/wp-content\/uploads\/2020\/12\/aparelhamento-manual2-150x62.jpg 150w\" sizes=\"(max-width: 800px) 100vw, 800px\" \/><\/p>\n<p><img loading=\"lazy\" width=\"800\" height=\"349\" class=\"size-full wp-image-1955\" style=\"max-width: 100%; width: auto;\" src=\"http:\/\/dc-ar.com.br\/es\/wp-content\/uploads\/2020\/12\/aparelhamento-manual3.jpg\" alt=\"Aparelhamento manual\" srcset=\"https:\/\/dc-ar.com.br\/es\/wp-content\/uploads\/2020\/12\/aparelhamento-manual3.jpg 800w, https:\/\/dc-ar.com.br\/es\/wp-content\/uploads\/2020\/12\/aparelhamento-manual3-300x131.jpg 300w, https:\/\/dc-ar.com.br\/es\/wp-content\/uploads\/2020\/12\/aparelhamento-manual3-768x335.jpg 768w, https:\/\/dc-ar.com.br\/es\/wp-content\/uploads\/2020\/12\/aparelhamento-manual3-285x124.jpg 285w, https:\/\/dc-ar.com.br\/es\/wp-content\/uploads\/2020\/12\/aparelhamento-manual3-660x288.jpg 660w, https:\/\/dc-ar.com.br\/es\/wp-content\/uploads\/2020\/12\/aparelhamento-manual3-150x65.jpg 150w\" sizes=\"(max-width: 800px) 100vw, 800px\" \/><\/p>\n","protected":false},"excerpt":{"rendered":"<p>Los polipastos de cadena manuales de primera calidad de la serie Kinetic Rand de Ingersoll Rand est\u00e1n dise\u00f1ados para los entornos m\u00e1s duros y ofrecen una durabilidad excepcional para satisfacer sus demandas m\u00e1s exigentes.<\/p>\n<p>Con una cadena electrogalvanizada de grado 100, cierres de gancho fundidos, construcci\u00f3n de acero y uso extensivo de rodamientos, estos polipastos est\u00e1n dise\u00f1ados para durar con un tiempo de inactividad m\u00ednimo.<\/p>\n","protected":false},"featured_media":1952,"template":"","meta":[],"yoast_head":"<!-- This site is optimized with the Yoast SEO plugin v15.6.2 - https:\/\/yoast.com\/wordpress\/plugins\/seo\/ -->\n<title>Polipastos manuales - DCAR - Bauer Kompressoren &amp; Ingersoll Rand<\/title>\n<meta name=\"description\" content=\"Los polipastos de cadena manuales de primera calidad de la serie Kinetic Rand de Ingersoll Rand est\u00e1n dise\u00f1ados para los entornos m\u00e1s duros...\" \/>\n<meta name=\"robots\" content=\"index, follow, max-snippet:-1, max-image-preview:large, max-video-preview:-1\" \/>\n<link rel=\"canonical\" href=\"https:\/\/dc-ar.com.br\/es\/store\/ingersoll-rand\/aparejos-y-malacates\/polipastos-manuales\/\" \/>\n<meta property=\"og:locale\" content=\"es_ES\" \/>\n<meta property=\"og:type\" content=\"article\" \/>\n<meta property=\"og:title\" content=\"Polipastos manuales - DCAR - Bauer Kompressoren &amp; Ingersoll Rand\" \/>\n<meta property=\"og:description\" content=\"Los polipastos de cadena manuales de primera calidad de la serie Kinetic Rand de Ingersoll Rand est\u00e1n dise\u00f1ados para los entornos m\u00e1s duros...\" \/>\n<meta property=\"og:url\" content=\"https:\/\/dc-ar.com.br\/es\/store\/ingersoll-rand\/aparejos-y-malacates\/polipastos-manuales\/\" \/>\n<meta property=\"og:site_name\" content=\"DCAR - Bauer Kompressoren &amp; Ingersoll Rand\" \/>\n<meta property=\"article:modified_time\" content=\"2021-08-28T18:09:32+00:00\" \/>\n<meta property=\"og:image\" content=\"https:\/\/dc-ar.com.br\/es\/wp-content\/uploads\/2020\/12\/aparelhamento-manual.jpg\" \/>\n\t<meta property=\"og:image:width\" content=\"500\" \/>\n\t<meta property=\"og:image:height\" content=\"500\" \/>\n<meta name=\"twitter:card\" content=\"summary_large_image\" \/>\n<script type=\"application\/ld+json\" class=\"yoast-schema-graph\">{\"@context\":\"https:\/\/schema.org\",\"@graph\":[{\"@type\":\"WebSite\",\"@id\":\"https:\/\/dc-ar.com.br\/es\/#website\",\"url\":\"https:\/\/dc-ar.com.br\/es\/\",\"name\":\"DCAR - Bauer Kompressoren &amp; Ingersoll Rand\",\"description\":\"\",\"potentialAction\":[{\"@type\":\"SearchAction\",\"target\":\"https:\/\/dc-ar.com.br\/es\/?s={search_term_string}\",\"query-input\":\"required name=search_term_string\"}],\"inLanguage\":\"es\"},{\"@type\":\"ImageObject\",\"@id\":\"https:\/\/dc-ar.com.br\/es\/store\/ingersoll-rand\/aparejos-y-malacates\/polipastos-manuales\/#primaryimage\",\"inLanguage\":\"es\",\"url\":\"https:\/\/dc-ar.com.br\/es\/wp-content\/uploads\/2020\/12\/aparelhamento-manual.jpg\",\"width\":500,\"height\":500},{\"@type\":\"WebPage\",\"@id\":\"https:\/\/dc-ar.com.br\/es\/store\/ingersoll-rand\/aparejos-y-malacates\/polipastos-manuales\/#webpage\",\"url\":\"https:\/\/dc-ar.com.br\/es\/store\/ingersoll-rand\/aparejos-y-malacates\/polipastos-manuales\/\",\"name\":\"Polipastos manuales - DCAR - Bauer Kompressoren &amp; Ingersoll Rand\",\"isPartOf\":{\"@id\":\"https:\/\/dc-ar.com.br\/es\/#website\"},\"primaryImageOfPage\":{\"@id\":\"https:\/\/dc-ar.com.br\/es\/store\/ingersoll-rand\/aparejos-y-malacates\/polipastos-manuales\/#primaryimage\"},\"datePublished\":\"2020-12-19T15:24:09+00:00\",\"dateModified\":\"2021-08-28T18:09:32+00:00\",\"description\":\"Los polipastos de cadena manuales de primera calidad de la serie Kinetic Rand de Ingersoll Rand est\\u00e1n dise\\u00f1ados para los entornos m\\u00e1s duros...\",\"inLanguage\":\"es\",\"potentialAction\":[{\"@type\":\"ReadAction\",\"target\":[\"https:\/\/dc-ar.com.br\/es\/store\/ingersoll-rand\/aparejos-y-malacates\/polipastos-manuales\/\"]}]}]}<\/script>\n<!-- \/ Yoast SEO plugin. -->","_links":{"self":[{"href":"https:\/\/dc-ar.com.br\/es\/wp-json\/wp\/v2\/product\/1950"}],"collection":[{"href":"https:\/\/dc-ar.com.br\/es\/wp-json\/wp\/v2\/product"}],"about":[{"href":"https:\/\/dc-ar.com.br\/es\/wp-json\/wp\/v2\/types\/product"}],"wp:featuredmedia":[{"embeddable":true,"href":"https:\/\/dc-ar.com.br\/es\/wp-json\/wp\/v2\/media\/1952"}],"wp:attachment":[{"href":"https:\/\/dc-ar.com.br\/es\/wp-json\/wp\/v2\/media?parent=1950"}],"curies":[{"name":"wp","href":"https:\/\/api.w.org\/{rel}","templated":true}]}}