{"id":1924,"date":"2020-12-12T19:29:52","date_gmt":"2020-12-12T21:29:52","guid":{"rendered":"http:\/\/dc-ar.com.br\/es\/?post_type=product&#038;p=1924"},"modified":"2021-08-28T19:55:39","modified_gmt":"2021-08-28T22:55:39","slug":"mini-verticus-170-215-l-min","status":"publish","type":"product","link":"https:\/\/dc-ar.com.br\/es\/store\/bauer\/compresores-industriales\/refrigerados-por-aire\/mini-verticus-170-215-l-min\/","title":{"rendered":"Mini Verticus 170 &#8211; 215 l\/min"},"content":{"rendered":"<p>La nueva generaci\u00f3n de compresores estacionarios de la serie MINI-VERTICUS demuestra una vez m\u00e1s la ventaja tecnol\u00f3gica de BAUER.<\/p>\n<p>Estos compresores de media presi\u00f3n, eficientes, avanzados y f\u00e1ciles de manejar, son perfectos para la compresi\u00f3n de aire y nitr\u00f3geno a bajos caudales. Est\u00e1n equipados de serie con el control de compresores totalmente autom\u00e1tico B-CONTROL MICRO.<\/p>\n<p>Todos los elementos de mando esenciales para el funcionamiento diario est\u00e1n dispuestos de forma ergon\u00f3mica y son f\u00e1cilmente accesibles desde la parte delantera.<\/p>\n<p>Nuevo contenedor de condensados integrado en la carcasa con un 40% m\u00e1s de capacidad. El control del compresor supervisa el nivel de llenado e informa al usuario a tiempo para el pr\u00f3ximo drenaje de condensado.<\/p>\n<p>El B-CONTROL MICRO ampliado es m\u00e1s eficiente y est\u00e1 preparado para la comunicaci\u00f3n con la nueva B-APP, por ejemplo, para el control remoto y la supervisi\u00f3n del compresor.<\/p>\n","protected":false},"excerpt":{"rendered":"<p><strong>Mucho m\u00e1s silenciosa:<\/strong> gracias al nuevo bastidor giratorio y a la mejora de la insonorizaci\u00f3n Super Silent;<\/p>\n<p><strong>Dimensiones compactas:<\/strong> para la instalaci\u00f3n en espacios reducidos;<\/p>\n<p><strong>Dise\u00f1o ergon\u00f3mico:<\/strong> \u00f3ptima accesibilidad y manejo;<\/p>\n<p><strong>B-DRAIN:<\/strong> el nuevo purgador de condensados es silencioso y ahorra energ\u00eda;<\/p>\n<p><strong>Mantenimiento extremadamente sencillo:<\/strong> no hay que retensar las correas trapezoidales.<\/p>\n","protected":false},"featured_media":1916,"template":"","meta":[],"yoast_head":"<!-- This site is optimized with the Yoast SEO plugin v15.6.2 - https:\/\/yoast.com\/wordpress\/plugins\/seo\/ -->\n<title>Mini Verticus 170 - 215 l\/min - DCAR - Bauer Kompressoren &amp; Ingersoll Rand<\/title>\n<meta name=\"description\" content=\"La nueva generaci\u00f3n de compresores estacionarios de la serie MINI-VERTICUS demuestra una vez m\u00e1s la ventaja tecnol\u00f3gica de BAUER.\" \/>\n<meta name=\"robots\" content=\"index, follow, max-snippet:-1, max-image-preview:large, max-video-preview:-1\" \/>\n<link rel=\"canonical\" href=\"https:\/\/dc-ar.com.br\/es\/store\/bauer\/compresores-industriales\/refrigerados-por-aire\/mini-verticus-170-215-l-min\/\" \/>\n<meta property=\"og:locale\" content=\"es_ES\" \/>\n<meta property=\"og:type\" content=\"article\" \/>\n<meta property=\"og:title\" content=\"Mini Verticus 170 - 215 l\/min - DCAR - Bauer Kompressoren &amp; Ingersoll Rand\" \/>\n<meta property=\"og:description\" content=\"La nueva generaci\u00f3n de compresores estacionarios de la serie MINI-VERTICUS demuestra una vez m\u00e1s la ventaja tecnol\u00f3gica de BAUER.\" \/>\n<meta property=\"og:url\" content=\"https:\/\/dc-ar.com.br\/es\/store\/bauer\/compresores-industriales\/refrigerados-por-aire\/mini-verticus-170-215-l-min\/\" \/>\n<meta property=\"og:site_name\" content=\"DCAR - Bauer Kompressoren &amp; Ingersoll Rand\" \/>\n<meta property=\"article:modified_time\" content=\"2021-08-28T22:55:39+00:00\" \/>\n<meta property=\"og:image\" content=\"https:\/\/dc-ar.com.br\/es\/wp-content\/uploads\/2020\/12\/mini-verticus-super1.jpg\" \/>\n\t<meta property=\"og:image:width\" content=\"500\" \/>\n\t<meta property=\"og:image:height\" content=\"407\" \/>\n<meta name=\"twitter:card\" content=\"summary_large_image\" \/>\n<meta name=\"twitter:label1\" content=\"Tiempo de lectura\">\n\t<meta name=\"twitter:data1\" content=\"1 minuto\">\n<script type=\"application\/ld+json\" class=\"yoast-schema-graph\">{\"@context\":\"https:\/\/schema.org\",\"@graph\":[{\"@type\":\"WebSite\",\"@id\":\"https:\/\/dc-ar.com.br\/es\/#website\",\"url\":\"https:\/\/dc-ar.com.br\/es\/\",\"name\":\"DCAR - Bauer Kompressoren &amp; Ingersoll Rand\",\"description\":\"\",\"potentialAction\":[{\"@type\":\"SearchAction\",\"target\":\"https:\/\/dc-ar.com.br\/es\/?s={search_term_string}\",\"query-input\":\"required name=search_term_string\"}],\"inLanguage\":\"es\"},{\"@type\":\"ImageObject\",\"@id\":\"https:\/\/dc-ar.com.br\/es\/store\/bauer\/compresores-industriales\/refrigerados-por-aire\/mini-verticus-170-215-l-min\/#primaryimage\",\"inLanguage\":\"es\",\"url\":\"https:\/\/dc-ar.com.br\/es\/wp-content\/uploads\/2020\/12\/mini-verticus-super1.jpg\",\"width\":500,\"height\":407},{\"@type\":\"WebPage\",\"@id\":\"https:\/\/dc-ar.com.br\/es\/store\/bauer\/compresores-industriales\/refrigerados-por-aire\/mini-verticus-170-215-l-min\/#webpage\",\"url\":\"https:\/\/dc-ar.com.br\/es\/store\/bauer\/compresores-industriales\/refrigerados-por-aire\/mini-verticus-170-215-l-min\/\",\"name\":\"Mini Verticus 170 - 215 l\/min - DCAR - Bauer Kompressoren &amp; Ingersoll Rand\",\"isPartOf\":{\"@id\":\"https:\/\/dc-ar.com.br\/es\/#website\"},\"primaryImageOfPage\":{\"@id\":\"https:\/\/dc-ar.com.br\/es\/store\/bauer\/compresores-industriales\/refrigerados-por-aire\/mini-verticus-170-215-l-min\/#primaryimage\"},\"datePublished\":\"2020-12-12T21:29:52+00:00\",\"dateModified\":\"2021-08-28T22:55:39+00:00\",\"description\":\"La nueva generaci\\u00f3n de compresores estacionarios de la serie MINI-VERTICUS demuestra una vez m\\u00e1s la ventaja tecnol\\u00f3gica de BAUER.\",\"inLanguage\":\"es\",\"potentialAction\":[{\"@type\":\"ReadAction\",\"target\":[\"https:\/\/dc-ar.com.br\/es\/store\/bauer\/compresores-industriales\/refrigerados-por-aire\/mini-verticus-170-215-l-min\/\"]}]}]}<\/script>\n<!-- \/ Yoast SEO plugin. -->","_links":{"self":[{"href":"https:\/\/dc-ar.com.br\/es\/wp-json\/wp\/v2\/product\/1924"}],"collection":[{"href":"https:\/\/dc-ar.com.br\/es\/wp-json\/wp\/v2\/product"}],"about":[{"href":"https:\/\/dc-ar.com.br\/es\/wp-json\/wp\/v2\/types\/product"}],"wp:featuredmedia":[{"embeddable":true,"href":"https:\/\/dc-ar.com.br\/es\/wp-json\/wp\/v2\/media\/1916"}],"wp:attachment":[{"href":"https:\/\/dc-ar.com.br\/es\/wp-json\/wp\/v2\/media?parent=1924"}],"curies":[{"name":"wp","href":"https:\/\/api.w.org\/{rel}","templated":true}]}}