{"id":1911,"date":"2020-12-12T19:14:20","date_gmt":"2020-12-12T21:14:20","guid":{"rendered":"http:\/\/dc-ar.com.br\/es\/?post_type=product&#038;p=1911"},"modified":"2021-08-28T19:40:52","modified_gmt":"2021-08-28T22:40:52","slug":"serie-ds","status":"publish","type":"product","link":"https:\/\/dc-ar.com.br\/es\/store\/bauer\/compresores-industriales\/refrigerados-por-aire\/serie-ds\/","title":{"rendered":"SERIE DS"},"content":{"rendered":"<p>Los compresores BAUER de la serie DS, refrigerados por aire y con acoplamiento directo, cumplen con los requisitos tradicionalmente exigidos para el transporte y el suministro industrial.<\/p>\n<p>Utilizados en todo el mundo para generar aire de arranque para los motores de las embarcaciones, estos compresores profesionales convencen por su excelente reserva de potencia, su bajo centro de gravedad y sus dimensiones compactas, lo que los convierte en compresores perfectos para el montaje compacto en salas de m\u00e1quinas con poco espacio disponible.<\/p>\n<p>Su excelente calidad, fiabilidad, seguridad operativa, f\u00e1cil mantenimiento, modularidad y econom\u00eda los convierten en la generaci\u00f3n de compresores m\u00e1s popular entre los armadores de todo el mundo.<\/p>\n","protected":false},"excerpt":{"rendered":"<p><strong>Compresores BAUER de media presi\u00f3n con acoplamiento directo para el sector naval:<\/strong> perfectamente adecuados para su instalaci\u00f3n en barcos con grandes necesidades de potencia;<\/p>\n<p><strong>Opcionalmente con motor el\u00e9ctrico o di\u00e9sel:<\/strong> desarrollado para diversos campos de aplicaci\u00f3n en la navegaci\u00f3n civil, naval e industrial. Con unos valores de rendimiento extraordinarios;<\/p>\n<p><strong>Centro de gravedad de instalaci\u00f3n bajo, control convencional:<\/strong> perfecto para un uso universal vers\u00e1til y un uso a largo plazo en diferentes tipos de embarcaciones;<\/p>\n<p><strong>Dimensiones compactas:<\/strong> la soluci\u00f3n fiable, de bajo mantenimiento y compacta, tambi\u00e9n para salas de m\u00e1quinas peque\u00f1as.<\/p>\n","protected":false},"featured_media":1912,"template":"","meta":[],"yoast_head":"<!-- This site is optimized with the Yoast SEO plugin v15.6.2 - https:\/\/yoast.com\/wordpress\/plugins\/seo\/ -->\n<title>SERIE DS - DCAR - Bauer Kompressoren &amp; Ingersoll Rand<\/title>\n<meta name=\"description\" content=\"Utilizados en todo el mundo para generar aire de arranque para los motores de las embarcaciones, estos compresores profesionales convencen...\" \/>\n<meta name=\"robots\" content=\"index, follow, max-snippet:-1, max-image-preview:large, max-video-preview:-1\" \/>\n<link rel=\"canonical\" href=\"https:\/\/dc-ar.com.br\/es\/store\/bauer\/compresores-industriales\/refrigerados-por-aire\/serie-ds\/\" \/>\n<meta property=\"og:locale\" content=\"es_ES\" \/>\n<meta property=\"og:type\" content=\"article\" \/>\n<meta property=\"og:title\" content=\"SERIE DS - DCAR - Bauer Kompressoren &amp; Ingersoll Rand\" \/>\n<meta property=\"og:description\" content=\"Utilizados en todo el mundo para generar aire de arranque para los motores de las embarcaciones, estos compresores profesionales convencen...\" \/>\n<meta property=\"og:url\" content=\"https:\/\/dc-ar.com.br\/es\/store\/bauer\/compresores-industriales\/refrigerados-por-aire\/serie-ds\/\" \/>\n<meta property=\"og:site_name\" content=\"DCAR - Bauer Kompressoren &amp; Ingersoll Rand\" \/>\n<meta property=\"article:modified_time\" content=\"2021-08-28T22:40:52+00:00\" \/>\n<meta property=\"og:image\" content=\"https:\/\/dc-ar.com.br\/es\/wp-content\/uploads\/2020\/12\/dss1.jpg\" \/>\n\t<meta property=\"og:image:width\" content=\"738\" \/>\n\t<meta property=\"og:image:height\" content=\"600\" \/>\n<meta name=\"twitter:card\" content=\"summary_large_image\" \/>\n<meta name=\"twitter:label1\" content=\"Tiempo de lectura\">\n\t<meta name=\"twitter:data1\" content=\"1 minuto\">\n<script type=\"application\/ld+json\" class=\"yoast-schema-graph\">{\"@context\":\"https:\/\/schema.org\",\"@graph\":[{\"@type\":\"WebSite\",\"@id\":\"https:\/\/dc-ar.com.br\/es\/#website\",\"url\":\"https:\/\/dc-ar.com.br\/es\/\",\"name\":\"DCAR - Bauer Kompressoren &amp; Ingersoll Rand\",\"description\":\"\",\"potentialAction\":[{\"@type\":\"SearchAction\",\"target\":\"https:\/\/dc-ar.com.br\/es\/?s={search_term_string}\",\"query-input\":\"required name=search_term_string\"}],\"inLanguage\":\"es\"},{\"@type\":\"ImageObject\",\"@id\":\"https:\/\/dc-ar.com.br\/es\/store\/bauer\/compresores-industriales\/refrigerados-por-aire\/serie-ds\/#primaryimage\",\"inLanguage\":\"es\",\"url\":\"https:\/\/dc-ar.com.br\/es\/wp-content\/uploads\/2020\/12\/dss1.jpg\",\"width\":738,\"height\":600},{\"@type\":\"WebPage\",\"@id\":\"https:\/\/dc-ar.com.br\/es\/store\/bauer\/compresores-industriales\/refrigerados-por-aire\/serie-ds\/#webpage\",\"url\":\"https:\/\/dc-ar.com.br\/es\/store\/bauer\/compresores-industriales\/refrigerados-por-aire\/serie-ds\/\",\"name\":\"SERIE DS - DCAR - Bauer Kompressoren &amp; Ingersoll Rand\",\"isPartOf\":{\"@id\":\"https:\/\/dc-ar.com.br\/es\/#website\"},\"primaryImageOfPage\":{\"@id\":\"https:\/\/dc-ar.com.br\/es\/store\/bauer\/compresores-industriales\/refrigerados-por-aire\/serie-ds\/#primaryimage\"},\"datePublished\":\"2020-12-12T21:14:20+00:00\",\"dateModified\":\"2021-08-28T22:40:52+00:00\",\"description\":\"Utilizados en todo el mundo para generar aire de arranque para los motores de las embarcaciones, estos compresores profesionales convencen...\",\"inLanguage\":\"es\",\"potentialAction\":[{\"@type\":\"ReadAction\",\"target\":[\"https:\/\/dc-ar.com.br\/es\/store\/bauer\/compresores-industriales\/refrigerados-por-aire\/serie-ds\/\"]}]}]}<\/script>\n<!-- \/ Yoast SEO plugin. -->","_links":{"self":[{"href":"https:\/\/dc-ar.com.br\/es\/wp-json\/wp\/v2\/product\/1911"}],"collection":[{"href":"https:\/\/dc-ar.com.br\/es\/wp-json\/wp\/v2\/product"}],"about":[{"href":"https:\/\/dc-ar.com.br\/es\/wp-json\/wp\/v2\/types\/product"}],"wp:featuredmedia":[{"embeddable":true,"href":"https:\/\/dc-ar.com.br\/es\/wp-json\/wp\/v2\/media\/1912"}],"wp:attachment":[{"href":"https:\/\/dc-ar.com.br\/es\/wp-json\/wp\/v2\/media?parent=1911"}],"curies":[{"name":"wp","href":"https:\/\/api.w.org\/{rel}","templated":true}]}}