{"id":1883,"date":"2020-12-12T18:42:37","date_gmt":"2020-12-12T20:42:37","guid":{"rendered":"http:\/\/dc-ar.com.br\/es\/?post_type=product&#038;p=1883"},"modified":"2021-08-28T19:31:08","modified_gmt":"2021-08-28T22:31:08","slug":"compresor-de-alta-presion-i-k22-28-800-3500-l-min","status":"publish","type":"product","link":"https:\/\/dc-ar.com.br\/es\/store\/bauer\/compresores-industriales\/refrigerados-por-aire\/compresor-de-alta-presion-i-k22-28-800-3500-l-min\/","title":{"rendered":"Compresor de alta presi\u00f3n I K22-28 800-3500 l\/min"},"content":{"rendered":"<p>Los compresores de media presi\u00f3n de la serie B de BAUER, de hasta 68 bar, combinan la tecnolog\u00eda m\u00e1s avanzada con la m\u00e1s alta calidad. El conocimiento acumulado durante nuestros largos a\u00f1os de experiencia, nos permite suministrar instalaciones de compresi\u00f3n dise\u00f1adas para el arduo campo de las aplicaciones industriales con la m\u00e1xima seguridad de funcionamiento y una larga vida \u00fatil.<\/p>\n<p>Por ello, la absoluta facilidad de mantenimiento es tan b\u00e1sica para nosotros como las diversas posibilidades de aplicaci\u00f3n que se adaptan perfectamente a sus necesidades espec\u00edficas.<\/p>\n","protected":false},"excerpt":{"rendered":"<p><strong>Potentes sistemas de compresi\u00f3n de la serie de media presi\u00f3n de hasta 68 bar:<\/strong> perfectos para un funcionamiento continuo y robusto en entornos industriales;<\/p>\n<p><strong>Refrigeraci\u00f3n eficiente del aire, accionamiento trapezoidal de bajo mantenimiento, supervisi\u00f3n totalmente electr\u00f3nica:<\/strong> ideal para un funcionamiento exigente y seguro de los sistemas de compresi\u00f3n<\/p>\n<p><strong>Bastidor bajo y horizontal:<\/strong> para una gran estabilidad con una excelente accesibilidad para el mantenimiento;<\/p>\n<p><strong>La elecci\u00f3n perfecta para posiciones de montaje dif\u00edciles:<\/strong> como soluci\u00f3n industrial compacta y de bajo mantenimiento.<\/p>\n","protected":false},"featured_media":1885,"template":"","meta":[],"yoast_head":"<!-- This site is optimized with the Yoast SEO plugin v15.6.2 - https:\/\/yoast.com\/wordpress\/plugins\/seo\/ -->\n<title>Compresor de alta presi\u00f3n I K22-28 800-3500 l\/min - DCAR - Bauer Kompressoren &amp; Ingersoll Rand<\/title>\n<meta name=\"description\" content=\"Los compresores de media presi\u00f3n de la serie B de BAUER, de hasta 68 bar, combinan la tecnolog\u00eda m\u00e1s avanzada con la m\u00e1s alta calidad.\" \/>\n<meta name=\"robots\" content=\"index, follow, max-snippet:-1, max-image-preview:large, max-video-preview:-1\" \/>\n<link rel=\"canonical\" href=\"http:\/\/dc-ar.com.br\/es\/store\/bauer\/compresores-industriales\/refrigerados-por-aire\/compresor-de-alta-presion-i-k22-28-800-3500-l-min\/\" \/>\n<meta property=\"og:locale\" content=\"es_ES\" \/>\n<meta property=\"og:type\" content=\"article\" \/>\n<meta property=\"og:title\" content=\"Compresor de alta presi\u00f3n I K22-28 800-3500 l\/min - DCAR - Bauer Kompressoren &amp; Ingersoll Rand\" \/>\n<meta property=\"og:description\" content=\"Los compresores de media presi\u00f3n de la serie B de BAUER, de hasta 68 bar, combinan la tecnolog\u00eda m\u00e1s avanzada con la m\u00e1s alta calidad.\" \/>\n<meta property=\"og:url\" content=\"http:\/\/dc-ar.com.br\/es\/store\/bauer\/compresores-industriales\/refrigerados-por-aire\/compresor-de-alta-presion-i-k22-28-800-3500-l-min\/\" \/>\n<meta property=\"og:site_name\" content=\"DCAR - Bauer Kompressoren &amp; Ingersoll Rand\" \/>\n<meta property=\"article:modified_time\" content=\"2021-08-28T22:31:08+00:00\" \/>\n<meta property=\"og:image\" content=\"https:\/\/dc-ar.com.br\/es\/wp-content\/uploads\/2020\/12\/k22a.jpg\" \/>\n\t<meta property=\"og:image:width\" content=\"738\" \/>\n\t<meta property=\"og:image:height\" content=\"600\" \/>\n<meta name=\"twitter:card\" content=\"summary_large_image\" \/>\n<meta name=\"twitter:label1\" content=\"Tiempo de lectura\">\n\t<meta name=\"twitter:data1\" content=\"1 minuto\">\n<script type=\"application\/ld+json\" class=\"yoast-schema-graph\">{\"@context\":\"https:\/\/schema.org\",\"@graph\":[{\"@type\":\"WebSite\",\"@id\":\"https:\/\/dc-ar.com.br\/es\/#website\",\"url\":\"https:\/\/dc-ar.com.br\/es\/\",\"name\":\"DCAR - Bauer Kompressoren &amp; Ingersoll Rand\",\"description\":\"\",\"potentialAction\":[{\"@type\":\"SearchAction\",\"target\":\"https:\/\/dc-ar.com.br\/es\/?s={search_term_string}\",\"query-input\":\"required name=search_term_string\"}],\"inLanguage\":\"es\"},{\"@type\":\"ImageObject\",\"@id\":\"http:\/\/dc-ar.com.br\/es\/store\/bauer\/compresores-industriales\/refrigerados-por-aire\/compresor-de-alta-presion-i-k22-28-800-3500-l-min\/#primaryimage\",\"inLanguage\":\"es\",\"url\":\"https:\/\/dc-ar.com.br\/es\/wp-content\/uploads\/2020\/12\/k22a.jpg\",\"width\":738,\"height\":600},{\"@type\":\"WebPage\",\"@id\":\"http:\/\/dc-ar.com.br\/es\/store\/bauer\/compresores-industriales\/refrigerados-por-aire\/compresor-de-alta-presion-i-k22-28-800-3500-l-min\/#webpage\",\"url\":\"http:\/\/dc-ar.com.br\/es\/store\/bauer\/compresores-industriales\/refrigerados-por-aire\/compresor-de-alta-presion-i-k22-28-800-3500-l-min\/\",\"name\":\"Compresor de alta presi\\u00f3n I K22-28 800-3500 l\/min - DCAR - Bauer Kompressoren &amp; Ingersoll Rand\",\"isPartOf\":{\"@id\":\"https:\/\/dc-ar.com.br\/es\/#website\"},\"primaryImageOfPage\":{\"@id\":\"http:\/\/dc-ar.com.br\/es\/store\/bauer\/compresores-industriales\/refrigerados-por-aire\/compresor-de-alta-presion-i-k22-28-800-3500-l-min\/#primaryimage\"},\"datePublished\":\"2020-12-12T20:42:37+00:00\",\"dateModified\":\"2021-08-28T22:31:08+00:00\",\"description\":\"Los compresores de media presi\\u00f3n de la serie B de BAUER, de hasta 68 bar, combinan la tecnolog\\u00eda m\\u00e1s avanzada con la m\\u00e1s alta calidad.\",\"inLanguage\":\"es\",\"potentialAction\":[{\"@type\":\"ReadAction\",\"target\":[\"http:\/\/dc-ar.com.br\/es\/store\/bauer\/compresores-industriales\/refrigerados-por-aire\/compresor-de-alta-presion-i-k22-28-800-3500-l-min\/\"]}]}]}<\/script>\n<!-- \/ Yoast SEO plugin. -->","_links":{"self":[{"href":"https:\/\/dc-ar.com.br\/es\/wp-json\/wp\/v2\/product\/1883"}],"collection":[{"href":"https:\/\/dc-ar.com.br\/es\/wp-json\/wp\/v2\/product"}],"about":[{"href":"https:\/\/dc-ar.com.br\/es\/wp-json\/wp\/v2\/types\/product"}],"wp:featuredmedia":[{"embeddable":true,"href":"https:\/\/dc-ar.com.br\/es\/wp-json\/wp\/v2\/media\/1885"}],"wp:attachment":[{"href":"https:\/\/dc-ar.com.br\/es\/wp-json\/wp\/v2\/media?parent=1883"}],"curies":[{"name":"wp","href":"https:\/\/api.w.org\/{rel}","templated":true}]}}