{"id":1868,"date":"2020-12-12T17:35:19","date_gmt":"2020-12-12T19:35:19","guid":{"rendered":"http:\/\/dc-ar.com.br\/es\/?post_type=product&#038;p=1868"},"modified":"2021-08-28T19:19:54","modified_gmt":"2021-08-28T22:19:54","slug":"sng-ii","status":"publish","type":"product","link":"https:\/\/dc-ar.com.br\/es\/store\/bauer\/generadores-de-nitrogeno\/sng-ii\/","title":{"rendered":"SNG II"},"content":{"rendered":"<p>Los generadores de nitr\u00f3geno BAUER de la serie SNG II son sistemas completos, cerrados, integrados y modulares para el suministro de nitr\u00f3geno, compuestos por un compresor de tornillo ROTORCOMP, una membrana de nitr\u00f3geno y un compresor de pist\u00f3n BAUER.<\/p>\n<p>Generan nitr\u00f3geno de alta pureza a trav\u00e9s de una membrana de nitr\u00f3geno, lo que permite una producci\u00f3n de gran volumen y rentabilidad.<\/p>\n<p>La serie SNG II est\u00e1 montada de forma modular en una estructura de sistema que permite adaptar siempre el sistema a las necesidades individuales del cliente.<\/p>\n","protected":false},"excerpt":{"rendered":"<p><strong>Generador de nitr\u00f3geno fijo SNG II:<\/strong> sistemas llave en mano para la generaci\u00f3n de nitr\u00f3geno comprimido de alta pureza.<\/p>\n<p><strong>Nitr\u00f3geno de alta pureza:<\/strong> hasta el 99,5%.<\/p>\n<p><strong>El sistema completo:<\/strong> para presiones de hasta 350 bar.<\/p>\n<p><strong>Concepto potente:<\/strong> con caudales de 485 a 770 l\/min.<\/p>\n<p><strong>Controlador de pantalla t\u00e1ctil:<\/strong> para facilitar el manejo y la supervisi\u00f3n.<\/p>\n<p><strong>Bastidor del sistema port\u00e1til:<\/strong> transportable con carretilla elevadora.<\/p>\n","protected":false},"featured_media":1869,"template":"","meta":[],"yoast_head":"<!-- This site is optimized with the Yoast SEO plugin v15.6.2 - https:\/\/yoast.com\/wordpress\/plugins\/seo\/ -->\n<title>SNG II - DCAR - Bauer Kompressoren &amp; Ingersoll Rand<\/title>\n<meta name=\"description\" content=\"Los generadores de nitr\u00f3geno BAUER de la serie SNG II son sistemas completos, cerrados, integrados y modulares para el suministro de nitr\u00f3geno...\" \/>\n<meta name=\"robots\" content=\"index, follow, max-snippet:-1, max-image-preview:large, max-video-preview:-1\" \/>\n<link rel=\"canonical\" href=\"https:\/\/dc-ar.com.br\/es\/store\/bauer\/generadores-de-nitrogeno\/sng-ii\/\" \/>\n<meta property=\"og:locale\" content=\"es_ES\" \/>\n<meta property=\"og:type\" content=\"article\" \/>\n<meta property=\"og:title\" content=\"SNG II - DCAR - Bauer Kompressoren &amp; Ingersoll Rand\" \/>\n<meta property=\"og:description\" content=\"Los generadores de nitr\u00f3geno BAUER de la serie SNG II son sistemas completos, cerrados, integrados y modulares para el suministro de nitr\u00f3geno...\" \/>\n<meta property=\"og:url\" content=\"https:\/\/dc-ar.com.br\/es\/store\/bauer\/generadores-de-nitrogeno\/sng-ii\/\" \/>\n<meta property=\"og:site_name\" content=\"DCAR - Bauer Kompressoren &amp; Ingersoll Rand\" \/>\n<meta property=\"article:modified_time\" content=\"2021-08-28T22:19:54+00:00\" \/>\n<meta property=\"og:image\" content=\"https:\/\/dc-ar.com.br\/es\/wp-content\/uploads\/2020\/12\/sng-2a.jpg\" \/>\n\t<meta property=\"og:image:width\" content=\"738\" \/>\n\t<meta property=\"og:image:height\" content=\"600\" \/>\n<meta name=\"twitter:card\" content=\"summary_large_image\" \/>\n<meta name=\"twitter:label1\" content=\"Tiempo de lectura\">\n\t<meta name=\"twitter:data1\" content=\"1 minuto\">\n<script type=\"application\/ld+json\" class=\"yoast-schema-graph\">{\"@context\":\"https:\/\/schema.org\",\"@graph\":[{\"@type\":\"WebSite\",\"@id\":\"https:\/\/dc-ar.com.br\/es\/#website\",\"url\":\"https:\/\/dc-ar.com.br\/es\/\",\"name\":\"DCAR - Bauer Kompressoren &amp; Ingersoll Rand\",\"description\":\"\",\"potentialAction\":[{\"@type\":\"SearchAction\",\"target\":\"https:\/\/dc-ar.com.br\/es\/?s={search_term_string}\",\"query-input\":\"required name=search_term_string\"}],\"inLanguage\":\"es\"},{\"@type\":\"ImageObject\",\"@id\":\"https:\/\/dc-ar.com.br\/es\/store\/bauer\/generadores-de-nitrogeno\/sng-ii\/#primaryimage\",\"inLanguage\":\"es\",\"url\":\"https:\/\/dc-ar.com.br\/es\/wp-content\/uploads\/2020\/12\/sng-2a.jpg\",\"width\":738,\"height\":600},{\"@type\":\"WebPage\",\"@id\":\"https:\/\/dc-ar.com.br\/es\/store\/bauer\/generadores-de-nitrogeno\/sng-ii\/#webpage\",\"url\":\"https:\/\/dc-ar.com.br\/es\/store\/bauer\/generadores-de-nitrogeno\/sng-ii\/\",\"name\":\"SNG II - DCAR - Bauer Kompressoren &amp; Ingersoll Rand\",\"isPartOf\":{\"@id\":\"https:\/\/dc-ar.com.br\/es\/#website\"},\"primaryImageOfPage\":{\"@id\":\"https:\/\/dc-ar.com.br\/es\/store\/bauer\/generadores-de-nitrogeno\/sng-ii\/#primaryimage\"},\"datePublished\":\"2020-12-12T19:35:19+00:00\",\"dateModified\":\"2021-08-28T22:19:54+00:00\",\"description\":\"Los generadores de nitr\\u00f3geno BAUER de la serie SNG II son sistemas completos, cerrados, integrados y modulares para el suministro de nitr\\u00f3geno...\",\"inLanguage\":\"es\",\"potentialAction\":[{\"@type\":\"ReadAction\",\"target\":[\"https:\/\/dc-ar.com.br\/es\/store\/bauer\/generadores-de-nitrogeno\/sng-ii\/\"]}]}]}<\/script>\n<!-- \/ Yoast SEO plugin. -->","_links":{"self":[{"href":"https:\/\/dc-ar.com.br\/es\/wp-json\/wp\/v2\/product\/1868"}],"collection":[{"href":"https:\/\/dc-ar.com.br\/es\/wp-json\/wp\/v2\/product"}],"about":[{"href":"https:\/\/dc-ar.com.br\/es\/wp-json\/wp\/v2\/types\/product"}],"wp:featuredmedia":[{"embeddable":true,"href":"https:\/\/dc-ar.com.br\/es\/wp-json\/wp\/v2\/media\/1869"}],"wp:attachment":[{"href":"https:\/\/dc-ar.com.br\/es\/wp-json\/wp\/v2\/media?parent=1868"}],"curies":[{"name":"wp","href":"https:\/\/api.w.org\/{rel}","templated":true}]}}