{"id":1864,"date":"2020-12-12T17:29:10","date_gmt":"2020-12-12T19:29:10","guid":{"rendered":"http:\/\/dc-ar.com.br\/es\/?post_type=product&#038;p=1864"},"modified":"2021-08-28T19:45:17","modified_gmt":"2021-08-28T22:45:17","slug":"gb-23-refrigerado-por-agua","status":"publish","type":"product","link":"https:\/\/dc-ar.com.br\/es\/store\/bauer\/compresores-industriales\/refrigerados-por-agua\/gb-23-refrigerado-por-agua\/","title":{"rendered":"GB 23 refrigerado por agua"},"content":{"rendered":"<p>Los compresores de alta presi\u00f3n estancos al gas y refrigerados por agua de la serie G son modernos y potentes compresores para helio, arg\u00f3n y otros gases nobles. Robusta, de bajo mantenimiento, absolutamente fiable y probada en el exigente funcionamiento continuo en el \u00e1mbito industrial.<\/p>\n<p>Gracias al retorno al dep\u00f3sito de aspiraci\u00f3n de los gases filtrados y al escape del purgador autom\u00e1tico, as\u00ed como al eficaz encapsulamiento de las v\u00e1lvulas de seguridad, las p\u00e9rdidas de gas se reducen considerablemente.<\/p>\n<p>La baja velocidad y la etapa \u00f3ptima de los compresores multietapa garantizan unas condiciones perfectas para la compresi\u00f3n de gases nobles.<\/p>\n","protected":false},"excerpt":{"rendered":"<p><strong>Carga t\u00e9rmica reducida gracias a la refrigeraci\u00f3n de la culata:<\/strong> para un desgaste m\u00ednimo;<\/p>\n<p><strong>Instalaci\u00f3n en las condiciones ambientales m\u00e1s dif\u00edciles:<\/strong> gracias a la refrigeraci\u00f3n directa por agua del bloque compresor;<\/p>\n<p><strong>Instalaci\u00f3n fiable y duradera:<\/strong> con una larga vida \u00fatil de las v\u00e1lvulas y un menor consumo de aceite;<\/p>\n<p><strong>Reducci\u00f3n del nivel de presi\u00f3n sonora:<\/strong> en comparaci\u00f3n con los sistemas refrigerados por aire en serie.<\/p>\n","protected":false},"featured_media":1865,"template":"","meta":[],"yoast_head":"<!-- This site is optimized with the Yoast SEO plugin v15.6.2 - https:\/\/yoast.com\/wordpress\/plugins\/seo\/ -->\n<title>GB 23 refrigerado por agua - DCAR - Bauer Kompressoren &amp; Ingersoll Rand<\/title>\n<meta name=\"description\" content=\"Los compresores de alta presi\u00f3n estancos al gas y refrigerados por agua de la serie G son modernos y potentes compresores para helio, arg\u00f3n y otros gases nobles.\" \/>\n<meta name=\"robots\" content=\"index, follow, max-snippet:-1, max-image-preview:large, max-video-preview:-1\" \/>\n<link rel=\"canonical\" href=\"https:\/\/dc-ar.com.br\/es\/store\/bauer\/compresores-industriales\/refrigerados-por-agua\/gb-23-refrigerado-por-agua\/\" \/>\n<meta property=\"og:locale\" content=\"es_ES\" \/>\n<meta property=\"og:type\" content=\"article\" \/>\n<meta property=\"og:title\" content=\"GB 23 refrigerado por agua - DCAR - Bauer Kompressoren &amp; Ingersoll Rand\" \/>\n<meta property=\"og:description\" content=\"Los compresores de alta presi\u00f3n estancos al gas y refrigerados por agua de la serie G son modernos y potentes compresores para helio, arg\u00f3n y otros gases nobles.\" \/>\n<meta property=\"og:url\" content=\"https:\/\/dc-ar.com.br\/es\/store\/bauer\/compresores-industriales\/refrigerados-por-agua\/gb-23-refrigerado-por-agua\/\" \/>\n<meta property=\"og:site_name\" content=\"DCAR - Bauer Kompressoren &amp; Ingersoll Rand\" \/>\n<meta property=\"article:modified_time\" content=\"2021-08-28T22:45:17+00:00\" \/>\n<meta property=\"og:image\" content=\"https:\/\/dc-ar.com.br\/es\/wp-content\/uploads\/2020\/12\/GB-23-1.jpg\" \/>\n\t<meta property=\"og:image:width\" content=\"738\" \/>\n\t<meta property=\"og:image:height\" content=\"600\" \/>\n<meta name=\"twitter:card\" content=\"summary_large_image\" \/>\n<meta name=\"twitter:label1\" content=\"Tiempo de lectura\">\n\t<meta name=\"twitter:data1\" content=\"1 minuto\">\n<script type=\"application\/ld+json\" class=\"yoast-schema-graph\">{\"@context\":\"https:\/\/schema.org\",\"@graph\":[{\"@type\":\"WebSite\",\"@id\":\"https:\/\/dc-ar.com.br\/es\/#website\",\"url\":\"https:\/\/dc-ar.com.br\/es\/\",\"name\":\"DCAR - Bauer Kompressoren &amp; Ingersoll Rand\",\"description\":\"\",\"potentialAction\":[{\"@type\":\"SearchAction\",\"target\":\"https:\/\/dc-ar.com.br\/es\/?s={search_term_string}\",\"query-input\":\"required name=search_term_string\"}],\"inLanguage\":\"es\"},{\"@type\":\"ImageObject\",\"@id\":\"https:\/\/dc-ar.com.br\/es\/store\/bauer\/compresores-industriales\/refrigerados-por-agua\/gb-23-refrigerado-por-agua\/#primaryimage\",\"inLanguage\":\"es\",\"url\":\"https:\/\/dc-ar.com.br\/es\/wp-content\/uploads\/2020\/12\/GB-23-1.jpg\",\"width\":738,\"height\":600},{\"@type\":\"WebPage\",\"@id\":\"https:\/\/dc-ar.com.br\/es\/store\/bauer\/compresores-industriales\/refrigerados-por-agua\/gb-23-refrigerado-por-agua\/#webpage\",\"url\":\"https:\/\/dc-ar.com.br\/es\/store\/bauer\/compresores-industriales\/refrigerados-por-agua\/gb-23-refrigerado-por-agua\/\",\"name\":\"GB 23 refrigerado por agua - DCAR - Bauer Kompressoren &amp; Ingersoll Rand\",\"isPartOf\":{\"@id\":\"https:\/\/dc-ar.com.br\/es\/#website\"},\"primaryImageOfPage\":{\"@id\":\"https:\/\/dc-ar.com.br\/es\/store\/bauer\/compresores-industriales\/refrigerados-por-agua\/gb-23-refrigerado-por-agua\/#primaryimage\"},\"datePublished\":\"2020-12-12T19:29:10+00:00\",\"dateModified\":\"2021-08-28T22:45:17+00:00\",\"description\":\"Los compresores de alta presi\\u00f3n estancos al gas y refrigerados por agua de la serie G son modernos y potentes compresores para helio, arg\\u00f3n y otros gases nobles.\",\"inLanguage\":\"es\",\"potentialAction\":[{\"@type\":\"ReadAction\",\"target\":[\"https:\/\/dc-ar.com.br\/es\/store\/bauer\/compresores-industriales\/refrigerados-por-agua\/gb-23-refrigerado-por-agua\/\"]}]}]}<\/script>\n<!-- \/ Yoast SEO plugin. -->","_links":{"self":[{"href":"https:\/\/dc-ar.com.br\/es\/wp-json\/wp\/v2\/product\/1864"}],"collection":[{"href":"https:\/\/dc-ar.com.br\/es\/wp-json\/wp\/v2\/product"}],"about":[{"href":"https:\/\/dc-ar.com.br\/es\/wp-json\/wp\/v2\/types\/product"}],"wp:featuredmedia":[{"embeddable":true,"href":"https:\/\/dc-ar.com.br\/es\/wp-json\/wp\/v2\/media\/1865"}],"wp:attachment":[{"href":"https:\/\/dc-ar.com.br\/es\/wp-json\/wp\/v2\/media?parent=1864"}],"curies":[{"name":"wp","href":"https:\/\/api.w.org\/{rel}","templated":true}]}}