{"id":1860,"date":"2020-12-12T17:22:13","date_gmt":"2020-12-12T19:22:13","guid":{"rendered":"http:\/\/dc-ar.com.br\/es\/?post_type=product&#038;p=1860"},"modified":"2021-08-28T19:52:16","modified_gmt":"2021-08-28T22:52:16","slug":"l-52-refrigerado-por-agua","status":"publish","type":"product","link":"https:\/\/dc-ar.com.br\/es\/store\/bauer\/compresores-industriales\/refrigerados-por-agua\/l-52-refrigerado-por-agua\/","title":{"rendered":"L 52 refrigerado por agua"},"content":{"rendered":"<p>Los compresores BAUER de alta presi\u00f3n refrigerados por agua de la serie I son ideales para su instalaci\u00f3n en las condiciones ambientales m\u00e1s adversas y para aplicaciones industriales.<\/p>\n<p>Gracias a la refrigeraci\u00f3n dirigida por agua de los intercoolers y postcoolers y de las culatas, la mayor parte de la energ\u00eda t\u00e9rmica es absorbida por el agua de refrigeraci\u00f3n.<\/p>\n<p>De este modo, los compresores industriales de alta presi\u00f3n multietapa son especialmente f\u00e1ciles de mantener, tienen una larga vida \u00fatil y, al mismo tiempo, son m\u00e1s silenciosos que los compresores equivalentes refrigerados por aire.<\/p>\n","protected":false},"excerpt":{"rendered":"<p><strong>Carga t\u00e9rmica reducida gracias a la refrigeraci\u00f3n de la culata:<\/strong> para un desgaste m\u00ednimo;<\/p>\n<p><strong>Instalaci\u00f3n en las condiciones ambientales m\u00e1s dif\u00edciles:<\/strong> gracias a la refrigeraci\u00f3n directa por agua del bloque compresor;<\/p>\n<p><strong>Instalaci\u00f3n fiable y duradera:<\/strong> con una larga vida \u00fatil de las v\u00e1lvulas y un menor consumo de aceite;<\/p>\n<p><strong>Reducci\u00f3n del nivel de presi\u00f3n sonora:<\/strong> en comparaci\u00f3n con los sistemas refrigerados por aire en serie.<\/p>\n","protected":false},"featured_media":1861,"template":"","meta":[],"yoast_head":"<!-- This site is optimized with the Yoast SEO plugin v15.6.2 - https:\/\/yoast.com\/wordpress\/plugins\/seo\/ -->\n<title>L 52 refrigerado por agua - DCAR - Bauer Kompressoren &amp; Ingersoll Rand<\/title>\n<meta name=\"description\" content=\"Los compresores BAUER de alta presi\u00f3n refrigerados por agua de la serie I son ideales para su instalaci\u00f3n en las condiciones ambientales m\u00e1s adversas y para aplicaciones industriales.\" \/>\n<meta name=\"robots\" content=\"index, follow, max-snippet:-1, max-image-preview:large, max-video-preview:-1\" \/>\n<link rel=\"canonical\" href=\"https:\/\/dc-ar.com.br\/es\/store\/bauer\/compresores-industriales\/refrigerados-por-agua\/l-52-refrigerado-por-agua\/\" \/>\n<meta property=\"og:locale\" content=\"es_ES\" \/>\n<meta property=\"og:type\" content=\"article\" \/>\n<meta property=\"og:title\" content=\"L 52 refrigerado por agua - DCAR - Bauer Kompressoren &amp; Ingersoll Rand\" \/>\n<meta property=\"og:description\" content=\"Los compresores BAUER de alta presi\u00f3n refrigerados por agua de la serie I son ideales para su instalaci\u00f3n en las condiciones ambientales m\u00e1s adversas y para aplicaciones industriales.\" \/>\n<meta property=\"og:url\" content=\"https:\/\/dc-ar.com.br\/es\/store\/bauer\/compresores-industriales\/refrigerados-por-agua\/l-52-refrigerado-por-agua\/\" \/>\n<meta property=\"og:site_name\" content=\"DCAR - Bauer Kompressoren &amp; Ingersoll Rand\" \/>\n<meta property=\"article:modified_time\" content=\"2021-08-28T22:52:16+00:00\" \/>\n<meta property=\"og:image\" content=\"https:\/\/dc-ar.com.br\/es\/wp-content\/uploads\/2020\/12\/l52a.jpg\" \/>\n\t<meta property=\"og:image:width\" content=\"738\" \/>\n\t<meta property=\"og:image:height\" content=\"600\" \/>\n<meta name=\"twitter:card\" content=\"summary_large_image\" \/>\n<meta name=\"twitter:label1\" content=\"Tiempo de lectura\">\n\t<meta name=\"twitter:data1\" content=\"1 minuto\">\n<script type=\"application\/ld+json\" class=\"yoast-schema-graph\">{\"@context\":\"https:\/\/schema.org\",\"@graph\":[{\"@type\":\"WebSite\",\"@id\":\"https:\/\/dc-ar.com.br\/es\/#website\",\"url\":\"https:\/\/dc-ar.com.br\/es\/\",\"name\":\"DCAR - Bauer Kompressoren &amp; Ingersoll Rand\",\"description\":\"\",\"potentialAction\":[{\"@type\":\"SearchAction\",\"target\":\"https:\/\/dc-ar.com.br\/es\/?s={search_term_string}\",\"query-input\":\"required name=search_term_string\"}],\"inLanguage\":\"es\"},{\"@type\":\"ImageObject\",\"@id\":\"https:\/\/dc-ar.com.br\/es\/store\/bauer\/compresores-industriales\/refrigerados-por-agua\/l-52-refrigerado-por-agua\/#primaryimage\",\"inLanguage\":\"es\",\"url\":\"https:\/\/dc-ar.com.br\/es\/wp-content\/uploads\/2020\/12\/l52a.jpg\",\"width\":738,\"height\":600},{\"@type\":\"WebPage\",\"@id\":\"https:\/\/dc-ar.com.br\/es\/store\/bauer\/compresores-industriales\/refrigerados-por-agua\/l-52-refrigerado-por-agua\/#webpage\",\"url\":\"https:\/\/dc-ar.com.br\/es\/store\/bauer\/compresores-industriales\/refrigerados-por-agua\/l-52-refrigerado-por-agua\/\",\"name\":\"L 52 refrigerado por agua - DCAR - Bauer Kompressoren &amp; Ingersoll Rand\",\"isPartOf\":{\"@id\":\"https:\/\/dc-ar.com.br\/es\/#website\"},\"primaryImageOfPage\":{\"@id\":\"https:\/\/dc-ar.com.br\/es\/store\/bauer\/compresores-industriales\/refrigerados-por-agua\/l-52-refrigerado-por-agua\/#primaryimage\"},\"datePublished\":\"2020-12-12T19:22:13+00:00\",\"dateModified\":\"2021-08-28T22:52:16+00:00\",\"description\":\"Los compresores BAUER de alta presi\\u00f3n refrigerados por agua de la serie I son ideales para su instalaci\\u00f3n en las condiciones ambientales m\\u00e1s adversas y para aplicaciones industriales.\",\"inLanguage\":\"es\",\"potentialAction\":[{\"@type\":\"ReadAction\",\"target\":[\"https:\/\/dc-ar.com.br\/es\/store\/bauer\/compresores-industriales\/refrigerados-por-agua\/l-52-refrigerado-por-agua\/\"]}]}]}<\/script>\n<!-- \/ Yoast SEO plugin. -->","_links":{"self":[{"href":"https:\/\/dc-ar.com.br\/es\/wp-json\/wp\/v2\/product\/1860"}],"collection":[{"href":"https:\/\/dc-ar.com.br\/es\/wp-json\/wp\/v2\/product"}],"about":[{"href":"https:\/\/dc-ar.com.br\/es\/wp-json\/wp\/v2\/types\/product"}],"wp:featuredmedia":[{"embeddable":true,"href":"https:\/\/dc-ar.com.br\/es\/wp-json\/wp\/v2\/media\/1861"}],"wp:attachment":[{"href":"https:\/\/dc-ar.com.br\/es\/wp-json\/wp\/v2\/media?parent=1860"}],"curies":[{"name":"wp","href":"https:\/\/api.w.org\/{rel}","templated":true}]}}