{"id":1849,"date":"2020-12-12T14:29:52","date_gmt":"2020-12-12T16:29:52","guid":{"rendered":"http:\/\/dc-ar.com.br\/es\/?post_type=product&#038;p=1849"},"modified":"2021-08-28T18:18:19","modified_gmt":"2021-08-28T21:18:19","slug":"oceanus-140-l-m","status":"publish","type":"product","link":"https:\/\/dc-ar.com.br\/es\/store\/bauer\/compresor-aire-respirable\/compresor-de-aire-portatil\/oceanus-140-l-m\/","title":{"rendered":"Oceanus 140 l\/m"},"content":{"rendered":"<p>La OCEANUS cautiva con sus excelentes datos de rendimiento: en comparaci\u00f3n con la JUNIOR II es capaz de llenar, con pr\u00e1cticamente las mismas dimensiones, una botella de aire respirable un 40% m\u00e1s r\u00e1pido.<\/p>\n<p>Dise\u00f1ado para un uso profesional exigente, este compresor cautiva por su robustez, movilidad y alto rendimiento.<\/p>\n<p>Gracias a su base de acero inoxidable resistente a la corrosi\u00f3n, el OCEANUS es el compresor port\u00e1til perfecto incluso en los tr\u00f3picos. Adecuado como compresor para embarcaciones, barcos de buceo o expediciones, y tambi\u00e9n como compresor para paintball, para deportes de tiro o como compresor m\u00f3vil para cuerpos de bomberos.<\/p>\n<p>Una gran reserva de aceite en el c\u00e1rter y la potente bomba de aceite tambi\u00e9n permiten el funcionamiento en posiciones inclinadas de hasta 30\u00b0 (hasta 20\u00b0 en la versi\u00f3n de gasolina).<\/p>\n<p>Esta instalaci\u00f3n ligera y compacta puede ser transportada f\u00e1cilmente por una sola persona y tiene espacio en casi cualquier maletero.<\/p>\n","protected":false},"excerpt":{"rendered":"<p><strong>Duradero y robusto:<\/strong> marco, mango, conexi\u00f3n de llenado de seguridad de material inoxidable.<\/p>\n<p><strong>Desgaste reducido:<\/strong> gracias a los anillos de pist\u00f3n de pl\u00e1stico de alta tecnolog\u00eda recientemente desarrollados.<\/p>\n<p><strong>Datos de rendimiento excepcionales:<\/strong> con una capacidad de 140 l\/min.<\/p>\n<p><strong>Absolutamente f\u00e1cil de transportar:<\/strong> ligereza y facilidad de manejo excepcionales.<\/p>\n","protected":false},"featured_media":1850,"template":"","meta":[],"yoast_head":"<!-- This site is optimized with the Yoast SEO plugin v15.6.2 - https:\/\/yoast.com\/wordpress\/plugins\/seo\/ -->\n<title>Oceanus 140 l\/m - DCAR - Bauer Kompressoren &amp; Ingersoll Rand<\/title>\n<meta name=\"description\" content=\"Dise\u00f1ado para un uso profesional exigente, este compresor cautiva por su robustez, movilidad y alto rendimiento.\" \/>\n<meta name=\"robots\" content=\"index, follow, max-snippet:-1, max-image-preview:large, max-video-preview:-1\" \/>\n<link rel=\"canonical\" href=\"http:\/\/dc-ar.com.br\/es\/store\/bauer\/compresor-aire-respirable\/compresor-de-aire-portatil\/oceanus-140-l-m\/\" \/>\n<meta property=\"og:locale\" content=\"es_ES\" \/>\n<meta property=\"og:type\" content=\"article\" \/>\n<meta property=\"og:title\" content=\"Oceanus 140 l\/m - DCAR - Bauer Kompressoren &amp; Ingersoll Rand\" \/>\n<meta property=\"og:description\" content=\"Dise\u00f1ado para un uso profesional exigente, este compresor cautiva por su robustez, movilidad y alto rendimiento.\" \/>\n<meta property=\"og:url\" content=\"http:\/\/dc-ar.com.br\/es\/store\/bauer\/compresor-aire-respirable\/compresor-de-aire-portatil\/oceanus-140-l-m\/\" \/>\n<meta property=\"og:site_name\" content=\"DCAR - Bauer Kompressoren &amp; Ingersoll Rand\" \/>\n<meta property=\"article:modified_time\" content=\"2021-08-28T21:18:19+00:00\" \/>\n<meta property=\"og:image\" content=\"https:\/\/dc-ar.com.br\/es\/wp-content\/uploads\/2020\/12\/oceanus-140a.jpg\" \/>\n\t<meta property=\"og:image:width\" content=\"500\" \/>\n\t<meta property=\"og:image:height\" content=\"407\" \/>\n<meta name=\"twitter:card\" content=\"summary_large_image\" \/>\n<meta name=\"twitter:label1\" content=\"Tiempo de lectura\">\n\t<meta name=\"twitter:data1\" content=\"1 minuto\">\n<script type=\"application\/ld+json\" class=\"yoast-schema-graph\">{\"@context\":\"https:\/\/schema.org\",\"@graph\":[{\"@type\":\"WebSite\",\"@id\":\"https:\/\/dc-ar.com.br\/es\/#website\",\"url\":\"https:\/\/dc-ar.com.br\/es\/\",\"name\":\"DCAR - Bauer Kompressoren &amp; Ingersoll Rand\",\"description\":\"\",\"potentialAction\":[{\"@type\":\"SearchAction\",\"target\":\"https:\/\/dc-ar.com.br\/es\/?s={search_term_string}\",\"query-input\":\"required name=search_term_string\"}],\"inLanguage\":\"es\"},{\"@type\":\"ImageObject\",\"@id\":\"http:\/\/dc-ar.com.br\/es\/store\/bauer\/compresor-aire-respirable\/compresor-de-aire-portatil\/oceanus-140-l-m\/#primaryimage\",\"inLanguage\":\"es\",\"url\":\"https:\/\/dc-ar.com.br\/es\/wp-content\/uploads\/2020\/12\/oceanus-140a.jpg\",\"width\":500,\"height\":407},{\"@type\":\"WebPage\",\"@id\":\"http:\/\/dc-ar.com.br\/es\/store\/bauer\/compresor-aire-respirable\/compresor-de-aire-portatil\/oceanus-140-l-m\/#webpage\",\"url\":\"http:\/\/dc-ar.com.br\/es\/store\/bauer\/compresor-aire-respirable\/compresor-de-aire-portatil\/oceanus-140-l-m\/\",\"name\":\"Oceanus 140 l\/m - DCAR - Bauer Kompressoren &amp; Ingersoll Rand\",\"isPartOf\":{\"@id\":\"https:\/\/dc-ar.com.br\/es\/#website\"},\"primaryImageOfPage\":{\"@id\":\"http:\/\/dc-ar.com.br\/es\/store\/bauer\/compresor-aire-respirable\/compresor-de-aire-portatil\/oceanus-140-l-m\/#primaryimage\"},\"datePublished\":\"2020-12-12T16:29:52+00:00\",\"dateModified\":\"2021-08-28T21:18:19+00:00\",\"description\":\"Dise\\u00f1ado para un uso profesional exigente, este compresor cautiva por su robustez, movilidad y alto rendimiento.\",\"inLanguage\":\"es\",\"potentialAction\":[{\"@type\":\"ReadAction\",\"target\":[\"http:\/\/dc-ar.com.br\/es\/store\/bauer\/compresor-aire-respirable\/compresor-de-aire-portatil\/oceanus-140-l-m\/\"]}]}]}<\/script>\n<!-- \/ Yoast SEO plugin. -->","_links":{"self":[{"href":"https:\/\/dc-ar.com.br\/es\/wp-json\/wp\/v2\/product\/1849"}],"collection":[{"href":"https:\/\/dc-ar.com.br\/es\/wp-json\/wp\/v2\/product"}],"about":[{"href":"https:\/\/dc-ar.com.br\/es\/wp-json\/wp\/v2\/types\/product"}],"wp:featuredmedia":[{"embeddable":true,"href":"https:\/\/dc-ar.com.br\/es\/wp-json\/wp\/v2\/media\/1850"}],"wp:attachment":[{"href":"https:\/\/dc-ar.com.br\/es\/wp-json\/wp\/v2\/media?parent=1849"}],"curies":[{"name":"wp","href":"https:\/\/api.w.org\/{rel}","templated":true}]}}