{"id":1845,"date":"2020-12-12T16:44:32","date_gmt":"2020-12-12T18:44:32","guid":{"rendered":"http:\/\/dc-ar.com.br\/es\/?post_type=product&#038;p=1845"},"modified":"2021-08-28T19:09:10","modified_gmt":"2021-08-28T22:09:10","slug":"pantalla-externa","status":"publish","type":"product","link":"https:\/\/dc-ar.com.br\/es\/store\/bauer\/compresor-aire-respirable\/accesorios\/pantalla-externa\/","title":{"rendered":"Pantalla externa"},"content":{"rendered":"<ul>\n<li>La carcasa met\u00e1lica compacta est\u00e1 pensada para el montaje en la pared e incluye un B-CONTROL MICRO o B-CONTROL II con plena funcionalidad.<\/li>\n<li>Con la pantalla en color se puede reproducir de forma fiable toda la informaci\u00f3n relevante de la instalaci\u00f3n.<\/li>\n<li>La informaci\u00f3n de la pantalla puede mostrarse en varios idiomas comunes.<\/li>\n<li>La comunicaci\u00f3n entre el blindaje externo y el compresor se realiza simult\u00e1neamente a trav\u00e9s de un cable de bus (accesorio).<\/li>\n<li>La pantalla externa B-CONTROL MICRO puede combinarse con todos los compresores BAUER KOMPRESSOREN fabricados a partir de mayo de 2014 y equipados con un B-CONTROL MICRO con pantalla a color; la pantalla externa B-CONTROL II con todos los compresores BAUER con control B-CONTROL II.<\/li>\n<li>Tambi\u00e9n es posible la readaptaci\u00f3n sin problemas.<\/li>\n<\/ul>\n<p>&nbsp;<\/p>\n<h2>Control de purga autom\u00e1tico<\/h2>\n<p>El manejo sencillo e intuitivo de nuestros compresores port\u00e1tiles se realiza mediante un control de compresor integrado de serie. En el caso de instalaciones fijas, B-CONTROL controla y supervisa todas las funciones de la instalaci\u00f3n de compresores BAUER.<\/p>\n<p>Una pantalla informativa y de f\u00e1cil manejo muestra toda la informaci\u00f3n sobre el estado normal de funcionamiento del sistema. En caso de detectar desviaciones, B-CONTROL desconecta autom\u00e1ticamente el compresor y muestra la fuente del error en la pantalla.<\/p>\n<p>La versi\u00f3n avanzada del B-CONTROL MICRO es el B-CONTROL II. Este mando ofrece funciones adicionales muy c\u00f3modas.<\/p>\n<p>El funcionamiento totalmente autom\u00e1tico permite una purga autom\u00e1tica activada por un control electr\u00f3nico. El condensado generado puede recogerse en un recipiente de recogida y eliminarse de forma compatible con el medio ambiente.<\/p>\n","protected":false},"excerpt":{"rendered":"<p>Con la pantalla externa, <strong>BAUER KOMPRESSOREN<\/strong> ofrece una soluci\u00f3n adecuada y viable para la necesidad de gestionar el compresor a distancia. Ya que, debido a las condiciones ambientales, es habitual que la instalaci\u00f3n de compresi\u00f3n se encuentre en una sala separada de los dispositivos de llenado.<\/p>\n<p>De este modo, es posible gestionar la instalaci\u00f3n de compresi\u00f3n a distancia, incluso a grandes distancias. Esto permite, por ejemplo, colocar el compresor en otro edificio o en otra ala del edificio y montar la pantalla externa cerca del operador en una sala de control, en el local comercial de una tienda de buceo o en la sala de llenado de un parque de bomberos.<\/p>\n","protected":false},"featured_media":1846,"template":"","meta":[],"yoast_head":"<!-- This site is optimized with the Yoast SEO plugin v15.6.2 - https:\/\/yoast.com\/wordpress\/plugins\/seo\/ -->\n<title>Pantalla externa - DCAR - Bauer Kompressoren &amp; Ingersoll Rand<\/title>\n<meta name=\"description\" content=\"Con la pantalla externa, BAUER KOMPRESSOREN ofrece una soluci\u00f3n adecuada y viable para la necesidad de gestionar el compresor a distancia.\" \/>\n<meta name=\"robots\" content=\"index, follow, max-snippet:-1, max-image-preview:large, max-video-preview:-1\" \/>\n<link rel=\"canonical\" href=\"https:\/\/dc-ar.com.br\/es\/store\/bauer\/compresor-aire-respirable\/accesorios\/pantalla-externa\/\" \/>\n<meta property=\"og:locale\" content=\"es_ES\" \/>\n<meta property=\"og:type\" content=\"article\" \/>\n<meta property=\"og:title\" content=\"Pantalla externa - DCAR - Bauer Kompressoren &amp; Ingersoll Rand\" \/>\n<meta property=\"og:description\" content=\"Con la pantalla externa, BAUER KOMPRESSOREN ofrece una soluci\u00f3n adecuada y viable para la necesidad de gestionar el compresor a distancia.\" \/>\n<meta property=\"og:url\" content=\"https:\/\/dc-ar.com.br\/es\/store\/bauer\/compresor-aire-respirable\/accesorios\/pantalla-externa\/\" \/>\n<meta property=\"og:site_name\" content=\"DCAR - Bauer Kompressoren &amp; Ingersoll Rand\" \/>\n<meta property=\"article:modified_time\" content=\"2021-08-28T22:09:10+00:00\" \/>\n<meta property=\"og:image\" content=\"https:\/\/dc-ar.com.br\/es\/wp-content\/uploads\/2020\/12\/Pantallas-Externas-1.jpg\" \/>\n\t<meta property=\"og:image:width\" content=\"738\" \/>\n\t<meta property=\"og:image:height\" content=\"600\" \/>\n<meta name=\"twitter:card\" content=\"summary_large_image\" \/>\n<meta name=\"twitter:label1\" content=\"Tiempo de lectura\">\n\t<meta name=\"twitter:data1\" content=\"2 minutos\">\n<script type=\"application\/ld+json\" class=\"yoast-schema-graph\">{\"@context\":\"https:\/\/schema.org\",\"@graph\":[{\"@type\":\"WebSite\",\"@id\":\"http:\/\/dc-ar.com.br\/es\/#website\",\"url\":\"http:\/\/dc-ar.com.br\/es\/\",\"name\":\"DCAR - Bauer Kompressoren &amp; Ingersoll Rand\",\"description\":\"\",\"potentialAction\":[{\"@type\":\"SearchAction\",\"target\":\"http:\/\/dc-ar.com.br\/es\/?s={search_term_string}\",\"query-input\":\"required name=search_term_string\"}],\"inLanguage\":\"es\"},{\"@type\":\"ImageObject\",\"@id\":\"https:\/\/dc-ar.com.br\/es\/store\/bauer\/compresor-aire-respirable\/accesorios\/pantalla-externa\/#primaryimage\",\"inLanguage\":\"es\",\"url\":\"https:\/\/dc-ar.com.br\/es\/wp-content\/uploads\/2020\/12\/Pantallas-Externas-1.jpg\",\"width\":738,\"height\":600},{\"@type\":\"WebPage\",\"@id\":\"https:\/\/dc-ar.com.br\/es\/store\/bauer\/compresor-aire-respirable\/accesorios\/pantalla-externa\/#webpage\",\"url\":\"https:\/\/dc-ar.com.br\/es\/store\/bauer\/compresor-aire-respirable\/accesorios\/pantalla-externa\/\",\"name\":\"Pantalla externa - DCAR - Bauer Kompressoren &amp; Ingersoll Rand\",\"isPartOf\":{\"@id\":\"http:\/\/dc-ar.com.br\/es\/#website\"},\"primaryImageOfPage\":{\"@id\":\"https:\/\/dc-ar.com.br\/es\/store\/bauer\/compresor-aire-respirable\/accesorios\/pantalla-externa\/#primaryimage\"},\"datePublished\":\"2020-12-12T18:44:32+00:00\",\"dateModified\":\"2021-08-28T22:09:10+00:00\",\"description\":\"Con la pantalla externa, BAUER KOMPRESSOREN ofrece una soluci\\u00f3n adecuada y viable para la necesidad de gestionar el compresor a distancia.\",\"inLanguage\":\"es\",\"potentialAction\":[{\"@type\":\"ReadAction\",\"target\":[\"https:\/\/dc-ar.com.br\/es\/store\/bauer\/compresor-aire-respirable\/accesorios\/pantalla-externa\/\"]}]}]}<\/script>\n<!-- \/ Yoast SEO plugin. -->","_links":{"self":[{"href":"https:\/\/dc-ar.com.br\/es\/wp-json\/wp\/v2\/product\/1845"}],"collection":[{"href":"https:\/\/dc-ar.com.br\/es\/wp-json\/wp\/v2\/product"}],"about":[{"href":"https:\/\/dc-ar.com.br\/es\/wp-json\/wp\/v2\/types\/product"}],"wp:featuredmedia":[{"embeddable":true,"href":"https:\/\/dc-ar.com.br\/es\/wp-json\/wp\/v2\/media\/1846"}],"wp:attachment":[{"href":"https:\/\/dc-ar.com.br\/es\/wp-json\/wp\/v2\/media?parent=1845"}],"curies":[{"name":"wp","href":"https:\/\/api.w.org\/{rel}","templated":true}]}}