{"id":1843,"date":"2020-12-12T16:39:26","date_gmt":"2020-12-12T18:39:26","guid":{"rendered":"http:\/\/dc-ar.com.br\/es\/?post_type=product&#038;p=1843"},"modified":"2021-08-28T20:24:39","modified_gmt":"2021-08-28T23:24:39","slug":"supervisor-del-sistema-de-filtrado-b-timer","status":"publish","type":"product","link":"https:\/\/dc-ar.com.br\/es\/store\/bauer\/compresor-aire-respirable\/accesorios\/supervisor-del-sistema-de-filtrado-b-timer\/","title":{"rendered":"Supervisor del sistema de filtrado B-TIMER"},"content":{"rendered":"<p>En la pantalla de cuatro partes se puede controlar en todo momento el grado de saturaci\u00f3n del cartucho filtrante P. En caso de que la capacidad restante sea inferior al 20%, el \u00faltimo segmento comienza a parpadear y, en lugar de las horas de funcionamiento, se muestra el n\u00famero del cartucho filtrante para un posible proceso de pedido. Si el cartucho est\u00e1 lleno, los 4 segmentos de la pantalla parpadear\u00e1n.<\/p>\n<p>El s\u00edmbolo de la llave indica la necesidad de mantenimiento. Las letras A a C indican el intervalo de mantenimiento BAUER requerido.<\/p>\n<p>Seguridad: La indicaci\u00f3n de la bater\u00eda le avisa cuando hay que cambiarla.<\/p>\n<p>Al sustituir la bater\u00eda o en caso de almacenamiento prolongado sin bater\u00eda, las horas de funcionamiento y los tiempos de mantenimiento se guardan en la memoria RAM del aparato.<\/p>\n<p>Montaje sencillo: sin tubos ni cables, \u00a1basta con un destornillador!<\/p>\n<p>Extremadamente robusto: para un uso universal, incluso en las condiciones exteriores m\u00e1s duras: protecci\u00f3n contra el polvo y las salpicaduras de agua, resistente a la sal, la luz solar intensa, la alta humedad y la arena.<\/p>\n<p>&nbsp;<\/p>\n<h2>Productos Bauer<\/h2>\n<p>Tanto si usted es un buceador o un bombero que conf\u00eda en el aire puro respirable seg\u00fan la norma DIN EN 12021 como si desea confiar en el aire comprimido perfectamente tratado para aplicaciones deportivas, por ejemplo, al rellenar los cartuchos de paintball, d\u00e9cadas de experiencia en el tratamiento del aire BAUER, una intensa investigaci\u00f3n b\u00e1sica y las pruebas de materiales m\u00e1s exigentes se esfuerzan por conseguir una calidad extraordinaria y la m\u00e1xima seguridad.<\/p>\n<p>Nuestro objetivo en el tratamiento del aire comprimido y del gas de alta presi\u00f3n es reducir el ensuciamiento causado por la humedad, el CO, el CO2, el aceite y las part\u00edculas.<\/p>\n<p>La calidad del aire generado por los sistemas de filtraci\u00f3n BAUER P supera los requisitos de la norma DIN EN 12021\u00b9 de protecci\u00f3n respiratoria para gases comprimidos. Adem\u00e1s, la calidad del aire generado con un sistema de filtrado BAUER cumple con las siguientes normas internacionales: STANAG 1079 mW, Britisch Standard 4001, US CGA Spec. G.7.1, Norma CSA Z 180.1 de Canad\u00e1, Norma 5017\u00b9 del ej\u00e9rcito australiano.<\/p>\n<p>Los requisitos para ello son el uso de cartuchos de filtro BAUER adecuados, as\u00ed como la ubicaci\u00f3n correcta y el mantenimiento regular del compresor.<\/p>\n<p>Otros sistemas de tratamiento y dispositivos de control BAUER ofrecen seguridad adicional en \u00e1reas espec\u00edficas de aplicaci\u00f3n.<\/p>\n<p>En caso de instalaci\u00f3n y mantenimiento correctos de los sistemas seg\u00fan el manual de servicio y en caso de uso de BAUER AERO-GUARD, siempre que la concentraci\u00f3n de CO2 en el aire inhalado supere los valores est\u00e1ndar predeterminados.<\/p>\n","protected":false},"excerpt":{"rendered":"<p>El control de los cartuchos filtrantes con B-TIMER es f\u00e1cil, seguro y econ\u00f3mico. S\u00f3lo mediante el uso de sistemas de compresi\u00f3n BAUER y la utilizaci\u00f3n de cartuchos de filtro y sistemas de filtrado originales BAUER se puede garantizar el funcionamiento correcto y seguro del B-TIMER.<\/p>\n<p>El microordenador cuenta las horas de funcionamiento y calcula de forma fiable la saturaci\u00f3n del cartucho filtrante del sistema de filtrado BAUER P.<\/p>\n<p>Los intervalos de sustituci\u00f3n o mantenimiento de los cartuchos est\u00e1n claramente marcados.<\/p>\n<p>Para todos los compresores m\u00f3viles BAUER. Tambi\u00e9n como reequipamiento, pero s\u00f3lo en combinaci\u00f3n con un sistema de filtrado BAUER P.<\/p>\n","protected":false},"featured_media":1844,"template":"","meta":[],"yoast_head":"<!-- This site is optimized with the Yoast SEO plugin v15.6.2 - https:\/\/yoast.com\/wordpress\/plugins\/seo\/ -->\n<title>Supervisor del sistema de filtrado B-TIMER - DCAR - Bauer Kompressoren &amp; Ingersoll Rand<\/title>\n<meta name=\"description\" content=\"El control de los cartuchos filtrantes con B-TIMER es f\u00e1cil, seguro y econ\u00f3mico. S\u00f3lo mediante el uso de sistemas de compresi\u00f3n BAUER...\" \/>\n<meta name=\"robots\" content=\"index, follow, max-snippet:-1, max-image-preview:large, max-video-preview:-1\" \/>\n<link rel=\"canonical\" href=\"https:\/\/dc-ar.com.br\/es\/store\/bauer\/compresor-aire-respirable\/accesorios\/supervisor-del-sistema-de-filtrado-b-timer\/\" \/>\n<meta property=\"og:locale\" content=\"es_ES\" \/>\n<meta property=\"og:type\" content=\"article\" \/>\n<meta property=\"og:title\" content=\"Supervisor del sistema de filtrado B-TIMER - DCAR - Bauer Kompressoren &amp; Ingersoll Rand\" \/>\n<meta property=\"og:description\" content=\"El control de los cartuchos filtrantes con B-TIMER es f\u00e1cil, seguro y econ\u00f3mico. S\u00f3lo mediante el uso de sistemas de compresi\u00f3n BAUER...\" \/>\n<meta property=\"og:url\" content=\"https:\/\/dc-ar.com.br\/es\/store\/bauer\/compresor-aire-respirable\/accesorios\/supervisor-del-sistema-de-filtrado-b-timer\/\" \/>\n<meta property=\"og:site_name\" content=\"DCAR - Bauer Kompressoren &amp; Ingersoll Rand\" \/>\n<meta property=\"article:modified_time\" content=\"2021-08-28T23:24:39+00:00\" \/>\n<meta property=\"og:image\" content=\"https:\/\/dc-ar.com.br\/es\/wp-content\/uploads\/2020\/12\/b-timer_dabian.jpg\" \/>\n\t<meta property=\"og:image:width\" content=\"500\" \/>\n\t<meta property=\"og:image:height\" content=\"407\" \/>\n<meta name=\"twitter:card\" content=\"summary_large_image\" \/>\n<meta name=\"twitter:label1\" content=\"Tiempo de lectura\">\n\t<meta name=\"twitter:data1\" content=\"2 minutos\">\n<script type=\"application\/ld+json\" class=\"yoast-schema-graph\">{\"@context\":\"https:\/\/schema.org\",\"@graph\":[{\"@type\":\"WebSite\",\"@id\":\"https:\/\/dc-ar.com.br\/es\/#website\",\"url\":\"https:\/\/dc-ar.com.br\/es\/\",\"name\":\"DCAR - Bauer Kompressoren &amp; Ingersoll Rand\",\"description\":\"\",\"potentialAction\":[{\"@type\":\"SearchAction\",\"target\":\"https:\/\/dc-ar.com.br\/es\/?s={search_term_string}\",\"query-input\":\"required name=search_term_string\"}],\"inLanguage\":\"es\"},{\"@type\":\"ImageObject\",\"@id\":\"https:\/\/dc-ar.com.br\/es\/store\/bauer\/compresor-aire-respirable\/accesorios\/supervisor-del-sistema-de-filtrado-b-timer\/#primaryimage\",\"inLanguage\":\"es\",\"url\":\"https:\/\/dc-ar.com.br\/es\/wp-content\/uploads\/2020\/12\/b-timer_dabian.jpg\",\"width\":500,\"height\":407},{\"@type\":\"WebPage\",\"@id\":\"https:\/\/dc-ar.com.br\/es\/store\/bauer\/compresor-aire-respirable\/accesorios\/supervisor-del-sistema-de-filtrado-b-timer\/#webpage\",\"url\":\"https:\/\/dc-ar.com.br\/es\/store\/bauer\/compresor-aire-respirable\/accesorios\/supervisor-del-sistema-de-filtrado-b-timer\/\",\"name\":\"Supervisor del sistema de filtrado B-TIMER - DCAR - Bauer Kompressoren &amp; Ingersoll Rand\",\"isPartOf\":{\"@id\":\"https:\/\/dc-ar.com.br\/es\/#website\"},\"primaryImageOfPage\":{\"@id\":\"https:\/\/dc-ar.com.br\/es\/store\/bauer\/compresor-aire-respirable\/accesorios\/supervisor-del-sistema-de-filtrado-b-timer\/#primaryimage\"},\"datePublished\":\"2020-12-12T18:39:26+00:00\",\"dateModified\":\"2021-08-28T23:24:39+00:00\",\"description\":\"El control de los cartuchos filtrantes con B-TIMER es f\\u00e1cil, seguro y econ\\u00f3mico. S\\u00f3lo mediante el uso de sistemas de compresi\\u00f3n BAUER...\",\"inLanguage\":\"es\",\"potentialAction\":[{\"@type\":\"ReadAction\",\"target\":[\"https:\/\/dc-ar.com.br\/es\/store\/bauer\/compresor-aire-respirable\/accesorios\/supervisor-del-sistema-de-filtrado-b-timer\/\"]}]}]}<\/script>\n<!-- \/ Yoast SEO plugin. -->","_links":{"self":[{"href":"https:\/\/dc-ar.com.br\/es\/wp-json\/wp\/v2\/product\/1843"}],"collection":[{"href":"https:\/\/dc-ar.com.br\/es\/wp-json\/wp\/v2\/product"}],"about":[{"href":"https:\/\/dc-ar.com.br\/es\/wp-json\/wp\/v2\/types\/product"}],"wp:featuredmedia":[{"embeddable":true,"href":"https:\/\/dc-ar.com.br\/es\/wp-json\/wp\/v2\/media\/1844"}],"wp:attachment":[{"href":"https:\/\/dc-ar.com.br\/es\/wp-json\/wp\/v2\/media?parent=1843"}],"curies":[{"name":"wp","href":"https:\/\/api.w.org\/{rel}","templated":true}]}}