{"id":1835,"date":"2020-12-12T16:27:04","date_gmt":"2020-12-12T18:27:04","guid":{"rendered":"http:\/\/dc-ar.com.br\/es\/?post_type=product&#038;p=1835"},"modified":"2021-08-28T18:52:33","modified_gmt":"2021-08-28T21:52:33","slug":"sistemas-de-almacenamiento-de-alta-presion","status":"publish","type":"product","link":"https:\/\/dc-ar.com.br\/es\/store\/bauer\/compresor-aire-respirable\/accesorios\/sistemas-de-almacenamiento-de-alta-presion\/","title":{"rendered":"Sistemas de almacenamiento de alta presi\u00f3n"},"content":{"rendered":"<p>Al mismo tiempo, un m\u00f3dulo de almacenamiento adecuado garantiza la perfecta distribuci\u00f3n del tiempo de funcionamiento del compresor y sirve tambi\u00e9n de amortiguador del golpe de ariete.<\/p>\n<p>Los sistemas de almacenamiento est\u00e1n disponibles en niveles de presi\u00f3n de 330, 365 y 420 bares. Basados en botellas de almacenamiento de 50 u 80 litros, estos sistemas de almacenamiento pueden ampliarse seg\u00fan se desee.<\/p>\n<p>&nbsp;<\/p>\n<h2>\u00bfC\u00f3mo elegir el tama\u00f1o adecuado del sistema de almacenamiento para limitar los ciclos de encendido y apagado y de carga?<\/h2>\n<p><strong>La informaci\u00f3n que se ofrece a continuaci\u00f3n proporciona la respuesta a esta importante pregunta y le ayuda a elegir el sistema de almacenamiento adecuado para sus necesidades.<\/strong><\/p>\n<p>Un sistema de almacenamiento (contenedor) de tama\u00f1o adecuado es uno de los componentes m\u00e1s importantes del sistema completo. Su objetivo es reducir las fluctuaciones de presi\u00f3n durante los cortes de aire grandes y bruscos y reducir la frecuencia de arranque de los compresores mediante una capacidad de almacenamiento adecuada.<\/p>\n<p>En los compresores de alta presi\u00f3n, hay que tener en cuenta que los separadores del extremo del compresor y los recipientes de almacenamiento s\u00f3lo est\u00e1n dise\u00f1ados para un determinado n\u00famero de ciclos de carga, es decir, cuantos menos ciclos de conmutaci\u00f3n tenga el compresor, mayor ser\u00e1 la vida \u00fatil de estos componentes.<\/p>\n<p>Para lograr una utilizaci\u00f3n \u00f3ptima de la instalaci\u00f3n y alcanzar la vida \u00fatil especificada del separador final en funci\u00f3n de los ciclos de carga permitidos, el funcionamiento del compresor debe regularse de forma que s\u00f3lo se requieran un m\u00e1ximo de 4 ciclos de conmutaci\u00f3n por hora.<\/p>\n<p>Para su seguridad, los compresores industriales BAUER est\u00e1n equipados de serie con un contador de ciclos para registrar los ciclos realmente realizados.<\/p>\n<p>El tama\u00f1o del sistema de almacenamiento depende de:<\/p>\n<ul>\n<li>Caudal del compresor (l \/ min).<\/li>\n<li>Consumo de aire de la aplicaci\u00f3n correspondiente.<\/li>\n<li>Diferencia de presi\u00f3n entre encendido y apagado (hist\u00e9resis).<\/li>\n<\/ul>\n<p><span style=\"font-weight: 400;\"><br \/>\n<\/span><span style=\"font-weight: 400;\">F\u00f3rmula simplificada para la configuraci\u00f3n de un sistema de almacenamiento de alta presi\u00f3n basado en 4 ciclos de carga \/ hora:<\/span><\/p>\n<table>\n<tbody>\n<tr>\n<td><span style=\"font-weight: 400;\">V (l)<\/span><\/td>\n<td><span style=\"font-weight: 400;\">=<\/span><\/td>\n<td><span style=\"font-weight: 400;\">Vk \u00d7 4<\/span><\/p>\n<p><span style=\"font-weight: 400;\">\u2014\u2014\u2014<\/span><\/p>\n<p><span style=\"font-weight: 400;\">\u0394p<\/span><\/td>\n<\/tr>\n<\/tbody>\n<\/table>\n<table>\n<tbody>\n<tr>\n<td><b>VK (L \/ MIN)<\/b><\/td>\n<td><span style=\"font-weight: 400;\">=<\/span><\/td>\n<td><span style=\"font-weight: 400;\">Desempenho do compressor em litros por minuto<\/span><\/td>\n<\/tr>\n<tr>\n<td><b>V (L)<\/b><\/td>\n<td><span style=\"font-weight: 400;\">=<\/span><\/td>\n<td><span style=\"font-weight: 400;\">Volume de armazenamento em litros (volume de \u00e1gua)<\/span><\/td>\n<\/tr>\n<tr>\n<td><b>\u0394 P (BAR)<\/b><\/td>\n<td><span style=\"font-weight: 400;\">=<\/span><\/td>\n<td><span style=\"font-weight: 400;\">Diferen\u00e7a de press\u00e3o liga-desliga (histerese) em bar<\/span><\/td>\n<\/tr>\n<\/tbody>\n<\/table>\n<p>Recomendamos una diferencia de conmutaci\u00f3n de presi\u00f3n \u0394p de un m\u00e1ximo de 60 bar. Hasta esta diferencia, las botellas de almacenamiento de alta presi\u00f3n fijas suelen estar aprobadas para un funcionamiento continuo.<\/p>\n<p>En el caso de las diferencias m\u00e1s grandes, los contenedores est\u00e1n limitados a un n\u00famero de rellenos.<\/p>\n<p>&nbsp;<\/p>\n<h2>Alcance del suministro<\/h2>\n<p>M\u00f3dulo de almacenamiento de alta presi\u00f3n est\u00e1ndar y m\u00f3dulo auxiliar.<\/p>\n<table>\n<tbody>\n<tr>\n<td><strong>SISTEMA DE ARMAZENAMENTO<\/strong><\/td>\n<td colspan=\"3\"><strong>PRESS\u00c3O NO TRABALHO<\/strong><\/td>\n<td><strong>VOLUME GEOM\u00c9TRICO<\/strong><\/td>\n<td><strong>N\u00daMERO DE CONT\u00caINERES<\/strong><\/td>\n<td><strong>V\u00c1LVULA DE SEGURAN\u00c7A E MAN\u00d4METRO<\/strong><\/td>\n<\/tr>\n<tr>\n<td><\/td>\n<td><span style=\"font-weight: 400;\">330 BAR<\/span><\/td>\n<td><span style=\"font-weight: 400;\">365 BAR<\/span><\/td>\n<td><span style=\"font-weight: 400;\">420 BAR<\/span><\/td>\n<td><span style=\"font-weight: 400;\">LITROS<\/span><\/td>\n<td><\/td>\n<td><\/td>\n<\/tr>\n<tr>\n<td><span style=\"font-weight: 400;\">B50-S<\/span><\/td>\n<td><span style=\"font-weight: 400;\">&#8211;<\/span><\/td>\n<td><span style=\"font-weight: 400;\">x<\/span><\/td>\n<td><span style=\"font-weight: 400;\">x<\/span><\/td>\n<td><span style=\"font-weight: 400;\">cinquenta<\/span><\/td>\n<td><span style=\"font-weight: 400;\">1<\/span><\/td>\n<td><span style=\"font-weight: 400;\">x<\/span><\/td>\n<\/tr>\n<tr>\n<td><span style=\"font-weight: 400;\">B50-A<\/span><\/td>\n<td><span style=\"font-weight: 400;\">&#8211;<\/span><\/td>\n<td><span style=\"font-weight: 400;\">x<\/span><\/td>\n<td><span style=\"font-weight: 400;\">x<\/span><\/td>\n<td><span style=\"font-weight: 400;\">cinquenta<\/span><\/td>\n<td><span style=\"font-weight: 400;\">1<\/span><\/td>\n<td><span style=\"font-weight: 400;\">&#8211;<\/span><\/td>\n<\/tr>\n<tr>\n<td><span style=\"font-weight: 400;\">B80-S<\/span><\/td>\n<td><span style=\"font-weight: 400;\">x<\/span><\/td>\n<td><span style=\"font-weight: 400;\">&#8211;<\/span><\/td>\n<td><span style=\"font-weight: 400;\">&#8211;<\/span><\/td>\n<td><span style=\"font-weight: 400;\">80<\/span><\/td>\n<td><span style=\"font-weight: 400;\">1<\/span><\/td>\n<td><span style=\"font-weight: 400;\">x<\/span><\/td>\n<\/tr>\n<tr>\n<td><span style=\"font-weight: 400;\">B80-A<\/span><\/td>\n<td><span style=\"font-weight: 400;\">x<\/span><\/td>\n<td><span style=\"font-weight: 400;\">&#8211;<\/span><\/td>\n<td><span style=\"font-weight: 400;\">&#8211;<\/span><\/td>\n<td><span style=\"font-weight: 400;\">80<\/span><\/td>\n<td><span style=\"font-weight: 400;\">1<\/span><\/td>\n<td><span style=\"font-weight: 400;\">&#8211;<\/span><\/td>\n<\/tr>\n<tr>\n<td><span style=\"font-weight: 400;\">B100-S<\/span><\/td>\n<td><span style=\"font-weight: 400;\">&#8211;<\/span><\/td>\n<td><span style=\"font-weight: 400;\">x<\/span><\/td>\n<td><span style=\"font-weight: 400;\">x<\/span><\/td>\n<td><span style=\"font-weight: 400;\">2 \u00d7 50<\/span><\/td>\n<td><span style=\"font-weight: 400;\">2<\/span><\/td>\n<td><span style=\"font-weight: 400;\">x<\/span><\/td>\n<\/tr>\n<tr>\n<td><span style=\"font-weight: 400;\">B100-A<\/span><\/td>\n<td><span style=\"font-weight: 400;\">&#8211;<\/span><\/td>\n<td><span style=\"font-weight: 400;\">x<\/span><\/td>\n<td><span style=\"font-weight: 400;\">x<\/span><\/td>\n<td><span style=\"font-weight: 400;\">2 \u00d7 50<\/span><\/td>\n<td><span style=\"font-weight: 400;\">2<\/span><\/td>\n<td><span style=\"font-weight: 400;\">&#8211;<\/span><\/td>\n<\/tr>\n<tr>\n<td><span style=\"font-weight: 400;\">B160-S<\/span><\/td>\n<td><span style=\"font-weight: 400;\">x<\/span><\/td>\n<td><span style=\"font-weight: 400;\">&#8211;<\/span><\/td>\n<td><span style=\"font-weight: 400;\">&#8211;<\/span><\/td>\n<td><span style=\"font-weight: 400;\">2 \u00d7 80<\/span><\/td>\n<td><span style=\"font-weight: 400;\">2<\/span><\/td>\n<td><span style=\"font-weight: 400;\">x<\/span><\/td>\n<\/tr>\n<tr>\n<td><span style=\"font-weight: 400;\">B160-A<\/span><\/td>\n<td><span style=\"font-weight: 400;\">x<\/span><\/td>\n<td><span style=\"font-weight: 400;\">&#8211;<\/span><\/td>\n<td><span style=\"font-weight: 400;\">&#8211;<\/span><\/td>\n<td><span style=\"font-weight: 400;\">2 \u00d7 80<\/span><\/td>\n<td><span style=\"font-weight: 400;\">2<\/span><\/td>\n<td><span style=\"font-weight: 400;\">&#8211;<\/span><\/td>\n<\/tr>\n<\/tbody>\n<\/table>\n<p>&nbsp;<\/p>\n<p>Sistema de almacenamiento horizontal de alta presi\u00f3n.<\/p>\n<table>\n<tbody>\n<tr>\n<td><strong>SISTEMA DE ARMAZENAMENTO<\/strong><\/td>\n<td><strong>N\u00daMERO DE GARRAFAS<\/strong><\/td>\n<td><strong>VOLUME GEOM\u00c9TRICO TOTAL<\/strong><\/td>\n<td><strong>PRESS\u00c3O NO TRABALHO<\/strong><\/td>\n<td colspan=\"3\"><strong>VERS\u00c3O<\/strong><\/td>\n<\/tr>\n<tr>\n<td><\/td>\n<td><\/td>\n<td><span style=\"font-weight: 400;\">LITROS<\/span><\/td>\n<td><span style=\"font-weight: 400;\">BAR<\/span><\/td>\n<td><span style=\"font-weight: 400;\">1 BANCO<\/span><\/td>\n<td><span style=\"font-weight: 400;\">2 BANCOS<\/span><\/td>\n<td><span style=\"font-weight: 400;\">3 BANCOS<\/span><\/td>\n<\/tr>\n<tr>\n<td><span style=\"font-weight: 400;\">B800<\/span><\/td>\n<td><span style=\"font-weight: 400;\">10<\/span><\/td>\n<td><span style=\"font-weight: 400;\">800<\/span><\/td>\n<td><span style=\"font-weight: 400;\">330<\/span><\/td>\n<td><span style=\"font-weight: 400;\">x<\/span><\/td>\n<td><span style=\"font-weight: 400;\">x<\/span><\/td>\n<td><span style=\"font-weight: 400;\">x<\/span><\/td>\n<\/tr>\n<tr>\n<td><span style=\"font-weight: 400;\">B960<\/span><\/td>\n<td><span style=\"font-weight: 400;\">12<\/span><\/td>\n<td><span style=\"font-weight: 400;\">960<\/span><\/td>\n<td><span style=\"font-weight: 400;\">330<\/span><\/td>\n<td><span style=\"font-weight: 400;\">x<\/span><\/td>\n<td><span style=\"font-weight: 400;\">x<\/span><\/td>\n<td><span style=\"font-weight: 400;\">x<\/span><\/td>\n<\/tr>\n<tr>\n<td><span style=\"font-weight: 400;\">B1920<\/span><\/td>\n<td><span style=\"font-weight: 400;\">24<\/span><\/td>\n<td><span style=\"font-weight: 400;\">1920<\/span><\/td>\n<td><span style=\"font-weight: 400;\">330<\/span><\/td>\n<td><span style=\"font-weight: 400;\">x<\/span><\/td>\n<td><span style=\"font-weight: 400;\">x<\/span><\/td>\n<td><span style=\"font-weight: 400;\">x<\/span><\/td>\n<\/tr>\n<tr>\n<td><span style=\"font-weight: 400;\">B2000<\/span><\/td>\n<td><span style=\"font-weight: 400;\">25<\/span><\/td>\n<td><span style=\"font-weight: 400;\">2000<\/span><\/td>\n<td><span style=\"font-weight: 400;\">330<\/span><\/td>\n<td><span style=\"font-weight: 400;\">x<\/span><\/td>\n<td><span style=\"font-weight: 400;\">x<\/span><\/td>\n<td><span style=\"font-weight: 400;\">x<\/span><\/td>\n<\/tr>\n<tr>\n<td><span style=\"font-weight: 400;\">B2400<\/span><\/td>\n<td><span style=\"font-weight: 400;\">30<\/span><\/td>\n<td><span style=\"font-weight: 400;\">2.400<\/span><\/td>\n<td><span style=\"font-weight: 400;\">330<\/span><\/td>\n<td><span style=\"font-weight: 400;\">x<\/span><\/td>\n<td><span style=\"font-weight: 400;\">x<\/span><\/td>\n<td><span style=\"font-weight: 400;\">x<\/span><\/td>\n<\/tr>\n<tr>\n<td><span style=\"font-weight: 400;\">B2800<\/span><\/td>\n<td><span style=\"font-weight: 400;\">35<\/span><\/td>\n<td><span style=\"font-weight: 400;\">2800<\/span><\/td>\n<td><span style=\"font-weight: 400;\">330<\/span><\/td>\n<td><span style=\"font-weight: 400;\">x<\/span><\/td>\n<td><span style=\"font-weight: 400;\">x<\/span><\/td>\n<td><span style=\"font-weight: 400;\">x<\/span><\/td>\n<\/tr>\n<tr>\n<td><span style=\"font-weight: 400;\">B3360<\/span><\/td>\n<td><span style=\"font-weight: 400;\">42<\/span><\/td>\n<td><span style=\"font-weight: 400;\">3360<\/span><\/td>\n<td><span style=\"font-weight: 400;\">330<\/span><\/td>\n<td><span style=\"font-weight: 400;\">x<\/span><\/td>\n<td><span style=\"font-weight: 400;\">x<\/span><\/td>\n<td><span style=\"font-weight: 400;\">x<\/span><\/td>\n<\/tr>\n<\/tbody>\n<\/table>\n<p>&nbsp;<\/p>\n<h2>Relleno y seguridad<\/h2>\n<p>Llene sus cilindros de aire respirable de forma segura con el aire comprimido de su compresor BAUER: con un panel de llenado externo de BAUER o con el excelente sistema de llenado de seguridad B-SAFE 300, que le proteger\u00e1 de la entrada de residuos en caso de que el cilindro se rompa.<\/p>\n","protected":false},"excerpt":{"rendered":"<ul>\n<li>Dise\u00f1o de sistema modular: el complemento ideal para el sistema de compresi\u00f3n.<\/li>\n<li>Sistemas de almacenamiento para varios niveles de presi\u00f3n: dise\u00f1ados para 330, 365 y 420 bar.<\/li>\n<\/ul>\n<p>&nbsp;<\/p>\n<p>Los sistemas modulares de almacenamiento de alta presi\u00f3n de <strong>BAUER KOMPRESSOREN<\/strong> son el complemento ideal para un sistema de compresi\u00f3n.<\/p>\n<p>Gracias a estos potentes sistemas de almacenamiento, se dispone de grandes vol\u00famenes de aire y gas a corto plazo, as\u00ed como de un caudal constante.<\/p>\n","protected":false},"featured_media":1837,"template":"","meta":[],"yoast_head":"<!-- This site is optimized with the Yoast SEO plugin v15.6.2 - https:\/\/yoast.com\/wordpress\/plugins\/seo\/ -->\n<title>Sistemas de almacenamiento de alta presi\u00f3n - DCAR - Bauer Kompressoren &amp; Ingersoll Rand<\/title>\n<meta name=\"description\" content=\"Los sistemas modulares de almacenamiento de alta presi\u00f3n de BAUER KOMPRESSOREN son el complemento ideal para un sistema de compresi\u00f3n.\" \/>\n<meta name=\"robots\" content=\"index, follow, max-snippet:-1, max-image-preview:large, max-video-preview:-1\" \/>\n<link rel=\"canonical\" href=\"https:\/\/dc-ar.com.br\/es\/store\/bauer\/compresor-aire-respirable\/accesorios\/sistemas-de-almacenamiento-de-alta-presion\/\" \/>\n<meta property=\"og:locale\" content=\"es_ES\" \/>\n<meta property=\"og:type\" content=\"article\" \/>\n<meta property=\"og:title\" content=\"Sistemas de almacenamiento de alta presi\u00f3n - DCAR - Bauer Kompressoren &amp; Ingersoll Rand\" \/>\n<meta property=\"og:description\" content=\"Los sistemas modulares de almacenamiento de alta presi\u00f3n de BAUER KOMPRESSOREN son el complemento ideal para un sistema de compresi\u00f3n.\" \/>\n<meta property=\"og:url\" content=\"https:\/\/dc-ar.com.br\/es\/store\/bauer\/compresor-aire-respirable\/accesorios\/sistemas-de-almacenamiento-de-alta-presion\/\" \/>\n<meta property=\"og:site_name\" content=\"DCAR - Bauer Kompressoren &amp; Ingersoll Rand\" \/>\n<meta property=\"article:modified_time\" content=\"2021-08-28T21:52:33+00:00\" \/>\n<meta property=\"og:image\" content=\"https:\/\/dc-ar.com.br\/es\/wp-content\/uploads\/2020\/12\/Almacenamiento-de-aire1.jpg\" \/>\n\t<meta property=\"og:image:width\" content=\"738\" \/>\n\t<meta property=\"og:image:height\" content=\"600\" \/>\n<meta name=\"twitter:card\" content=\"summary_large_image\" \/>\n<meta name=\"twitter:label1\" content=\"Tiempo de lectura\">\n\t<meta name=\"twitter:data1\" content=\"3 minutos\">\n<script type=\"application\/ld+json\" class=\"yoast-schema-graph\">{\"@context\":\"https:\/\/schema.org\",\"@graph\":[{\"@type\":\"WebSite\",\"@id\":\"https:\/\/dc-ar.com.br\/es\/#website\",\"url\":\"https:\/\/dc-ar.com.br\/es\/\",\"name\":\"DCAR - Bauer Kompressoren &amp; Ingersoll Rand\",\"description\":\"\",\"potentialAction\":[{\"@type\":\"SearchAction\",\"target\":\"https:\/\/dc-ar.com.br\/es\/?s={search_term_string}\",\"query-input\":\"required name=search_term_string\"}],\"inLanguage\":\"es\"},{\"@type\":\"ImageObject\",\"@id\":\"https:\/\/dc-ar.com.br\/es\/store\/bauer\/compresor-aire-respirable\/accesorios\/sistemas-de-almacenamiento-de-alta-presion\/#primaryimage\",\"inLanguage\":\"es\",\"url\":\"https:\/\/dc-ar.com.br\/es\/wp-content\/uploads\/2020\/12\/Almacenamiento-de-aire1.jpg\",\"width\":738,\"height\":600},{\"@type\":\"WebPage\",\"@id\":\"https:\/\/dc-ar.com.br\/es\/store\/bauer\/compresor-aire-respirable\/accesorios\/sistemas-de-almacenamiento-de-alta-presion\/#webpage\",\"url\":\"https:\/\/dc-ar.com.br\/es\/store\/bauer\/compresor-aire-respirable\/accesorios\/sistemas-de-almacenamiento-de-alta-presion\/\",\"name\":\"Sistemas de almacenamiento de alta presi\\u00f3n - DCAR - Bauer Kompressoren &amp; Ingersoll Rand\",\"isPartOf\":{\"@id\":\"https:\/\/dc-ar.com.br\/es\/#website\"},\"primaryImageOfPage\":{\"@id\":\"https:\/\/dc-ar.com.br\/es\/store\/bauer\/compresor-aire-respirable\/accesorios\/sistemas-de-almacenamiento-de-alta-presion\/#primaryimage\"},\"datePublished\":\"2020-12-12T18:27:04+00:00\",\"dateModified\":\"2021-08-28T21:52:33+00:00\",\"description\":\"Los sistemas modulares de almacenamiento de alta presi\\u00f3n de BAUER KOMPRESSOREN son el complemento ideal para un sistema de compresi\\u00f3n.\",\"inLanguage\":\"es\",\"potentialAction\":[{\"@type\":\"ReadAction\",\"target\":[\"https:\/\/dc-ar.com.br\/es\/store\/bauer\/compresor-aire-respirable\/accesorios\/sistemas-de-almacenamiento-de-alta-presion\/\"]}]}]}<\/script>\n<!-- \/ Yoast SEO plugin. -->","_links":{"self":[{"href":"https:\/\/dc-ar.com.br\/es\/wp-json\/wp\/v2\/product\/1835"}],"collection":[{"href":"https:\/\/dc-ar.com.br\/es\/wp-json\/wp\/v2\/product"}],"about":[{"href":"https:\/\/dc-ar.com.br\/es\/wp-json\/wp\/v2\/types\/product"}],"wp:featuredmedia":[{"embeddable":true,"href":"https:\/\/dc-ar.com.br\/es\/wp-json\/wp\/v2\/media\/1837"}],"wp:attachment":[{"href":"https:\/\/dc-ar.com.br\/es\/wp-json\/wp\/v2\/media?parent=1835"}],"curies":[{"name":"wp","href":"https:\/\/api.w.org\/{rel}","templated":true}]}}