{"id":1822,"date":"2020-12-12T16:12:56","date_gmt":"2020-12-12T18:12:56","guid":{"rendered":"http:\/\/dc-ar.com.br\/es\/?post_type=product&#038;p=1822"},"modified":"2021-08-28T18:45:16","modified_gmt":"2021-08-28T21:45:16","slug":"sistema-de-filtrado-para-el-sistema-triplex","status":"publish","type":"product","link":"https:\/\/dc-ar.com.br\/es\/store\/bauer\/compresor-aire-respirable\/accesorios\/sistema-de-filtrado-para-el-sistema-triplex\/","title":{"rendered":"Sistema de filtrado para el sistema TRIPLEX"},"content":{"rendered":"<p>El aire comprimido pasa de la unidad de compresi\u00f3n al separador final. Aqu\u00ed se separa mec\u00e1nicamente el condensado, una mezcla de peque\u00f1as gotas de aceite y agua, que posteriormente se evacua de forma segura a trav\u00e9s de la v\u00e1lvula de drenaje.<\/p>\n<p>El aire previamente purificado pasa ahora por el sistema de filtro P, que absorbe el agua restante en forma de vapor y elimina las sustancias peligrosas del aire respirable.<\/p>\n<p>En caso de instalaci\u00f3n y mantenimiento correctos de los sistemas seg\u00fan el manual de servicio y en caso de uso del BAUER AERO-GUARD, siempre que la concentraci\u00f3n de CO2 en el aire aspirado supere los valores est\u00e1ndar predeterminados.<\/p>\n<p>Tanto si usted es un buceador o un bombero que conf\u00eda en el aire puro para respirar seg\u00fan la norma DIN EN 12021 como si desea confiar en el aire comprimido perfectamente tratado para aplicaciones deportivas, por ejemplo, al rellenar los cartuchos de paintball, las d\u00e9cadas de experiencia del tratamiento de aire BAUER, la intensa investigaci\u00f3n b\u00e1sica y las pruebas de materiales m\u00e1s exigentes tienen como objetivo una calidad extraordinaria y la m\u00e1xima seguridad.<\/p>\n<p>Nuestro objetivo al tratar el aire y el gas comprimido a alta presi\u00f3n es reducir el ensuciamiento causado por la humedad, el CO, el CO2, el aceite y las part\u00edculas.<\/p>\n<p>La calidad del aire generado por los sistemas de filtraci\u00f3n BAUER P supera los requisitos de la norma DIN EN 12021\u00b9 de protecci\u00f3n respiratoria para gases comprimidos. Adem\u00e1s, la calidad del aire generado con un sistema de filtrado BAUER cumple con las siguientes normas internacionales: STANAG 1079 mW, Britisch Standard 4001, US CGA Spec. G.7.1, Norma CSA Z 180.1 de Canad\u00e1, Norma 5017\u00b9 del ej\u00e9rcito australiano.<\/p>\n<p>Los requisitos para ello son el uso de cartuchos de filtro BAUER adecuados, as\u00ed como la ubicaci\u00f3n correcta y el mantenimiento regular del compresor.<\/p>\n<p>Otros sistemas de tratamiento y dispositivos de control BAUER ofrecen seguridad adicional en \u00e1reas espec\u00edficas de aplicaci\u00f3n.<\/p>\n<p><em>\u00b9 En caso de instalaci\u00f3n y mantenimiento correctos seg\u00fan las instrucciones de uso y al utilizar BAUER AERO-GUARD, siempre que la concentraci\u00f3n de CO2 en el aire inhalado supere los valores est\u00e1ndar predeterminados.<\/em><\/p>\n","protected":false},"excerpt":{"rendered":"<p>Los sistemas de filtrado P de BAUER (sistemas de filtrado de cartucho) eliminan de forma fiable todas las sustancias peligrosas, permitiendo la inhalaci\u00f3n de aire puro y respirable.<\/p>\n<p>Dependiendo de los cartuchos elegidos, los sistemas de filtrado BAUER P absorben la humedad residual del aire comprimido, el vapor de aceite, las trazas de gases con base de hidrocarburos y el mon\u00f3xido de carbono. Los sistemas de filtrado BAUER P no s\u00f3lo cumplen, sino que superan todos los requisitos de la norma DIN EN 12021 para el aire respirable\u00b9.<\/p>\n","protected":false},"featured_media":1825,"template":"","meta":[],"yoast_head":"<!-- This site is optimized with the Yoast SEO plugin v15.6.2 - https:\/\/yoast.com\/wordpress\/plugins\/seo\/ -->\n<title>Sistema de filtrado para el sistema TRIPLEX - DCAR - Bauer Kompressoren &amp; Ingersoll Rand<\/title>\n<meta name=\"description\" content=\"Los sistemas de filtrado P de BAUER (sistemas de filtrado de cartucho) eliminan de forma fiable todas las sustancias peligrosas, permitiendo la inhalaci\u00f3n de aire puro y respirable.\" \/>\n<meta name=\"robots\" content=\"index, follow, max-snippet:-1, max-image-preview:large, max-video-preview:-1\" \/>\n<link rel=\"canonical\" href=\"http:\/\/dc-ar.com.br\/es\/store\/bauer\/compresor-aire-respirable\/accesorios\/sistema-de-filtrado-para-el-sistema-triplex\/\" \/>\n<meta property=\"og:locale\" content=\"es_ES\" \/>\n<meta property=\"og:type\" content=\"article\" \/>\n<meta property=\"og:title\" content=\"Sistema de filtrado para el sistema TRIPLEX - DCAR - Bauer Kompressoren &amp; Ingersoll Rand\" \/>\n<meta property=\"og:description\" content=\"Los sistemas de filtrado P de BAUER (sistemas de filtrado de cartucho) eliminan de forma fiable todas las sustancias peligrosas, permitiendo la inhalaci\u00f3n de aire puro y respirable.\" \/>\n<meta property=\"og:url\" content=\"http:\/\/dc-ar.com.br\/es\/store\/bauer\/compresor-aire-respirable\/accesorios\/sistema-de-filtrado-para-el-sistema-triplex\/\" \/>\n<meta property=\"og:site_name\" content=\"DCAR - Bauer Kompressoren &amp; Ingersoll Rand\" \/>\n<meta property=\"article:modified_time\" content=\"2021-08-28T21:45:16+00:00\" \/>\n<meta property=\"og:image\" content=\"https:\/\/dc-ar.com.br\/es\/wp-content\/uploads\/2020\/12\/triplex1.jpg\" \/>\n\t<meta property=\"og:image:width\" content=\"500\" \/>\n\t<meta property=\"og:image:height\" content=\"407\" \/>\n<meta name=\"twitter:card\" content=\"summary_large_image\" \/>\n<meta name=\"twitter:label1\" content=\"Tiempo de lectura\">\n\t<meta name=\"twitter:data1\" content=\"2 minutos\">\n<script type=\"application\/ld+json\" class=\"yoast-schema-graph\">{\"@context\":\"https:\/\/schema.org\",\"@graph\":[{\"@type\":\"WebSite\",\"@id\":\"https:\/\/dc-ar.com.br\/es\/#website\",\"url\":\"https:\/\/dc-ar.com.br\/es\/\",\"name\":\"DCAR - Bauer Kompressoren &amp; Ingersoll Rand\",\"description\":\"\",\"potentialAction\":[{\"@type\":\"SearchAction\",\"target\":\"https:\/\/dc-ar.com.br\/es\/?s={search_term_string}\",\"query-input\":\"required name=search_term_string\"}],\"inLanguage\":\"es\"},{\"@type\":\"ImageObject\",\"@id\":\"http:\/\/dc-ar.com.br\/es\/store\/bauer\/compresor-aire-respirable\/accesorios\/sistema-de-filtrado-para-el-sistema-triplex\/#primaryimage\",\"inLanguage\":\"es\",\"url\":\"https:\/\/dc-ar.com.br\/es\/wp-content\/uploads\/2020\/12\/triplex1.jpg\",\"width\":500,\"height\":407},{\"@type\":\"WebPage\",\"@id\":\"http:\/\/dc-ar.com.br\/es\/store\/bauer\/compresor-aire-respirable\/accesorios\/sistema-de-filtrado-para-el-sistema-triplex\/#webpage\",\"url\":\"http:\/\/dc-ar.com.br\/es\/store\/bauer\/compresor-aire-respirable\/accesorios\/sistema-de-filtrado-para-el-sistema-triplex\/\",\"name\":\"Sistema de filtrado para el sistema TRIPLEX - DCAR - Bauer Kompressoren &amp; Ingersoll Rand\",\"isPartOf\":{\"@id\":\"https:\/\/dc-ar.com.br\/es\/#website\"},\"primaryImageOfPage\":{\"@id\":\"http:\/\/dc-ar.com.br\/es\/store\/bauer\/compresor-aire-respirable\/accesorios\/sistema-de-filtrado-para-el-sistema-triplex\/#primaryimage\"},\"datePublished\":\"2020-12-12T18:12:56+00:00\",\"dateModified\":\"2021-08-28T21:45:16+00:00\",\"description\":\"Los sistemas de filtrado P de BAUER (sistemas de filtrado de cartucho) eliminan de forma fiable todas las sustancias peligrosas, permitiendo la inhalaci\\u00f3n de aire puro y respirable.\",\"inLanguage\":\"es\",\"potentialAction\":[{\"@type\":\"ReadAction\",\"target\":[\"http:\/\/dc-ar.com.br\/es\/store\/bauer\/compresor-aire-respirable\/accesorios\/sistema-de-filtrado-para-el-sistema-triplex\/\"]}]}]}<\/script>\n<!-- \/ Yoast SEO plugin. -->","_links":{"self":[{"href":"https:\/\/dc-ar.com.br\/es\/wp-json\/wp\/v2\/product\/1822"}],"collection":[{"href":"https:\/\/dc-ar.com.br\/es\/wp-json\/wp\/v2\/product"}],"about":[{"href":"https:\/\/dc-ar.com.br\/es\/wp-json\/wp\/v2\/types\/product"}],"wp:featuredmedia":[{"embeddable":true,"href":"https:\/\/dc-ar.com.br\/es\/wp-json\/wp\/v2\/media\/1825"}],"wp:attachment":[{"href":"https:\/\/dc-ar.com.br\/es\/wp-json\/wp\/v2\/media?parent=1822"}],"curies":[{"name":"wp","href":"https:\/\/api.w.org\/{rel}","templated":true}]}}