{"id":1820,"date":"2020-12-12T16:01:10","date_gmt":"2020-12-12T18:01:10","guid":{"rendered":"http:\/\/dc-ar.com.br\/es\/?post_type=product&#038;p=1820"},"modified":"2021-08-28T18:31:35","modified_gmt":"2021-08-28T21:31:35","slug":"purga-automatica","status":"publish","type":"product","link":"https:\/\/dc-ar.com.br\/es\/store\/bauer\/compresor-aire-respirable\/accesorios\/purga-automatica\/","title":{"rendered":"Purga Autom\u00e1tica"},"content":{"rendered":"<h2>Principio t\u00e9cnico:<\/h2>\n<p>El principio t\u00e9cnico: Durante el condensado del proceso de compresi\u00f3n, se genera una emulsi\u00f3n de humedad del aire, lubricante y part\u00edculas de suciedad del aire ambiente. Por esta raz\u00f3n, durante y despu\u00e9s del funcionamiento del sistema de compresores, todos los separadores intermedios montados en el compresor y el separador final se vac\u00edan continuamente (intervalo est\u00e1ndar: 15 minutos, duraci\u00f3n: 6 segundos). De este modo, no queda una mezcla agresiva de aceite y agua (condensado) en el compresor.<\/p>\n<p>&nbsp;<\/p>\n<h2>Purga y control autom\u00e1ticos<\/h2>\n<p>El manejo sencillo e intuitivo de nuestros compresores port\u00e1tiles se consigue mediante un control de compresor integrado de serie. En el caso de instalaciones fijas, B-CONTROL controla y supervisa todas las funciones de la instalaci\u00f3n de compresores BAUER.<\/p>\n<p>Una pantalla informativa y de f\u00e1cil manejo muestra toda la informaci\u00f3n sobre el estado normal de funcionamiento del sistema. En caso de detectar desviaciones, B-CONTROL desconecta autom\u00e1ticamente el compresor y muestra la fuente del error en la pantalla.<\/p>\n<p>La versi\u00f3n avanzada del B-CONTROL MICRO es el B-CONTROL II. Este mando ofrece funciones adicionales muy c\u00f3modas.<\/p>\n<p>El funcionamiento totalmente autom\u00e1tico permite una purga autom\u00e1tica activada por un control electr\u00f3nico. El condensado generado puede recogerse en un recipiente de recogida y eliminarse de forma compatible con el medio ambiente.<\/p>\n","protected":false},"excerpt":{"rendered":"<p>La purga autom\u00e1tica proporciona una larga vida \u00fatil del filtro, as\u00ed como un ahorro sustancial de tiempo y esfuerzo para la empresa operadora.<\/p>\n<p>La purga autom\u00e1tica est\u00e1 controlada por el control electr\u00f3nico del compresor. El condensado generado puede recogerse en un recipiente de recogida y eliminarse de forma compatible con el medio ambiente. Tambi\u00e9n hay disponibles recipientes de recogida de condensados de mayor tama\u00f1o.<\/p>\n<p>En el caso del funcionamiento autom\u00e1tico de un sistema de compresi\u00f3n, se recomienda en cualquier caso el vaciado autom\u00e1tico. Las ventajas que ofrece son una larga vida \u00fatil del filtro y el consiguiente ahorro de costes innecesarios, aire respirable limpio y ahorro de tiempo gracias al drenaje autom\u00e1tico.<\/p>\n","protected":false},"featured_media":1821,"template":"","meta":[],"yoast_head":"<!-- This site is optimized with the Yoast SEO plugin v15.6.2 - https:\/\/yoast.com\/wordpress\/plugins\/seo\/ -->\n<title>Purga Autom\u00e1tica - DCAR - Bauer Kompressoren &amp; Ingersoll Rand<\/title>\n<meta name=\"description\" content=\"La purga autom\u00e1tica proporciona una larga vida \u00fatil del filtro, as\u00ed como un ahorro sustancial de tiempo y esfuerzo para la empresa operadora.\" \/>\n<meta name=\"robots\" content=\"index, follow, max-snippet:-1, max-image-preview:large, max-video-preview:-1\" \/>\n<link rel=\"canonical\" href=\"https:\/\/dc-ar.com.br\/es\/store\/bauer\/compresor-aire-respirable\/accesorios\/purga-automatica\/\" \/>\n<meta property=\"og:locale\" content=\"es_ES\" \/>\n<meta property=\"og:type\" content=\"article\" \/>\n<meta property=\"og:title\" content=\"Purga Autom\u00e1tica - DCAR - Bauer Kompressoren &amp; Ingersoll Rand\" \/>\n<meta property=\"og:description\" content=\"La purga autom\u00e1tica proporciona una larga vida \u00fatil del filtro, as\u00ed como un ahorro sustancial de tiempo y esfuerzo para la empresa operadora.\" \/>\n<meta property=\"og:url\" content=\"https:\/\/dc-ar.com.br\/es\/store\/bauer\/compresor-aire-respirable\/accesorios\/purga-automatica\/\" \/>\n<meta property=\"og:site_name\" content=\"DCAR - Bauer Kompressoren &amp; Ingersoll Rand\" \/>\n<meta property=\"article:modified_time\" content=\"2021-08-28T21:31:35+00:00\" \/>\n<meta property=\"og:image\" content=\"https:\/\/dc-ar.com.br\/es\/wp-content\/uploads\/2020\/12\/Purga-Automatica.jpg\" \/>\n\t<meta property=\"og:image:width\" content=\"738\" \/>\n\t<meta property=\"og:image:height\" content=\"600\" \/>\n<meta name=\"twitter:card\" content=\"summary_large_image\" \/>\n<meta name=\"twitter:label1\" content=\"Tiempo de lectura\">\n\t<meta name=\"twitter:data1\" content=\"1 minuto\">\n<script type=\"application\/ld+json\" class=\"yoast-schema-graph\">{\"@context\":\"https:\/\/schema.org\",\"@graph\":[{\"@type\":\"WebSite\",\"@id\":\"http:\/\/dc-ar.com.br\/es\/#website\",\"url\":\"http:\/\/dc-ar.com.br\/es\/\",\"name\":\"DCAR - Bauer Kompressoren &amp; Ingersoll Rand\",\"description\":\"\",\"potentialAction\":[{\"@type\":\"SearchAction\",\"target\":\"http:\/\/dc-ar.com.br\/es\/?s={search_term_string}\",\"query-input\":\"required name=search_term_string\"}],\"inLanguage\":\"es\"},{\"@type\":\"ImageObject\",\"@id\":\"https:\/\/dc-ar.com.br\/es\/store\/bauer\/compresor-aire-respirable\/accesorios\/purga-automatica\/#primaryimage\",\"inLanguage\":\"es\",\"url\":\"https:\/\/dc-ar.com.br\/es\/wp-content\/uploads\/2020\/12\/Purga-Automatica.jpg\",\"width\":738,\"height\":600},{\"@type\":\"WebPage\",\"@id\":\"https:\/\/dc-ar.com.br\/es\/store\/bauer\/compresor-aire-respirable\/accesorios\/purga-automatica\/#webpage\",\"url\":\"https:\/\/dc-ar.com.br\/es\/store\/bauer\/compresor-aire-respirable\/accesorios\/purga-automatica\/\",\"name\":\"Purga Autom\\u00e1tica - DCAR - Bauer Kompressoren &amp; Ingersoll Rand\",\"isPartOf\":{\"@id\":\"http:\/\/dc-ar.com.br\/es\/#website\"},\"primaryImageOfPage\":{\"@id\":\"https:\/\/dc-ar.com.br\/es\/store\/bauer\/compresor-aire-respirable\/accesorios\/purga-automatica\/#primaryimage\"},\"datePublished\":\"2020-12-12T18:01:10+00:00\",\"dateModified\":\"2021-08-28T21:31:35+00:00\",\"description\":\"La purga autom\\u00e1tica proporciona una larga vida \\u00fatil del filtro, as\\u00ed como un ahorro sustancial de tiempo y esfuerzo para la empresa operadora.\",\"inLanguage\":\"es\",\"potentialAction\":[{\"@type\":\"ReadAction\",\"target\":[\"https:\/\/dc-ar.com.br\/es\/store\/bauer\/compresor-aire-respirable\/accesorios\/purga-automatica\/\"]}]}]}<\/script>\n<!-- \/ Yoast SEO plugin. -->","_links":{"self":[{"href":"https:\/\/dc-ar.com.br\/es\/wp-json\/wp\/v2\/product\/1820"}],"collection":[{"href":"https:\/\/dc-ar.com.br\/es\/wp-json\/wp\/v2\/product"}],"about":[{"href":"https:\/\/dc-ar.com.br\/es\/wp-json\/wp\/v2\/types\/product"}],"wp:featuredmedia":[{"embeddable":true,"href":"https:\/\/dc-ar.com.br\/es\/wp-json\/wp\/v2\/media\/1821"}],"wp:attachment":[{"href":"https:\/\/dc-ar.com.br\/es\/wp-json\/wp\/v2\/media?parent=1820"}],"curies":[{"name":"wp","href":"https:\/\/api.w.org\/{rel}","templated":true}]}}