{"id":1814,"date":"2020-12-12T15:51:37","date_gmt":"2020-12-12T17:51:37","guid":{"rendered":"http:\/\/dc-ar.com.br\/es\/?post_type=product&#038;p=1814"},"modified":"2021-08-28T18:24:29","modified_gmt":"2021-08-28T21:24:29","slug":"paneles-de-relleno-externos","status":"publish","type":"product","link":"https:\/\/dc-ar.com.br\/es\/store\/bauer\/compresor-aire-respirable\/accesorios\/paneles-de-relleno-externos\/","title":{"rendered":"Paneles de relleno externos"},"content":{"rendered":"<p>La v\u00e1lvula de llenado del balanc\u00edn est\u00e1 equipada con un silenciador. Para una protecci\u00f3n eficaz contra el ruido durante el proceso de llenado.<\/p>\n<p>Los protectores de retroceso de las v\u00e1lvulas de llenado garantizan una gran seguridad personal y operativa incluso en caso de apertura involuntaria de la v\u00e1lvula de llenado.<\/p>\n<p>El n\u00famero de v\u00e1lvulas de llenado en un panel de llenado puede ser de 1, 2, 4, 6 o 10 v\u00e1lvulas.<\/p>\n<p>El n\u00famero de v\u00e1lvulas debe determinarse en funci\u00f3n de las prestaciones de suministro de aire del compresor de suministro.<\/p>\n<p>El rendimiento del suministro de aire determina el tiempo de llenado de las botellas de aire respirable. Cada rango de presi\u00f3n est\u00e1 garantizado por una v\u00e1lvula de seguridad.<\/p>\n<p>El panel de llenado con reductor de presi\u00f3n permite el llenado simult\u00e1neo de cilindros de aire respirable a diferentes presiones. Por el contrario, en el panel de llenado con llave de conmutaci\u00f3n s\u00f3lo se dispone de un rango de presi\u00f3n para el llenado de las botellas.<\/p>\n<p>Los paneles de llenado externo BAUER pueden utilizarse como accesorios opcionales para todos los sistemas de compresi\u00f3n de aire respirable BAUER. Es posible realizar ejecuciones especiales de los paneles de relleno.<\/p>\n<p>En los paneles de llenado externos de BAUER tambi\u00e9n se pueden integrar \u00e1reas de operaci\u00f3n remota para el encendido y apagado y la supervisi\u00f3n del sistema de compresi\u00f3n, por ejemplo:<\/p>\n<ul>\n<li>Un indicador luminoso de aver\u00eda que se\u00f1ala los fallos t\u00e9cnicos y desconecta autom\u00e1ticamente el sistema de compresi\u00f3n.<\/li>\n<li>Una l\u00e1mpara de advertencia para el estado de funcionamiento actual del compresor.<\/li>\n<li>Un indicador luminoso que se\u00f1ala la saturaci\u00f3n del cartucho filtrante y, por tanto, la necesidad de sustituirlo (s\u00f3lo para los compresores equipados con control de filtro B-SECURUS).<\/li>\n<\/ul>\n","protected":false},"excerpt":{"rendered":"<p>Las estaciones de llenado completas permiten un llenado r\u00e1pido y eficaz de las botellas de aire comprimido. Los principales componentes de una estaci\u00f3n de llenado son el sistema de compresi\u00f3n, el sistema de almacenamiento, el automatismo de conexi\u00f3n, el grifo y el panel de llenado.<\/p>\n<p>El panel de llenado externo BAUER, est\u00e1 dise\u00f1ado como un panel de llenado independiente para el montaje en la pared y es perfecto para la instalaci\u00f3n en otras habitaciones, ya que est\u00e1 equipado con un control remoto.<\/p>\n<p>Los instrumentos de llenado est\u00e1n fabricados con lat\u00f3n especialmente resistente a la presi\u00f3n, lo que los hace extremadamente resistentes a las m\u00e1s diversas condiciones clim\u00e1ticas.<\/p>\n<p>Las mangueras de llenado superan los estrictos requisitos de seguridad vigentes para el llenado de botellas de aire respirable. Estas mangueras est\u00e1n montadas sobre pivotes en los extremos.<\/p>\n<p>Le ofrecen, como operador de una estaci\u00f3n de servicio, unas condiciones \u00f3ptimas y seguras para llenar f\u00e1cilmente las botellas de aire respirable en todo momento.<\/p>\n","protected":false},"featured_media":1815,"template":"","meta":[],"yoast_head":"<!-- This site is optimized with the Yoast SEO plugin v15.6.2 - https:\/\/yoast.com\/wordpress\/plugins\/seo\/ -->\n<title>Paneles de relleno externos - DCAR - Bauer Kompressoren &amp; Ingersoll Rand<\/title>\n<meta name=\"description\" content=\"Las estaciones de llenado completas permiten un llenado r\u00e1pido y eficaz de las botellas de aire comprimido. Los principales componentes...\" \/>\n<meta name=\"robots\" content=\"index, follow, max-snippet:-1, max-image-preview:large, max-video-preview:-1\" \/>\n<link rel=\"canonical\" href=\"https:\/\/dc-ar.com.br\/es\/store\/bauer\/compresor-aire-respirable\/accesorios\/paneles-de-relleno-externos\/\" \/>\n<meta property=\"og:locale\" content=\"es_ES\" \/>\n<meta property=\"og:type\" content=\"article\" \/>\n<meta property=\"og:title\" content=\"Paneles de relleno externos - DCAR - Bauer Kompressoren &amp; Ingersoll Rand\" \/>\n<meta property=\"og:description\" content=\"Las estaciones de llenado completas permiten un llenado r\u00e1pido y eficaz de las botellas de aire comprimido. Los principales componentes...\" \/>\n<meta property=\"og:url\" content=\"https:\/\/dc-ar.com.br\/es\/store\/bauer\/compresor-aire-respirable\/accesorios\/paneles-de-relleno-externos\/\" \/>\n<meta property=\"og:site_name\" content=\"DCAR - Bauer Kompressoren &amp; Ingersoll Rand\" \/>\n<meta property=\"article:modified_time\" content=\"2021-08-28T21:24:29+00:00\" \/>\n<meta property=\"og:image\" content=\"https:\/\/dc-ar.com.br\/es\/wp-content\/uploads\/2020\/12\/Paineis-de-enchimento-externos.jpg\" \/>\n\t<meta property=\"og:image:width\" content=\"738\" \/>\n\t<meta property=\"og:image:height\" content=\"600\" \/>\n<meta name=\"twitter:card\" content=\"summary_large_image\" \/>\n<meta name=\"twitter:label1\" content=\"Tiempo de lectura\">\n\t<meta name=\"twitter:data1\" content=\"2 minutos\">\n<script type=\"application\/ld+json\" class=\"yoast-schema-graph\">{\"@context\":\"https:\/\/schema.org\",\"@graph\":[{\"@type\":\"WebSite\",\"@id\":\"http:\/\/dc-ar.com.br\/es\/#website\",\"url\":\"http:\/\/dc-ar.com.br\/es\/\",\"name\":\"DCAR - Bauer Kompressoren &amp; Ingersoll Rand\",\"description\":\"\",\"potentialAction\":[{\"@type\":\"SearchAction\",\"target\":\"http:\/\/dc-ar.com.br\/es\/?s={search_term_string}\",\"query-input\":\"required name=search_term_string\"}],\"inLanguage\":\"es\"},{\"@type\":\"ImageObject\",\"@id\":\"https:\/\/dc-ar.com.br\/es\/store\/bauer\/compresor-aire-respirable\/accesorios\/paneles-de-relleno-externos\/#primaryimage\",\"inLanguage\":\"es\",\"url\":\"https:\/\/dc-ar.com.br\/es\/wp-content\/uploads\/2020\/12\/Paineis-de-enchimento-externos.jpg\",\"width\":738,\"height\":600},{\"@type\":\"WebPage\",\"@id\":\"https:\/\/dc-ar.com.br\/es\/store\/bauer\/compresor-aire-respirable\/accesorios\/paneles-de-relleno-externos\/#webpage\",\"url\":\"https:\/\/dc-ar.com.br\/es\/store\/bauer\/compresor-aire-respirable\/accesorios\/paneles-de-relleno-externos\/\",\"name\":\"Paneles de relleno externos - DCAR - Bauer Kompressoren &amp; Ingersoll Rand\",\"isPartOf\":{\"@id\":\"http:\/\/dc-ar.com.br\/es\/#website\"},\"primaryImageOfPage\":{\"@id\":\"https:\/\/dc-ar.com.br\/es\/store\/bauer\/compresor-aire-respirable\/accesorios\/paneles-de-relleno-externos\/#primaryimage\"},\"datePublished\":\"2020-12-12T17:51:37+00:00\",\"dateModified\":\"2021-08-28T21:24:29+00:00\",\"description\":\"Las estaciones de llenado completas permiten un llenado r\\u00e1pido y eficaz de las botellas de aire comprimido. Los principales componentes...\",\"inLanguage\":\"es\",\"potentialAction\":[{\"@type\":\"ReadAction\",\"target\":[\"https:\/\/dc-ar.com.br\/es\/store\/bauer\/compresor-aire-respirable\/accesorios\/paneles-de-relleno-externos\/\"]}]}]}<\/script>\n<!-- \/ Yoast SEO plugin. -->","_links":{"self":[{"href":"https:\/\/dc-ar.com.br\/es\/wp-json\/wp\/v2\/product\/1814"}],"collection":[{"href":"https:\/\/dc-ar.com.br\/es\/wp-json\/wp\/v2\/product"}],"about":[{"href":"https:\/\/dc-ar.com.br\/es\/wp-json\/wp\/v2\/types\/product"}],"wp:featuredmedia":[{"embeddable":true,"href":"https:\/\/dc-ar.com.br\/es\/wp-json\/wp\/v2\/media\/1815"}],"wp:attachment":[{"href":"https:\/\/dc-ar.com.br\/es\/wp-json\/wp\/v2\/media?parent=1814"}],"curies":[{"name":"wp","href":"https:\/\/api.w.org\/{rel}","templated":true}]}}