{"id":1811,"date":"2020-12-12T15:11:41","date_gmt":"2020-12-12T17:11:41","guid":{"rendered":"http:\/\/dc-ar.com.br\/es\/?post_type=product&#038;p=1811"},"modified":"2021-08-28T17:50:45","modified_gmt":"2021-08-28T20:50:45","slug":"control-del-filtro-b-securus","status":"publish","type":"product","link":"https:\/\/dc-ar.com.br\/es\/store\/bauer\/compresor-aire-respirable\/accesorios\/control-del-filtro-b-securus\/","title":{"rendered":"Control del filtro B-SECURUS"},"content":{"rendered":"<p>En la pantalla de cuatro partes se puede seguir el grado creciente de saturaci\u00f3n del cartucho filtrante P en cualquier momento. En caso de que la capacidad restante sea inferior al 20%, el \u00faltimo segmento comienza a parpadear y, en lugar de las horas de funcionamiento, se muestra el n\u00famero del cartucho filtrante para un posible proceso de pedido. Si el cartucho est\u00e1 lleno, los 4 segmentos de la pantalla parpadear\u00e1n.<\/p>\n<p>El s\u00edmbolo de la llave indica la necesidad de mantenimiento. Las letras A a C indican el intervalo de mantenimiento BAUER requerido.<\/p>\n<p><strong>Seguridad:<\/strong> La pantalla de la bater\u00eda indica cu\u00e1ndo hay que cambiarla.<\/p>\n<p>Al cambiar la bater\u00eda o en caso de almacenamiento prolongado sin bater\u00eda, las horas de funcionamiento y los tiempos de mantenimiento se guardan en la memoria RAM del aparato.<\/p>\n<p><strong>Montaje sencillo:<\/strong> sin tubos ni cables, \u00a1basta con un destornillador!<\/p>\n<p><strong>Extremadamente robusto:<\/strong> para un uso universal, incluso en las condiciones exteriores m\u00e1s duras: protecci\u00f3n contra el polvo y las salpicaduras de agua, resistente a la sal, la luz solar intensa, la alta humedad y la arena.<\/p>\n<p>&nbsp;<\/p>\n<h2>Productos Bauer<\/h2>\n<p>Dependiendo del tama\u00f1o del compresor, la se\u00f1al de aviso se emite con una ventana de tiempo de aproximadamente 1 a 7 horas antes de que se produzca la saturaci\u00f3n del cartucho. El control del filtro B-SECURUS desconecta autom\u00e1ticamente el sistema del compresor si el cartucho est\u00e1 completamente saturado y no ha sido sustituido.<\/p>\n<p>En caso de rotura del cable o si no hay conexi\u00f3n entre el B-SECURUS y el control, tambi\u00e9n se produce una desconexi\u00f3n de seguridad.<\/p>\n<p>Si el sistema de filtro P no tiene cartuchos de filtro, el compresor no puede arrancar. La nota se muestra \u00f3pticamente.<\/p>\n<p>El control del filtro B-SECURUS garantiza una pureza \u00f3ptima del aire respiratorio comprimido seg\u00fan la norma DIN EN 12021, as\u00ed como el aprovechamiento al 100% de los cartuchos de filtro BAUER utilizados. La inversi\u00f3n necesaria para el B-SECURUS se amortiza en poco tiempo. No es necesario calibrar el sistema B-SECURUS.<\/p>\n<p>\u00b9 Si se instala y mantiene correctamente seg\u00fan el manual de servicio y si se utiliza BAUER AERO-GUARD, siempre que la concentraci\u00f3n de CO 2 en el aire de salida supere los valores est\u00e1ndar predeterminados.<\/p>\n","protected":false},"excerpt":{"rendered":"<p>El sistema de seguridad B-SECURUS supervisa la saturaci\u00f3n de los cartuchos filtrantes midiendo la humedad residual del aire comprimido en el tamiz molecular del sistema de filtro P y muestra oportunamente en forma de &#8220;advertencia&#8221; en la pantalla integrada o en el control del compresor cu\u00e1ndo debe realizarse el pr\u00f3ximo cambio de cartucho filtrante.<\/p>\n<p>De este modo, es imposible superar la vida \u00fatil del cartucho\u00b9, ya que la se\u00f1al de aviso advierte a tiempo de la saturaci\u00f3n del cartucho filtrante.<\/p>\n","protected":false},"featured_media":1812,"template":"","meta":[],"yoast_head":"<!-- This site is optimized with the Yoast SEO plugin v15.6.2 - https:\/\/yoast.com\/wordpress\/plugins\/seo\/ -->\n<title>Control del filtro B-SECURUS - DCAR - Bauer Kompressoren &amp; Ingersoll Rand<\/title>\n<meta name=\"description\" content=\"El sistema de seguridad B-SECURUS supervisa la saturaci\u00f3n de los cartuchos filtrantes midiendo la humedad residual del aire comprimido en...\" \/>\n<meta name=\"robots\" content=\"index, follow, max-snippet:-1, max-image-preview:large, max-video-preview:-1\" \/>\n<link rel=\"canonical\" href=\"https:\/\/dc-ar.com.br\/es\/store\/bauer\/compresor-aire-respirable\/accesorios\/control-del-filtro-b-securus\/\" \/>\n<meta property=\"og:locale\" content=\"es_ES\" \/>\n<meta property=\"og:type\" content=\"article\" \/>\n<meta property=\"og:title\" content=\"Control del filtro B-SECURUS - DCAR - Bauer Kompressoren &amp; Ingersoll Rand\" \/>\n<meta property=\"og:description\" content=\"El sistema de seguridad B-SECURUS supervisa la saturaci\u00f3n de los cartuchos filtrantes midiendo la humedad residual del aire comprimido en...\" \/>\n<meta property=\"og:url\" content=\"https:\/\/dc-ar.com.br\/es\/store\/bauer\/compresor-aire-respirable\/accesorios\/control-del-filtro-b-securus\/\" \/>\n<meta property=\"og:site_name\" content=\"DCAR - Bauer Kompressoren &amp; Ingersoll Rand\" \/>\n<meta property=\"article:modified_time\" content=\"2021-08-28T20:50:45+00:00\" \/>\n<meta property=\"og:image\" content=\"https:\/\/dc-ar.com.br\/es\/wp-content\/uploads\/2020\/12\/b-securus_dabian-1.jpg\" \/>\n\t<meta property=\"og:image:width\" content=\"500\" \/>\n\t<meta property=\"og:image:height\" content=\"407\" \/>\n<meta name=\"twitter:card\" content=\"summary_large_image\" \/>\n<meta name=\"twitter:label1\" content=\"Tiempo de lectura\">\n\t<meta name=\"twitter:data1\" content=\"2 minutos\">\n<script type=\"application\/ld+json\" class=\"yoast-schema-graph\">{\"@context\":\"https:\/\/schema.org\",\"@graph\":[{\"@type\":\"WebSite\",\"@id\":\"http:\/\/dc-ar.com.br\/es\/#website\",\"url\":\"http:\/\/dc-ar.com.br\/es\/\",\"name\":\"DCAR - Bauer Kompressoren &amp; Ingersoll Rand\",\"description\":\"\",\"potentialAction\":[{\"@type\":\"SearchAction\",\"target\":\"http:\/\/dc-ar.com.br\/es\/?s={search_term_string}\",\"query-input\":\"required name=search_term_string\"}],\"inLanguage\":\"es\"},{\"@type\":\"ImageObject\",\"@id\":\"https:\/\/dc-ar.com.br\/es\/store\/bauer\/compresor-aire-respirable\/accesorios\/control-del-filtro-b-securus\/#primaryimage\",\"inLanguage\":\"es\",\"url\":\"https:\/\/dc-ar.com.br\/es\/wp-content\/uploads\/2020\/12\/b-securus_dabian-1.jpg\",\"width\":500,\"height\":407},{\"@type\":\"WebPage\",\"@id\":\"https:\/\/dc-ar.com.br\/es\/store\/bauer\/compresor-aire-respirable\/accesorios\/control-del-filtro-b-securus\/#webpage\",\"url\":\"https:\/\/dc-ar.com.br\/es\/store\/bauer\/compresor-aire-respirable\/accesorios\/control-del-filtro-b-securus\/\",\"name\":\"Control del filtro B-SECURUS - DCAR - Bauer Kompressoren &amp; Ingersoll Rand\",\"isPartOf\":{\"@id\":\"http:\/\/dc-ar.com.br\/es\/#website\"},\"primaryImageOfPage\":{\"@id\":\"https:\/\/dc-ar.com.br\/es\/store\/bauer\/compresor-aire-respirable\/accesorios\/control-del-filtro-b-securus\/#primaryimage\"},\"datePublished\":\"2020-12-12T17:11:41+00:00\",\"dateModified\":\"2021-08-28T20:50:45+00:00\",\"description\":\"El sistema de seguridad B-SECURUS supervisa la saturaci\\u00f3n de los cartuchos filtrantes midiendo la humedad residual del aire comprimido en...\",\"inLanguage\":\"es\",\"potentialAction\":[{\"@type\":\"ReadAction\",\"target\":[\"https:\/\/dc-ar.com.br\/es\/store\/bauer\/compresor-aire-respirable\/accesorios\/control-del-filtro-b-securus\/\"]}]}]}<\/script>\n<!-- \/ Yoast SEO plugin. -->","_links":{"self":[{"href":"https:\/\/dc-ar.com.br\/es\/wp-json\/wp\/v2\/product\/1811"}],"collection":[{"href":"https:\/\/dc-ar.com.br\/es\/wp-json\/wp\/v2\/product"}],"about":[{"href":"https:\/\/dc-ar.com.br\/es\/wp-json\/wp\/v2\/types\/product"}],"wp:featuredmedia":[{"embeddable":true,"href":"https:\/\/dc-ar.com.br\/es\/wp-json\/wp\/v2\/media\/1812"}],"wp:attachment":[{"href":"https:\/\/dc-ar.com.br\/es\/wp-json\/wp\/v2\/media?parent=1811"}],"curies":[{"name":"wp","href":"https:\/\/api.w.org\/{rel}","templated":true}]}}