{"id":1809,"date":"2020-12-12T15:03:47","date_gmt":"2020-12-12T17:03:47","guid":{"rendered":"http:\/\/dc-ar.com.br\/es\/?post_type=product&#038;p=1809"},"modified":"2021-08-28T17:44:38","modified_gmt":"2021-08-28T20:44:38","slug":"b-control-micro","status":"publish","type":"product","link":"https:\/\/dc-ar.com.br\/es\/store\/bauer\/compresor-aire-respirable\/accesorios\/b-control-micro\/","title":{"rendered":"B-CONTROL Micro"},"content":{"rendered":"<p>La pantalla en color muestra informaci\u00f3n importante como la presi\u00f3n final, la presi\u00f3n del aceite y la temperatura de la \u00faltima etapa. El control tambi\u00e9n avisa del mantenimiento pendiente. Puede elegir entre un funcionamiento totalmente autom\u00e1tico o semiautom\u00e1tico. En caso de detectar desviaciones de las condiciones normales de trabajo, el control apaga autom\u00e1ticamente el compresor y muestra la fuente del error en la pantalla.<\/p>\n<p>Una ventaja m\u00e1s: tambi\u00e9n se puede conectar a transmisores de se\u00f1ales de entrada y salida externos en cualquier momento, as\u00ed como utilizar en funcionamiento combinado o conectar un monitor externo.<\/p>\n<p>&nbsp;<\/p>\n<h2>Caracter\u00edsticas:<\/h2>\n<ul>\n<li>Pantalla TFT en color de 3,5&#8243; con visualizaci\u00f3n de texto.<\/li>\n<li>Control totalmente autom\u00e1tico de los par\u00e1metros relevantes, desconexi\u00f3n del compresor en caso de valores fuera de rango.<\/li>\n<li>Selecci\u00f3n de idiomas (alem\u00e1n, ingl\u00e9s, franc\u00e9s, italiano, neerland\u00e9s, polaco, espa\u00f1ol, checo, portugu\u00e9s, chino, japon\u00e9s y ruso, entre otros).<\/li>\n<li>Control de la presi\u00f3n del aceite, entre otras cosas para protegerlo de un sentido de giro incorrecto.<\/li>\n<li>Conexi\u00f3n\/desconexi\u00f3n a distancia (sin potencial).<\/li>\n<li>Mensaje de fallo de compilaci\u00f3n (potencialmente libre).<\/li>\n<li>Gesti\u00f3n del mantenimiento: visualizaci\u00f3n de la informaci\u00f3n de mantenimiento en la pantalla.<\/li>\n<li>Historia del evento.<\/li>\n<li>Protecci\u00f3n con contrase\u00f1a para los distintos niveles del men\u00fa.<\/li>\n<li>Posibilidad de integraci\u00f3n del funcionamiento combinado (esclavo).<\/li>\n<li>Contador de ciclos para registrar el cambio del ciclo de carga del separador final.<\/li>\n<li>Actualizaci\u00f3n sencilla del software a trav\u00e9s de la tarjeta SD.<\/li>\n<li>Posibilidades de conexi\u00f3n externa para: B-SECURUS , SECCANT , B-KOOL , B-DETECTION , pantalla externa, \u00e1rea de operaci\u00f3n externa, cilindro de gas de nivel, sistemas de medici\u00f3n de gas.<\/li>\n<\/ul>\n<p>&nbsp;<\/p>\n<h2>Control y purga autom\u00e1tica<\/h2>\n<p>El manejo sencillo e intuitivo de nuestros compresores port\u00e1tiles se realiza mediante un control de compresor integrado de serie. En el caso de instalaciones fijas, B-CONTROL controla y supervisa todas las funciones de la instalaci\u00f3n de compresores BAUER.<\/p>\n<p>Una pantalla informativa y de f\u00e1cil manejo muestra toda la informaci\u00f3n sobre el estado normal de funcionamiento del sistema. En caso de detectar desviaciones, B-CONTROL desconecta autom\u00e1ticamente el compresor y muestra la fuente del error en la pantalla.<\/p>\n<p>La versi\u00f3n avanzada del B-CONTROL MICRO es el B-CONTROL II . Este mando ofrece funciones adicionales muy c\u00f3modas.<\/p>\n<p>El funcionamiento totalmente autom\u00e1tico permite una purga autom\u00e1tica activada por un control electr\u00f3nico. El condensado generado puede recogerse en un recipiente de recogida y eliminarse de forma compatible con el medio ambiente.<\/p>\n","protected":false},"excerpt":{"rendered":"<p><strong>B-CONTROL MICRO<\/strong> es un control de compresor moderno y f\u00e1cil de manejar con una pantalla en color que controla de forma inteligente todas las funciones b\u00e1sicas y las supervisa de forma fiable.<\/p>\n<p>La interacci\u00f3n entre el usuario y el control es l\u00f3gica e intuitiva. La informaci\u00f3n se muestra en la pantalla en color en formato de texto. Puedes elegir entre diferentes idiomas. La nueva representaci\u00f3n y la facilidad de navegaci\u00f3n marcan la pauta y ahora son pr\u00e1cticamente id\u00e9nticas para <strong>B-CONTROL MICRO<\/strong> y <strong>B-CONTROL II<\/strong>.<\/p>\n","protected":false},"featured_media":1810,"template":"","meta":[],"yoast_head":"<!-- This site is optimized with the Yoast SEO plugin v15.6.2 - https:\/\/yoast.com\/wordpress\/plugins\/seo\/ -->\n<title>B-CONTROL Micro - DCAR - Bauer Kompressoren &amp; Ingersoll Rand<\/title>\n<meta name=\"description\" content=\"B-CONTROL MICRO es un control de compresor moderno y f\u00e1cil de manejar con una pantalla en color que controla de forma inteligente todas las funciones b\u00e1sicas y las supervisa de forma fiable.\" \/>\n<meta name=\"robots\" content=\"index, follow, max-snippet:-1, max-image-preview:large, max-video-preview:-1\" \/>\n<link rel=\"canonical\" href=\"https:\/\/dc-ar.com.br\/es\/store\/bauer\/compresor-aire-respirable\/accesorios\/b-control-micro\/\" \/>\n<meta property=\"og:locale\" content=\"es_ES\" \/>\n<meta property=\"og:type\" content=\"article\" \/>\n<meta property=\"og:title\" content=\"B-CONTROL Micro - DCAR - Bauer Kompressoren &amp; Ingersoll Rand\" \/>\n<meta property=\"og:description\" content=\"B-CONTROL MICRO es un control de compresor moderno y f\u00e1cil de manejar con una pantalla en color que controla de forma inteligente todas las funciones b\u00e1sicas y las supervisa de forma fiable.\" \/>\n<meta property=\"og:url\" content=\"https:\/\/dc-ar.com.br\/es\/store\/bauer\/compresor-aire-respirable\/accesorios\/b-control-micro\/\" \/>\n<meta property=\"og:site_name\" content=\"DCAR - Bauer Kompressoren &amp; Ingersoll Rand\" \/>\n<meta property=\"article:modified_time\" content=\"2021-08-28T20:44:38+00:00\" \/>\n<meta property=\"og:image\" content=\"https:\/\/dc-ar.com.br\/es\/wp-content\/uploads\/2020\/12\/B-CONTROLMicro.jpg\" \/>\n\t<meta property=\"og:image:width\" content=\"738\" \/>\n\t<meta property=\"og:image:height\" content=\"600\" \/>\n<meta name=\"twitter:card\" content=\"summary_large_image\" \/>\n<meta name=\"twitter:label1\" content=\"Tiempo de lectura\">\n\t<meta name=\"twitter:data1\" content=\"2 minutos\">\n<script type=\"application\/ld+json\" class=\"yoast-schema-graph\">{\"@context\":\"https:\/\/schema.org\",\"@graph\":[{\"@type\":\"WebSite\",\"@id\":\"https:\/\/dc-ar.com.br\/es\/#website\",\"url\":\"https:\/\/dc-ar.com.br\/es\/\",\"name\":\"DCAR - Bauer Kompressoren &amp; Ingersoll Rand\",\"description\":\"\",\"potentialAction\":[{\"@type\":\"SearchAction\",\"target\":\"https:\/\/dc-ar.com.br\/es\/?s={search_term_string}\",\"query-input\":\"required name=search_term_string\"}],\"inLanguage\":\"es\"},{\"@type\":\"ImageObject\",\"@id\":\"https:\/\/dc-ar.com.br\/es\/store\/bauer\/compresor-aire-respirable\/accesorios\/b-control-micro\/#primaryimage\",\"inLanguage\":\"es\",\"url\":\"https:\/\/dc-ar.com.br\/es\/wp-content\/uploads\/2020\/12\/B-CONTROLMicro.jpg\",\"width\":738,\"height\":600},{\"@type\":\"WebPage\",\"@id\":\"https:\/\/dc-ar.com.br\/es\/store\/bauer\/compresor-aire-respirable\/accesorios\/b-control-micro\/#webpage\",\"url\":\"https:\/\/dc-ar.com.br\/es\/store\/bauer\/compresor-aire-respirable\/accesorios\/b-control-micro\/\",\"name\":\"B-CONTROL Micro - DCAR - Bauer Kompressoren &amp; Ingersoll Rand\",\"isPartOf\":{\"@id\":\"https:\/\/dc-ar.com.br\/es\/#website\"},\"primaryImageOfPage\":{\"@id\":\"https:\/\/dc-ar.com.br\/es\/store\/bauer\/compresor-aire-respirable\/accesorios\/b-control-micro\/#primaryimage\"},\"datePublished\":\"2020-12-12T17:03:47+00:00\",\"dateModified\":\"2021-08-28T20:44:38+00:00\",\"description\":\"B-CONTROL MICRO es un control de compresor moderno y f\\u00e1cil de manejar con una pantalla en color que controla de forma inteligente todas las funciones b\\u00e1sicas y las supervisa de forma fiable.\",\"inLanguage\":\"es\",\"potentialAction\":[{\"@type\":\"ReadAction\",\"target\":[\"https:\/\/dc-ar.com.br\/es\/store\/bauer\/compresor-aire-respirable\/accesorios\/b-control-micro\/\"]}]}]}<\/script>\n<!-- \/ Yoast SEO plugin. -->","_links":{"self":[{"href":"https:\/\/dc-ar.com.br\/es\/wp-json\/wp\/v2\/product\/1809"}],"collection":[{"href":"https:\/\/dc-ar.com.br\/es\/wp-json\/wp\/v2\/product"}],"about":[{"href":"https:\/\/dc-ar.com.br\/es\/wp-json\/wp\/v2\/types\/product"}],"wp:featuredmedia":[{"embeddable":true,"href":"https:\/\/dc-ar.com.br\/es\/wp-json\/wp\/v2\/media\/1810"}],"wp:attachment":[{"href":"https:\/\/dc-ar.com.br\/es\/wp-json\/wp\/v2\/media?parent=1809"}],"curies":[{"name":"wp","href":"https:\/\/api.w.org\/{rel}","templated":true}]}}