{"id":1807,"date":"2020-12-12T14:52:28","date_gmt":"2020-12-12T16:52:28","guid":{"rendered":"http:\/\/dc-ar.com.br\/es\/?post_type=product&#038;p=1807"},"modified":"2021-08-28T17:41:17","modified_gmt":"2021-08-28T20:41:17","slug":"b-control-ii","status":"publish","type":"product","link":"https:\/\/dc-ar.com.br\/es\/store\/bauer\/compresor-aire-respirable\/accesorios\/b-control-ii\/","title":{"rendered":"B-CONTROL II"},"content":{"rendered":"<p>El concepto de interacci\u00f3n ha sido completamente redise\u00f1ado. La nueva pantalla de f\u00e1cil manejo y los est\u00e1ndares de navegaci\u00f3n son ahora pr\u00e1cticamente id\u00e9nticos para B-CONTROL MICRO y B-CONTROL II.<\/p>\n<p>Adem\u00e1s del control y la supervisi\u00f3n de importantes funciones de la planta, B-CONTROL II ofrece otras c\u00f3modas funciones, como. Por ejemplo, el registrador de datos, una conexi\u00f3n USB, interfaces comunes como Modbus, bus CAN o Profibus o el control integrado de un sistema interconectado con hasta cuatro compresores. Se pueden conectar, por ejemplo, sensores y equipos adicionales. Por ejemplo, para la supervisi\u00f3n de temperaturas y presiones intermedias, la transferencia de datos a distancia a trav\u00e9s de B-MESSENGER, el funcionamiento a distancia a trav\u00e9s de la zona de operaci\u00f3n externa, etc.<\/p>\n<p>El B-CONTROL II puede adaptarse a las necesidades individuales y ampliarse hasta el control completo del proceso del sistema.<\/p>\n<p>&nbsp;<\/p>\n<h2>Caracter\u00edsticas:<\/h2>\n<ul>\n<li>Pantalla t\u00e1ctil TFT en color de 5,7 \u2033 con visualizaci\u00f3n de texto.<\/li>\n<li>Control totalmente autom\u00e1tico de los par\u00e1metros relevantes, parada del compresor en caso de valores fuera del rango permitido.<\/li>\n<li>Selecci\u00f3n de idiomas (alem\u00e1n, ingl\u00e9s, franc\u00e9s, italiano, neerland\u00e9s, polaco, espa\u00f1ol, checo, portugu\u00e9s, chino, japon\u00e9s y ruso, entre otros).<\/li>\n<li>Control de la presi\u00f3n del aceite, entre otras cosas para protegerlo de un sentido de giro incorrecto.<\/li>\n<li>Gesti\u00f3n del mantenimiento: visualizaci\u00f3n de la informaci\u00f3n de mantenimiento en la pantalla.<\/li>\n<li>Historia del evento.<\/li>\n<li>Protecci\u00f3n con contrase\u00f1a para los distintos niveles del men\u00fa.<\/li>\n<li>Operaci\u00f3n b\u00e1sica de cambio de carga y operaci\u00f3n combinada para hasta 4 compresores.<\/li>\n<li>Registrador de datos integrado.<\/li>\n<li>Contador de ciclos para registrar el cambio de ciclo de carga del separador final.<\/li>\n<li>Interfaz: USB 2.0, Ethernet 10\/100, bus CAN capa 2, Modbus RTU RS485, Profibus DP esclavo (opcional).<\/li>\n<li>Conexi\u00f3n\/desconexi\u00f3n a distancia (sin potencial).<\/li>\n<li>Mensaje de fallo de compilaci\u00f3n (potencialmente libre).<\/li>\n<li>Actualizaci\u00f3n sencilla del software a trav\u00e9s de la tarjeta CF.<\/li>\n<li>Posibilidades de conexi\u00f3n externa para: B-SECURUS, SECCANT, B-KOOL, B-DETECTION, pantalla externa, \u00e1rea de operaci\u00f3n externa, cilindro de gas de nivel, sistemas de medici\u00f3n de gas.<\/li>\n<\/ul>\n<p>&nbsp;<\/p>\n<h2>Control y purga autom\u00e1tica<\/h2>\n<p>El manejo sencillo e intuitivo de nuestros compresores port\u00e1tiles se realiza mediante un control de compresor integrado de serie. En el caso de instalaciones fijas, B-CONTROL controla y supervisa todas las funciones de la instalaci\u00f3n de compresores BAUER.<\/p>\n<p>Una pantalla informativa y de f\u00e1cil manejo muestra toda la informaci\u00f3n sobre el estado normal de funcionamiento del sistema. En caso de detectar desviaciones, B-CONTROL desconecta autom\u00e1ticamente el compresor y muestra en la pantalla el origen del error.<\/p>\n<p>La versi\u00f3n avanzada del B-CONTROL MICRO es el B-CONTROL II. Este mando ofrece funciones adicionales muy c\u00f3modas.<\/p>\n<p>El funcionamiento totalmente autom\u00e1tico permite una purga autom\u00e1tica activada por un control electr\u00f3nico. El condensado generado puede recogerse en un recipiente de recogida y eliminarse de forma compatible con el medio ambiente.<\/p>\n","protected":false},"excerpt":{"rendered":"<p>El <strong>B-CONTROL II de BAUER<\/strong> es la versi\u00f3n avanzada del control b\u00e1sico de compresores <strong>B-CONTROL MICRO<\/strong>.<\/p>\n<p>La pantalla t\u00e1ctil en color de 5,7\u2033 con 10 teclas muestra la presi\u00f3n final, la presi\u00f3n del aceite, la temperatura de la \u00faltima etapa, la temperatura ambiente, etc.<\/p>\n<p>El control tambi\u00e9n muestra visualmente los intervalos de mantenimiento. Puede elegir entre un funcionamiento totalmente autom\u00e1tico o semiautom\u00e1tico.<\/p>\n","protected":false},"featured_media":1808,"template":"","meta":[],"yoast_head":"<!-- This site is optimized with the Yoast SEO plugin v15.6.2 - https:\/\/yoast.com\/wordpress\/plugins\/seo\/ -->\n<title>B-CONTROL II - DCAR - Bauer Kompressoren &amp; Ingersoll Rand<\/title>\n<meta name=\"description\" content=\"El B-CONTROL II de BAUER es la versi\u00f3n avanzada del control b\u00e1sico de compresores B-CONTROL MICRO.\" \/>\n<meta name=\"robots\" content=\"index, follow, max-snippet:-1, max-image-preview:large, max-video-preview:-1\" \/>\n<link rel=\"canonical\" href=\"https:\/\/dc-ar.com.br\/es\/store\/bauer\/compresor-aire-respirable\/accesorios\/b-control-ii\/\" \/>\n<meta property=\"og:locale\" content=\"es_ES\" \/>\n<meta property=\"og:type\" content=\"article\" \/>\n<meta property=\"og:title\" content=\"B-CONTROL II - DCAR - Bauer Kompressoren &amp; Ingersoll Rand\" \/>\n<meta property=\"og:description\" content=\"El B-CONTROL II de BAUER es la versi\u00f3n avanzada del control b\u00e1sico de compresores B-CONTROL MICRO.\" \/>\n<meta property=\"og:url\" content=\"https:\/\/dc-ar.com.br\/es\/store\/bauer\/compresor-aire-respirable\/accesorios\/b-control-ii\/\" \/>\n<meta property=\"og:site_name\" content=\"DCAR - Bauer Kompressoren &amp; Ingersoll Rand\" \/>\n<meta property=\"article:modified_time\" content=\"2021-08-28T20:41:17+00:00\" \/>\n<meta property=\"og:image\" content=\"https:\/\/dc-ar.com.br\/es\/wp-content\/uploads\/2020\/12\/B-CONTROLII.jpg\" \/>\n\t<meta property=\"og:image:width\" content=\"738\" \/>\n\t<meta property=\"og:image:height\" content=\"600\" \/>\n<meta name=\"twitter:card\" content=\"summary_large_image\" \/>\n<meta name=\"twitter:label1\" content=\"Tiempo de lectura\">\n\t<meta name=\"twitter:data1\" content=\"2 minutos\">\n<script type=\"application\/ld+json\" class=\"yoast-schema-graph\">{\"@context\":\"https:\/\/schema.org\",\"@graph\":[{\"@type\":\"WebSite\",\"@id\":\"https:\/\/dc-ar.com.br\/es\/#website\",\"url\":\"https:\/\/dc-ar.com.br\/es\/\",\"name\":\"DCAR - Bauer Kompressoren &amp; Ingersoll Rand\",\"description\":\"\",\"potentialAction\":[{\"@type\":\"SearchAction\",\"target\":\"https:\/\/dc-ar.com.br\/es\/?s={search_term_string}\",\"query-input\":\"required name=search_term_string\"}],\"inLanguage\":\"es\"},{\"@type\":\"ImageObject\",\"@id\":\"https:\/\/dc-ar.com.br\/es\/store\/bauer\/compresor-aire-respirable\/accesorios\/b-control-ii\/#primaryimage\",\"inLanguage\":\"es\",\"url\":\"https:\/\/dc-ar.com.br\/es\/wp-content\/uploads\/2020\/12\/B-CONTROLII.jpg\",\"width\":738,\"height\":600},{\"@type\":\"WebPage\",\"@id\":\"https:\/\/dc-ar.com.br\/es\/store\/bauer\/compresor-aire-respirable\/accesorios\/b-control-ii\/#webpage\",\"url\":\"https:\/\/dc-ar.com.br\/es\/store\/bauer\/compresor-aire-respirable\/accesorios\/b-control-ii\/\",\"name\":\"B-CONTROL II - DCAR - Bauer Kompressoren &amp; Ingersoll Rand\",\"isPartOf\":{\"@id\":\"https:\/\/dc-ar.com.br\/es\/#website\"},\"primaryImageOfPage\":{\"@id\":\"https:\/\/dc-ar.com.br\/es\/store\/bauer\/compresor-aire-respirable\/accesorios\/b-control-ii\/#primaryimage\"},\"datePublished\":\"2020-12-12T16:52:28+00:00\",\"dateModified\":\"2021-08-28T20:41:17+00:00\",\"description\":\"El B-CONTROL II de BAUER es la versi\\u00f3n avanzada del control b\\u00e1sico de compresores B-CONTROL MICRO.\",\"inLanguage\":\"es\",\"potentialAction\":[{\"@type\":\"ReadAction\",\"target\":[\"https:\/\/dc-ar.com.br\/es\/store\/bauer\/compresor-aire-respirable\/accesorios\/b-control-ii\/\"]}]}]}<\/script>\n<!-- \/ Yoast SEO plugin. -->","_links":{"self":[{"href":"https:\/\/dc-ar.com.br\/es\/wp-json\/wp\/v2\/product\/1807"}],"collection":[{"href":"https:\/\/dc-ar.com.br\/es\/wp-json\/wp\/v2\/product"}],"about":[{"href":"https:\/\/dc-ar.com.br\/es\/wp-json\/wp\/v2\/types\/product"}],"wp:featuredmedia":[{"embeddable":true,"href":"https:\/\/dc-ar.com.br\/es\/wp-json\/wp\/v2\/media\/1808"}],"wp:attachment":[{"href":"https:\/\/dc-ar.com.br\/es\/wp-json\/wp\/v2\/media?parent=1807"}],"curies":[{"name":"wp","href":"https:\/\/api.w.org\/{rel}","templated":true}]}}