{"id":1801,"date":"2020-12-12T14:30:46","date_gmt":"2020-12-12T16:30:46","guid":{"rendered":"http:\/\/dc-ar.com.br\/es\/?post_type=product&#038;p=1801"},"modified":"2021-08-28T17:22:13","modified_gmt":"2021-08-28T20:22:13","slug":"poseidon-pe100-100-l-min","status":"publish","type":"product","link":"https:\/\/dc-ar.com.br\/es\/store\/bauer\/compresor-aire-respirable\/compresor-de-aire-portatil\/poseidon-pe100-100-l-min\/","title":{"rendered":"Poseidon PE100 100 l \/ min"},"content":{"rendered":"<p>El PE 100 es, con diferencia, el sistema m\u00e1s compacto y ligero de la serie PE.<\/p>\n<p>Las posibilidades de uso son pr\u00e1cticamente ilimitadas: gracias a sus tres variantes de motor (de gasolina, trif\u00e1sico y de corriente alterna), se adapta a los m\u00e1s diversos fines de uso.<\/p>\n<p>Perfecto como compresor de aire respirable para grupos de buceo y bomberos, o para el llenado r\u00e1pido de cartuchos para tiro deportivo y paintball.<\/p>\n<p>En la versi\u00f3n de gasolina puede funcionar sin electricidad en los lugares m\u00e1s remotos. Equipado con un motor de CA, tambi\u00e9n es adecuado para una red el\u00e9ctrica dom\u00e9stica com\u00fan.<\/p>\n<p>Esta instalaci\u00f3n ligera y compacta es f\u00e1cil de transportar y tiene espacio en casi cualquier maletero.<\/p>\n<p>Gracias a sus reducidas dimensiones y a su avanzada t\u00e9cnica, el m\u00e1s compacto de nuestros compresores de aire respirable port\u00e1tiles es perfecto para su uso en barcos, para los aficionados al buceo deportivo, para aplicaciones de protecci\u00f3n respiratoria, paintball y tiro deportivo. Con la versi\u00f3n de tiro extra deportivo existente, el PE 100 sustituye al compresor de protecci\u00f3n S 30, m\u00e1s peque\u00f1o.<\/p>\n","protected":false},"excerpt":{"rendered":"<p><strong>Aire puro para respirar:<\/strong> utilizando la avanzada tecnolog\u00eda de filtrado de BAUER y el sistema de filtrado P 11 especialmente desarrollado para el PE 100.<\/p>\n<p><strong>Fiabilidad legendaria:<\/strong> gracias al bloque compresor de la acreditaci\u00f3n global PE 100.<\/p>\n<p><strong>Intervalos de mantenimiento especialmente largos:<\/strong> minimiza los costes de mantenimiento y los tiempos de parada del compresor.<\/p>\n<p><strong>Red de distribuci\u00f3n internacional de BAUER con m\u00e1s de 300 socios:<\/strong> durante d\u00e9cadas, suministro r\u00e1pido y garantizado de piezas de repuesto y material de mantenimiento.<\/p>\n","protected":false},"featured_media":1802,"template":"","meta":[],"yoast_head":"<!-- This site is optimized with the Yoast SEO plugin v15.6.2 - https:\/\/yoast.com\/wordpress\/plugins\/seo\/ -->\n<title>Poseidon PE100 100 l \/ min - DCAR - Bauer Kompressoren &amp; Ingersoll Rand<\/title>\n<meta name=\"description\" content=\"El PE 100 es, con diferencia, el sistema m\u00e1s compacto y ligero de la serie PE. Las posibilidades de uso son pr\u00e1cticamente ilimitadas.\" \/>\n<meta name=\"robots\" content=\"index, follow, max-snippet:-1, max-image-preview:large, max-video-preview:-1\" \/>\n<link rel=\"canonical\" href=\"http:\/\/dc-ar.com.br\/es\/store\/bauer\/compresor-aire-respirable\/compresor-de-aire-portatil\/poseidon-pe100-100-l-min\/\" \/>\n<meta property=\"og:locale\" content=\"es_ES\" \/>\n<meta property=\"og:type\" content=\"article\" \/>\n<meta property=\"og:title\" content=\"Poseidon PE100 100 l \/ min - DCAR - Bauer Kompressoren &amp; Ingersoll Rand\" \/>\n<meta property=\"og:description\" content=\"El PE 100 es, con diferencia, el sistema m\u00e1s compacto y ligero de la serie PE. Las posibilidades de uso son pr\u00e1cticamente ilimitadas.\" \/>\n<meta property=\"og:url\" content=\"http:\/\/dc-ar.com.br\/es\/store\/bauer\/compresor-aire-respirable\/compresor-de-aire-portatil\/poseidon-pe100-100-l-min\/\" \/>\n<meta property=\"og:site_name\" content=\"DCAR - Bauer Kompressoren &amp; Ingersoll Rand\" \/>\n<meta property=\"article:modified_time\" content=\"2021-08-28T20:22:13+00:00\" \/>\n<meta property=\"og:image\" content=\"https:\/\/dc-ar.com.br\/es\/wp-content\/uploads\/2020\/12\/poseidon_pe-100a.jpg\" \/>\n\t<meta property=\"og:image:width\" content=\"500\" \/>\n\t<meta property=\"og:image:height\" content=\"407\" \/>\n<meta name=\"twitter:card\" content=\"summary_large_image\" \/>\n<meta name=\"twitter:label1\" content=\"Tiempo de lectura\">\n\t<meta name=\"twitter:data1\" content=\"1 minuto\">\n<script type=\"application\/ld+json\" class=\"yoast-schema-graph\">{\"@context\":\"https:\/\/schema.org\",\"@graph\":[{\"@type\":\"WebSite\",\"@id\":\"https:\/\/dc-ar.com.br\/es\/#website\",\"url\":\"https:\/\/dc-ar.com.br\/es\/\",\"name\":\"DCAR - Bauer Kompressoren &amp; Ingersoll Rand\",\"description\":\"\",\"potentialAction\":[{\"@type\":\"SearchAction\",\"target\":\"https:\/\/dc-ar.com.br\/es\/?s={search_term_string}\",\"query-input\":\"required name=search_term_string\"}],\"inLanguage\":\"es\"},{\"@type\":\"ImageObject\",\"@id\":\"http:\/\/dc-ar.com.br\/es\/store\/bauer\/compresor-aire-respirable\/compresor-de-aire-portatil\/poseidon-pe100-100-l-min\/#primaryimage\",\"inLanguage\":\"es\",\"url\":\"https:\/\/dc-ar.com.br\/es\/wp-content\/uploads\/2020\/12\/poseidon_pe-100a.jpg\",\"width\":500,\"height\":407},{\"@type\":\"WebPage\",\"@id\":\"http:\/\/dc-ar.com.br\/es\/store\/bauer\/compresor-aire-respirable\/compresor-de-aire-portatil\/poseidon-pe100-100-l-min\/#webpage\",\"url\":\"http:\/\/dc-ar.com.br\/es\/store\/bauer\/compresor-aire-respirable\/compresor-de-aire-portatil\/poseidon-pe100-100-l-min\/\",\"name\":\"Poseidon PE100 100 l \/ min - DCAR - Bauer Kompressoren &amp; Ingersoll Rand\",\"isPartOf\":{\"@id\":\"https:\/\/dc-ar.com.br\/es\/#website\"},\"primaryImageOfPage\":{\"@id\":\"http:\/\/dc-ar.com.br\/es\/store\/bauer\/compresor-aire-respirable\/compresor-de-aire-portatil\/poseidon-pe100-100-l-min\/#primaryimage\"},\"datePublished\":\"2020-12-12T16:30:46+00:00\",\"dateModified\":\"2021-08-28T20:22:13+00:00\",\"description\":\"El PE 100 es, con diferencia, el sistema m\\u00e1s compacto y ligero de la serie PE. Las posibilidades de uso son pr\\u00e1cticamente ilimitadas.\",\"inLanguage\":\"es\",\"potentialAction\":[{\"@type\":\"ReadAction\",\"target\":[\"http:\/\/dc-ar.com.br\/es\/store\/bauer\/compresor-aire-respirable\/compresor-de-aire-portatil\/poseidon-pe100-100-l-min\/\"]}]}]}<\/script>\n<!-- \/ Yoast SEO plugin. -->","_links":{"self":[{"href":"https:\/\/dc-ar.com.br\/es\/wp-json\/wp\/v2\/product\/1801"}],"collection":[{"href":"https:\/\/dc-ar.com.br\/es\/wp-json\/wp\/v2\/product"}],"about":[{"href":"https:\/\/dc-ar.com.br\/es\/wp-json\/wp\/v2\/types\/product"}],"wp:featuredmedia":[{"embeddable":true,"href":"https:\/\/dc-ar.com.br\/es\/wp-json\/wp\/v2\/media\/1802"}],"wp:attachment":[{"href":"https:\/\/dc-ar.com.br\/es\/wp-json\/wp\/v2\/media?parent=1801"}],"curies":[{"name":"wp","href":"https:\/\/api.w.org\/{rel}","templated":true}]}}