{"id":1790,"date":"2020-12-12T13:59:55","date_gmt":"2020-12-12T15:59:55","guid":{"rendered":"http:\/\/dc-ar.com.br\/es\/?post_type=product&#038;p=1790"},"modified":"2021-08-28T17:37:08","modified_gmt":"2021-08-28T20:37:08","slug":"pe-te-pe-tb","status":"publish","type":"product","link":"https:\/\/dc-ar.com.br\/es\/store\/bauer\/compresor-aire-respirable\/compresor-de-aire-portatil\/pe-te-pe-tb\/","title":{"rendered":"PE 200-TE \/ PE 250-TE \/ PE 300-TE"},"content":{"rendered":"<p>Las instalaciones de la GAMA POSEIDON combinan los componentes clave de BAUER KOMPRESSOREN, de probada calidad, con un equipamiento optimizado para el rendimiento. La robustez habitual, la alta seguridad y la elevada calidad del aire respirable seg\u00fan las normas y est\u00e1ndares internacionales se dan por descontadas.<\/p>\n<p>La serie de compresores de aire respirable PE 200-TE \/ PE 250-TE \/ PE 300-TE ofrece una excelente relaci\u00f3n calidad-precio. Su bomba de aceite integrada permite un \u00e1ngulo de inclinaci\u00f3n de hasta 15 grados. As\u00ed, las instalaciones en serie son perfectas para su uso marino en barcos o su montaje en veh\u00edculos.<\/p>\n<p>Gracias a su dise\u00f1o compacto, los sistemas son muy f\u00e1ciles de transportar y tienen espacio en el maletero de muchos veh\u00edculos.<\/p>\n","protected":false},"excerpt":{"rendered":"<p><strong>Calidad ilimitada:<\/strong> Con un robusto bloque de aire y anillos de pist\u00f3n de pl\u00e1stico especial resistente al desgaste;<\/p>\n<p><strong>Larga vida \u00fatil y robustez:<\/strong> gracias a la refrigeraci\u00f3n por aceite en la \u00faltima etapa de compresi\u00f3n. Para un desgaste m\u00ednimo y una larga vida \u00fatil;<\/p>\n<p><strong>Perfecto para uso marino:<\/strong> intercooler y postcooler de acero inoxidable. Para una alta resistencia a la corrosi\u00f3n;<\/p>\n<p><strong>Lubricaci\u00f3n fiable:<\/strong> mediante bomba de aceite de baja presi\u00f3n con filtro de aceite. Para una lubricaci\u00f3n eficaz y largos intervalos de cambio de aceite.<\/p>\n","protected":false},"featured_media":1791,"template":"","meta":[],"yoast_head":"<!-- This site is optimized with the Yoast SEO plugin v15.6.2 - https:\/\/yoast.com\/wordpress\/plugins\/seo\/ -->\n<title>PE 200-TE \/ PE 250-TE \/ PE 300-TE - DCAR - Bauer Kompressoren &amp; Ingersoll Rand<\/title>\n<meta name=\"description\" content=\"La serie de compresores de aire respirable PE 200-TE \/ PE 250-TE \/ PE 300-TE ofrece una excelente relaci\u00f3n calidad-precio.\" \/>\n<meta name=\"robots\" content=\"index, follow, max-snippet:-1, max-image-preview:large, max-video-preview:-1\" \/>\n<link rel=\"canonical\" href=\"https:\/\/dc-ar.com.br\/es\/store\/bauer\/compresor-aire-respirable\/compresor-de-aire-portatil\/pe-te-pe-tb\/\" \/>\n<meta property=\"og:locale\" content=\"es_ES\" \/>\n<meta property=\"og:type\" content=\"article\" \/>\n<meta property=\"og:title\" content=\"PE 200-TE \/ PE 250-TE \/ PE 300-TE - DCAR - Bauer Kompressoren &amp; Ingersoll Rand\" \/>\n<meta property=\"og:description\" content=\"La serie de compresores de aire respirable PE 200-TE \/ PE 250-TE \/ PE 300-TE ofrece una excelente relaci\u00f3n calidad-precio.\" \/>\n<meta property=\"og:url\" content=\"https:\/\/dc-ar.com.br\/es\/store\/bauer\/compresor-aire-respirable\/compresor-de-aire-portatil\/pe-te-pe-tb\/\" \/>\n<meta property=\"og:site_name\" content=\"DCAR - Bauer Kompressoren &amp; Ingersoll Rand\" \/>\n<meta property=\"article:modified_time\" content=\"2021-08-28T20:37:08+00:00\" \/>\n<meta property=\"og:image\" content=\"https:\/\/dc-ar.com.br\/es\/wp-content\/uploads\/2020\/12\/PE-TE-PE-TBa.jpg\" \/>\n\t<meta property=\"og:image:width\" content=\"500\" \/>\n\t<meta property=\"og:image:height\" content=\"407\" \/>\n<meta name=\"twitter:card\" content=\"summary_large_image\" \/>\n<meta name=\"twitter:label1\" content=\"Tiempo de lectura\">\n\t<meta name=\"twitter:data1\" content=\"1 minuto\">\n<script type=\"application\/ld+json\" class=\"yoast-schema-graph\">{\"@context\":\"https:\/\/schema.org\",\"@graph\":[{\"@type\":\"WebSite\",\"@id\":\"https:\/\/dc-ar.com.br\/es\/#website\",\"url\":\"https:\/\/dc-ar.com.br\/es\/\",\"name\":\"DCAR - Bauer Kompressoren &amp; Ingersoll Rand\",\"description\":\"\",\"potentialAction\":[{\"@type\":\"SearchAction\",\"target\":\"https:\/\/dc-ar.com.br\/es\/?s={search_term_string}\",\"query-input\":\"required name=search_term_string\"}],\"inLanguage\":\"es\"},{\"@type\":\"ImageObject\",\"@id\":\"https:\/\/dc-ar.com.br\/es\/store\/bauer\/compresor-aire-respirable\/compresor-de-aire-portatil\/pe-te-pe-tb\/#primaryimage\",\"inLanguage\":\"es\",\"url\":\"https:\/\/dc-ar.com.br\/es\/wp-content\/uploads\/2020\/12\/PE-TE-PE-TBa.jpg\",\"width\":500,\"height\":407},{\"@type\":\"WebPage\",\"@id\":\"https:\/\/dc-ar.com.br\/es\/store\/bauer\/compresor-aire-respirable\/compresor-de-aire-portatil\/pe-te-pe-tb\/#webpage\",\"url\":\"https:\/\/dc-ar.com.br\/es\/store\/bauer\/compresor-aire-respirable\/compresor-de-aire-portatil\/pe-te-pe-tb\/\",\"name\":\"PE 200-TE \/ PE 250-TE \/ PE 300-TE - DCAR - Bauer Kompressoren &amp; Ingersoll Rand\",\"isPartOf\":{\"@id\":\"https:\/\/dc-ar.com.br\/es\/#website\"},\"primaryImageOfPage\":{\"@id\":\"https:\/\/dc-ar.com.br\/es\/store\/bauer\/compresor-aire-respirable\/compresor-de-aire-portatil\/pe-te-pe-tb\/#primaryimage\"},\"datePublished\":\"2020-12-12T15:59:55+00:00\",\"dateModified\":\"2021-08-28T20:37:08+00:00\",\"description\":\"La serie de compresores de aire respirable PE 200-TE \/ PE 250-TE \/ PE 300-TE ofrece una excelente relaci\\u00f3n calidad-precio.\",\"inLanguage\":\"es\",\"potentialAction\":[{\"@type\":\"ReadAction\",\"target\":[\"https:\/\/dc-ar.com.br\/es\/store\/bauer\/compresor-aire-respirable\/compresor-de-aire-portatil\/pe-te-pe-tb\/\"]}]}]}<\/script>\n<!-- \/ Yoast SEO plugin. -->","_links":{"self":[{"href":"https:\/\/dc-ar.com.br\/es\/wp-json\/wp\/v2\/product\/1790"}],"collection":[{"href":"https:\/\/dc-ar.com.br\/es\/wp-json\/wp\/v2\/product"}],"about":[{"href":"https:\/\/dc-ar.com.br\/es\/wp-json\/wp\/v2\/types\/product"}],"wp:featuredmedia":[{"embeddable":true,"href":"https:\/\/dc-ar.com.br\/es\/wp-json\/wp\/v2\/media\/1791"}],"wp:attachment":[{"href":"https:\/\/dc-ar.com.br\/es\/wp-json\/wp\/v2\/media?parent=1790"}],"curies":[{"name":"wp","href":"https:\/\/api.w.org\/{rel}","templated":true}]}}