{"id":1775,"date":"2020-12-12T13:23:12","date_gmt":"2020-12-12T15:23:12","guid":{"rendered":"http:\/\/dc-ar.com.br\/es\/?post_type=product&#038;p=1775"},"modified":"2021-08-28T17:26:26","modified_gmt":"2021-08-28T20:26:26","slug":"junior-ii-100-l-m","status":"publish","type":"product","link":"https:\/\/dc-ar.com.br\/es\/store\/bauer\/compresor-aire-respirable\/compresor-de-aire-portatil\/junior-ii-100-l-m\/","title":{"rendered":"JUNIOR II 100 l\/m"},"content":{"rendered":"<p>La robustez, la fiabilidad, la gran facilidad de uso y la flexibilidad compacta han convertido a la JUNIOR II en un cl\u00e1sico internacional y, con m\u00e1s de 100.000 instalaciones vendidas, en un aut\u00e9ntico l\u00edder de ventas en todo el mundo.<\/p>\n<p>Gracias a sus reducidas dimensiones y a su avanzada t\u00e9cnica, el m\u00e1s compacto de nuestros compresores de aire respirable port\u00e1tiles es perfecto para su uso en embarcaciones, para los aficionados al buceo deportivo, para aplicaciones de protecci\u00f3n respiratoria, paintball y deportes de tiro.<\/p>\n<p>En definitiva, para todos los que no quieren renunciar a respirar el aire m\u00e1s limpio y seguro en las aplicaciones m\u00f3viles.<\/p>\n<p>Esta instalaci\u00f3n ligera y compacta puede ser transportada f\u00e1cilmente por una sola persona y tiene espacio en casi cualquier maletero.<\/p>\n","protected":false},"excerpt":{"rendered":"<p><strong>El compresor port\u00e1til m\u00e1s compacto de BAUER:<\/strong> con dimensiones compactas y tecnolog\u00eda avanzada.<\/p>\n<p><strong>Amplia gama de usos:<\/strong> para aficionados al buceo deportivo, en barcos, en aplicaciones de protecci\u00f3n respiratoria, para paintball y tiro deportivo, etc.<\/p>\n<p><strong>Absolutamente f\u00e1cil de transportar:<\/strong> extraordinaria ligereza y facilidad de manejo.<\/p>\n","protected":false},"featured_media":1776,"template":"","meta":[],"yoast_head":"<!-- This site is optimized with the Yoast SEO plugin v15.6.2 - https:\/\/yoast.com\/wordpress\/plugins\/seo\/ -->\n<title>JUNIOR II 100 l\/m - DCAR - Bauer Kompressoren &amp; Ingersoll Rand<\/title>\n<meta name=\"description\" content=\"La robustez, la fiabilidad, la gran facilidad de uso y la flexibilidad compacta han convertido a la JUNIOR II en un cl\u00e1sico internacional y, con m\u00e1s de 100.000 instalaciones vendidas.\" \/>\n<meta name=\"robots\" content=\"index, follow, max-snippet:-1, max-image-preview:large, max-video-preview:-1\" \/>\n<link rel=\"canonical\" href=\"https:\/\/dc-ar.com.br\/es\/store\/bauer\/compresor-aire-respirable\/compresor-de-aire-portatil\/junior-ii-100-l-m\/\" \/>\n<meta property=\"og:locale\" content=\"es_ES\" \/>\n<meta property=\"og:type\" content=\"article\" \/>\n<meta property=\"og:title\" content=\"JUNIOR II 100 l\/m - DCAR - Bauer Kompressoren &amp; Ingersoll Rand\" \/>\n<meta property=\"og:description\" content=\"La robustez, la fiabilidad, la gran facilidad de uso y la flexibilidad compacta han convertido a la JUNIOR II en un cl\u00e1sico internacional y, con m\u00e1s de 100.000 instalaciones vendidas.\" \/>\n<meta property=\"og:url\" content=\"https:\/\/dc-ar.com.br\/es\/store\/bauer\/compresor-aire-respirable\/compresor-de-aire-portatil\/junior-ii-100-l-m\/\" \/>\n<meta property=\"og:site_name\" content=\"DCAR - Bauer Kompressoren &amp; Ingersoll Rand\" \/>\n<meta property=\"article:modified_time\" content=\"2021-08-28T20:26:26+00:00\" \/>\n<meta property=\"og:image\" content=\"https:\/\/dc-ar.com.br\/es\/wp-content\/uploads\/2020\/12\/JUNIOR-II-100a.jpg\" \/>\n\t<meta property=\"og:image:width\" content=\"500\" \/>\n\t<meta property=\"og:image:height\" content=\"407\" \/>\n<meta name=\"twitter:card\" content=\"summary_large_image\" \/>\n<meta name=\"twitter:label1\" content=\"Tiempo de lectura\">\n\t<meta name=\"twitter:data1\" content=\"1 minuto\">\n<script type=\"application\/ld+json\" class=\"yoast-schema-graph\">{\"@context\":\"https:\/\/schema.org\",\"@graph\":[{\"@type\":\"WebSite\",\"@id\":\"https:\/\/dc-ar.com.br\/es\/#website\",\"url\":\"https:\/\/dc-ar.com.br\/es\/\",\"name\":\"DCAR - Bauer Kompressoren &amp; Ingersoll Rand\",\"description\":\"\",\"potentialAction\":[{\"@type\":\"SearchAction\",\"target\":\"https:\/\/dc-ar.com.br\/es\/?s={search_term_string}\",\"query-input\":\"required name=search_term_string\"}],\"inLanguage\":\"es\"},{\"@type\":\"ImageObject\",\"@id\":\"https:\/\/dc-ar.com.br\/es\/store\/bauer\/compresor-aire-respirable\/compresor-de-aire-portatil\/junior-ii-100-l-m\/#primaryimage\",\"inLanguage\":\"es\",\"url\":\"https:\/\/dc-ar.com.br\/es\/wp-content\/uploads\/2020\/12\/JUNIOR-II-100a.jpg\",\"width\":500,\"height\":407},{\"@type\":\"WebPage\",\"@id\":\"https:\/\/dc-ar.com.br\/es\/store\/bauer\/compresor-aire-respirable\/compresor-de-aire-portatil\/junior-ii-100-l-m\/#webpage\",\"url\":\"https:\/\/dc-ar.com.br\/es\/store\/bauer\/compresor-aire-respirable\/compresor-de-aire-portatil\/junior-ii-100-l-m\/\",\"name\":\"JUNIOR II 100 l\/m - DCAR - Bauer Kompressoren &amp; Ingersoll Rand\",\"isPartOf\":{\"@id\":\"https:\/\/dc-ar.com.br\/es\/#website\"},\"primaryImageOfPage\":{\"@id\":\"https:\/\/dc-ar.com.br\/es\/store\/bauer\/compresor-aire-respirable\/compresor-de-aire-portatil\/junior-ii-100-l-m\/#primaryimage\"},\"datePublished\":\"2020-12-12T15:23:12+00:00\",\"dateModified\":\"2021-08-28T20:26:26+00:00\",\"description\":\"La robustez, la fiabilidad, la gran facilidad de uso y la flexibilidad compacta han convertido a la JUNIOR II en un cl\\u00e1sico internacional y, con m\\u00e1s de 100.000 instalaciones vendidas.\",\"inLanguage\":\"es\",\"potentialAction\":[{\"@type\":\"ReadAction\",\"target\":[\"https:\/\/dc-ar.com.br\/es\/store\/bauer\/compresor-aire-respirable\/compresor-de-aire-portatil\/junior-ii-100-l-m\/\"]}]}]}<\/script>\n<!-- \/ Yoast SEO plugin. -->","_links":{"self":[{"href":"https:\/\/dc-ar.com.br\/es\/wp-json\/wp\/v2\/product\/1775"}],"collection":[{"href":"https:\/\/dc-ar.com.br\/es\/wp-json\/wp\/v2\/product"}],"about":[{"href":"https:\/\/dc-ar.com.br\/es\/wp-json\/wp\/v2\/types\/product"}],"wp:featuredmedia":[{"embeddable":true,"href":"https:\/\/dc-ar.com.br\/es\/wp-json\/wp\/v2\/media\/1776"}],"wp:attachment":[{"href":"https:\/\/dc-ar.com.br\/es\/wp-json\/wp\/v2\/media?parent=1775"}],"curies":[{"name":"wp","href":"https:\/\/api.w.org\/{rel}","templated":true}]}}