{"id":1766,"date":"2020-12-12T12:46:49","date_gmt":"2020-12-12T14:46:49","guid":{"rendered":"http:\/\/dc-ar.com.br\/es\/?post_type=product&#038;p=1766"},"modified":"2021-08-28T18:36:50","modified_gmt":"2021-08-28T21:36:50","slug":"remolque-t-com-13h-25h","status":"publish","type":"product","link":"https:\/\/dc-ar.com.br\/es\/store\/bauer\/compresor-aire-respirable\/compresor-de-aire-transportable\/remolque-t-com-13h-25h\/","title":{"rendered":"Remolque T-Com 13H\/25H"},"content":{"rendered":"<h2>Alcance est\u00e1ndar:<\/h2>\n<ul>\n<li style=\"font-weight: 400;\">Sistema de purificaci\u00f3n del aire respirable BAUER, con SECURUS.<\/li>\n<li style=\"font-weight: 400;\">Controlador basado en PLC de BAUER con pantalla de texto multil\u00ednea.<\/li>\n<li style=\"font-weight: 400;\">Componentes el\u00e9ctricos NEMA 4 aprobados por UL.<\/li>\n<li style=\"font-weight: 400;\">Sistema autom\u00e1tico de drenaje de condensado con contenedor anticorrosivo con interruptor de indicaci\u00f3n y cierre por alto nivel de condensado.<\/li>\n<li style=\"font-weight: 400;\">Cuatro (4) cilindros de almacenamiento de aire con sello ASME de 6000 psig.<\/li>\n<li style=\"font-weight: 400;\">Estaci\u00f3n de llenado de botellas a prueba de roturas con dos posiciones de llenado para botellas SCBA o SCUBA de hasta 787 mm de longitud total.<\/li>\n<li style=\"font-weight: 400;\">Sistema de motor diesel \u00fanico con tensor de correa.<\/li>\n<li style=\"font-weight: 400;\">Pintura en polvo de alto brillo para un acabado duradero.<\/li>\n<li style=\"font-weight: 400;\">Frenos hidr\u00e1ulicos con actuador.<\/li>\n<li style=\"font-weight: 400;\">Controles de doble funci\u00f3n para el llenado en cascada con cuatro bancos, con v\u00e1lvula direccional.<\/li>\n<li style=\"font-weight: 400;\">Estructura de acero, dise\u00f1ada y construida por BAUER.<\/li>\n<li style=\"font-weight: 400;\">Puerta trasera en placa rodante, para protecci\u00f3n del panel de control y de la estaci\u00f3n de llenado.<\/li>\n<li style=\"font-weight: 400;\">Puerta de llenado.<\/li>\n<li style=\"font-weight: 400;\">Monitor de CO con kit de calibraci\u00f3n.<\/li>\n<li style=\"font-weight: 400;\">Punto de remolque.<\/li>\n<\/ul>\n<p>&nbsp;<\/p>\n<h2>Accesorios disponibles (montados en f\u00e1brica):<\/h2>\n<ul>\n<li style=\"font-weight: 400;\">Opci\u00f3n del paquete A &#8211; Torre de iluminaci\u00f3n telesc\u00f3pica con cuatro (4) salidas de 500 vatios, tubo de entrada de aire alto para la entrada del compresor integrado en el m\u00e1stil y generador auxiliar de 7500 vatios.<\/li>\n<li style=\"font-weight: 400;\">Paquete opcional B &#8211; Rueda de repuesto y calzos, con espacios de almacenamiento en los guardabarros.<\/li>\n<li style=\"font-weight: 400;\">Paquete opcional C &#8211; Carrete de manguera de alta presi\u00f3n y luces internas de remolque de 1,90 m.<\/li>\n<li style=\"font-weight: 400;\">Paquete opcional D &#8211; 2 puntos de remolque de bola de 5\/16&#8243;.<\/li>\n<li style=\"font-weight: 400;\">Paquete opcional E &#8211; Paneles de advertencia de 2,54 m de ancho por 14 cm de alto.<\/li>\n<\/ul>\n<p>&nbsp;<\/p>\n<h2>Peso y medidas<\/h2>\n<p><strong>DIMENSIONES L x A x H pulgadas (mm)<\/strong><\/p>\n<ul>\n<li style=\"font-weight: 400;\">200 x 90 x 105 (5080 x 2286 x 2267)<\/li>\n<\/ul>\n<p>&nbsp;<\/p>\n<p><strong>PESO libras (kg)<\/strong><\/p>\n<ul>\n<li style=\"font-weight: 400;\"><span style=\"font-weight: 400;\">8400 (3810)<\/span><\/li>\n<\/ul>\n","protected":false},"excerpt":{"rendered":"<p>Cuando necesite un remolque robusto dise\u00f1ado espec\u00edficamente para el servicio extremo y de bomberos, piense en BAUER.<\/p>\n<p>Nuestros equipos de la serie TCOM TRAILER son impulsados por un sistema dual de motor el\u00e9ctrico y motor diesel. El sistema cuenta con una estaci\u00f3n de llenado inastillable de dos posiciones, un panel de llenado, cuatro tanques de almacenamiento ASME y estantes para almacenar hasta doce botellas SCBA llenas, todo ello integrado en un bastidor BAUER construido para el servicio pesado.<\/p>\n","protected":false},"featured_media":1768,"template":"","meta":[],"yoast_head":"<!-- This site is optimized with the Yoast SEO plugin v15.6.2 - https:\/\/yoast.com\/wordpress\/plugins\/seo\/ -->\n<title>Remolque T-Com 13H\/25H - DCAR - Bauer Kompressoren &amp; Ingersoll Rand<\/title>\n<meta name=\"description\" content=\"Cuando necesite un remolque robusto dise\u00f1ado espec\u00edficamente para el servicio extremo y de bomberos, piense en BAUER.\" \/>\n<meta name=\"robots\" content=\"index, follow, max-snippet:-1, max-image-preview:large, max-video-preview:-1\" \/>\n<link rel=\"canonical\" href=\"https:\/\/dc-ar.com.br\/es\/store\/bauer\/compresor-aire-respirable\/compresor-de-aire-transportable\/remolque-t-com-13h-25h\/\" \/>\n<meta property=\"og:locale\" content=\"es_ES\" \/>\n<meta property=\"og:type\" content=\"article\" \/>\n<meta property=\"og:title\" content=\"Remolque T-Com 13H\/25H - DCAR - Bauer Kompressoren &amp; Ingersoll Rand\" \/>\n<meta property=\"og:description\" content=\"Cuando necesite un remolque robusto dise\u00f1ado espec\u00edficamente para el servicio extremo y de bomberos, piense en BAUER.\" \/>\n<meta property=\"og:url\" content=\"https:\/\/dc-ar.com.br\/es\/store\/bauer\/compresor-aire-respirable\/compresor-de-aire-transportable\/remolque-t-com-13h-25h\/\" \/>\n<meta property=\"og:site_name\" content=\"DCAR - Bauer Kompressoren &amp; Ingersoll Rand\" \/>\n<meta property=\"article:modified_time\" content=\"2021-08-28T21:36:50+00:00\" \/>\n<meta property=\"og:image\" content=\"https:\/\/dc-ar.com.br\/es\/wp-content\/uploads\/2020\/12\/tcom_trailer_dabian.jpg\" \/>\n\t<meta property=\"og:image:width\" content=\"500\" \/>\n\t<meta property=\"og:image:height\" content=\"500\" \/>\n<meta name=\"twitter:card\" content=\"summary_large_image\" \/>\n<meta name=\"twitter:label1\" content=\"Tiempo de lectura\">\n\t<meta name=\"twitter:data1\" content=\"2 minutos\">\n<script type=\"application\/ld+json\" class=\"yoast-schema-graph\">{\"@context\":\"https:\/\/schema.org\",\"@graph\":[{\"@type\":\"WebSite\",\"@id\":\"https:\/\/dc-ar.com.br\/es\/#website\",\"url\":\"https:\/\/dc-ar.com.br\/es\/\",\"name\":\"DCAR - Bauer Kompressoren &amp; Ingersoll Rand\",\"description\":\"\",\"potentialAction\":[{\"@type\":\"SearchAction\",\"target\":\"https:\/\/dc-ar.com.br\/es\/?s={search_term_string}\",\"query-input\":\"required name=search_term_string\"}],\"inLanguage\":\"es\"},{\"@type\":\"ImageObject\",\"@id\":\"https:\/\/dc-ar.com.br\/es\/store\/bauer\/compresor-aire-respirable\/compresor-de-aire-transportable\/remolque-t-com-13h-25h\/#primaryimage\",\"inLanguage\":\"es\",\"url\":\"https:\/\/dc-ar.com.br\/es\/wp-content\/uploads\/2020\/12\/tcom_trailer_dabian.jpg\",\"width\":500,\"height\":500},{\"@type\":\"WebPage\",\"@id\":\"https:\/\/dc-ar.com.br\/es\/store\/bauer\/compresor-aire-respirable\/compresor-de-aire-transportable\/remolque-t-com-13h-25h\/#webpage\",\"url\":\"https:\/\/dc-ar.com.br\/es\/store\/bauer\/compresor-aire-respirable\/compresor-de-aire-transportable\/remolque-t-com-13h-25h\/\",\"name\":\"Remolque T-Com 13H\/25H - DCAR - Bauer Kompressoren &amp; Ingersoll Rand\",\"isPartOf\":{\"@id\":\"https:\/\/dc-ar.com.br\/es\/#website\"},\"primaryImageOfPage\":{\"@id\":\"https:\/\/dc-ar.com.br\/es\/store\/bauer\/compresor-aire-respirable\/compresor-de-aire-transportable\/remolque-t-com-13h-25h\/#primaryimage\"},\"datePublished\":\"2020-12-12T14:46:49+00:00\",\"dateModified\":\"2021-08-28T21:36:50+00:00\",\"description\":\"Cuando necesite un remolque robusto dise\\u00f1ado espec\\u00edficamente para el servicio extremo y de bomberos, piense en BAUER.\",\"inLanguage\":\"es\",\"potentialAction\":[{\"@type\":\"ReadAction\",\"target\":[\"https:\/\/dc-ar.com.br\/es\/store\/bauer\/compresor-aire-respirable\/compresor-de-aire-transportable\/remolque-t-com-13h-25h\/\"]}]}]}<\/script>\n<!-- \/ Yoast SEO plugin. -->","_links":{"self":[{"href":"https:\/\/dc-ar.com.br\/es\/wp-json\/wp\/v2\/product\/1766"}],"collection":[{"href":"https:\/\/dc-ar.com.br\/es\/wp-json\/wp\/v2\/product"}],"about":[{"href":"https:\/\/dc-ar.com.br\/es\/wp-json\/wp\/v2\/types\/product"}],"wp:featuredmedia":[{"embeddable":true,"href":"https:\/\/dc-ar.com.br\/es\/wp-json\/wp\/v2\/media\/1768"}],"wp:attachment":[{"href":"https:\/\/dc-ar.com.br\/es\/wp-json\/wp\/v2\/media?parent=1766"}],"curies":[{"name":"wp","href":"https:\/\/api.w.org\/{rel}","templated":true}]}}