{"id":1753,"date":"2020-12-06T23:13:37","date_gmt":"2020-12-07T01:13:37","guid":{"rendered":"http:\/\/dc-ar.com.br\/es\/?post_type=product&#038;p=1753"},"modified":"2021-08-28T19:15:24","modified_gmt":"2021-08-28T22:15:24","slug":"verticus-450-680-l-min","status":"publish","type":"product","link":"https:\/\/dc-ar.com.br\/es\/store\/bauer\/compresor-aire-respirable\/compresor-de-aire-estacionario\/verticus-450-680-l-min\/","title":{"rendered":"Verticus 450-680 l\/min"},"content":{"rendered":"<p>La serie VERTICUS ha sido especialmente desarrollada y construida para cumplir con los requisitos de alto rendimiento del uso profesional en funcionamiento continuo. El nuevo VERTICUS combina los legendarios bloques compresores BAUER con componentes mejorados y un dise\u00f1o vanguardista. Al concebir el nuevo dise\u00f1o, el objetivo era lograr la ergonom\u00eda, el mejor manejo posible, reducir el ruido y aumentar la eficiencia.<\/p>\n<p>Todos los elementos de mando esenciales para el funcionamiento diario est\u00e1n dispuestos de forma ergon\u00f3mica y son f\u00e1cilmente accesibles desde la parte delantera. Nuevo contenedor de condensados integrado en la carcasa con un 40% m\u00e1s de capacidad. El control del compresor supervisa el nivel de llenado e informa al usuario a tiempo para el pr\u00f3ximo drenaje de condensado.<\/p>\n<p>El B-CONTROL MICRO ampliado es m\u00e1s eficiente y est\u00e1 preparado para la comunicaci\u00f3n con la nueva B-APP, por ejemplo, para el control remoto y la supervisi\u00f3n del compresor.<\/p>\n<p>Los compresores de aire respirable VERTICUS est\u00e1n disponibles en versiones de 225 y\/o 330\/350 bar, as\u00ed como hasta 420 bar. La gran modularidad de la serie VERTICUS permite adaptarla sin problemas a las necesidades y deseos de los clientes.<\/p>\n","protected":false},"excerpt":{"rendered":"<p><strong>Para uso profesional:<\/strong> con gran caudal de aire en funcionamiento continuo.<\/p>\n<p><strong>Mucho m\u00e1s silenciosa:<\/strong> gracias al nuevo bastidor giratorio y a la mejora de la insonorizaci\u00f3n Super Silent.<\/p>\n<p><strong>B-DRAIN:<\/strong> el nuevo purgador de condensados es silencioso y ahorra energ\u00eda.<\/p>\n<p>Control del compresor totalmente autom\u00e1tico <strong>B-CONTROL MICRO<\/strong> con pantalla en color.<\/p>\n<p>Control opcional del nivel de aceite para una parada segura del sistema de compresi\u00f3n en caso de bajo nivel de aceite.<\/p>\n","protected":false},"featured_media":1754,"template":"","meta":[],"yoast_head":"<!-- This site is optimized with the Yoast SEO plugin v15.6.2 - https:\/\/yoast.com\/wordpress\/plugins\/seo\/ -->\n<title>Verticus 450-680 l\/min - DCAR - Bauer Kompressoren &amp; Ingersoll Rand<\/title>\n<meta name=\"description\" content=\"La serie VERTICUS ha sido especialmente desarrollada y construida para cumplir con los requisitos de alto rendimiento del uso profesional en funcionamiento continuo.\" \/>\n<meta name=\"robots\" content=\"index, follow, max-snippet:-1, max-image-preview:large, max-video-preview:-1\" \/>\n<link rel=\"canonical\" href=\"https:\/\/dc-ar.com.br\/es\/store\/bauer\/compresor-aire-respirable\/compresor-de-aire-estacionario\/verticus-450-680-l-min\/\" \/>\n<meta property=\"og:locale\" content=\"es_ES\" \/>\n<meta property=\"og:type\" content=\"article\" \/>\n<meta property=\"og:title\" content=\"Verticus 450-680 l\/min - DCAR - Bauer Kompressoren &amp; Ingersoll Rand\" \/>\n<meta property=\"og:description\" content=\"La serie VERTICUS ha sido especialmente desarrollada y construida para cumplir con los requisitos de alto rendimiento del uso profesional en funcionamiento continuo.\" \/>\n<meta property=\"og:url\" content=\"https:\/\/dc-ar.com.br\/es\/store\/bauer\/compresor-aire-respirable\/compresor-de-aire-estacionario\/verticus-450-680-l-min\/\" \/>\n<meta property=\"og:site_name\" content=\"DCAR - Bauer Kompressoren &amp; Ingersoll Rand\" \/>\n<meta property=\"article:modified_time\" content=\"2021-08-28T22:15:24+00:00\" \/>\n<meta property=\"og:image\" content=\"https:\/\/dc-ar.com.br\/es\/wp-content\/uploads\/2020\/12\/Verticus450a.jpg\" \/>\n\t<meta property=\"og:image:width\" content=\"500\" \/>\n\t<meta property=\"og:image:height\" content=\"407\" \/>\n<meta name=\"twitter:card\" content=\"summary_large_image\" \/>\n<meta name=\"twitter:label1\" content=\"Tiempo de lectura\">\n\t<meta name=\"twitter:data1\" content=\"1 minuto\">\n<script type=\"application\/ld+json\" class=\"yoast-schema-graph\">{\"@context\":\"https:\/\/schema.org\",\"@graph\":[{\"@type\":\"WebSite\",\"@id\":\"https:\/\/dc-ar.com.br\/es\/#website\",\"url\":\"https:\/\/dc-ar.com.br\/es\/\",\"name\":\"DCAR - Bauer Kompressoren &amp; Ingersoll Rand\",\"description\":\"\",\"potentialAction\":[{\"@type\":\"SearchAction\",\"target\":\"https:\/\/dc-ar.com.br\/es\/?s={search_term_string}\",\"query-input\":\"required name=search_term_string\"}],\"inLanguage\":\"es\"},{\"@type\":\"ImageObject\",\"@id\":\"https:\/\/dc-ar.com.br\/es\/store\/bauer\/compresor-aire-respirable\/compresor-de-aire-estacionario\/verticus-450-680-l-min\/#primaryimage\",\"inLanguage\":\"es\",\"url\":\"https:\/\/dc-ar.com.br\/es\/wp-content\/uploads\/2020\/12\/Verticus450a.jpg\",\"width\":500,\"height\":407},{\"@type\":\"WebPage\",\"@id\":\"https:\/\/dc-ar.com.br\/es\/store\/bauer\/compresor-aire-respirable\/compresor-de-aire-estacionario\/verticus-450-680-l-min\/#webpage\",\"url\":\"https:\/\/dc-ar.com.br\/es\/store\/bauer\/compresor-aire-respirable\/compresor-de-aire-estacionario\/verticus-450-680-l-min\/\",\"name\":\"Verticus 450-680 l\/min - DCAR - Bauer Kompressoren &amp; Ingersoll Rand\",\"isPartOf\":{\"@id\":\"https:\/\/dc-ar.com.br\/es\/#website\"},\"primaryImageOfPage\":{\"@id\":\"https:\/\/dc-ar.com.br\/es\/store\/bauer\/compresor-aire-respirable\/compresor-de-aire-estacionario\/verticus-450-680-l-min\/#primaryimage\"},\"datePublished\":\"2020-12-07T01:13:37+00:00\",\"dateModified\":\"2021-08-28T22:15:24+00:00\",\"description\":\"La serie VERTICUS ha sido especialmente desarrollada y construida para cumplir con los requisitos de alto rendimiento del uso profesional en funcionamiento continuo.\",\"inLanguage\":\"es\",\"potentialAction\":[{\"@type\":\"ReadAction\",\"target\":[\"https:\/\/dc-ar.com.br\/es\/store\/bauer\/compresor-aire-respirable\/compresor-de-aire-estacionario\/verticus-450-680-l-min\/\"]}]}]}<\/script>\n<!-- \/ Yoast SEO plugin. -->","_links":{"self":[{"href":"https:\/\/dc-ar.com.br\/es\/wp-json\/wp\/v2\/product\/1753"}],"collection":[{"href":"https:\/\/dc-ar.com.br\/es\/wp-json\/wp\/v2\/product"}],"about":[{"href":"https:\/\/dc-ar.com.br\/es\/wp-json\/wp\/v2\/types\/product"}],"wp:featuredmedia":[{"embeddable":true,"href":"https:\/\/dc-ar.com.br\/es\/wp-json\/wp\/v2\/media\/1754"}],"wp:attachment":[{"href":"https:\/\/dc-ar.com.br\/es\/wp-json\/wp\/v2\/media?parent=1753"}],"curies":[{"name":"wp","href":"https:\/\/api.w.org\/{rel}","templated":true}]}}