{"id":1740,"date":"2020-12-06T22:57:26","date_gmt":"2020-12-07T00:57:26","guid":{"rendered":"http:\/\/dc-ar.com.br\/es\/?post_type=product&#038;p=1740"},"modified":"2021-08-28T18:28:03","modified_gmt":"2021-08-28T21:28:03","slug":"pe-ve-300-850-l-m","status":"publish","type":"product","link":"https:\/\/dc-ar.com.br\/es\/store\/bauer\/compresor-aire-respirable\/compresor-de-aire-estacionario\/pe-ve-300-850-l-m\/","title":{"rendered":"PE-VE 300-850 l\/m"},"content":{"rendered":"<p>Los compresores de aire respirable de la serie PE-VE se caracterizan por su impresionante rendimiento m\u00e1ximo de 850 l \/ min.<\/p>\n<p>Adaptados a las necesidades profesionales individuales y a los requisitos de rendimiento en el campo del aire respirable, los sistemas PE-VE ofrecen un equipamiento espec\u00edfico para la aplicaci\u00f3n, la calidad habitual de BAUER y la seguridad certificada de un funcionamiento estacionario fiable.<\/p>\n","protected":false},"excerpt":{"rendered":"<p><strong>La acreditada serie PE-VE:<\/strong> para rendimientos m\u00e1ximos de hasta 850 l\/min.<\/p>\n<p><strong>Perfecto para el buceo deportivo y la protecci\u00f3n respiratoria:<\/strong> equipado seg\u00fan la aplicaci\u00f3n, completamente fiable en su funcionamiento.<\/p>\n<p><strong>Compresor con el est\u00e1ndar de calidad BAUER:<\/strong> t\u00e9cnicamente avanzado y de \u00faltima generaci\u00f3n.<\/p>\n","protected":false},"featured_media":1742,"template":"","meta":[],"yoast_head":"<!-- This site is optimized with the Yoast SEO plugin v15.6.2 - https:\/\/yoast.com\/wordpress\/plugins\/seo\/ -->\n<title>PE-VE 300-850 l\/m - DCAR - Bauer Kompressoren &amp; Ingersoll Rand<\/title>\n<meta name=\"description\" content=\"Los compresores de aire respirable de la serie PE-VE se caracterizan por su impresionante rendimiento m\u00e1ximo de 850 l \/ min.\" \/>\n<meta name=\"robots\" content=\"index, follow, max-snippet:-1, max-image-preview:large, max-video-preview:-1\" \/>\n<link rel=\"canonical\" href=\"https:\/\/dc-ar.com.br\/es\/store\/bauer\/compresor-aire-respirable\/compresor-de-aire-estacionario\/pe-ve-300-850-l-m\/\" \/>\n<meta property=\"og:locale\" content=\"es_ES\" \/>\n<meta property=\"og:type\" content=\"article\" \/>\n<meta property=\"og:title\" content=\"PE-VE 300-850 l\/m - DCAR - Bauer Kompressoren &amp; Ingersoll Rand\" \/>\n<meta property=\"og:description\" content=\"Los compresores de aire respirable de la serie PE-VE se caracterizan por su impresionante rendimiento m\u00e1ximo de 850 l \/ min.\" \/>\n<meta property=\"og:url\" content=\"https:\/\/dc-ar.com.br\/es\/store\/bauer\/compresor-aire-respirable\/compresor-de-aire-estacionario\/pe-ve-300-850-l-m\/\" \/>\n<meta property=\"og:site_name\" content=\"DCAR - Bauer Kompressoren &amp; Ingersoll Rand\" \/>\n<meta property=\"article:modified_time\" content=\"2021-08-28T21:28:03+00:00\" \/>\n<meta property=\"og:image\" content=\"https:\/\/dc-ar.com.br\/es\/wp-content\/uploads\/2020\/12\/PE-VE-300a.jpg\" \/>\n\t<meta property=\"og:image:width\" content=\"500\" \/>\n\t<meta property=\"og:image:height\" content=\"407\" \/>\n<meta name=\"twitter:card\" content=\"summary_large_image\" \/>\n<meta name=\"twitter:label1\" content=\"Tiempo de lectura\">\n\t<meta name=\"twitter:data1\" content=\"1 minuto\">\n<script type=\"application\/ld+json\" class=\"yoast-schema-graph\">{\"@context\":\"https:\/\/schema.org\",\"@graph\":[{\"@type\":\"WebSite\",\"@id\":\"https:\/\/dc-ar.com.br\/es\/#website\",\"url\":\"https:\/\/dc-ar.com.br\/es\/\",\"name\":\"DCAR - Bauer Kompressoren &amp; Ingersoll Rand\",\"description\":\"\",\"potentialAction\":[{\"@type\":\"SearchAction\",\"target\":\"https:\/\/dc-ar.com.br\/es\/?s={search_term_string}\",\"query-input\":\"required name=search_term_string\"}],\"inLanguage\":\"es\"},{\"@type\":\"ImageObject\",\"@id\":\"https:\/\/dc-ar.com.br\/es\/store\/bauer\/compresor-aire-respirable\/compresor-de-aire-estacionario\/pe-ve-300-850-l-m\/#primaryimage\",\"inLanguage\":\"es\",\"url\":\"https:\/\/dc-ar.com.br\/es\/wp-content\/uploads\/2020\/12\/PE-VE-300a.jpg\",\"width\":500,\"height\":407},{\"@type\":\"WebPage\",\"@id\":\"https:\/\/dc-ar.com.br\/es\/store\/bauer\/compresor-aire-respirable\/compresor-de-aire-estacionario\/pe-ve-300-850-l-m\/#webpage\",\"url\":\"https:\/\/dc-ar.com.br\/es\/store\/bauer\/compresor-aire-respirable\/compresor-de-aire-estacionario\/pe-ve-300-850-l-m\/\",\"name\":\"PE-VE 300-850 l\/m - DCAR - Bauer Kompressoren &amp; Ingersoll Rand\",\"isPartOf\":{\"@id\":\"https:\/\/dc-ar.com.br\/es\/#website\"},\"primaryImageOfPage\":{\"@id\":\"https:\/\/dc-ar.com.br\/es\/store\/bauer\/compresor-aire-respirable\/compresor-de-aire-estacionario\/pe-ve-300-850-l-m\/#primaryimage\"},\"datePublished\":\"2020-12-07T00:57:26+00:00\",\"dateModified\":\"2021-08-28T21:28:03+00:00\",\"description\":\"Los compresores de aire respirable de la serie PE-VE se caracterizan por su impresionante rendimiento m\\u00e1ximo de 850 l \/ min.\",\"inLanguage\":\"es\",\"potentialAction\":[{\"@type\":\"ReadAction\",\"target\":[\"https:\/\/dc-ar.com.br\/es\/store\/bauer\/compresor-aire-respirable\/compresor-de-aire-estacionario\/pe-ve-300-850-l-m\/\"]}]}]}<\/script>\n<!-- \/ Yoast SEO plugin. -->","_links":{"self":[{"href":"https:\/\/dc-ar.com.br\/es\/wp-json\/wp\/v2\/product\/1740"}],"collection":[{"href":"https:\/\/dc-ar.com.br\/es\/wp-json\/wp\/v2\/product"}],"about":[{"href":"https:\/\/dc-ar.com.br\/es\/wp-json\/wp\/v2\/types\/product"}],"wp:featuredmedia":[{"embeddable":true,"href":"https:\/\/dc-ar.com.br\/es\/wp-json\/wp\/v2\/media\/1742"}],"wp:attachment":[{"href":"https:\/\/dc-ar.com.br\/es\/wp-json\/wp\/v2\/media?parent=1740"}],"curies":[{"name":"wp","href":"https:\/\/api.w.org\/{rel}","templated":true}]}}