{"id":1731,"date":"2020-12-06T22:46:33","date_gmt":"2020-12-07T00:46:33","guid":{"rendered":"http:\/\/dc-ar.com.br\/es\/?post_type=product&#038;p=1731"},"modified":"2021-08-28T18:15:26","modified_gmt":"2021-08-28T21:15:26","slug":"mini-verticus-150-320-l-min","status":"publish","type":"product","link":"https:\/\/dc-ar.com.br\/es\/store\/bauer\/compresor-aire-respirable\/compresor-de-aire-estacionario\/mini-verticus-150-320-l-min\/","title":{"rendered":"Mini Verticus 150-320 l \/ min"},"content":{"rendered":"<p>El nuevo MINI-VERTICUS combina los legendarios bloques compresores BAUER con componentes mejorados y el dise\u00f1o m\u00e1s moderno. Al concebir el nuevo dise\u00f1o, el objetivo era lograr la ergonom\u00eda, el mejor manejo posible, reducir el ruido y aumentar la eficiencia. MINI-VERTICUS ahora disponible con mayores caudales de hasta 320 l\/min y en versi\u00f3n abierta de serie.<\/p>\n<p>En su versi\u00f3n Super-Silent, MINI-VERTICUS es el compa\u00f1ero perfecto para su uso en entornos sensibles al ruido y para los clientes que dependen de un uso fiable y duradero con bajos costes de funcionamiento.<\/p>\n<p>Todos los elementos de mando esenciales para el funcionamiento diario est\u00e1n dispuestos de forma ergon\u00f3mica y son f\u00e1cilmente accesibles desde la parte delantera. Un concepto de instalaci\u00f3n probado y potente que establece nuevos est\u00e1ndares en el campo de la tecnolog\u00eda y la ergonom\u00eda con la excelente calidad de BAUER y la tecnolog\u00eda m\u00e1s avanzada.<\/p>\n<p>M\u00e1s de 70 a\u00f1os de experiencia en la fabricaci\u00f3n de compresores y los amplios conocimientos de nuestro centro de pruebas y desarrollo nos permiten ofrecer sistemas perfectamente adaptados a sus necesidades y requisitos personales.<\/p>\n","protected":false},"excerpt":{"rendered":"<p><strong>Ahora mucho m\u00e1s silenciosa:<\/strong> gracias al nuevo bastidor oscilante y al revestimiento insonorizado Super Silent.<\/p>\n<p>Control del compresor <strong>B-CONTROL MICRO<\/strong> totalmente autom\u00e1tico con pantalla en color.<\/p>\n<p><strong>B-DRAIN:<\/strong> la nueva automatizaci\u00f3n del condensado es silenciosa y ahorra energ\u00eda.<\/p>\n<p><strong>Dise\u00f1o ergon\u00f3mico:<\/strong> \u00f3ptima accesibilidad y manejo.<\/p>\n<p><strong>Larga vida \u00fatil del equipo:<\/strong> el uso de materiales de alta calidad, optimizados para un funcionamiento continuo.<\/p>\n<p><strong>Siempre en el lado seguro:<\/strong> suministro de piezas de repuesto en m\u00e1s de 50 pa\u00edses de todo el mundo, con una garant\u00eda de 25 a\u00f1os.<\/p>\n","protected":false},"featured_media":1732,"template":"","meta":[],"yoast_head":"<!-- This site is optimized with the Yoast SEO plugin v15.6.2 - https:\/\/yoast.com\/wordpress\/plugins\/seo\/ -->\n<title>Mini Verticus 150-320 l \/ min - DCAR - Bauer Kompressoren &amp; Ingersoll Rand<\/title>\n<meta name=\"description\" content=\"El nuevo MINI-VERTICUS combina los legendarios bloques compresores BAUER con componentes mejorados y el dise\u00f1o m\u00e1s moderno.\" \/>\n<meta name=\"robots\" content=\"index, follow, max-snippet:-1, max-image-preview:large, max-video-preview:-1\" \/>\n<link rel=\"canonical\" href=\"https:\/\/dc-ar.com.br\/es\/store\/bauer\/compresor-aire-respirable\/compresor-de-aire-estacionario\/mini-verticus-150-320-l-min\/\" \/>\n<meta property=\"og:locale\" content=\"es_ES\" \/>\n<meta property=\"og:type\" content=\"article\" \/>\n<meta property=\"og:title\" content=\"Mini Verticus 150-320 l \/ min - DCAR - Bauer Kompressoren &amp; Ingersoll Rand\" \/>\n<meta property=\"og:description\" content=\"El nuevo MINI-VERTICUS combina los legendarios bloques compresores BAUER con componentes mejorados y el dise\u00f1o m\u00e1s moderno.\" \/>\n<meta property=\"og:url\" content=\"https:\/\/dc-ar.com.br\/es\/store\/bauer\/compresor-aire-respirable\/compresor-de-aire-estacionario\/mini-verticus-150-320-l-min\/\" \/>\n<meta property=\"og:site_name\" content=\"DCAR - Bauer Kompressoren &amp; Ingersoll Rand\" \/>\n<meta property=\"article:modified_time\" content=\"2021-08-28T21:15:26+00:00\" \/>\n<meta property=\"og:image\" content=\"https:\/\/dc-ar.com.br\/es\/wp-content\/uploads\/2020\/12\/Mini-Verticus-150a.jpg\" \/>\n\t<meta property=\"og:image:width\" content=\"500\" \/>\n\t<meta property=\"og:image:height\" content=\"407\" \/>\n<meta name=\"twitter:card\" content=\"summary_large_image\" \/>\n<meta name=\"twitter:label1\" content=\"Tiempo de lectura\">\n\t<meta name=\"twitter:data1\" content=\"1 minuto\">\n<script type=\"application\/ld+json\" class=\"yoast-schema-graph\">{\"@context\":\"https:\/\/schema.org\",\"@graph\":[{\"@type\":\"WebSite\",\"@id\":\"https:\/\/dc-ar.com.br\/es\/#website\",\"url\":\"https:\/\/dc-ar.com.br\/es\/\",\"name\":\"DCAR - Bauer Kompressoren &amp; Ingersoll Rand\",\"description\":\"\",\"potentialAction\":[{\"@type\":\"SearchAction\",\"target\":\"https:\/\/dc-ar.com.br\/es\/?s={search_term_string}\",\"query-input\":\"required name=search_term_string\"}],\"inLanguage\":\"es\"},{\"@type\":\"ImageObject\",\"@id\":\"https:\/\/dc-ar.com.br\/es\/store\/bauer\/compresor-aire-respirable\/compresor-de-aire-estacionario\/mini-verticus-150-320-l-min\/#primaryimage\",\"inLanguage\":\"es\",\"url\":\"https:\/\/dc-ar.com.br\/es\/wp-content\/uploads\/2020\/12\/Mini-Verticus-150a.jpg\",\"width\":500,\"height\":407},{\"@type\":\"WebPage\",\"@id\":\"https:\/\/dc-ar.com.br\/es\/store\/bauer\/compresor-aire-respirable\/compresor-de-aire-estacionario\/mini-verticus-150-320-l-min\/#webpage\",\"url\":\"https:\/\/dc-ar.com.br\/es\/store\/bauer\/compresor-aire-respirable\/compresor-de-aire-estacionario\/mini-verticus-150-320-l-min\/\",\"name\":\"Mini Verticus 150-320 l \/ min - DCAR - Bauer Kompressoren &amp; Ingersoll Rand\",\"isPartOf\":{\"@id\":\"https:\/\/dc-ar.com.br\/es\/#website\"},\"primaryImageOfPage\":{\"@id\":\"https:\/\/dc-ar.com.br\/es\/store\/bauer\/compresor-aire-respirable\/compresor-de-aire-estacionario\/mini-verticus-150-320-l-min\/#primaryimage\"},\"datePublished\":\"2020-12-07T00:46:33+00:00\",\"dateModified\":\"2021-08-28T21:15:26+00:00\",\"description\":\"El nuevo MINI-VERTICUS combina los legendarios bloques compresores BAUER con componentes mejorados y el dise\\u00f1o m\\u00e1s moderno.\",\"inLanguage\":\"es\",\"potentialAction\":[{\"@type\":\"ReadAction\",\"target\":[\"https:\/\/dc-ar.com.br\/es\/store\/bauer\/compresor-aire-respirable\/compresor-de-aire-estacionario\/mini-verticus-150-320-l-min\/\"]}]}]}<\/script>\n<!-- \/ Yoast SEO plugin. -->","_links":{"self":[{"href":"https:\/\/dc-ar.com.br\/es\/wp-json\/wp\/v2\/product\/1731"}],"collection":[{"href":"https:\/\/dc-ar.com.br\/es\/wp-json\/wp\/v2\/product"}],"about":[{"href":"https:\/\/dc-ar.com.br\/es\/wp-json\/wp\/v2\/types\/product"}],"wp:featuredmedia":[{"embeddable":true,"href":"https:\/\/dc-ar.com.br\/es\/wp-json\/wp\/v2\/media\/1732"}],"wp:attachment":[{"href":"https:\/\/dc-ar.com.br\/es\/wp-json\/wp\/v2\/media?parent=1731"}],"curies":[{"name":"wp","href":"https:\/\/api.w.org\/{rel}","templated":true}]}}