{"id":1727,"date":"2020-12-06T22:36:09","date_gmt":"2020-12-07T00:36:09","guid":{"rendered":"http:\/\/dc-ar.com.br\/es\/?post_type=product&#038;p=1727"},"modified":"2021-08-28T18:10:57","modified_gmt":"2021-08-28T21:10:57","slug":"kap-hn-370-660-l-min","status":"publish","type":"product","link":"https:\/\/dc-ar.com.br\/es\/store\/bauer\/compresor-aire-respirable\/compresor-de-aire-estacionario\/kap-hn-370-660-l-min\/","title":{"rendered":"KAP-HN 370 \u2013 660 l\/min"},"content":{"rendered":"<p>Su bajo centro de gravedad y su sofisticado dise\u00f1o con amortiguadores especiales y robustos elementos de amortiguaci\u00f3n hacen que la serie KAP-HN de BAUER KOMPRESSOREN sea la instalaci\u00f3n ideal para un funcionamiento continuo en las aplicaciones marinas m\u00e1s duras.<\/p>\n<p>Gracias a su montaje horizontal, s\u00f3lo requieren una superficie de apoyo m\u00ednima y pueden utilizarse incluso en grandes ondulaciones y posiciones extremadamente inclinadas.<\/p>\n<p>Gracias a unos bloques de compresor muy robustos y a unos segmentos de pist\u00f3n fabricados con un pl\u00e1stico de alta tecnolog\u00eda de nuevo desarrollo, as\u00ed como a unos cilindros sometidos a nitruraci\u00f3n por plasma y a un rectificado horizontal, el desgaste es pr\u00e1cticamente historia. Para una mayor resistencia a la corrosi\u00f3n, los refrigeradores intermedios y traseros son de acero inoxidable.<\/p>\n<p>Ampliable para cualquier reto: el amplio programa de accesorios BAUER permite una adaptaci\u00f3n flexible a las m\u00e1s diversas necesidades.<\/p>\n","protected":false},"excerpt":{"rendered":"<p><strong>Perfecto para entornos marinos agresivos:<\/strong> intercooler y postcooler de acero inoxidable. Para una alta resistencia a la corrosi\u00f3n.<\/p>\n<p><strong>Perfecta para el uso profesional:<\/strong> con un gran caudal de aire en funcionamiento continuo gracias a los rodamientos industriales.<\/p>\n<p><strong>Control totalmente autom\u00e1tico del compresor:<\/strong> B-CONTROL MICRO.<\/p>\n<p><strong>M\u00ednima necesidad de espacio:<\/strong> gracias a la estructura horizontal compacta.<\/p>\n","protected":false},"featured_media":1728,"template":"","meta":[],"yoast_head":"<!-- This site is optimized with the Yoast SEO plugin v15.6.2 - https:\/\/yoast.com\/wordpress\/plugins\/seo\/ -->\n<title>KAP-HN 370 \u2013 660 l\/min - DCAR - Bauer Kompressoren &amp; Ingersoll Rand<\/title>\n<meta name=\"description\" content=\"Su bajo centro de gravedad y su sofisticado dise\u00f1o con amortiguadores especiales y robustos elementos de amortiguaci\u00f3n hacen que la serie KAP-HN de BAUER KOMPRESSOREN sea la instalaci\u00f3n ideal para un funcionamiento continuo en las aplicaciones marinas m\u00e1s duras.\" \/>\n<meta name=\"robots\" content=\"index, follow, max-snippet:-1, max-image-preview:large, max-video-preview:-1\" \/>\n<link rel=\"canonical\" href=\"https:\/\/dc-ar.com.br\/es\/store\/bauer\/compresor-aire-respirable\/compresor-de-aire-estacionario\/kap-hn-370-660-l-min\/\" \/>\n<meta property=\"og:locale\" content=\"es_ES\" \/>\n<meta property=\"og:type\" content=\"article\" \/>\n<meta property=\"og:title\" content=\"KAP-HN 370 \u2013 660 l\/min - DCAR - Bauer Kompressoren &amp; Ingersoll Rand\" \/>\n<meta property=\"og:description\" content=\"Su bajo centro de gravedad y su sofisticado dise\u00f1o con amortiguadores especiales y robustos elementos de amortiguaci\u00f3n hacen que la serie KAP-HN de BAUER KOMPRESSOREN sea la instalaci\u00f3n ideal para un funcionamiento continuo en las aplicaciones marinas m\u00e1s duras.\" \/>\n<meta property=\"og:url\" content=\"https:\/\/dc-ar.com.br\/es\/store\/bauer\/compresor-aire-respirable\/compresor-de-aire-estacionario\/kap-hn-370-660-l-min\/\" \/>\n<meta property=\"og:site_name\" content=\"DCAR - Bauer Kompressoren &amp; Ingersoll Rand\" \/>\n<meta property=\"article:modified_time\" content=\"2021-08-28T21:10:57+00:00\" \/>\n<meta property=\"og:image\" content=\"https:\/\/dc-ar.com.br\/es\/wp-content\/uploads\/2020\/12\/KAP-HN-370a.jpg\" \/>\n\t<meta property=\"og:image:width\" content=\"500\" \/>\n\t<meta property=\"og:image:height\" content=\"407\" \/>\n<meta name=\"twitter:card\" content=\"summary_large_image\" \/>\n<meta name=\"twitter:label1\" content=\"Tiempo de lectura\">\n\t<meta name=\"twitter:data1\" content=\"1 minuto\">\n<script type=\"application\/ld+json\" class=\"yoast-schema-graph\">{\"@context\":\"https:\/\/schema.org\",\"@graph\":[{\"@type\":\"WebSite\",\"@id\":\"https:\/\/dc-ar.com.br\/es\/#website\",\"url\":\"https:\/\/dc-ar.com.br\/es\/\",\"name\":\"DCAR - Bauer Kompressoren &amp; Ingersoll Rand\",\"description\":\"\",\"potentialAction\":[{\"@type\":\"SearchAction\",\"target\":\"https:\/\/dc-ar.com.br\/es\/?s={search_term_string}\",\"query-input\":\"required name=search_term_string\"}],\"inLanguage\":\"es\"},{\"@type\":\"ImageObject\",\"@id\":\"https:\/\/dc-ar.com.br\/es\/store\/bauer\/compresor-aire-respirable\/compresor-de-aire-estacionario\/kap-hn-370-660-l-min\/#primaryimage\",\"inLanguage\":\"es\",\"url\":\"https:\/\/dc-ar.com.br\/es\/wp-content\/uploads\/2020\/12\/KAP-HN-370a.jpg\",\"width\":500,\"height\":407},{\"@type\":\"WebPage\",\"@id\":\"https:\/\/dc-ar.com.br\/es\/store\/bauer\/compresor-aire-respirable\/compresor-de-aire-estacionario\/kap-hn-370-660-l-min\/#webpage\",\"url\":\"https:\/\/dc-ar.com.br\/es\/store\/bauer\/compresor-aire-respirable\/compresor-de-aire-estacionario\/kap-hn-370-660-l-min\/\",\"name\":\"KAP-HN 370 \\u2013 660 l\/min - DCAR - Bauer Kompressoren &amp; Ingersoll Rand\",\"isPartOf\":{\"@id\":\"https:\/\/dc-ar.com.br\/es\/#website\"},\"primaryImageOfPage\":{\"@id\":\"https:\/\/dc-ar.com.br\/es\/store\/bauer\/compresor-aire-respirable\/compresor-de-aire-estacionario\/kap-hn-370-660-l-min\/#primaryimage\"},\"datePublished\":\"2020-12-07T00:36:09+00:00\",\"dateModified\":\"2021-08-28T21:10:57+00:00\",\"description\":\"Su bajo centro de gravedad y su sofisticado dise\\u00f1o con amortiguadores especiales y robustos elementos de amortiguaci\\u00f3n hacen que la serie KAP-HN de BAUER KOMPRESSOREN sea la instalaci\\u00f3n ideal para un funcionamiento continuo en las aplicaciones marinas m\\u00e1s duras.\",\"inLanguage\":\"es\",\"potentialAction\":[{\"@type\":\"ReadAction\",\"target\":[\"https:\/\/dc-ar.com.br\/es\/store\/bauer\/compresor-aire-respirable\/compresor-de-aire-estacionario\/kap-hn-370-660-l-min\/\"]}]}]}<\/script>\n<!-- \/ Yoast SEO plugin. -->","_links":{"self":[{"href":"https:\/\/dc-ar.com.br\/es\/wp-json\/wp\/v2\/product\/1727"}],"collection":[{"href":"https:\/\/dc-ar.com.br\/es\/wp-json\/wp\/v2\/product"}],"about":[{"href":"https:\/\/dc-ar.com.br\/es\/wp-json\/wp\/v2\/types\/product"}],"wp:featuredmedia":[{"embeddable":true,"href":"https:\/\/dc-ar.com.br\/es\/wp-json\/wp\/v2\/media\/1728"}],"wp:attachment":[{"href":"https:\/\/dc-ar.com.br\/es\/wp-json\/wp\/v2\/media?parent=1727"}],"curies":[{"name":"wp","href":"https:\/\/api.w.org\/{rel}","templated":true}]}}