{"id":1722,"date":"2020-12-06T22:18:54","date_gmt":"2020-12-07T00:18:54","guid":{"rendered":"http:\/\/dc-ar.com.br\/es\/?post_type=product&#038;p=1722"},"modified":"2021-08-28T17:59:48","modified_gmt":"2021-08-28T20:59:48","slug":"kap-220-650-930-l-min","status":"publish","type":"product","link":"https:\/\/dc-ar.com.br\/es\/store\/bauer\/compresor-aire-respirable\/compresor-de-aire-estacionario\/kap-220-650-930-l-min\/","title":{"rendered":"KAP-220 650 &#8211; 930 l \/ min"},"content":{"rendered":"<p>La serie KOMPRESSOREN KAP 220 de BAUER est\u00e1 especialmente adaptada para satisfacer las altas exigencias de rendimiento en el uso profesional y en las condiciones m\u00e1s duras.<\/p>\n<p>Como potentes sistemas de compresores fijos con estructura horizontal, est\u00e1n disponibles en versiones para PN 330 bar y PN 420 bar, tanto como sistemas abiertos como totalmente cerrados.<\/p>\n<p>El bloque compresor de la serie IK 22 est\u00e1 dise\u00f1ado para las aplicaciones profesionales m\u00e1s exigentes, ha sido dise\u00f1ado para soportar m\u00e1s de 30.000 horas de funcionamiento y ha sido probado miles de veces.<\/p>\n<p>Gracias a su extraordinaria dureza superficial, los cilindros sometidos a la nitruraci\u00f3n por plasma y a la puesta a tierra horizontal ofrecen una vida \u00fatil extremadamente larga con un consumo de energ\u00eda m\u00ednimo y una lubricaci\u00f3n de aceite fiable de las superficies de apoyo del cilindro.<\/p>\n<p>Los anillos de pist\u00f3n resistentes al desgaste en la \u00faltima etapa tambi\u00e9n minimizan los costes de servicio. El bloque compresor funciona con gran eficacia y fiabilidad. Las aletas de refrigeraci\u00f3n de acero inoxidable garantizan una refrigeraci\u00f3n especialmente eficaz y, por tanto, una larga vida \u00fatil.<\/p>\n<p>Los motores el\u00e9ctricos est\u00e1n disponibles opcionalmente como accionamientos.<\/p>\n<p><em>\u00b9 Si se instala y mantiene correctamente seg\u00fan el manual de servicio y si se utiliza BAUER AERO-GUARD, siempre que la concentraci\u00f3n de CO2 en el aire inhalado supere los valores est\u00e1ndar predeterminados.<\/em><\/p>\n","protected":false},"excerpt":{"rendered":"<p><strong>En versi\u00f3n abierta o cerrada:<\/strong> adaptada a las necesidades de uso.<\/p>\n<p><strong>Control totalmente autom\u00e1tico del compresor:<\/strong> B-CONTROL MICRO.<\/p>\n<p><strong>M\u00ednima necesidad de espacio:<\/strong> gracias a la estructura horizontal compacta.<\/p>\n<p><strong>Sistema de filtro externo P 80 \/ P 100:<\/strong> para aire limpio seg\u00fan la norma de aire respirable DIN EN 12021\u00b9.<\/p>\n","protected":false},"featured_media":1723,"template":"","meta":[],"yoast_head":"<!-- This site is optimized with the Yoast SEO plugin v15.6.2 - https:\/\/yoast.com\/wordpress\/plugins\/seo\/ -->\n<title>KAP-220 650 - 930 l \/ min - DCAR - Bauer Kompressoren &amp; Ingersoll Rand<\/title>\n<meta name=\"description\" content=\"La serie KOMPRESSOREN KAP 220 de BAUER est\u00e1 especialmente adaptada para satisfacer las altas exigencias de rendimiento en el uso profesional y en las condiciones m\u00e1s duras.\" \/>\n<meta name=\"robots\" content=\"index, follow, max-snippet:-1, max-image-preview:large, max-video-preview:-1\" \/>\n<link rel=\"canonical\" href=\"https:\/\/dc-ar.com.br\/es\/store\/bauer\/compresor-aire-respirable\/compresor-de-aire-estacionario\/kap-220-650-930-l-min\/\" \/>\n<meta property=\"og:locale\" content=\"es_ES\" \/>\n<meta property=\"og:type\" content=\"article\" \/>\n<meta property=\"og:title\" content=\"KAP-220 650 - 930 l \/ min - DCAR - Bauer Kompressoren &amp; Ingersoll Rand\" \/>\n<meta property=\"og:description\" content=\"La serie KOMPRESSOREN KAP 220 de BAUER est\u00e1 especialmente adaptada para satisfacer las altas exigencias de rendimiento en el uso profesional y en las condiciones m\u00e1s duras.\" \/>\n<meta property=\"og:url\" content=\"https:\/\/dc-ar.com.br\/es\/store\/bauer\/compresor-aire-respirable\/compresor-de-aire-estacionario\/kap-220-650-930-l-min\/\" \/>\n<meta property=\"og:site_name\" content=\"DCAR - Bauer Kompressoren &amp; Ingersoll Rand\" \/>\n<meta property=\"article:modified_time\" content=\"2021-08-28T20:59:48+00:00\" \/>\n<meta property=\"og:image\" content=\"https:\/\/dc-ar.com.br\/es\/wp-content\/uploads\/2020\/12\/kap-220-650a.jpg\" \/>\n\t<meta property=\"og:image:width\" content=\"500\" \/>\n\t<meta property=\"og:image:height\" content=\"407\" \/>\n<meta name=\"twitter:card\" content=\"summary_large_image\" \/>\n<meta name=\"twitter:label1\" content=\"Tiempo de lectura\">\n\t<meta name=\"twitter:data1\" content=\"1 minuto\">\n<script type=\"application\/ld+json\" class=\"yoast-schema-graph\">{\"@context\":\"https:\/\/schema.org\",\"@graph\":[{\"@type\":\"WebSite\",\"@id\":\"https:\/\/dc-ar.com.br\/es\/#website\",\"url\":\"https:\/\/dc-ar.com.br\/es\/\",\"name\":\"DCAR - Bauer Kompressoren &amp; Ingersoll Rand\",\"description\":\"\",\"potentialAction\":[{\"@type\":\"SearchAction\",\"target\":\"https:\/\/dc-ar.com.br\/es\/?s={search_term_string}\",\"query-input\":\"required name=search_term_string\"}],\"inLanguage\":\"es\"},{\"@type\":\"ImageObject\",\"@id\":\"https:\/\/dc-ar.com.br\/es\/store\/bauer\/compresor-aire-respirable\/compresor-de-aire-estacionario\/kap-220-650-930-l-min\/#primaryimage\",\"inLanguage\":\"es\",\"url\":\"https:\/\/dc-ar.com.br\/es\/wp-content\/uploads\/2020\/12\/kap-220-650a.jpg\",\"width\":500,\"height\":407},{\"@type\":\"WebPage\",\"@id\":\"https:\/\/dc-ar.com.br\/es\/store\/bauer\/compresor-aire-respirable\/compresor-de-aire-estacionario\/kap-220-650-930-l-min\/#webpage\",\"url\":\"https:\/\/dc-ar.com.br\/es\/store\/bauer\/compresor-aire-respirable\/compresor-de-aire-estacionario\/kap-220-650-930-l-min\/\",\"name\":\"KAP-220 650 - 930 l \/ min - DCAR - Bauer Kompressoren &amp; Ingersoll Rand\",\"isPartOf\":{\"@id\":\"https:\/\/dc-ar.com.br\/es\/#website\"},\"primaryImageOfPage\":{\"@id\":\"https:\/\/dc-ar.com.br\/es\/store\/bauer\/compresor-aire-respirable\/compresor-de-aire-estacionario\/kap-220-650-930-l-min\/#primaryimage\"},\"datePublished\":\"2020-12-07T00:18:54+00:00\",\"dateModified\":\"2021-08-28T20:59:48+00:00\",\"description\":\"La serie KOMPRESSOREN KAP 220 de BAUER est\\u00e1 especialmente adaptada para satisfacer las altas exigencias de rendimiento en el uso profesional y en las condiciones m\\u00e1s duras.\",\"inLanguage\":\"es\",\"potentialAction\":[{\"@type\":\"ReadAction\",\"target\":[\"https:\/\/dc-ar.com.br\/es\/store\/bauer\/compresor-aire-respirable\/compresor-de-aire-estacionario\/kap-220-650-930-l-min\/\"]}]}]}<\/script>\n<!-- \/ Yoast SEO plugin. -->","_links":{"self":[{"href":"https:\/\/dc-ar.com.br\/es\/wp-json\/wp\/v2\/product\/1722"}],"collection":[{"href":"https:\/\/dc-ar.com.br\/es\/wp-json\/wp\/v2\/product"}],"about":[{"href":"https:\/\/dc-ar.com.br\/es\/wp-json\/wp\/v2\/types\/product"}],"wp:featuredmedia":[{"embeddable":true,"href":"https:\/\/dc-ar.com.br\/es\/wp-json\/wp\/v2\/media\/1723"}],"wp:attachment":[{"href":"https:\/\/dc-ar.com.br\/es\/wp-json\/wp\/v2\/media?parent=1722"}],"curies":[{"name":"wp","href":"https:\/\/api.w.org\/{rel}","templated":true}]}}